{"id":16447,"date":"2026-04-29T08:16:29","date_gmt":"2026-04-29T06:16:29","guid":{"rendered":"https:\/\/www.gardenstore.es\/?post_type=product&#038;p=16447"},"modified":"2026-04-29T08:34:45","modified_gmt":"2026-04-29T06:34:45","slug":"astral-regreen-45-artificial-turf-copia-copia","status":"publish","type":"product","link":"https:\/\/www.gardenstore.es\/en\/product\/artificial-turf\/decorative\/gardens-and-terraces\/astral-regreen-45-artificial-turf-copia-copia\/","title":{"rendered":"Astral Regreen 45 Artificial Turf (copia) (copia)"},"content":{"rendered":"","protected":false},"excerpt":{"rendered":"<p>Multidirectional model with a large number of both straight and curled yarns, which, together with its 12,600 stitches per square meter, provides a very natural appearance. The result is a cushioned and pleasant-to-the-touch turf, ideal for terraces and gardens with swimming pools. <\/p>\n","protected":false},"featured_media":16461,"comment_status":"open","ping_status":"closed","template":"","meta":{"_acf_changed":false},"product_brand":[],"product_cat":[250,271,300,322,323],"product_tag":[],"class_list":{"0":"post-16447","1":"product","2":"type-product","3":"status-publish","4":"has-post-thumbnail","6":"product_cat-artificial-turf","7":"product_cat-decorative","8":"product_cat-gardens-and-terraces","9":"product_cat-pets","10":"product_cat-pools","11":"","12":"woocommerce-text-align-left","13":"woocommerce-image-align-center","14":"do-quantity-buttons","16":"first","17":"instock","18":"product-type-simple"},"acf":{"altura":45,"confort":5,"recuperacion":5,"suavidad":4,"resistencia":5,"ficha_de_producto":16462,"tipo_fibra_hilo":"Texturized Monofilament (Straight and Wavy)","composicion_fibra_hilo":"Polyethylene (PE) + Polypropylene (PP)","dtex":"","peso_hilo":"1.460 gr\/m\u00b2 (\u00b110%)","seccion":"","altura_hilo":"45 mm (\u00b15%)","galga":"","puntadas_10cm":"120 stitches\/m (\u00b110%)","puntadas_m2":"12,600 stitches\/m\u00b2 (\u00b110%)","tipo_backing":"Ultraback reinforced with Mesh (Net)","composicion_backing":"Polypropylene (PP)","tipo_acabado":"Scraper Application","composicion_acabado":"Ecoback (Recyclable Acrylic Compound)","peso_backing":"970 gr\/m\u00b2 (\u00b110%)","hilo_recto_numero":"6","hilo_recto_colores":"Verde pino y verde oliva","hilo_rizado_numero":"12","hilo_rizado_colores":"Emerald green and gold","peso_total":"2.430 gr\/m\u00b2 (\u00b110%)","dimensiones_rollo":"30x2 m","drenaje":"","filamentos":""},"gallery_images":[16458,16459,16460],"yoast_head":"<!-- This site is optimized with the Yoast SEO plugin v27.5 - https:\/\/yoast.com\/product\/yoast-seo-wordpress\/ -->\n<title>Astral Regreen 45 Artificial Turf (copia) (copia) | GardenStore<\/title>\n<meta name=\"description\" content=\"Multidirectional and recyclable model that combines a high density of straight and curled fibers, reaching 12,600 stitches per square meter.\" \/>\n<meta name=\"robots\" content=\"index, follow, max-snippet:-1, max-image-preview:large, max-video-preview:-1\" \/>\n<link rel=\"canonical\" href=\"https:\/\/www.gardenstore.es\/en\/product\/artificial-turf\/decorative\/gardens-and-terraces\/astral-regreen-45-artificial-turf-copia-copia\/\" \/>\n<meta property=\"og:locale\" content=\"en_US\" \/>\n<meta property=\"og:type\" content=\"article\" \/>\n<meta property=\"og:title\" content=\"Astral Regreen 45 Artificial Turf (copia) (copia) | GardenStore\" \/>\n<meta property=\"og:description\" content=\"Multidirectional and recyclable model that combines a high density of straight and curled fibers, reaching 12,600 stitches per square meter.\" \/>\n<meta property=\"og:url\" content=\"https:\/\/www.gardenstore.es\/en\/product\/artificial-turf\/decorative\/gardens-and-terraces\/astral-regreen-45-artificial-turf-copia-copia\/\" \/>\n<meta property=\"og:site_name\" content=\"GardenStore\" \/>\n<meta property=\"article:modified_time\" content=\"2026-04-29T06:34:45+00:00\" \/>\n<meta property=\"og:image\" content=\"https:\/\/www.gardenstore.es\/wp-content\/uploads\/2026\/04\/WhatsApp-Image-2026-04-28-at-14.00.49-3.jpeg\" \/>\n\t<meta property=\"og:image:width\" content=\"1600\" \/>\n\t<meta property=\"og:image:height\" content=\"1600\" \/>\n\t<meta property=\"og:image:type\" content=\"image\/jpeg\" \/>\n<meta name=\"twitter:card\" content=\"summary_large_image\" \/>\n<script type=\"application\/ld+json\" class=\"yoast-schema-graph\">{\"@context\":\"https:\\\/\\\/schema.org\",\"@graph\":[{\"@type\":\"WebPage\",\"@id\":\"https:\\\/\\\/www.gardenstore.es\\\/en\\\/product\\\/artificial-turf\\\/decorative\\\/gardens-and-terraces\\\/astral-regreen-45-artificial-turf-copia-copia\\\/\",\"url\":\"https:\\\/\\\/www.gardenstore.es\\\/en\\\/product\\\/artificial-turf\\\/decorative\\\/gardens-and-terraces\\\/astral-regreen-45-artificial-turf-copia-copia\\\/\",\"name\":\"Astral Regreen 45 Artificial Turf (copia) (copia) | GardenStore\",\"isPartOf\":{\"@id\":\"https:\\\/\\\/www.gardenstore.es\\\/en\\\/#website\"},\"primaryImageOfPage\":{\"@id\":\"https:\\\/\\\/www.gardenstore.es\\\/en\\\/product\\\/artificial-turf\\\/decorative\\\/gardens-and-terraces\\\/astral-regreen-45-artificial-turf-copia-copia\\\/#primaryimage\"},\"image\":{\"@id\":\"https:\\\/\\\/www.gardenstore.es\\\/en\\\/product\\\/artificial-turf\\\/decorative\\\/gardens-and-terraces\\\/astral-regreen-45-artificial-turf-copia-copia\\\/#primaryimage\"},\"thumbnailUrl\":\"https:\\\/\\\/www.gardenstore.es\\\/wp-content\\\/uploads\\\/2026\\\/04\\\/WhatsApp-Image-2026-04-28-at-14.00.49-3.jpeg\",\"datePublished\":\"2026-04-29T06:16:29+00:00\",\"dateModified\":\"2026-04-29T06:34:45+00:00\",\"description\":\"Multidirectional and recyclable model that combines a high density of straight and curled fibers, reaching 12,600 stitches per square meter.\",\"breadcrumb\":{\"@id\":\"https:\\\/\\\/www.gardenstore.es\\\/en\\\/product\\\/artificial-turf\\\/decorative\\\/gardens-and-terraces\\\/astral-regreen-45-artificial-turf-copia-copia\\\/#breadcrumb\"},\"inLanguage\":\"en-US\",\"potentialAction\":[{\"@type\":\"ReadAction\",\"target\":[\"https:\\\/\\\/www.gardenstore.es\\\/en\\\/product\\\/artificial-turf\\\/decorative\\\/gardens-and-terraces\\\/astral-regreen-45-artificial-turf-copia-copia\\\/\"]}]},{\"@type\":\"ImageObject\",\"inLanguage\":\"en-US\",\"@id\":\"https:\\\/\\\/www.gardenstore.es\\\/en\\\/product\\\/artificial-turf\\\/decorative\\\/gardens-and-terraces\\\/astral-regreen-45-artificial-turf-copia-copia\\\/#primaryimage\",\"url\":\"https:\\\/\\\/www.gardenstore.es\\\/wp-content\\\/uploads\\\/2026\\\/04\\\/WhatsApp-Image-2026-04-28-at-14.00.49-3.jpeg\",\"contentUrl\":\"https:\\\/\\\/www.gardenstore.es\\\/wp-content\\\/uploads\\\/2026\\\/04\\\/WhatsApp-Image-2026-04-28-at-14.00.49-3.jpeg\",\"width\":1600,\"height\":1600,\"caption\":\"C\u00e9sped Artificial Alaska 45\"},{\"@type\":\"BreadcrumbList\",\"@id\":\"https:\\\/\\\/www.gardenstore.es\\\/en\\\/product\\\/artificial-turf\\\/decorative\\\/gardens-and-terraces\\\/astral-regreen-45-artificial-turf-copia-copia\\\/#breadcrumb\",\"itemListElement\":[{\"@type\":\"ListItem\",\"position\":1,\"name\":\"Home\",\"item\":\"https:\\\/\\\/www.gardenstore.es\\\/en\\\/home\\\/\"},{\"@type\":\"ListItem\",\"position\":2,\"name\":\"Shop\",\"item\":\"https:\\\/\\\/www.gardenstore.es\\\/en\\\/shop\\\/\"},{\"@type\":\"ListItem\",\"position\":3,\"name\":\"Artificial Turf\",\"item\":\"https:\\\/\\\/www.gardenstore.es\\\/en\\\/product-category\\\/artificial-turf\\\/\"},{\"@type\":\"ListItem\",\"position\":4,\"name\":\"Astral Regreen 45 Artificial Turf (copia) (copia)\"}]},{\"@type\":\"WebSite\",\"@id\":\"https:\\\/\\\/www.gardenstore.es\\\/en\\\/#website\",\"url\":\"https:\\\/\\\/www.gardenstore.es\\\/en\\\/\",\"name\":\"GardenStore | Venta e instalaci\u00f3n de C\u00e9sped Artificial\",\"description\":\"C\u00e9sped Artificial en Sevilla\",\"publisher\":{\"@id\":\"https:\\\/\\\/www.gardenstore.es\\\/en\\\/#organization\"},\"potentialAction\":[{\"@type\":\"SearchAction\",\"target\":{\"@type\":\"EntryPoint\",\"urlTemplate\":\"https:\\\/\\\/www.gardenstore.es\\\/en\\\/?s={search_term_string}\"},\"query-input\":{\"@type\":\"PropertyValueSpecification\",\"valueRequired\":true,\"valueName\":\"search_term_string\"}}],\"inLanguage\":\"en-US\"},{\"@type\":\"Organization\",\"@id\":\"https:\\\/\\\/www.gardenstore.es\\\/en\\\/#organization\",\"name\":\"GardenStore\",\"url\":\"https:\\\/\\\/www.gardenstore.es\\\/en\\\/\",\"logo\":{\"@type\":\"ImageObject\",\"inLanguage\":\"en-US\",\"@id\":\"https:\\\/\\\/www.gardenstore.es\\\/en\\\/#\\\/schema\\\/logo\\\/image\\\/\",\"url\":\"https:\\\/\\\/www.gardenstore.es\\\/wp-content\\\/uploads\\\/2025\\\/10\\\/LOGOTIPO_V1.svg\",\"contentUrl\":\"https:\\\/\\\/www.gardenstore.es\\\/wp-content\\\/uploads\\\/2025\\\/10\\\/LOGOTIPO_V1.svg\",\"width\":818,\"height\":130,\"caption\":\"GardenStore\"},\"image\":{\"@id\":\"https:\\\/\\\/www.gardenstore.es\\\/en\\\/#\\\/schema\\\/logo\\\/image\\\/\"}}]}<\/script>\n<!-- \/ Yoast SEO plugin. -->","yoast_head_json":{"title":"Astral Regreen 45 Artificial Turf (copia) (copia) | GardenStore","description":"Multidirectional and recyclable model that combines a high density of straight and curled fibers, reaching 12,600 stitches per square meter.","robots":{"index":"index","follow":"follow","max-snippet":"max-snippet:-1","max-image-preview":"max-image-preview:large","max-video-preview":"max-video-preview:-1"},"canonical":"https:\/\/www.gardenstore.es\/en\/product\/artificial-turf\/decorative\/gardens-and-terraces\/astral-regreen-45-artificial-turf-copia-copia\/","og_locale":"en_US","og_type":"article","og_title":"Astral Regreen 45 Artificial Turf (copia) (copia) | GardenStore","og_description":"Multidirectional and recyclable model that combines a high density of straight and curled fibers, reaching 12,600 stitches per square meter.","og_url":"https:\/\/www.gardenstore.es\/en\/product\/artificial-turf\/decorative\/gardens-and-terraces\/astral-regreen-45-artificial-turf-copia-copia\/","og_site_name":"GardenStore","article_modified_time":"2026-04-29T06:34:45+00:00","og_image":[{"width":1600,"height":1600,"url":"https:\/\/www.gardenstore.es\/wp-content\/uploads\/2026\/04\/WhatsApp-Image-2026-04-28-at-14.00.49-3.jpeg","type":"image\/jpeg"}],"twitter_card":"summary_large_image","schema":{"@context":"https:\/\/schema.org","@graph":[{"@type":"WebPage","@id":"https:\/\/www.gardenstore.es\/en\/product\/artificial-turf\/decorative\/gardens-and-terraces\/astral-regreen-45-artificial-turf-copia-copia\/","url":"https:\/\/www.gardenstore.es\/en\/product\/artificial-turf\/decorative\/gardens-and-terraces\/astral-regreen-45-artificial-turf-copia-copia\/","name":"Astral Regreen 45 Artificial Turf (copia) (copia) | GardenStore","isPartOf":{"@id":"https:\/\/www.gardenstore.es\/en\/#website"},"primaryImageOfPage":{"@id":"https:\/\/www.gardenstore.es\/en\/product\/artificial-turf\/decorative\/gardens-and-terraces\/astral-regreen-45-artificial-turf-copia-copia\/#primaryimage"},"image":{"@id":"https:\/\/www.gardenstore.es\/en\/product\/artificial-turf\/decorative\/gardens-and-terraces\/astral-regreen-45-artificial-turf-copia-copia\/#primaryimage"},"thumbnailUrl":"https:\/\/www.gardenstore.es\/wp-content\/uploads\/2026\/04\/WhatsApp-Image-2026-04-28-at-14.00.49-3.jpeg","datePublished":"2026-04-29T06:16:29+00:00","dateModified":"2026-04-29T06:34:45+00:00","description":"Multidirectional and recyclable model that combines a high density of straight and curled fibers, reaching 12,600 stitches per square meter.","breadcrumb":{"@id":"https:\/\/www.gardenstore.es\/en\/product\/artificial-turf\/decorative\/gardens-and-terraces\/astral-regreen-45-artificial-turf-copia-copia\/#breadcrumb"},"inLanguage":"en-US","potentialAction":[{"@type":"ReadAction","target":["https:\/\/www.gardenstore.es\/en\/product\/artificial-turf\/decorative\/gardens-and-terraces\/astral-regreen-45-artificial-turf-copia-copia\/"]}]},{"@type":"ImageObject","inLanguage":"en-US","@id":"https:\/\/www.gardenstore.es\/en\/product\/artificial-turf\/decorative\/gardens-and-terraces\/astral-regreen-45-artificial-turf-copia-copia\/#primaryimage","url":"https:\/\/www.gardenstore.es\/wp-content\/uploads\/2026\/04\/WhatsApp-Image-2026-04-28-at-14.00.49-3.jpeg","contentUrl":"https:\/\/www.gardenstore.es\/wp-content\/uploads\/2026\/04\/WhatsApp-Image-2026-04-28-at-14.00.49-3.jpeg","width":1600,"height":1600,"caption":"C\u00e9sped Artificial Alaska 45"},{"@type":"BreadcrumbList","@id":"https:\/\/www.gardenstore.es\/en\/product\/artificial-turf\/decorative\/gardens-and-terraces\/astral-regreen-45-artificial-turf-copia-copia\/#breadcrumb","itemListElement":[{"@type":"ListItem","position":1,"name":"Home","item":"https:\/\/www.gardenstore.es\/en\/home\/"},{"@type":"ListItem","position":2,"name":"Shop","item":"https:\/\/www.gardenstore.es\/en\/shop\/"},{"@type":"ListItem","position":3,"name":"Artificial Turf","item":"https:\/\/www.gardenstore.es\/en\/product-category\/artificial-turf\/"},{"@type":"ListItem","position":4,"name":"Astral Regreen 45 Artificial Turf (copia) (copia)"}]},{"@type":"WebSite","@id":"https:\/\/www.gardenstore.es\/en\/#website","url":"https:\/\/www.gardenstore.es\/en\/","name":"GardenStore | Venta e instalaci\u00f3n de C\u00e9sped Artificial","description":"C\u00e9sped Artificial en Sevilla","publisher":{"@id":"https:\/\/www.gardenstore.es\/en\/#organization"},"potentialAction":[{"@type":"SearchAction","target":{"@type":"EntryPoint","urlTemplate":"https:\/\/www.gardenstore.es\/en\/?s={search_term_string}"},"query-input":{"@type":"PropertyValueSpecification","valueRequired":true,"valueName":"search_term_string"}}],"inLanguage":"en-US"},{"@type":"Organization","@id":"https:\/\/www.gardenstore.es\/en\/#organization","name":"GardenStore","url":"https:\/\/www.gardenstore.es\/en\/","logo":{"@type":"ImageObject","inLanguage":"en-US","@id":"https:\/\/www.gardenstore.es\/en\/#\/schema\/logo\/image\/","url":"https:\/\/www.gardenstore.es\/wp-content\/uploads\/2025\/10\/LOGOTIPO_V1.svg","contentUrl":"https:\/\/www.gardenstore.es\/wp-content\/uploads\/2025\/10\/LOGOTIPO_V1.svg","width":818,"height":130,"caption":"GardenStore"},"image":{"@id":"https:\/\/www.gardenstore.es\/en\/#\/schema\/logo\/image\/"}}]}},"_links":{"self":[{"href":"https:\/\/www.gardenstore.es\/en\/wp-json\/wp\/v2\/product\/16447","targetHints":{"allow":["GET"]}}],"collection":[{"href":"https:\/\/www.gardenstore.es\/en\/wp-json\/wp\/v2\/product"}],"about":[{"href":"https:\/\/www.gardenstore.es\/en\/wp-json\/wp\/v2\/types\/product"}],"replies":[{"embeddable":true,"href":"https:\/\/www.gardenstore.es\/en\/wp-json\/wp\/v2\/comments?post=16447"}],"wp:featuredmedia":[{"embeddable":true,"href":"https:\/\/www.gardenstore.es\/en\/wp-json\/wp\/v2\/media\/16461"}],"wp:attachment":[{"href":"https:\/\/www.gardenstore.es\/en\/wp-json\/wp\/v2\/media?parent=16447"}],"wp:term":[{"taxonomy":"product_brand","embeddable":true,"href":"https:\/\/www.gardenstore.es\/en\/wp-json\/wp\/v2\/product_brand?post=16447"},{"taxonomy":"product_cat","embeddable":true,"href":"https:\/\/www.gardenstore.es\/en\/wp-json\/wp\/v2\/product_cat?post=16447"},{"taxonomy":"product_tag","embeddable":true,"href":"https:\/\/www.gardenstore.es\/en\/wp-json\/wp\/v2\/product_tag?post=16447"}],"curies":[{"name":"wp","href":"https:\/\/api.w.org\/{rel}","templated":true}]}}