{"id":14004,"date":"2025-04-09T14:43:24","date_gmt":"2025-04-09T12:43:24","guid":{"rendered":"https:\/\/www.gardenstore.es\/producto\/uncategorized\/artificial-turf-miniroll-costa-20\/"},"modified":"2025-10-20T11:02:02","modified_gmt":"2025-10-20T09:02:02","slug":"artificial-turf-miniroll-costa-20","status":"publish","type":"product","link":"https:\/\/www.gardenstore.es\/en\/product\/artificial-turf\/decorative\/events\/artificial-turf-miniroll-costa-20\/","title":{"rendered":"Artificial Turf Miniroll Costa 20"},"content":{"rendered":"","protected":false},"excerpt":{"rendered":"<p>Perfect for decorative use in events, public areas, terraces, and gardens, thanks to its resistance to foot traffic. With an excellent value for money, it is very easy to transport and install due to the special measurements of the roll, 5&#215;2 meters. <\/p>\n","protected":false},"featured_media":14012,"comment_status":"open","ping_status":"closed","template":"","meta":{"_acf_changed":false},"product_brand":[],"product_cat":[250,271,276,300],"product_tag":[],"class_list":{"0":"post-14004","1":"product","2":"type-product","3":"status-publish","4":"has-post-thumbnail","6":"product_cat-artificial-turf","7":"product_cat-decorative","8":"product_cat-events","9":"product_cat-gardens-and-terraces","10":"","11":"woocommerce-text-align-left","12":"woocommerce-image-align-center","13":"do-quantity-buttons","15":"first","16":"instock","17":"product-type-simple"},"acf":{"altura":20,"confort":4,"recuperacion":3,"suavidad":4,"resistencia":4,"ficha_de_producto":14005,"tipo_fibra_hilo":"Textured Monofilament","composicion_fibra_hilo":"Polyethylene (PE) + Polypropylene (PP)","dtex":"","peso_hilo":"670 gr\/m\u00b2 (\u00b110%)","seccion":"","altura_hilo":"20 mm (\u00b15%)","galga":"","puntadas_10cm":"280 stitches\/m (\u00b110%)","puntadas_m2":"29,400 stitches\/m\u00b2 (\u00b110%)","tipo_backing":"Single Backing","composicion_backing":"Polypropylene (PP)","tipo_acabado":"Scraper Application","composicion_acabado":"Latex","peso_backing":"820 gr\/m\u00b2 (\u00b110%)","hilo_recto_numero":"6","hilo_recto_colores":"Verde musgo y verde lima","hilo_rizado_numero":"6","hilo_rizado_colores":"Forest green and beige","peso_total":"1.490 gr\/m\u00b2 (\u00b110%)","dimensiones_rollo":"5 x 2","drenaje":"","filamentos":""},"gallery_images":[9038,9037,11535,11006,11007,11935],"yoast_head":"<!-- This site is optimized with the Yoast SEO plugin v27.4 - https:\/\/yoast.com\/product\/yoast-seo-wordpress\/ -->\n<title>Artificial Turf Miniroll Costa 20 | GardenStore<\/title>\n<meta name=\"description\" content=\"Artificial turf model perfect for decorative use in events, public areas, terraces, and gardens, thanks to its resistance to foot traffic.\" \/>\n<meta name=\"robots\" content=\"index, follow, max-snippet:-1, max-image-preview:large, max-video-preview:-1\" \/>\n<link rel=\"canonical\" href=\"https:\/\/www.gardenstore.es\/en\/product\/artificial-turf\/decorative\/events\/artificial-turf-miniroll-costa-20\/\" \/>\n<meta property=\"og:locale\" content=\"en_US\" \/>\n<meta property=\"og:type\" content=\"article\" \/>\n<meta property=\"og:title\" content=\"Artificial Turf Miniroll Costa 20 | GardenStore\" \/>\n<meta property=\"og:description\" content=\"Artificial turf model perfect for decorative use in events, public areas, terraces, and gardens, thanks to its resistance to foot traffic.\" \/>\n<meta property=\"og:url\" content=\"https:\/\/www.gardenstore.es\/en\/product\/artificial-turf\/decorative\/events\/artificial-turf-miniroll-costa-20\/\" \/>\n<meta property=\"og:site_name\" content=\"GardenStore\" \/>\n<meta property=\"article:modified_time\" content=\"2025-10-20T09:02:02+00:00\" \/>\n<meta property=\"og:image\" content=\"https:\/\/www.gardenstore.es\/wp-content\/uploads\/2025\/04\/GS-MINIROLL-COSTA-20-001.jpg\" \/>\n\t<meta property=\"og:image:width\" content=\"1100\" \/>\n\t<meta property=\"og:image:height\" content=\"1100\" \/>\n\t<meta property=\"og:image:type\" content=\"image\/jpeg\" \/>\n<meta name=\"twitter:card\" content=\"summary_large_image\" \/>\n<script type=\"application\/ld+json\" class=\"yoast-schema-graph\">{\"@context\":\"https:\\\/\\\/schema.org\",\"@graph\":[{\"@type\":\"WebPage\",\"@id\":\"https:\\\/\\\/www.gardenstore.es\\\/en\\\/product\\\/artificial-turf\\\/decorative\\\/events\\\/artificial-turf-miniroll-costa-20\\\/\",\"url\":\"https:\\\/\\\/www.gardenstore.es\\\/en\\\/product\\\/artificial-turf\\\/decorative\\\/events\\\/artificial-turf-miniroll-costa-20\\\/\",\"name\":\"Artificial Turf Miniroll Costa 20 | GardenStore\",\"isPartOf\":{\"@id\":\"https:\\\/\\\/www.gardenstore.es\\\/en\\\/#website\"},\"primaryImageOfPage\":{\"@id\":\"https:\\\/\\\/www.gardenstore.es\\\/en\\\/product\\\/artificial-turf\\\/decorative\\\/events\\\/artificial-turf-miniroll-costa-20\\\/#primaryimage\"},\"image\":{\"@id\":\"https:\\\/\\\/www.gardenstore.es\\\/en\\\/product\\\/artificial-turf\\\/decorative\\\/events\\\/artificial-turf-miniroll-costa-20\\\/#primaryimage\"},\"thumbnailUrl\":\"https:\\\/\\\/www.gardenstore.es\\\/wp-content\\\/uploads\\\/2025\\\/04\\\/GS-MINIROLL-COSTA-20-001.jpg\",\"datePublished\":\"2025-04-09T12:43:24+00:00\",\"dateModified\":\"2025-10-20T09:02:02+00:00\",\"description\":\"Artificial turf model perfect for decorative use in events, public areas, terraces, and gardens, thanks to its resistance to foot traffic.\",\"breadcrumb\":{\"@id\":\"https:\\\/\\\/www.gardenstore.es\\\/en\\\/product\\\/artificial-turf\\\/decorative\\\/events\\\/artificial-turf-miniroll-costa-20\\\/#breadcrumb\"},\"inLanguage\":\"en-US\",\"potentialAction\":[{\"@type\":\"ReadAction\",\"target\":[\"https:\\\/\\\/www.gardenstore.es\\\/en\\\/product\\\/artificial-turf\\\/decorative\\\/events\\\/artificial-turf-miniroll-costa-20\\\/\"]}]},{\"@type\":\"ImageObject\",\"inLanguage\":\"en-US\",\"@id\":\"https:\\\/\\\/www.gardenstore.es\\\/en\\\/product\\\/artificial-turf\\\/decorative\\\/events\\\/artificial-turf-miniroll-costa-20\\\/#primaryimage\",\"url\":\"https:\\\/\\\/www.gardenstore.es\\\/wp-content\\\/uploads\\\/2025\\\/04\\\/GS-MINIROLL-COSTA-20-001.jpg\",\"contentUrl\":\"https:\\\/\\\/www.gardenstore.es\\\/wp-content\\\/uploads\\\/2025\\\/04\\\/GS-MINIROLL-COSTA-20-001.jpg\",\"width\":1100,\"height\":1100,\"caption\":\"Artificial Turf Miniroll Costa 20\"},{\"@type\":\"BreadcrumbList\",\"@id\":\"https:\\\/\\\/www.gardenstore.es\\\/en\\\/product\\\/artificial-turf\\\/decorative\\\/events\\\/artificial-turf-miniroll-costa-20\\\/#breadcrumb\",\"itemListElement\":[{\"@type\":\"ListItem\",\"position\":1,\"name\":\"Home\",\"item\":\"https:\\\/\\\/www.gardenstore.es\\\/en\\\/home\\\/\"},{\"@type\":\"ListItem\",\"position\":2,\"name\":\"Shop\",\"item\":\"https:\\\/\\\/www.gardenstore.es\\\/en\\\/shop\\\/\"},{\"@type\":\"ListItem\",\"position\":3,\"name\":\"Artificial Turf\",\"item\":\"https:\\\/\\\/www.gardenstore.es\\\/en\\\/product-category\\\/artificial-turf\\\/\"},{\"@type\":\"ListItem\",\"position\":4,\"name\":\"Decorative\",\"item\":\"https:\\\/\\\/www.gardenstore.es\\\/en\\\/product-category\\\/artificial-turf\\\/decorative\\\/\"},{\"@type\":\"ListItem\",\"position\":5,\"name\":\"Gardens and Terraces\",\"item\":\"https:\\\/\\\/www.gardenstore.es\\\/en\\\/product-category\\\/artificial-turf\\\/decorative\\\/gardens-and-terraces\\\/\"},{\"@type\":\"ListItem\",\"position\":6,\"name\":\"Artificial Turf Miniroll Costa 20\"}]},{\"@type\":\"WebSite\",\"@id\":\"https:\\\/\\\/www.gardenstore.es\\\/en\\\/#website\",\"url\":\"https:\\\/\\\/www.gardenstore.es\\\/en\\\/\",\"name\":\"GardenStore | Venta e instalaci\u00f3n de C\u00e9sped Artificial\",\"description\":\"C\u00e9sped Artificial en Sevilla\",\"publisher\":{\"@id\":\"https:\\\/\\\/www.gardenstore.es\\\/en\\\/#organization\"},\"potentialAction\":[{\"@type\":\"SearchAction\",\"target\":{\"@type\":\"EntryPoint\",\"urlTemplate\":\"https:\\\/\\\/www.gardenstore.es\\\/en\\\/?s={search_term_string}\"},\"query-input\":{\"@type\":\"PropertyValueSpecification\",\"valueRequired\":true,\"valueName\":\"search_term_string\"}}],\"inLanguage\":\"en-US\"},{\"@type\":\"Organization\",\"@id\":\"https:\\\/\\\/www.gardenstore.es\\\/en\\\/#organization\",\"name\":\"GardenStore\",\"url\":\"https:\\\/\\\/www.gardenstore.es\\\/en\\\/\",\"logo\":{\"@type\":\"ImageObject\",\"inLanguage\":\"en-US\",\"@id\":\"https:\\\/\\\/www.gardenstore.es\\\/en\\\/#\\\/schema\\\/logo\\\/image\\\/\",\"url\":\"https:\\\/\\\/www.gardenstore.es\\\/wp-content\\\/uploads\\\/2025\\\/10\\\/LOGOTIPO_V1.svg\",\"contentUrl\":\"https:\\\/\\\/www.gardenstore.es\\\/wp-content\\\/uploads\\\/2025\\\/10\\\/LOGOTIPO_V1.svg\",\"width\":818,\"height\":130,\"caption\":\"GardenStore\"},\"image\":{\"@id\":\"https:\\\/\\\/www.gardenstore.es\\\/en\\\/#\\\/schema\\\/logo\\\/image\\\/\"}}]}<\/script>\n<!-- \/ Yoast SEO plugin. -->","yoast_head_json":{"title":"Artificial Turf Miniroll Costa 20 | GardenStore","description":"Artificial turf model perfect for decorative use in events, public areas, terraces, and gardens, thanks to its resistance to foot traffic.","robots":{"index":"index","follow":"follow","max-snippet":"max-snippet:-1","max-image-preview":"max-image-preview:large","max-video-preview":"max-video-preview:-1"},"canonical":"https:\/\/www.gardenstore.es\/en\/product\/artificial-turf\/decorative\/events\/artificial-turf-miniroll-costa-20\/","og_locale":"en_US","og_type":"article","og_title":"Artificial Turf Miniroll Costa 20 | GardenStore","og_description":"Artificial turf model perfect for decorative use in events, public areas, terraces, and gardens, thanks to its resistance to foot traffic.","og_url":"https:\/\/www.gardenstore.es\/en\/product\/artificial-turf\/decorative\/events\/artificial-turf-miniroll-costa-20\/","og_site_name":"GardenStore","article_modified_time":"2025-10-20T09:02:02+00:00","og_image":[{"width":1100,"height":1100,"url":"https:\/\/www.gardenstore.es\/wp-content\/uploads\/2025\/04\/GS-MINIROLL-COSTA-20-001.jpg","type":"image\/jpeg"}],"twitter_card":"summary_large_image","schema":{"@context":"https:\/\/schema.org","@graph":[{"@type":"WebPage","@id":"https:\/\/www.gardenstore.es\/en\/product\/artificial-turf\/decorative\/events\/artificial-turf-miniroll-costa-20\/","url":"https:\/\/www.gardenstore.es\/en\/product\/artificial-turf\/decorative\/events\/artificial-turf-miniroll-costa-20\/","name":"Artificial Turf Miniroll Costa 20 | GardenStore","isPartOf":{"@id":"https:\/\/www.gardenstore.es\/en\/#website"},"primaryImageOfPage":{"@id":"https:\/\/www.gardenstore.es\/en\/product\/artificial-turf\/decorative\/events\/artificial-turf-miniroll-costa-20\/#primaryimage"},"image":{"@id":"https:\/\/www.gardenstore.es\/en\/product\/artificial-turf\/decorative\/events\/artificial-turf-miniroll-costa-20\/#primaryimage"},"thumbnailUrl":"https:\/\/www.gardenstore.es\/wp-content\/uploads\/2025\/04\/GS-MINIROLL-COSTA-20-001.jpg","datePublished":"2025-04-09T12:43:24+00:00","dateModified":"2025-10-20T09:02:02+00:00","description":"Artificial turf model perfect for decorative use in events, public areas, terraces, and gardens, thanks to its resistance to foot traffic.","breadcrumb":{"@id":"https:\/\/www.gardenstore.es\/en\/product\/artificial-turf\/decorative\/events\/artificial-turf-miniroll-costa-20\/#breadcrumb"},"inLanguage":"en-US","potentialAction":[{"@type":"ReadAction","target":["https:\/\/www.gardenstore.es\/en\/product\/artificial-turf\/decorative\/events\/artificial-turf-miniroll-costa-20\/"]}]},{"@type":"ImageObject","inLanguage":"en-US","@id":"https:\/\/www.gardenstore.es\/en\/product\/artificial-turf\/decorative\/events\/artificial-turf-miniroll-costa-20\/#primaryimage","url":"https:\/\/www.gardenstore.es\/wp-content\/uploads\/2025\/04\/GS-MINIROLL-COSTA-20-001.jpg","contentUrl":"https:\/\/www.gardenstore.es\/wp-content\/uploads\/2025\/04\/GS-MINIROLL-COSTA-20-001.jpg","width":1100,"height":1100,"caption":"Artificial Turf Miniroll Costa 20"},{"@type":"BreadcrumbList","@id":"https:\/\/www.gardenstore.es\/en\/product\/artificial-turf\/decorative\/events\/artificial-turf-miniroll-costa-20\/#breadcrumb","itemListElement":[{"@type":"ListItem","position":1,"name":"Home","item":"https:\/\/www.gardenstore.es\/en\/home\/"},{"@type":"ListItem","position":2,"name":"Shop","item":"https:\/\/www.gardenstore.es\/en\/shop\/"},{"@type":"ListItem","position":3,"name":"Artificial Turf","item":"https:\/\/www.gardenstore.es\/en\/product-category\/artificial-turf\/"},{"@type":"ListItem","position":4,"name":"Decorative","item":"https:\/\/www.gardenstore.es\/en\/product-category\/artificial-turf\/decorative\/"},{"@type":"ListItem","position":5,"name":"Gardens and Terraces","item":"https:\/\/www.gardenstore.es\/en\/product-category\/artificial-turf\/decorative\/gardens-and-terraces\/"},{"@type":"ListItem","position":6,"name":"Artificial Turf Miniroll Costa 20"}]},{"@type":"WebSite","@id":"https:\/\/www.gardenstore.es\/en\/#website","url":"https:\/\/www.gardenstore.es\/en\/","name":"GardenStore | Venta e instalaci\u00f3n de C\u00e9sped Artificial","description":"C\u00e9sped Artificial en Sevilla","publisher":{"@id":"https:\/\/www.gardenstore.es\/en\/#organization"},"potentialAction":[{"@type":"SearchAction","target":{"@type":"EntryPoint","urlTemplate":"https:\/\/www.gardenstore.es\/en\/?s={search_term_string}"},"query-input":{"@type":"PropertyValueSpecification","valueRequired":true,"valueName":"search_term_string"}}],"inLanguage":"en-US"},{"@type":"Organization","@id":"https:\/\/www.gardenstore.es\/en\/#organization","name":"GardenStore","url":"https:\/\/www.gardenstore.es\/en\/","logo":{"@type":"ImageObject","inLanguage":"en-US","@id":"https:\/\/www.gardenstore.es\/en\/#\/schema\/logo\/image\/","url":"https:\/\/www.gardenstore.es\/wp-content\/uploads\/2025\/10\/LOGOTIPO_V1.svg","contentUrl":"https:\/\/www.gardenstore.es\/wp-content\/uploads\/2025\/10\/LOGOTIPO_V1.svg","width":818,"height":130,"caption":"GardenStore"},"image":{"@id":"https:\/\/www.gardenstore.es\/en\/#\/schema\/logo\/image\/"}}]}},"_links":{"self":[{"href":"https:\/\/www.gardenstore.es\/en\/wp-json\/wp\/v2\/product\/14004","targetHints":{"allow":["GET"]}}],"collection":[{"href":"https:\/\/www.gardenstore.es\/en\/wp-json\/wp\/v2\/product"}],"about":[{"href":"https:\/\/www.gardenstore.es\/en\/wp-json\/wp\/v2\/types\/product"}],"replies":[{"embeddable":true,"href":"https:\/\/www.gardenstore.es\/en\/wp-json\/wp\/v2\/comments?post=14004"}],"wp:featuredmedia":[{"embeddable":true,"href":"https:\/\/www.gardenstore.es\/en\/wp-json\/wp\/v2\/media\/14012"}],"wp:attachment":[{"href":"https:\/\/www.gardenstore.es\/en\/wp-json\/wp\/v2\/media?parent=14004"}],"wp:term":[{"taxonomy":"product_brand","embeddable":true,"href":"https:\/\/www.gardenstore.es\/en\/wp-json\/wp\/v2\/product_brand?post=14004"},{"taxonomy":"product_cat","embeddable":true,"href":"https:\/\/www.gardenstore.es\/en\/wp-json\/wp\/v2\/product_cat?post=14004"},{"taxonomy":"product_tag","embeddable":true,"href":"https:\/\/www.gardenstore.es\/en\/wp-json\/wp\/v2\/product_tag?post=14004"}],"curies":[{"name":"wp","href":"https:\/\/api.w.org\/{rel}","templated":true}]}}