{"id":13730,"date":"2025-04-09T14:44:54","date_gmt":"2025-04-09T12:44:54","guid":{"rendered":"https:\/\/www.gardenstore.es\/producto\/uncategorized\/artificial-turf-nature-50\/"},"modified":"2025-10-20T11:01:13","modified_gmt":"2025-10-20T09:01:13","slug":"artificial-turf-nature-50","status":"publish","type":"product","link":"https:\/\/www.gardenstore.es\/en\/product\/artificial-turf\/decorative\/gardens-and-terraces\/artificial-turf-nature-50\/","title":{"rendered":"Artificial Turf Nature 50"},"content":{"rendered":"","protected":false},"excerpt":{"rendered":"<p>Model with a pleasant feeling of softness and comfort thanks to the height and multidirectional sense of its fibers. With a wide and beautiful combination of colors, it is an artificial turf of great beauty and natural appearance. With wide possibilities of uses, it is ideal for swimming pools, gardens and terraces.  <\/p>\n","protected":false},"featured_media":13741,"comment_status":"open","ping_status":"closed","template":"","meta":{"_acf_changed":false},"product_brand":[],"product_cat":[250,271,300,319,322,323],"product_tag":[],"class_list":{"0":"post-13730","1":"product","2":"type-product","3":"status-publish","4":"has-post-thumbnail","6":"product_cat-artificial-turf","7":"product_cat-decorative","8":"product_cat-gardens-and-terraces","9":"product_cat-multidirectional","10":"product_cat-pets","11":"product_cat-pools","12":"","13":"woocommerce-text-align-left","14":"woocommerce-image-align-center","15":"do-quantity-buttons","17":"first","18":"instock","19":"product-type-simple"},"acf":{"altura":50,"confort":5,"recuperacion":4,"suavidad":5,"resistencia":4,"ficha_de_producto":16354,"tipo_fibra_hilo":"Monofilament (straight and wavy)","composicion_fibra_hilo":"Polyethylene (PE) + Polypropylene (PP)","dtex":"","peso_hilo":"1.680 gr\/m\u00b2 (\u00b110%)","seccion":"","altura_hilo":"50 mm (\u00b15%)","galga":"","puntadas_10cm":"140 stitches\/m (\u00b110%)","puntadas_m2":"8,820 stitches\/m\u00b2 (\u00b110%)","tipo_backing":"Double Backing (fabric + mesh net)","composicion_backing":"Polypropylene (PP)","tipo_acabado":"Scraper Application","composicion_acabado":"Latex (SBR)","peso_backing":"1.195 gr\/m\u00b2 (\u00b110%)","hilo_recto_numero":"4 + 8","hilo_recto_colores":"Verde musgo, verde lima, verde pino y verde oliva","hilo_rizado_numero":"12","hilo_rizado_colores":"Emerald green and beige","peso_total":"2.870 gr\/m\u00b2 (\u00b110%)","dimensiones_rollo":"25 X 2","drenaje":"","filamentos":""},"gallery_images":[16356,13732,13734,13735,13736,13737,13738,13739],"yoast_head":"<!-- This site is optimized with the Yoast SEO plugin v27.4 - https:\/\/yoast.com\/product\/yoast-seo-wordpress\/ -->\n<title>Artificial Turf Nature 50 | GardenStore<\/title>\n<meta name=\"description\" content=\"50mm artificial turf model with a pleasant feeling of softness and comfort thanks to the height and multidirectional sense of its fibers.\" \/>\n<meta name=\"robots\" content=\"index, follow, max-snippet:-1, max-image-preview:large, max-video-preview:-1\" \/>\n<link rel=\"canonical\" href=\"https:\/\/www.gardenstore.es\/en\/product\/artificial-turf\/decorative\/gardens-and-terraces\/artificial-turf-nature-50\/\" \/>\n<meta property=\"og:locale\" content=\"en_US\" \/>\n<meta property=\"og:type\" content=\"article\" \/>\n<meta property=\"og:title\" content=\"Artificial Turf Nature 50 | GardenStore\" \/>\n<meta property=\"og:description\" content=\"50mm artificial turf model with a pleasant feeling of softness and comfort thanks to the height and multidirectional sense of its fibers.\" \/>\n<meta property=\"og:url\" content=\"https:\/\/www.gardenstore.es\/en\/product\/artificial-turf\/decorative\/gardens-and-terraces\/artificial-turf-nature-50\/\" \/>\n<meta property=\"og:site_name\" content=\"GardenStore\" \/>\n<meta property=\"article:modified_time\" content=\"2025-10-20T09:01:13+00:00\" \/>\n<meta property=\"og:image\" content=\"https:\/\/www.gardenstore.es\/wp-content\/uploads\/2025\/04\/GS-nature50-frontal.jpg\" \/>\n\t<meta property=\"og:image:width\" content=\"1100\" \/>\n\t<meta property=\"og:image:height\" content=\"733\" \/>\n\t<meta property=\"og:image:type\" content=\"image\/jpeg\" \/>\n<meta name=\"twitter:card\" content=\"summary_large_image\" \/>\n<script type=\"application\/ld+json\" class=\"yoast-schema-graph\">{\"@context\":\"https:\\\/\\\/schema.org\",\"@graph\":[{\"@type\":\"WebPage\",\"@id\":\"https:\\\/\\\/www.gardenstore.es\\\/en\\\/product\\\/artificial-turf\\\/decorative\\\/gardens-and-terraces\\\/artificial-turf-nature-50\\\/\",\"url\":\"https:\\\/\\\/www.gardenstore.es\\\/en\\\/product\\\/artificial-turf\\\/decorative\\\/gardens-and-terraces\\\/artificial-turf-nature-50\\\/\",\"name\":\"Artificial Turf Nature 50 | GardenStore\",\"isPartOf\":{\"@id\":\"https:\\\/\\\/www.gardenstore.es\\\/en\\\/#website\"},\"primaryImageOfPage\":{\"@id\":\"https:\\\/\\\/www.gardenstore.es\\\/en\\\/product\\\/artificial-turf\\\/decorative\\\/gardens-and-terraces\\\/artificial-turf-nature-50\\\/#primaryimage\"},\"image\":{\"@id\":\"https:\\\/\\\/www.gardenstore.es\\\/en\\\/product\\\/artificial-turf\\\/decorative\\\/gardens-and-terraces\\\/artificial-turf-nature-50\\\/#primaryimage\"},\"thumbnailUrl\":\"https:\\\/\\\/www.gardenstore.es\\\/wp-content\\\/uploads\\\/2025\\\/04\\\/GS-nature50-frontal.jpg\",\"datePublished\":\"2025-04-09T12:44:54+00:00\",\"dateModified\":\"2025-10-20T09:01:13+00:00\",\"description\":\"50mm artificial turf model with a pleasant feeling of softness and comfort thanks to the height and multidirectional sense of its fibers.\",\"breadcrumb\":{\"@id\":\"https:\\\/\\\/www.gardenstore.es\\\/en\\\/product\\\/artificial-turf\\\/decorative\\\/gardens-and-terraces\\\/artificial-turf-nature-50\\\/#breadcrumb\"},\"inLanguage\":\"en-US\",\"potentialAction\":[{\"@type\":\"ReadAction\",\"target\":[\"https:\\\/\\\/www.gardenstore.es\\\/en\\\/product\\\/artificial-turf\\\/decorative\\\/gardens-and-terraces\\\/artificial-turf-nature-50\\\/\"]}]},{\"@type\":\"ImageObject\",\"inLanguage\":\"en-US\",\"@id\":\"https:\\\/\\\/www.gardenstore.es\\\/en\\\/product\\\/artificial-turf\\\/decorative\\\/gardens-and-terraces\\\/artificial-turf-nature-50\\\/#primaryimage\",\"url\":\"https:\\\/\\\/www.gardenstore.es\\\/wp-content\\\/uploads\\\/2025\\\/04\\\/GS-nature50-frontal.jpg\",\"contentUrl\":\"https:\\\/\\\/www.gardenstore.es\\\/wp-content\\\/uploads\\\/2025\\\/04\\\/GS-nature50-frontal.jpg\",\"width\":1100,\"height\":733,\"caption\":\"Artificial Turf Nature 50\"},{\"@type\":\"BreadcrumbList\",\"@id\":\"https:\\\/\\\/www.gardenstore.es\\\/en\\\/product\\\/artificial-turf\\\/decorative\\\/gardens-and-terraces\\\/artificial-turf-nature-50\\\/#breadcrumb\",\"itemListElement\":[{\"@type\":\"ListItem\",\"position\":1,\"name\":\"Home\",\"item\":\"https:\\\/\\\/www.gardenstore.es\\\/en\\\/home\\\/\"},{\"@type\":\"ListItem\",\"position\":2,\"name\":\"Shop\",\"item\":\"https:\\\/\\\/www.gardenstore.es\\\/en\\\/shop\\\/\"},{\"@type\":\"ListItem\",\"position\":3,\"name\":\"Artificial Turf\",\"item\":\"https:\\\/\\\/www.gardenstore.es\\\/en\\\/product-category\\\/artificial-turf\\\/\"},{\"@type\":\"ListItem\",\"position\":4,\"name\":\"Artificial Turf Nature 50\"}]},{\"@type\":\"WebSite\",\"@id\":\"https:\\\/\\\/www.gardenstore.es\\\/en\\\/#website\",\"url\":\"https:\\\/\\\/www.gardenstore.es\\\/en\\\/\",\"name\":\"GardenStore | Venta e instalaci\u00f3n de C\u00e9sped Artificial\",\"description\":\"C\u00e9sped Artificial en Sevilla\",\"publisher\":{\"@id\":\"https:\\\/\\\/www.gardenstore.es\\\/en\\\/#organization\"},\"potentialAction\":[{\"@type\":\"SearchAction\",\"target\":{\"@type\":\"EntryPoint\",\"urlTemplate\":\"https:\\\/\\\/www.gardenstore.es\\\/en\\\/?s={search_term_string}\"},\"query-input\":{\"@type\":\"PropertyValueSpecification\",\"valueRequired\":true,\"valueName\":\"search_term_string\"}}],\"inLanguage\":\"en-US\"},{\"@type\":\"Organization\",\"@id\":\"https:\\\/\\\/www.gardenstore.es\\\/en\\\/#organization\",\"name\":\"GardenStore\",\"url\":\"https:\\\/\\\/www.gardenstore.es\\\/en\\\/\",\"logo\":{\"@type\":\"ImageObject\",\"inLanguage\":\"en-US\",\"@id\":\"https:\\\/\\\/www.gardenstore.es\\\/en\\\/#\\\/schema\\\/logo\\\/image\\\/\",\"url\":\"https:\\\/\\\/www.gardenstore.es\\\/wp-content\\\/uploads\\\/2025\\\/10\\\/LOGOTIPO_V1.svg\",\"contentUrl\":\"https:\\\/\\\/www.gardenstore.es\\\/wp-content\\\/uploads\\\/2025\\\/10\\\/LOGOTIPO_V1.svg\",\"width\":818,\"height\":130,\"caption\":\"GardenStore\"},\"image\":{\"@id\":\"https:\\\/\\\/www.gardenstore.es\\\/en\\\/#\\\/schema\\\/logo\\\/image\\\/\"}}]}<\/script>\n<!-- \/ Yoast SEO plugin. -->","yoast_head_json":{"title":"Artificial Turf Nature 50 | GardenStore","description":"50mm artificial turf model with a pleasant feeling of softness and comfort thanks to the height and multidirectional sense of its fibers.","robots":{"index":"index","follow":"follow","max-snippet":"max-snippet:-1","max-image-preview":"max-image-preview:large","max-video-preview":"max-video-preview:-1"},"canonical":"https:\/\/www.gardenstore.es\/en\/product\/artificial-turf\/decorative\/gardens-and-terraces\/artificial-turf-nature-50\/","og_locale":"en_US","og_type":"article","og_title":"Artificial Turf Nature 50 | GardenStore","og_description":"50mm artificial turf model with a pleasant feeling of softness and comfort thanks to the height and multidirectional sense of its fibers.","og_url":"https:\/\/www.gardenstore.es\/en\/product\/artificial-turf\/decorative\/gardens-and-terraces\/artificial-turf-nature-50\/","og_site_name":"GardenStore","article_modified_time":"2025-10-20T09:01:13+00:00","og_image":[{"width":1100,"height":733,"url":"https:\/\/www.gardenstore.es\/wp-content\/uploads\/2025\/04\/GS-nature50-frontal.jpg","type":"image\/jpeg"}],"twitter_card":"summary_large_image","schema":{"@context":"https:\/\/schema.org","@graph":[{"@type":"WebPage","@id":"https:\/\/www.gardenstore.es\/en\/product\/artificial-turf\/decorative\/gardens-and-terraces\/artificial-turf-nature-50\/","url":"https:\/\/www.gardenstore.es\/en\/product\/artificial-turf\/decorative\/gardens-and-terraces\/artificial-turf-nature-50\/","name":"Artificial Turf Nature 50 | GardenStore","isPartOf":{"@id":"https:\/\/www.gardenstore.es\/en\/#website"},"primaryImageOfPage":{"@id":"https:\/\/www.gardenstore.es\/en\/product\/artificial-turf\/decorative\/gardens-and-terraces\/artificial-turf-nature-50\/#primaryimage"},"image":{"@id":"https:\/\/www.gardenstore.es\/en\/product\/artificial-turf\/decorative\/gardens-and-terraces\/artificial-turf-nature-50\/#primaryimage"},"thumbnailUrl":"https:\/\/www.gardenstore.es\/wp-content\/uploads\/2025\/04\/GS-nature50-frontal.jpg","datePublished":"2025-04-09T12:44:54+00:00","dateModified":"2025-10-20T09:01:13+00:00","description":"50mm artificial turf model with a pleasant feeling of softness and comfort thanks to the height and multidirectional sense of its fibers.","breadcrumb":{"@id":"https:\/\/www.gardenstore.es\/en\/product\/artificial-turf\/decorative\/gardens-and-terraces\/artificial-turf-nature-50\/#breadcrumb"},"inLanguage":"en-US","potentialAction":[{"@type":"ReadAction","target":["https:\/\/www.gardenstore.es\/en\/product\/artificial-turf\/decorative\/gardens-and-terraces\/artificial-turf-nature-50\/"]}]},{"@type":"ImageObject","inLanguage":"en-US","@id":"https:\/\/www.gardenstore.es\/en\/product\/artificial-turf\/decorative\/gardens-and-terraces\/artificial-turf-nature-50\/#primaryimage","url":"https:\/\/www.gardenstore.es\/wp-content\/uploads\/2025\/04\/GS-nature50-frontal.jpg","contentUrl":"https:\/\/www.gardenstore.es\/wp-content\/uploads\/2025\/04\/GS-nature50-frontal.jpg","width":1100,"height":733,"caption":"Artificial Turf Nature 50"},{"@type":"BreadcrumbList","@id":"https:\/\/www.gardenstore.es\/en\/product\/artificial-turf\/decorative\/gardens-and-terraces\/artificial-turf-nature-50\/#breadcrumb","itemListElement":[{"@type":"ListItem","position":1,"name":"Home","item":"https:\/\/www.gardenstore.es\/en\/home\/"},{"@type":"ListItem","position":2,"name":"Shop","item":"https:\/\/www.gardenstore.es\/en\/shop\/"},{"@type":"ListItem","position":3,"name":"Artificial Turf","item":"https:\/\/www.gardenstore.es\/en\/product-category\/artificial-turf\/"},{"@type":"ListItem","position":4,"name":"Artificial Turf Nature 50"}]},{"@type":"WebSite","@id":"https:\/\/www.gardenstore.es\/en\/#website","url":"https:\/\/www.gardenstore.es\/en\/","name":"GardenStore | Venta e instalaci\u00f3n de C\u00e9sped Artificial","description":"C\u00e9sped Artificial en Sevilla","publisher":{"@id":"https:\/\/www.gardenstore.es\/en\/#organization"},"potentialAction":[{"@type":"SearchAction","target":{"@type":"EntryPoint","urlTemplate":"https:\/\/www.gardenstore.es\/en\/?s={search_term_string}"},"query-input":{"@type":"PropertyValueSpecification","valueRequired":true,"valueName":"search_term_string"}}],"inLanguage":"en-US"},{"@type":"Organization","@id":"https:\/\/www.gardenstore.es\/en\/#organization","name":"GardenStore","url":"https:\/\/www.gardenstore.es\/en\/","logo":{"@type":"ImageObject","inLanguage":"en-US","@id":"https:\/\/www.gardenstore.es\/en\/#\/schema\/logo\/image\/","url":"https:\/\/www.gardenstore.es\/wp-content\/uploads\/2025\/10\/LOGOTIPO_V1.svg","contentUrl":"https:\/\/www.gardenstore.es\/wp-content\/uploads\/2025\/10\/LOGOTIPO_V1.svg","width":818,"height":130,"caption":"GardenStore"},"image":{"@id":"https:\/\/www.gardenstore.es\/en\/#\/schema\/logo\/image\/"}}]}},"_links":{"self":[{"href":"https:\/\/www.gardenstore.es\/en\/wp-json\/wp\/v2\/product\/13730","targetHints":{"allow":["GET"]}}],"collection":[{"href":"https:\/\/www.gardenstore.es\/en\/wp-json\/wp\/v2\/product"}],"about":[{"href":"https:\/\/www.gardenstore.es\/en\/wp-json\/wp\/v2\/types\/product"}],"replies":[{"embeddable":true,"href":"https:\/\/www.gardenstore.es\/en\/wp-json\/wp\/v2\/comments?post=13730"}],"wp:featuredmedia":[{"embeddable":true,"href":"https:\/\/www.gardenstore.es\/en\/wp-json\/wp\/v2\/media\/13741"}],"wp:attachment":[{"href":"https:\/\/www.gardenstore.es\/en\/wp-json\/wp\/v2\/media?parent=13730"}],"wp:term":[{"taxonomy":"product_brand","embeddable":true,"href":"https:\/\/www.gardenstore.es\/en\/wp-json\/wp\/v2\/product_brand?post=13730"},{"taxonomy":"product_cat","embeddable":true,"href":"https:\/\/www.gardenstore.es\/en\/wp-json\/wp\/v2\/product_cat?post=13730"},{"taxonomy":"product_tag","embeddable":true,"href":"https:\/\/www.gardenstore.es\/en\/wp-json\/wp\/v2\/product_tag?post=13730"}],"curies":[{"name":"wp","href":"https:\/\/api.w.org\/{rel}","templated":true}]}}