{"id":13535,"date":"2025-04-09T14:46:18","date_gmt":"2025-04-09T12:46:18","guid":{"rendered":"https:\/\/www.gardenstore.es\/producto\/uncategorized\/classic-40-50-60-130-sports-artificial-turf\/"},"modified":"2025-10-20T10:52:28","modified_gmt":"2025-10-20T08:52:28","slug":"classic-40-50-60-130-sports-artificial-turf","status":"publish","type":"product","link":"https:\/\/www.gardenstore.es\/en\/product\/artificial-turf\/sports-artificial-turf\/football\/classic-40-50-60-130-sports-artificial-turf\/","title":{"rendered":"CLASSIC 40-50-60\/130 Sports Artificial Turf"},"content":{"rendered":"","protected":false},"excerpt":{"rendered":"<p>Suitable for soccer. Available in<br \/>\nthree heights: 40-50-60.<br \/>\nConsult with our team to<br \/>\nstudy the possibilities of adapting<br \/>\neach model according to the<br \/>\nspecific requirements of your project. <\/p>\n","protected":false},"featured_media":13538,"comment_status":"open","ping_status":"closed","template":"","meta":{"_acf_changed":false},"product_brand":[],"product_cat":[250,345,293],"product_tag":[],"class_list":{"0":"post-13535","1":"product","2":"type-product","3":"status-publish","4":"has-post-thumbnail","6":"product_cat-artificial-turf","7":"product_cat-football","8":"product_cat-sports-artificial-turf","9":"","10":"woocommerce-text-align-left","11":"woocommerce-image-align-center","12":"do-quantity-buttons","14":"first","15":"instock","16":"product-type-simple"},"acf":{"altura":"","confort":"","recuperacion":"","suavidad":"","resistencia":"","ficha_de_producto":13537,"tipo_fibra_hilo":"Monofilament","composicion_fibra_hilo":"Polyethylene (PE)","dtex":"","peso_hilo":"890 \/ 1090 \/ 1300 gr\/m\u00b2 (\u00b110%)","seccion":"","altura_hilo":"40 \/ 50 \/ 60 mm (\u00b15%)","galga":"","puntadas_10cm":"130 stitches\/m (\u00b110%)","puntadas_m2":"8,820 stitches\/m\u00b2 (\u00b110%)","tipo_backing":"Interwoven and stabilized multilayer fabric","composicion_backing":"100% Polyethylene (PE), UV Stabilized","tipo_acabado":"Scraper Application","composicion_acabado":"Polyurethane (PU)","peso_backing":"955 gr\/m\u00b2 (\u00b110%)","hilo_recto_numero":"6","hilo_recto_colores":"Verde bicolor","hilo_rizado_numero":"","hilo_rizado_colores":"","peso_total":"1.855 \/ 2.045 \/ 2 255 gr\/m\u00b2 (\u00b110%)","dimensiones_rollo":"A petici\u00f3n","drenaje":"","filamentos":"98,400 filaments\/m\u00b2"},"gallery_images":[],"yoast_head":"<!-- This site is optimized with the Yoast SEO plugin v27.4 - https:\/\/yoast.com\/product\/yoast-seo-wordpress\/ -->\n<title>CLASSIC 40-50-60\/130 Sports Artificial Turf | GardenStore<\/title>\n<meta name=\"robots\" content=\"index, follow, max-snippet:-1, max-image-preview:large, max-video-preview:-1\" \/>\n<link rel=\"canonical\" href=\"https:\/\/www.gardenstore.es\/en\/product\/artificial-turf\/sports-artificial-turf\/football\/classic-40-50-60-130-sports-artificial-turf\/\" \/>\n<meta property=\"og:locale\" content=\"en_US\" \/>\n<meta property=\"og:type\" content=\"article\" \/>\n<meta property=\"og:title\" content=\"CLASSIC 40-50-60\/130 Sports Artificial Turf | GardenStore\" \/>\n<meta property=\"og:description\" content=\"Suitable for soccer. Available in three heights: 40-50-60. Consult with our team to study the possibilities of adapting each model according to the specific requirements of your project.\" \/>\n<meta property=\"og:url\" content=\"https:\/\/www.gardenstore.es\/en\/product\/artificial-turf\/sports-artificial-turf\/football\/classic-40-50-60-130-sports-artificial-turf\/\" \/>\n<meta property=\"og:site_name\" content=\"GardenStore\" \/>\n<meta property=\"article:modified_time\" content=\"2025-10-20T08:52:28+00:00\" \/>\n<meta property=\"og:image\" content=\"https:\/\/www.gardenstore.es\/wp-content\/uploads\/2025\/04\/GS-Football-Classic.jpg\" \/>\n\t<meta property=\"og:image:width\" content=\"591\" \/>\n\t<meta property=\"og:image:height\" content=\"299\" \/>\n\t<meta property=\"og:image:type\" content=\"image\/jpeg\" \/>\n<meta name=\"twitter:card\" content=\"summary_large_image\" \/>\n<script type=\"application\/ld+json\" class=\"yoast-schema-graph\">{\"@context\":\"https:\\\/\\\/schema.org\",\"@graph\":[{\"@type\":\"WebPage\",\"@id\":\"https:\\\/\\\/www.gardenstore.es\\\/en\\\/product\\\/artificial-turf\\\/sports-artificial-turf\\\/football\\\/classic-40-50-60-130-sports-artificial-turf\\\/\",\"url\":\"https:\\\/\\\/www.gardenstore.es\\\/en\\\/product\\\/artificial-turf\\\/sports-artificial-turf\\\/football\\\/classic-40-50-60-130-sports-artificial-turf\\\/\",\"name\":\"CLASSIC 40-50-60\\\/130 Sports Artificial Turf | GardenStore\",\"isPartOf\":{\"@id\":\"https:\\\/\\\/www.gardenstore.es\\\/en\\\/#website\"},\"primaryImageOfPage\":{\"@id\":\"https:\\\/\\\/www.gardenstore.es\\\/en\\\/product\\\/artificial-turf\\\/sports-artificial-turf\\\/football\\\/classic-40-50-60-130-sports-artificial-turf\\\/#primaryimage\"},\"image\":{\"@id\":\"https:\\\/\\\/www.gardenstore.es\\\/en\\\/product\\\/artificial-turf\\\/sports-artificial-turf\\\/football\\\/classic-40-50-60-130-sports-artificial-turf\\\/#primaryimage\"},\"thumbnailUrl\":\"https:\\\/\\\/www.gardenstore.es\\\/wp-content\\\/uploads\\\/2025\\\/04\\\/GS-Football-Classic.jpg\",\"datePublished\":\"2025-04-09T12:46:18+00:00\",\"dateModified\":\"2025-10-20T08:52:28+00:00\",\"breadcrumb\":{\"@id\":\"https:\\\/\\\/www.gardenstore.es\\\/en\\\/product\\\/artificial-turf\\\/sports-artificial-turf\\\/football\\\/classic-40-50-60-130-sports-artificial-turf\\\/#breadcrumb\"},\"inLanguage\":\"en-US\",\"potentialAction\":[{\"@type\":\"ReadAction\",\"target\":[\"https:\\\/\\\/www.gardenstore.es\\\/en\\\/product\\\/artificial-turf\\\/sports-artificial-turf\\\/football\\\/classic-40-50-60-130-sports-artificial-turf\\\/\"]}]},{\"@type\":\"ImageObject\",\"inLanguage\":\"en-US\",\"@id\":\"https:\\\/\\\/www.gardenstore.es\\\/en\\\/product\\\/artificial-turf\\\/sports-artificial-turf\\\/football\\\/classic-40-50-60-130-sports-artificial-turf\\\/#primaryimage\",\"url\":\"https:\\\/\\\/www.gardenstore.es\\\/wp-content\\\/uploads\\\/2025\\\/04\\\/GS-Football-Classic.jpg\",\"contentUrl\":\"https:\\\/\\\/www.gardenstore.es\\\/wp-content\\\/uploads\\\/2025\\\/04\\\/GS-Football-Classic.jpg\",\"width\":591,\"height\":299,\"caption\":\"CLASSIC 40-50-60\\\/130 Sports Artificial Turf\"},{\"@type\":\"BreadcrumbList\",\"@id\":\"https:\\\/\\\/www.gardenstore.es\\\/en\\\/product\\\/artificial-turf\\\/sports-artificial-turf\\\/football\\\/classic-40-50-60-130-sports-artificial-turf\\\/#breadcrumb\",\"itemListElement\":[{\"@type\":\"ListItem\",\"position\":1,\"name\":\"Home\",\"item\":\"https:\\\/\\\/www.gardenstore.es\\\/en\\\/home\\\/\"},{\"@type\":\"ListItem\",\"position\":2,\"name\":\"Shop\",\"item\":\"https:\\\/\\\/www.gardenstore.es\\\/en\\\/shop\\\/\"},{\"@type\":\"ListItem\",\"position\":3,\"name\":\"Artificial Turf\",\"item\":\"https:\\\/\\\/www.gardenstore.es\\\/en\\\/product-category\\\/artificial-turf\\\/\"},{\"@type\":\"ListItem\",\"position\":4,\"name\":\"Sports Artificial Turf\",\"item\":\"https:\\\/\\\/www.gardenstore.es\\\/en\\\/product-category\\\/artificial-turf\\\/sports-artificial-turf\\\/\"},{\"@type\":\"ListItem\",\"position\":5,\"name\":\"Football\",\"item\":\"https:\\\/\\\/www.gardenstore.es\\\/en\\\/product-category\\\/artificial-turf\\\/sports-artificial-turf\\\/football\\\/\"},{\"@type\":\"ListItem\",\"position\":6,\"name\":\"CLASSIC 40-50-60\\\/130 Sports Artificial Turf\"}]},{\"@type\":\"WebSite\",\"@id\":\"https:\\\/\\\/www.gardenstore.es\\\/en\\\/#website\",\"url\":\"https:\\\/\\\/www.gardenstore.es\\\/en\\\/\",\"name\":\"GardenStore | Venta e instalaci\u00f3n de C\u00e9sped Artificial\",\"description\":\"C\u00e9sped Artificial en Sevilla\",\"publisher\":{\"@id\":\"https:\\\/\\\/www.gardenstore.es\\\/en\\\/#organization\"},\"potentialAction\":[{\"@type\":\"SearchAction\",\"target\":{\"@type\":\"EntryPoint\",\"urlTemplate\":\"https:\\\/\\\/www.gardenstore.es\\\/en\\\/?s={search_term_string}\"},\"query-input\":{\"@type\":\"PropertyValueSpecification\",\"valueRequired\":true,\"valueName\":\"search_term_string\"}}],\"inLanguage\":\"en-US\"},{\"@type\":\"Organization\",\"@id\":\"https:\\\/\\\/www.gardenstore.es\\\/en\\\/#organization\",\"name\":\"GardenStore\",\"url\":\"https:\\\/\\\/www.gardenstore.es\\\/en\\\/\",\"logo\":{\"@type\":\"ImageObject\",\"inLanguage\":\"en-US\",\"@id\":\"https:\\\/\\\/www.gardenstore.es\\\/en\\\/#\\\/schema\\\/logo\\\/image\\\/\",\"url\":\"https:\\\/\\\/www.gardenstore.es\\\/wp-content\\\/uploads\\\/2025\\\/10\\\/LOGOTIPO_V1.svg\",\"contentUrl\":\"https:\\\/\\\/www.gardenstore.es\\\/wp-content\\\/uploads\\\/2025\\\/10\\\/LOGOTIPO_V1.svg\",\"width\":818,\"height\":130,\"caption\":\"GardenStore\"},\"image\":{\"@id\":\"https:\\\/\\\/www.gardenstore.es\\\/en\\\/#\\\/schema\\\/logo\\\/image\\\/\"}}]}<\/script>\n<!-- \/ Yoast SEO plugin. -->","yoast_head_json":{"title":"CLASSIC 40-50-60\/130 Sports Artificial Turf | GardenStore","robots":{"index":"index","follow":"follow","max-snippet":"max-snippet:-1","max-image-preview":"max-image-preview:large","max-video-preview":"max-video-preview:-1"},"canonical":"https:\/\/www.gardenstore.es\/en\/product\/artificial-turf\/sports-artificial-turf\/football\/classic-40-50-60-130-sports-artificial-turf\/","og_locale":"en_US","og_type":"article","og_title":"CLASSIC 40-50-60\/130 Sports Artificial Turf | GardenStore","og_description":"Suitable for soccer. Available in three heights: 40-50-60. Consult with our team to study the possibilities of adapting each model according to the specific requirements of your project.","og_url":"https:\/\/www.gardenstore.es\/en\/product\/artificial-turf\/sports-artificial-turf\/football\/classic-40-50-60-130-sports-artificial-turf\/","og_site_name":"GardenStore","article_modified_time":"2025-10-20T08:52:28+00:00","og_image":[{"width":591,"height":299,"url":"https:\/\/www.gardenstore.es\/wp-content\/uploads\/2025\/04\/GS-Football-Classic.jpg","type":"image\/jpeg"}],"twitter_card":"summary_large_image","schema":{"@context":"https:\/\/schema.org","@graph":[{"@type":"WebPage","@id":"https:\/\/www.gardenstore.es\/en\/product\/artificial-turf\/sports-artificial-turf\/football\/classic-40-50-60-130-sports-artificial-turf\/","url":"https:\/\/www.gardenstore.es\/en\/product\/artificial-turf\/sports-artificial-turf\/football\/classic-40-50-60-130-sports-artificial-turf\/","name":"CLASSIC 40-50-60\/130 Sports Artificial Turf | GardenStore","isPartOf":{"@id":"https:\/\/www.gardenstore.es\/en\/#website"},"primaryImageOfPage":{"@id":"https:\/\/www.gardenstore.es\/en\/product\/artificial-turf\/sports-artificial-turf\/football\/classic-40-50-60-130-sports-artificial-turf\/#primaryimage"},"image":{"@id":"https:\/\/www.gardenstore.es\/en\/product\/artificial-turf\/sports-artificial-turf\/football\/classic-40-50-60-130-sports-artificial-turf\/#primaryimage"},"thumbnailUrl":"https:\/\/www.gardenstore.es\/wp-content\/uploads\/2025\/04\/GS-Football-Classic.jpg","datePublished":"2025-04-09T12:46:18+00:00","dateModified":"2025-10-20T08:52:28+00:00","breadcrumb":{"@id":"https:\/\/www.gardenstore.es\/en\/product\/artificial-turf\/sports-artificial-turf\/football\/classic-40-50-60-130-sports-artificial-turf\/#breadcrumb"},"inLanguage":"en-US","potentialAction":[{"@type":"ReadAction","target":["https:\/\/www.gardenstore.es\/en\/product\/artificial-turf\/sports-artificial-turf\/football\/classic-40-50-60-130-sports-artificial-turf\/"]}]},{"@type":"ImageObject","inLanguage":"en-US","@id":"https:\/\/www.gardenstore.es\/en\/product\/artificial-turf\/sports-artificial-turf\/football\/classic-40-50-60-130-sports-artificial-turf\/#primaryimage","url":"https:\/\/www.gardenstore.es\/wp-content\/uploads\/2025\/04\/GS-Football-Classic.jpg","contentUrl":"https:\/\/www.gardenstore.es\/wp-content\/uploads\/2025\/04\/GS-Football-Classic.jpg","width":591,"height":299,"caption":"CLASSIC 40-50-60\/130 Sports Artificial Turf"},{"@type":"BreadcrumbList","@id":"https:\/\/www.gardenstore.es\/en\/product\/artificial-turf\/sports-artificial-turf\/football\/classic-40-50-60-130-sports-artificial-turf\/#breadcrumb","itemListElement":[{"@type":"ListItem","position":1,"name":"Home","item":"https:\/\/www.gardenstore.es\/en\/home\/"},{"@type":"ListItem","position":2,"name":"Shop","item":"https:\/\/www.gardenstore.es\/en\/shop\/"},{"@type":"ListItem","position":3,"name":"Artificial Turf","item":"https:\/\/www.gardenstore.es\/en\/product-category\/artificial-turf\/"},{"@type":"ListItem","position":4,"name":"Sports Artificial Turf","item":"https:\/\/www.gardenstore.es\/en\/product-category\/artificial-turf\/sports-artificial-turf\/"},{"@type":"ListItem","position":5,"name":"Football","item":"https:\/\/www.gardenstore.es\/en\/product-category\/artificial-turf\/sports-artificial-turf\/football\/"},{"@type":"ListItem","position":6,"name":"CLASSIC 40-50-60\/130 Sports Artificial Turf"}]},{"@type":"WebSite","@id":"https:\/\/www.gardenstore.es\/en\/#website","url":"https:\/\/www.gardenstore.es\/en\/","name":"GardenStore | Venta e instalaci\u00f3n de C\u00e9sped Artificial","description":"C\u00e9sped Artificial en Sevilla","publisher":{"@id":"https:\/\/www.gardenstore.es\/en\/#organization"},"potentialAction":[{"@type":"SearchAction","target":{"@type":"EntryPoint","urlTemplate":"https:\/\/www.gardenstore.es\/en\/?s={search_term_string}"},"query-input":{"@type":"PropertyValueSpecification","valueRequired":true,"valueName":"search_term_string"}}],"inLanguage":"en-US"},{"@type":"Organization","@id":"https:\/\/www.gardenstore.es\/en\/#organization","name":"GardenStore","url":"https:\/\/www.gardenstore.es\/en\/","logo":{"@type":"ImageObject","inLanguage":"en-US","@id":"https:\/\/www.gardenstore.es\/en\/#\/schema\/logo\/image\/","url":"https:\/\/www.gardenstore.es\/wp-content\/uploads\/2025\/10\/LOGOTIPO_V1.svg","contentUrl":"https:\/\/www.gardenstore.es\/wp-content\/uploads\/2025\/10\/LOGOTIPO_V1.svg","width":818,"height":130,"caption":"GardenStore"},"image":{"@id":"https:\/\/www.gardenstore.es\/en\/#\/schema\/logo\/image\/"}}]}},"_links":{"self":[{"href":"https:\/\/www.gardenstore.es\/en\/wp-json\/wp\/v2\/product\/13535","targetHints":{"allow":["GET"]}}],"collection":[{"href":"https:\/\/www.gardenstore.es\/en\/wp-json\/wp\/v2\/product"}],"about":[{"href":"https:\/\/www.gardenstore.es\/en\/wp-json\/wp\/v2\/types\/product"}],"replies":[{"embeddable":true,"href":"https:\/\/www.gardenstore.es\/en\/wp-json\/wp\/v2\/comments?post=13535"}],"wp:featuredmedia":[{"embeddable":true,"href":"https:\/\/www.gardenstore.es\/en\/wp-json\/wp\/v2\/media\/13538"}],"wp:attachment":[{"href":"https:\/\/www.gardenstore.es\/en\/wp-json\/wp\/v2\/media?parent=13535"}],"wp:term":[{"taxonomy":"product_brand","embeddable":true,"href":"https:\/\/www.gardenstore.es\/en\/wp-json\/wp\/v2\/product_brand?post=13535"},{"taxonomy":"product_cat","embeddable":true,"href":"https:\/\/www.gardenstore.es\/en\/wp-json\/wp\/v2\/product_cat?post=13535"},{"taxonomy":"product_tag","embeddable":true,"href":"https:\/\/www.gardenstore.es\/en\/wp-json\/wp\/v2\/product_tag?post=13535"}],"curies":[{"name":"wp","href":"https:\/\/api.w.org\/{rel}","templated":true}]}}