{"id":13489,"date":"2025-04-09T14:44:54","date_gmt":"2025-04-09T12:44:54","guid":{"rendered":"https:\/\/www.gardenstore.es\/producto\/uncategorized\/color-grass-7-green-blue-purple-pink-red-white-and-black\/"},"modified":"2025-10-20T10:52:15","modified_gmt":"2025-10-20T08:52:15","slug":"color-grass-7-green-blue-purple-pink-red-white-and-black","status":"publish","type":"product","link":"https:\/\/www.gardenstore.es\/en\/product\/artificial-turf\/decorative\/colors\/color-grass-7-green-blue-purple-pink-red-white-and-black\/","title":{"rendered":"Color Grass 7 (Green, blue, purple, pink, red, white, and black)"},"content":{"rendered":"","protected":false},"excerpt":{"rendered":"<p>Multi-colored, vibrant carpet that invites a unique and lively play environment. Perfect for playgrounds, schools, businesses, etc. <\/p>\n","protected":false},"featured_media":13513,"comment_status":"open","ping_status":"closed","template":"","meta":{"_acf_changed":false},"product_brand":[],"product_cat":[250,272,271,278],"product_tag":[],"class_list":{"0":"post-13489","1":"product","2":"type-product","3":"status-publish","4":"has-post-thumbnail","6":"product_cat-artificial-turf","7":"product_cat-colors","8":"product_cat-decorative","9":"product_cat-playgrounds","10":"","11":"woocommerce-text-align-left","12":"woocommerce-image-align-center","13":"do-quantity-buttons","15":"first","16":"instock","17":"product-type-simple"},"acf":{"altura":7,"confort":3,"recuperacion":4,"suavidad":3,"resistencia":3,"ficha_de_producto":13511,"tipo_fibra_hilo":"Fibrillated","composicion_fibra_hilo":"Polypropylene (PP)","dtex":"","peso_hilo":"350 gr\/m\u00b2 (\u00b110%)","seccion":"","altura_hilo":"7 mm (\u00b15%)","galga":"","puntadas_10cm":"340 stitches\/m (\u00b110%)","puntadas_m2":"85,680 stitches\/m\u00b2 (\u00b110%)","tipo_backing":"Single Backing","composicion_backing":"Polypropylene (PP)","tipo_acabado":"Licker-in Cylinder","composicion_acabado":"Styrene-Butadiene Rubber (SBR)","peso_backing":"540 gr\/m\u00b2 (\u00b110%)","hilo_recto_numero":"1","hilo_recto_colores":"(Verde, azul, morado, rosa, rojo, blanco y negro)","hilo_rizado_numero":"","hilo_rizado_colores":"","peso_total":"890 gr\/m\u00b2 (\u00b110%)","dimensiones_rollo":"Al corte y a demanda (ancho 2m)","drenaje":"","filamentos":""},"gallery_images":[9196,9198,9197,9199,10387,9201,9200,9203,9202,9204,9205,9206,9207,6962],"yoast_head":"<!-- This site is optimized with the Yoast SEO plugin v27.4 - https:\/\/yoast.com\/product\/yoast-seo-wordpress\/ -->\n<title>Color Grass 7 (Green, blue, purple, pink, red, white, and black) | GardenStore<\/title>\n<meta name=\"description\" content=\"ColorGrass 7 - Multi-colored, vibrant carpet that invites a unique and lively play environment. Perfect for playgrounds, schools, businesses, etc.\" \/>\n<meta name=\"robots\" content=\"index, follow, max-snippet:-1, max-image-preview:large, max-video-preview:-1\" \/>\n<link rel=\"canonical\" href=\"https:\/\/www.gardenstore.es\/en\/product\/artificial-turf\/decorative\/colors\/color-grass-7-green-blue-purple-pink-red-white-and-black\/\" \/>\n<meta property=\"og:locale\" content=\"en_US\" \/>\n<meta property=\"og:type\" content=\"article\" \/>\n<meta property=\"og:title\" content=\"Color Grass 7 (Green, blue, purple, pink, red, white, and black) | GardenStore\" \/>\n<meta property=\"og:description\" content=\"ColorGrass 7 - Multi-colored, vibrant carpet that invites a unique and lively play environment. Perfect for playgrounds, schools, businesses, etc.\" \/>\n<meta property=\"og:url\" content=\"https:\/\/www.gardenstore.es\/en\/product\/artificial-turf\/decorative\/colors\/color-grass-7-green-blue-purple-pink-red-white-and-black\/\" \/>\n<meta property=\"og:site_name\" content=\"GardenStore\" \/>\n<meta property=\"article:modified_time\" content=\"2025-10-20T08:52:15+00:00\" \/>\n<meta property=\"og:image\" content=\"https:\/\/www.gardenstore.es\/wp-content\/uploads\/2025\/04\/FOTOS-PEQUENAS-Y-DISENOS-8-1024x1024.png\" \/>\n\t<meta property=\"og:image:width\" content=\"1024\" \/>\n\t<meta property=\"og:image:height\" content=\"1024\" \/>\n\t<meta property=\"og:image:type\" content=\"image\/png\" \/>\n<meta name=\"twitter:card\" content=\"summary_large_image\" \/>\n<script type=\"application\/ld+json\" class=\"yoast-schema-graph\">{\"@context\":\"https:\\\/\\\/schema.org\",\"@graph\":[{\"@type\":\"WebPage\",\"@id\":\"https:\\\/\\\/www.gardenstore.es\\\/en\\\/product\\\/artificial-turf\\\/decorative\\\/colors\\\/color-grass-7-green-blue-purple-pink-red-white-and-black\\\/\",\"url\":\"https:\\\/\\\/www.gardenstore.es\\\/en\\\/product\\\/artificial-turf\\\/decorative\\\/colors\\\/color-grass-7-green-blue-purple-pink-red-white-and-black\\\/\",\"name\":\"Color Grass 7 (Green, blue, purple, pink, red, white, and black) | GardenStore\",\"isPartOf\":{\"@id\":\"https:\\\/\\\/www.gardenstore.es\\\/en\\\/#website\"},\"primaryImageOfPage\":{\"@id\":\"https:\\\/\\\/www.gardenstore.es\\\/en\\\/product\\\/artificial-turf\\\/decorative\\\/colors\\\/color-grass-7-green-blue-purple-pink-red-white-and-black\\\/#primaryimage\"},\"image\":{\"@id\":\"https:\\\/\\\/www.gardenstore.es\\\/en\\\/product\\\/artificial-turf\\\/decorative\\\/colors\\\/color-grass-7-green-blue-purple-pink-red-white-and-black\\\/#primaryimage\"},\"thumbnailUrl\":\"https:\\\/\\\/www.gardenstore.es\\\/wp-content\\\/uploads\\\/2025\\\/04\\\/FOTOS-PEQUENAS-Y-DISENOS-8.png\",\"datePublished\":\"2025-04-09T12:44:54+00:00\",\"dateModified\":\"2025-10-20T08:52:15+00:00\",\"description\":\"ColorGrass 7 - Multi-colored, vibrant carpet that invites a unique and lively play environment. Perfect for playgrounds, schools, businesses, etc.\",\"breadcrumb\":{\"@id\":\"https:\\\/\\\/www.gardenstore.es\\\/en\\\/product\\\/artificial-turf\\\/decorative\\\/colors\\\/color-grass-7-green-blue-purple-pink-red-white-and-black\\\/#breadcrumb\"},\"inLanguage\":\"en-US\",\"potentialAction\":[{\"@type\":\"ReadAction\",\"target\":[\"https:\\\/\\\/www.gardenstore.es\\\/en\\\/product\\\/artificial-turf\\\/decorative\\\/colors\\\/color-grass-7-green-blue-purple-pink-red-white-and-black\\\/\"]}]},{\"@type\":\"ImageObject\",\"inLanguage\":\"en-US\",\"@id\":\"https:\\\/\\\/www.gardenstore.es\\\/en\\\/product\\\/artificial-turf\\\/decorative\\\/colors\\\/color-grass-7-green-blue-purple-pink-red-white-and-black\\\/#primaryimage\",\"url\":\"https:\\\/\\\/www.gardenstore.es\\\/wp-content\\\/uploads\\\/2025\\\/04\\\/FOTOS-PEQUENAS-Y-DISENOS-8.png\",\"contentUrl\":\"https:\\\/\\\/www.gardenstore.es\\\/wp-content\\\/uploads\\\/2025\\\/04\\\/FOTOS-PEQUENAS-Y-DISENOS-8.png\",\"width\":1080,\"height\":1080,\"caption\":\"COLOR GRASS CARPET\"},{\"@type\":\"BreadcrumbList\",\"@id\":\"https:\\\/\\\/www.gardenstore.es\\\/en\\\/product\\\/artificial-turf\\\/decorative\\\/colors\\\/color-grass-7-green-blue-purple-pink-red-white-and-black\\\/#breadcrumb\",\"itemListElement\":[{\"@type\":\"ListItem\",\"position\":1,\"name\":\"Home\",\"item\":\"https:\\\/\\\/www.gardenstore.es\\\/en\\\/home\\\/\"},{\"@type\":\"ListItem\",\"position\":2,\"name\":\"Shop\",\"item\":\"https:\\\/\\\/www.gardenstore.es\\\/en\\\/shop\\\/\"},{\"@type\":\"ListItem\",\"position\":3,\"name\":\"Artificial Turf\",\"item\":\"https:\\\/\\\/www.gardenstore.es\\\/en\\\/product-category\\\/artificial-turf\\\/\"},{\"@type\":\"ListItem\",\"position\":4,\"name\":\"Color Grass 7 (Green, blue, purple, pink, red, white, and black)\"}]},{\"@type\":\"WebSite\",\"@id\":\"https:\\\/\\\/www.gardenstore.es\\\/en\\\/#website\",\"url\":\"https:\\\/\\\/www.gardenstore.es\\\/en\\\/\",\"name\":\"GardenStore | Venta e instalaci\u00f3n de C\u00e9sped Artificial\",\"description\":\"C\u00e9sped Artificial en Sevilla\",\"publisher\":{\"@id\":\"https:\\\/\\\/www.gardenstore.es\\\/en\\\/#organization\"},\"potentialAction\":[{\"@type\":\"SearchAction\",\"target\":{\"@type\":\"EntryPoint\",\"urlTemplate\":\"https:\\\/\\\/www.gardenstore.es\\\/en\\\/?s={search_term_string}\"},\"query-input\":{\"@type\":\"PropertyValueSpecification\",\"valueRequired\":true,\"valueName\":\"search_term_string\"}}],\"inLanguage\":\"en-US\"},{\"@type\":\"Organization\",\"@id\":\"https:\\\/\\\/www.gardenstore.es\\\/en\\\/#organization\",\"name\":\"GardenStore\",\"url\":\"https:\\\/\\\/www.gardenstore.es\\\/en\\\/\",\"logo\":{\"@type\":\"ImageObject\",\"inLanguage\":\"en-US\",\"@id\":\"https:\\\/\\\/www.gardenstore.es\\\/en\\\/#\\\/schema\\\/logo\\\/image\\\/\",\"url\":\"https:\\\/\\\/www.gardenstore.es\\\/wp-content\\\/uploads\\\/2025\\\/10\\\/LOGOTIPO_V1.svg\",\"contentUrl\":\"https:\\\/\\\/www.gardenstore.es\\\/wp-content\\\/uploads\\\/2025\\\/10\\\/LOGOTIPO_V1.svg\",\"width\":818,\"height\":130,\"caption\":\"GardenStore\"},\"image\":{\"@id\":\"https:\\\/\\\/www.gardenstore.es\\\/en\\\/#\\\/schema\\\/logo\\\/image\\\/\"}}]}<\/script>\n<!-- \/ Yoast SEO plugin. -->","yoast_head_json":{"title":"Color Grass 7 (Green, blue, purple, pink, red, white, and black) | GardenStore","description":"ColorGrass 7 - Multi-colored, vibrant carpet that invites a unique and lively play environment. Perfect for playgrounds, schools, businesses, etc.","robots":{"index":"index","follow":"follow","max-snippet":"max-snippet:-1","max-image-preview":"max-image-preview:large","max-video-preview":"max-video-preview:-1"},"canonical":"https:\/\/www.gardenstore.es\/en\/product\/artificial-turf\/decorative\/colors\/color-grass-7-green-blue-purple-pink-red-white-and-black\/","og_locale":"en_US","og_type":"article","og_title":"Color Grass 7 (Green, blue, purple, pink, red, white, and black) | GardenStore","og_description":"ColorGrass 7 - Multi-colored, vibrant carpet that invites a unique and lively play environment. Perfect for playgrounds, schools, businesses, etc.","og_url":"https:\/\/www.gardenstore.es\/en\/product\/artificial-turf\/decorative\/colors\/color-grass-7-green-blue-purple-pink-red-white-and-black\/","og_site_name":"GardenStore","article_modified_time":"2025-10-20T08:52:15+00:00","og_image":[{"width":1024,"height":1024,"url":"https:\/\/www.gardenstore.es\/wp-content\/uploads\/2025\/04\/FOTOS-PEQUENAS-Y-DISENOS-8-1024x1024.png","type":"image\/png"}],"twitter_card":"summary_large_image","schema":{"@context":"https:\/\/schema.org","@graph":[{"@type":"WebPage","@id":"https:\/\/www.gardenstore.es\/en\/product\/artificial-turf\/decorative\/colors\/color-grass-7-green-blue-purple-pink-red-white-and-black\/","url":"https:\/\/www.gardenstore.es\/en\/product\/artificial-turf\/decorative\/colors\/color-grass-7-green-blue-purple-pink-red-white-and-black\/","name":"Color Grass 7 (Green, blue, purple, pink, red, white, and black) | GardenStore","isPartOf":{"@id":"https:\/\/www.gardenstore.es\/en\/#website"},"primaryImageOfPage":{"@id":"https:\/\/www.gardenstore.es\/en\/product\/artificial-turf\/decorative\/colors\/color-grass-7-green-blue-purple-pink-red-white-and-black\/#primaryimage"},"image":{"@id":"https:\/\/www.gardenstore.es\/en\/product\/artificial-turf\/decorative\/colors\/color-grass-7-green-blue-purple-pink-red-white-and-black\/#primaryimage"},"thumbnailUrl":"https:\/\/www.gardenstore.es\/wp-content\/uploads\/2025\/04\/FOTOS-PEQUENAS-Y-DISENOS-8.png","datePublished":"2025-04-09T12:44:54+00:00","dateModified":"2025-10-20T08:52:15+00:00","description":"ColorGrass 7 - Multi-colored, vibrant carpet that invites a unique and lively play environment. Perfect for playgrounds, schools, businesses, etc.","breadcrumb":{"@id":"https:\/\/www.gardenstore.es\/en\/product\/artificial-turf\/decorative\/colors\/color-grass-7-green-blue-purple-pink-red-white-and-black\/#breadcrumb"},"inLanguage":"en-US","potentialAction":[{"@type":"ReadAction","target":["https:\/\/www.gardenstore.es\/en\/product\/artificial-turf\/decorative\/colors\/color-grass-7-green-blue-purple-pink-red-white-and-black\/"]}]},{"@type":"ImageObject","inLanguage":"en-US","@id":"https:\/\/www.gardenstore.es\/en\/product\/artificial-turf\/decorative\/colors\/color-grass-7-green-blue-purple-pink-red-white-and-black\/#primaryimage","url":"https:\/\/www.gardenstore.es\/wp-content\/uploads\/2025\/04\/FOTOS-PEQUENAS-Y-DISENOS-8.png","contentUrl":"https:\/\/www.gardenstore.es\/wp-content\/uploads\/2025\/04\/FOTOS-PEQUENAS-Y-DISENOS-8.png","width":1080,"height":1080,"caption":"COLOR GRASS CARPET"},{"@type":"BreadcrumbList","@id":"https:\/\/www.gardenstore.es\/en\/product\/artificial-turf\/decorative\/colors\/color-grass-7-green-blue-purple-pink-red-white-and-black\/#breadcrumb","itemListElement":[{"@type":"ListItem","position":1,"name":"Home","item":"https:\/\/www.gardenstore.es\/en\/home\/"},{"@type":"ListItem","position":2,"name":"Shop","item":"https:\/\/www.gardenstore.es\/en\/shop\/"},{"@type":"ListItem","position":3,"name":"Artificial Turf","item":"https:\/\/www.gardenstore.es\/en\/product-category\/artificial-turf\/"},{"@type":"ListItem","position":4,"name":"Color Grass 7 (Green, blue, purple, pink, red, white, and black)"}]},{"@type":"WebSite","@id":"https:\/\/www.gardenstore.es\/en\/#website","url":"https:\/\/www.gardenstore.es\/en\/","name":"GardenStore | Venta e instalaci\u00f3n de C\u00e9sped Artificial","description":"C\u00e9sped Artificial en Sevilla","publisher":{"@id":"https:\/\/www.gardenstore.es\/en\/#organization"},"potentialAction":[{"@type":"SearchAction","target":{"@type":"EntryPoint","urlTemplate":"https:\/\/www.gardenstore.es\/en\/?s={search_term_string}"},"query-input":{"@type":"PropertyValueSpecification","valueRequired":true,"valueName":"search_term_string"}}],"inLanguage":"en-US"},{"@type":"Organization","@id":"https:\/\/www.gardenstore.es\/en\/#organization","name":"GardenStore","url":"https:\/\/www.gardenstore.es\/en\/","logo":{"@type":"ImageObject","inLanguage":"en-US","@id":"https:\/\/www.gardenstore.es\/en\/#\/schema\/logo\/image\/","url":"https:\/\/www.gardenstore.es\/wp-content\/uploads\/2025\/10\/LOGOTIPO_V1.svg","contentUrl":"https:\/\/www.gardenstore.es\/wp-content\/uploads\/2025\/10\/LOGOTIPO_V1.svg","width":818,"height":130,"caption":"GardenStore"},"image":{"@id":"https:\/\/www.gardenstore.es\/en\/#\/schema\/logo\/image\/"}}]}},"_links":{"self":[{"href":"https:\/\/www.gardenstore.es\/en\/wp-json\/wp\/v2\/product\/13489","targetHints":{"allow":["GET"]}}],"collection":[{"href":"https:\/\/www.gardenstore.es\/en\/wp-json\/wp\/v2\/product"}],"about":[{"href":"https:\/\/www.gardenstore.es\/en\/wp-json\/wp\/v2\/types\/product"}],"replies":[{"embeddable":true,"href":"https:\/\/www.gardenstore.es\/en\/wp-json\/wp\/v2\/comments?post=13489"}],"wp:featuredmedia":[{"embeddable":true,"href":"https:\/\/www.gardenstore.es\/en\/wp-json\/wp\/v2\/media\/13513"}],"wp:attachment":[{"href":"https:\/\/www.gardenstore.es\/en\/wp-json\/wp\/v2\/media?parent=13489"}],"wp:term":[{"taxonomy":"product_brand","embeddable":true,"href":"https:\/\/www.gardenstore.es\/en\/wp-json\/wp\/v2\/product_brand?post=13489"},{"taxonomy":"product_cat","embeddable":true,"href":"https:\/\/www.gardenstore.es\/en\/wp-json\/wp\/v2\/product_cat?post=13489"},{"taxonomy":"product_tag","embeddable":true,"href":"https:\/\/www.gardenstore.es\/en\/wp-json\/wp\/v2\/product_tag?post=13489"}],"curies":[{"name":"wp","href":"https:\/\/api.w.org\/{rel}","templated":true}]}}