{"id":13466,"date":"2025-04-09T14:46:18","date_gmt":"2025-04-09T12:46:18","guid":{"rendered":"https:\/\/www.gardenstore.es\/producto\/uncategorized\/two-component-adhesive-gsn-12-kg\/"},"modified":"2025-10-20T10:53:00","modified_gmt":"2025-10-20T08:53:00","slug":"two-component-adhesive-gsn-12-kg","status":"publish","type":"product","link":"https:\/\/www.gardenstore.es\/en\/product\/accessories\/two-component-adhesive-gsn-12-kg\/","title":{"rendered":"Two-Component Adhesive GSn &#8211; 12 Kg"},"content":{"rendered":"","protected":false},"excerpt":{"rendered":"<p>Two-component polyurethane adhesive kit. Includes both components. Green color, especially for artificial turf.  <\/p>\n<p>Quick application, approximately 10 minutes with high temperatures.<\/p>\n<p>Read the instructions before using.<\/p>\n<p>Valid for approximately 30 linear meters of seaming tape.<\/p>\n","protected":false},"featured_media":13468,"comment_status":"open","ping_status":"closed","template":"","meta":{"_acf_changed":false},"product_brand":[],"product_cat":[338],"product_tag":[],"class_list":{"0":"post-13466","1":"product","2":"type-product","3":"status-publish","4":"has-post-thumbnail","6":"product_cat-accessories","7":"","8":"woocommerce-text-align-left","9":"woocommerce-image-align-center","10":"do-quantity-buttons","12":"first","13":"instock","14":"product-type-simple"},"acf":{"altura":"","confort":"","recuperacion":"","suavidad":"","resistencia":"","ficha_de_producto":"","tipo_fibra_hilo":"","composicion_fibra_hilo":"","dtex":"","peso_hilo":"","seccion":"","altura_hilo":"","galga":"","puntadas_10cm":"","puntadas_m2":"","tipo_backing":"","composicion_backing":"","tipo_acabado":"","composicion_acabado":"","peso_backing":"","hilo_recto_numero":"","hilo_recto_colores":"","hilo_rizado_numero":"","hilo_rizado_colores":"","peso_total":"","dimensiones_rollo":"","drenaje":"","filamentos":""},"gallery_images":[],"yoast_head":"<!-- This site is optimized with the Yoast SEO plugin v27.4 - https:\/\/yoast.com\/product\/yoast-seo-wordpress\/ -->\n<title>Two-Component Adhesive GSn - 12 Kg | GardenStore<\/title>\n<meta name=\"robots\" content=\"index, follow, max-snippet:-1, max-image-preview:large, max-video-preview:-1\" \/>\n<link rel=\"canonical\" href=\"https:\/\/www.gardenstore.es\/en\/product\/accessories\/two-component-adhesive-gsn-12-kg\/\" \/>\n<meta property=\"og:locale\" content=\"en_US\" \/>\n<meta property=\"og:type\" content=\"article\" \/>\n<meta property=\"og:title\" content=\"Two-Component Adhesive GSn - 12 Kg | GardenStore\" \/>\n<meta property=\"og:description\" content=\"Two-component polyurethane adhesive kit. Includes both components. Green color, especially for artificial turf.  Quick application, approximately 10 minutes with high temperatures. Read the instructions before using. Valid for approximately 30 linear meters of seaming tape.\" \/>\n<meta property=\"og:url\" content=\"https:\/\/www.gardenstore.es\/en\/product\/accessories\/two-component-adhesive-gsn-12-kg\/\" \/>\n<meta property=\"og:site_name\" content=\"GardenStore\" \/>\n<meta property=\"article:modified_time\" content=\"2025-10-20T08:53:00+00:00\" \/>\n<meta property=\"og:image\" content=\"https:\/\/www.gardenstore.es\/wp-content\/uploads\/2025\/04\/KIT-DE-ADHESIVO-BICOMPONENTE-3.png\" \/>\n\t<meta property=\"og:image:width\" content=\"1920\" \/>\n\t<meta property=\"og:image:height\" content=\"1920\" \/>\n\t<meta property=\"og:image:type\" content=\"image\/png\" \/>\n<meta name=\"twitter:card\" content=\"summary_large_image\" \/>\n<script type=\"application\/ld+json\" class=\"yoast-schema-graph\">{\"@context\":\"https:\\\/\\\/schema.org\",\"@graph\":[{\"@type\":\"WebPage\",\"@id\":\"https:\\\/\\\/www.gardenstore.es\\\/en\\\/product\\\/accessories\\\/two-component-adhesive-gsn-12-kg\\\/\",\"url\":\"https:\\\/\\\/www.gardenstore.es\\\/en\\\/product\\\/accessories\\\/two-component-adhesive-gsn-12-kg\\\/\",\"name\":\"Two-Component Adhesive GSn - 12 Kg | GardenStore\",\"isPartOf\":{\"@id\":\"https:\\\/\\\/www.gardenstore.es\\\/en\\\/#website\"},\"primaryImageOfPage\":{\"@id\":\"https:\\\/\\\/www.gardenstore.es\\\/en\\\/product\\\/accessories\\\/two-component-adhesive-gsn-12-kg\\\/#primaryimage\"},\"image\":{\"@id\":\"https:\\\/\\\/www.gardenstore.es\\\/en\\\/product\\\/accessories\\\/two-component-adhesive-gsn-12-kg\\\/#primaryimage\"},\"thumbnailUrl\":\"https:\\\/\\\/www.gardenstore.es\\\/wp-content\\\/uploads\\\/2025\\\/04\\\/KIT-DE-ADHESIVO-BICOMPONENTE-3.png\",\"datePublished\":\"2025-04-09T12:46:18+00:00\",\"dateModified\":\"2025-10-20T08:53:00+00:00\",\"breadcrumb\":{\"@id\":\"https:\\\/\\\/www.gardenstore.es\\\/en\\\/product\\\/accessories\\\/two-component-adhesive-gsn-12-kg\\\/#breadcrumb\"},\"inLanguage\":\"en-US\",\"potentialAction\":[{\"@type\":\"ReadAction\",\"target\":[\"https:\\\/\\\/www.gardenstore.es\\\/en\\\/product\\\/accessories\\\/two-component-adhesive-gsn-12-kg\\\/\"]}]},{\"@type\":\"ImageObject\",\"inLanguage\":\"en-US\",\"@id\":\"https:\\\/\\\/www.gardenstore.es\\\/en\\\/product\\\/accessories\\\/two-component-adhesive-gsn-12-kg\\\/#primaryimage\",\"url\":\"https:\\\/\\\/www.gardenstore.es\\\/wp-content\\\/uploads\\\/2025\\\/04\\\/KIT-DE-ADHESIVO-BICOMPONENTE-3.png\",\"contentUrl\":\"https:\\\/\\\/www.gardenstore.es\\\/wp-content\\\/uploads\\\/2025\\\/04\\\/KIT-DE-ADHESIVO-BICOMPONENTE-3.png\",\"width\":1920,\"height\":1920,\"caption\":\"TWO-COMPONENT ADHESIVE KIT - 12kg\"},{\"@type\":\"BreadcrumbList\",\"@id\":\"https:\\\/\\\/www.gardenstore.es\\\/en\\\/product\\\/accessories\\\/two-component-adhesive-gsn-12-kg\\\/#breadcrumb\",\"itemListElement\":[{\"@type\":\"ListItem\",\"position\":1,\"name\":\"Home\",\"item\":\"https:\\\/\\\/www.gardenstore.es\\\/en\\\/home\\\/\"},{\"@type\":\"ListItem\",\"position\":2,\"name\":\"Shop\",\"item\":\"https:\\\/\\\/www.gardenstore.es\\\/en\\\/shop\\\/\"},{\"@type\":\"ListItem\",\"position\":3,\"name\":\"Accessories\",\"item\":\"https:\\\/\\\/www.gardenstore.es\\\/en\\\/product-category\\\/accessories\\\/\"},{\"@type\":\"ListItem\",\"position\":4,\"name\":\"Two-Component Adhesive GSn &#8211; 12 Kg\"}]},{\"@type\":\"WebSite\",\"@id\":\"https:\\\/\\\/www.gardenstore.es\\\/en\\\/#website\",\"url\":\"https:\\\/\\\/www.gardenstore.es\\\/en\\\/\",\"name\":\"GardenStore | Venta e instalaci\u00f3n de C\u00e9sped Artificial\",\"description\":\"C\u00e9sped Artificial en Sevilla\",\"publisher\":{\"@id\":\"https:\\\/\\\/www.gardenstore.es\\\/en\\\/#organization\"},\"potentialAction\":[{\"@type\":\"SearchAction\",\"target\":{\"@type\":\"EntryPoint\",\"urlTemplate\":\"https:\\\/\\\/www.gardenstore.es\\\/en\\\/?s={search_term_string}\"},\"query-input\":{\"@type\":\"PropertyValueSpecification\",\"valueRequired\":true,\"valueName\":\"search_term_string\"}}],\"inLanguage\":\"en-US\"},{\"@type\":\"Organization\",\"@id\":\"https:\\\/\\\/www.gardenstore.es\\\/en\\\/#organization\",\"name\":\"GardenStore\",\"url\":\"https:\\\/\\\/www.gardenstore.es\\\/en\\\/\",\"logo\":{\"@type\":\"ImageObject\",\"inLanguage\":\"en-US\",\"@id\":\"https:\\\/\\\/www.gardenstore.es\\\/en\\\/#\\\/schema\\\/logo\\\/image\\\/\",\"url\":\"https:\\\/\\\/www.gardenstore.es\\\/wp-content\\\/uploads\\\/2025\\\/10\\\/LOGOTIPO_V1.svg\",\"contentUrl\":\"https:\\\/\\\/www.gardenstore.es\\\/wp-content\\\/uploads\\\/2025\\\/10\\\/LOGOTIPO_V1.svg\",\"width\":818,\"height\":130,\"caption\":\"GardenStore\"},\"image\":{\"@id\":\"https:\\\/\\\/www.gardenstore.es\\\/en\\\/#\\\/schema\\\/logo\\\/image\\\/\"}}]}<\/script>\n<!-- \/ Yoast SEO plugin. -->","yoast_head_json":{"title":"Two-Component Adhesive GSn - 12 Kg | GardenStore","robots":{"index":"index","follow":"follow","max-snippet":"max-snippet:-1","max-image-preview":"max-image-preview:large","max-video-preview":"max-video-preview:-1"},"canonical":"https:\/\/www.gardenstore.es\/en\/product\/accessories\/two-component-adhesive-gsn-12-kg\/","og_locale":"en_US","og_type":"article","og_title":"Two-Component Adhesive GSn - 12 Kg | GardenStore","og_description":"Two-component polyurethane adhesive kit. Includes both components. Green color, especially for artificial turf.  Quick application, approximately 10 minutes with high temperatures. Read the instructions before using. Valid for approximately 30 linear meters of seaming tape.","og_url":"https:\/\/www.gardenstore.es\/en\/product\/accessories\/two-component-adhesive-gsn-12-kg\/","og_site_name":"GardenStore","article_modified_time":"2025-10-20T08:53:00+00:00","og_image":[{"width":1920,"height":1920,"url":"https:\/\/www.gardenstore.es\/wp-content\/uploads\/2025\/04\/KIT-DE-ADHESIVO-BICOMPONENTE-3.png","type":"image\/png"}],"twitter_card":"summary_large_image","schema":{"@context":"https:\/\/schema.org","@graph":[{"@type":"WebPage","@id":"https:\/\/www.gardenstore.es\/en\/product\/accessories\/two-component-adhesive-gsn-12-kg\/","url":"https:\/\/www.gardenstore.es\/en\/product\/accessories\/two-component-adhesive-gsn-12-kg\/","name":"Two-Component Adhesive GSn - 12 Kg | GardenStore","isPartOf":{"@id":"https:\/\/www.gardenstore.es\/en\/#website"},"primaryImageOfPage":{"@id":"https:\/\/www.gardenstore.es\/en\/product\/accessories\/two-component-adhesive-gsn-12-kg\/#primaryimage"},"image":{"@id":"https:\/\/www.gardenstore.es\/en\/product\/accessories\/two-component-adhesive-gsn-12-kg\/#primaryimage"},"thumbnailUrl":"https:\/\/www.gardenstore.es\/wp-content\/uploads\/2025\/04\/KIT-DE-ADHESIVO-BICOMPONENTE-3.png","datePublished":"2025-04-09T12:46:18+00:00","dateModified":"2025-10-20T08:53:00+00:00","breadcrumb":{"@id":"https:\/\/www.gardenstore.es\/en\/product\/accessories\/two-component-adhesive-gsn-12-kg\/#breadcrumb"},"inLanguage":"en-US","potentialAction":[{"@type":"ReadAction","target":["https:\/\/www.gardenstore.es\/en\/product\/accessories\/two-component-adhesive-gsn-12-kg\/"]}]},{"@type":"ImageObject","inLanguage":"en-US","@id":"https:\/\/www.gardenstore.es\/en\/product\/accessories\/two-component-adhesive-gsn-12-kg\/#primaryimage","url":"https:\/\/www.gardenstore.es\/wp-content\/uploads\/2025\/04\/KIT-DE-ADHESIVO-BICOMPONENTE-3.png","contentUrl":"https:\/\/www.gardenstore.es\/wp-content\/uploads\/2025\/04\/KIT-DE-ADHESIVO-BICOMPONENTE-3.png","width":1920,"height":1920,"caption":"TWO-COMPONENT ADHESIVE KIT - 12kg"},{"@type":"BreadcrumbList","@id":"https:\/\/www.gardenstore.es\/en\/product\/accessories\/two-component-adhesive-gsn-12-kg\/#breadcrumb","itemListElement":[{"@type":"ListItem","position":1,"name":"Home","item":"https:\/\/www.gardenstore.es\/en\/home\/"},{"@type":"ListItem","position":2,"name":"Shop","item":"https:\/\/www.gardenstore.es\/en\/shop\/"},{"@type":"ListItem","position":3,"name":"Accessories","item":"https:\/\/www.gardenstore.es\/en\/product-category\/accessories\/"},{"@type":"ListItem","position":4,"name":"Two-Component Adhesive GSn &#8211; 12 Kg"}]},{"@type":"WebSite","@id":"https:\/\/www.gardenstore.es\/en\/#website","url":"https:\/\/www.gardenstore.es\/en\/","name":"GardenStore | Venta e instalaci\u00f3n de C\u00e9sped Artificial","description":"C\u00e9sped Artificial en Sevilla","publisher":{"@id":"https:\/\/www.gardenstore.es\/en\/#organization"},"potentialAction":[{"@type":"SearchAction","target":{"@type":"EntryPoint","urlTemplate":"https:\/\/www.gardenstore.es\/en\/?s={search_term_string}"},"query-input":{"@type":"PropertyValueSpecification","valueRequired":true,"valueName":"search_term_string"}}],"inLanguage":"en-US"},{"@type":"Organization","@id":"https:\/\/www.gardenstore.es\/en\/#organization","name":"GardenStore","url":"https:\/\/www.gardenstore.es\/en\/","logo":{"@type":"ImageObject","inLanguage":"en-US","@id":"https:\/\/www.gardenstore.es\/en\/#\/schema\/logo\/image\/","url":"https:\/\/www.gardenstore.es\/wp-content\/uploads\/2025\/10\/LOGOTIPO_V1.svg","contentUrl":"https:\/\/www.gardenstore.es\/wp-content\/uploads\/2025\/10\/LOGOTIPO_V1.svg","width":818,"height":130,"caption":"GardenStore"},"image":{"@id":"https:\/\/www.gardenstore.es\/en\/#\/schema\/logo\/image\/"}}]}},"_links":{"self":[{"href":"https:\/\/www.gardenstore.es\/en\/wp-json\/wp\/v2\/product\/13466","targetHints":{"allow":["GET"]}}],"collection":[{"href":"https:\/\/www.gardenstore.es\/en\/wp-json\/wp\/v2\/product"}],"about":[{"href":"https:\/\/www.gardenstore.es\/en\/wp-json\/wp\/v2\/types\/product"}],"replies":[{"embeddable":true,"href":"https:\/\/www.gardenstore.es\/en\/wp-json\/wp\/v2\/comments?post=13466"}],"wp:featuredmedia":[{"embeddable":true,"href":"https:\/\/www.gardenstore.es\/en\/wp-json\/wp\/v2\/media\/13468"}],"wp:attachment":[{"href":"https:\/\/www.gardenstore.es\/en\/wp-json\/wp\/v2\/media?parent=13466"}],"wp:term":[{"taxonomy":"product_brand","embeddable":true,"href":"https:\/\/www.gardenstore.es\/en\/wp-json\/wp\/v2\/product_brand?post=13466"},{"taxonomy":"product_cat","embeddable":true,"href":"https:\/\/www.gardenstore.es\/en\/wp-json\/wp\/v2\/product_cat?post=13466"},{"taxonomy":"product_tag","embeddable":true,"href":"https:\/\/www.gardenstore.es\/en\/wp-json\/wp\/v2\/product_tag?post=13466"}],"curies":[{"name":"wp","href":"https:\/\/api.w.org\/{rel}","templated":true}]}}