{"id":13351,"date":"2025-04-09T14:46:57","date_gmt":"2025-04-09T12:46:57","guid":{"rendered":"https:\/\/www.gardenstore.es\/producto\/uncategorized\/clean-static-sanitizer-1l\/"},"modified":"2025-10-20T10:53:36","modified_gmt":"2025-10-20T08:53:36","slug":"clean-static-sanitizer-1l","status":"publish","type":"product","link":"https:\/\/www.gardenstore.es\/en\/product\/accessories\/clean-static-sanitizer-1l\/","title":{"rendered":"Clean &amp; Static Sanitizer 1l"},"content":{"rendered":"","protected":false},"excerpt":{"rendered":"<p>Clean &amp; Static Sanitizer 1 L<\/p>\n<p>Antistatic sanitizing cleaner for artificial turf.<\/p>\n<p>Clean &amp; Static C\u00e9sped is a highly effective, scented sanitizing cleaner developed to clean, sanitize, aromatize, and eliminate static electricity in a single step. Its balanced composition, based on synergistic mixtures of non-ionic and cationic surfactants, antistatic agents, selected fragrances, and adjuvants, allows, with a single application, to remove all types of accumulated dirt without the need to rub, while dissipating and dispersing electrostatic charges accumulated on this type of surface, keeping your lawn free of discharges for an extended period, as they last up to 20 days after treatment.<br \/>\nClean &amp; Static C\u00e9sped features carefully selected fragrances of natural origin in its formulation, so, after use, it provides a pleasant aroma of freshly cut grass, giving the application surface an extra similarity to natural grass. In addition, the additives used nourish and soften the fibers, providing extra comfort and naturalness. <\/p>\n","protected":false},"featured_media":13353,"comment_status":"open","ping_status":"closed","template":"","meta":{"_acf_changed":false},"product_brand":[],"product_cat":[338],"product_tag":[],"class_list":{"0":"post-13351","1":"product","2":"type-product","3":"status-publish","4":"has-post-thumbnail","6":"product_cat-accessories","7":"","8":"woocommerce-text-align-left","9":"woocommerce-image-align-center","10":"do-quantity-buttons","12":"first","13":"instock","14":"product-type-simple"},"acf":{"altura":"","confort":"","recuperacion":"","suavidad":"","resistencia":"","ficha_de_producto":"","tipo_fibra_hilo":"","composicion_fibra_hilo":"","dtex":"","peso_hilo":"","seccion":"","altura_hilo":"","galga":"","puntadas_10cm":"","puntadas_m2":"","tipo_backing":"","composicion_backing":"","tipo_acabado":"","composicion_acabado":"","peso_backing":"","hilo_recto_numero":"","hilo_recto_colores":"","hilo_rizado_numero":"","hilo_rizado_colores":"","peso_total":"","dimensiones_rollo":"","drenaje":"","filamentos":""},"gallery_images":[],"yoast_head":"<!-- This site is optimized with the Yoast SEO plugin v27.5 - https:\/\/yoast.com\/product\/yoast-seo-wordpress\/ -->\n<title>Clean &amp; Static Sanitizer 1l | GardenStore<\/title>\n<meta name=\"robots\" content=\"index, follow, max-snippet:-1, max-image-preview:large, max-video-preview:-1\" \/>\n<link rel=\"canonical\" href=\"https:\/\/www.gardenstore.es\/en\/product\/accessories\/clean-static-sanitizer-1l\/\" \/>\n<meta property=\"og:locale\" content=\"en_US\" \/>\n<meta property=\"og:type\" content=\"article\" \/>\n<meta property=\"og:title\" content=\"Clean &amp; Static Sanitizer 1l | GardenStore\" \/>\n<meta property=\"og:description\" content=\"Clean &amp; Static Sanitizer 1 L Antistatic sanitizing cleaner for artificial turf. Clean &amp; Static C\u00e9sped is a highly effective, scented sanitizing cleaner developed to clean, sanitize, aromatize, and eliminate static electricity in a single step. Its balanced composition, based on synergistic mixtures of non-ionic and cationic surfactants, antistatic agents, selected fragrances, and adjuvants, allows, with a single application, to remove all types of accumulated dirt without the need to rub, while dissipating and dispersing electrostatic charges accumulated on this type of surface, keeping your lawn free of discharges for an extended period, as they last up to 20 days after treatment. Clean &amp; Static C\u00e9sped features carefully selected fragrances of natural origin in its formulation, so, after use, it provides a pleasant aroma of freshly cut grass, giving the application surface an extra similarity to natural grass. In addition, the additives used nourish and soften the fibers, providing extra comfort and naturalness.\" \/>\n<meta property=\"og:url\" content=\"https:\/\/www.gardenstore.es\/en\/product\/accessories\/clean-static-sanitizer-1l\/\" \/>\n<meta property=\"og:site_name\" content=\"GardenStore\" \/>\n<meta property=\"article:modified_time\" content=\"2025-10-20T08:53:36+00:00\" \/>\n<meta property=\"og:image\" content=\"https:\/\/www.gardenstore.es\/wp-content\/uploads\/2025\/04\/LIMPIADOR_1L-1-scaled.png\" \/>\n\t<meta property=\"og:image:width\" content=\"2560\" \/>\n\t<meta property=\"og:image:height\" content=\"2560\" \/>\n\t<meta property=\"og:image:type\" content=\"image\/png\" \/>\n<meta name=\"twitter:card\" content=\"summary_large_image\" \/>\n<script type=\"application\/ld+json\" class=\"yoast-schema-graph\">{\"@context\":\"https:\\\/\\\/schema.org\",\"@graph\":[{\"@type\":\"WebPage\",\"@id\":\"https:\\\/\\\/www.gardenstore.es\\\/en\\\/product\\\/accessories\\\/clean-static-sanitizer-1l\\\/\",\"url\":\"https:\\\/\\\/www.gardenstore.es\\\/en\\\/product\\\/accessories\\\/clean-static-sanitizer-1l\\\/\",\"name\":\"Clean &amp; Static Sanitizer 1l | GardenStore\",\"isPartOf\":{\"@id\":\"https:\\\/\\\/www.gardenstore.es\\\/en\\\/#website\"},\"primaryImageOfPage\":{\"@id\":\"https:\\\/\\\/www.gardenstore.es\\\/en\\\/product\\\/accessories\\\/clean-static-sanitizer-1l\\\/#primaryimage\"},\"image\":{\"@id\":\"https:\\\/\\\/www.gardenstore.es\\\/en\\\/product\\\/accessories\\\/clean-static-sanitizer-1l\\\/#primaryimage\"},\"thumbnailUrl\":\"https:\\\/\\\/www.gardenstore.es\\\/wp-content\\\/uploads\\\/2025\\\/04\\\/LIMPIADOR_1L-1-scaled.png\",\"datePublished\":\"2025-04-09T12:46:57+00:00\",\"dateModified\":\"2025-10-20T08:53:36+00:00\",\"breadcrumb\":{\"@id\":\"https:\\\/\\\/www.gardenstore.es\\\/en\\\/product\\\/accessories\\\/clean-static-sanitizer-1l\\\/#breadcrumb\"},\"inLanguage\":\"en-US\",\"potentialAction\":[{\"@type\":\"ReadAction\",\"target\":[\"https:\\\/\\\/www.gardenstore.es\\\/en\\\/product\\\/accessories\\\/clean-static-sanitizer-1l\\\/\"]}]},{\"@type\":\"ImageObject\",\"inLanguage\":\"en-US\",\"@id\":\"https:\\\/\\\/www.gardenstore.es\\\/en\\\/product\\\/accessories\\\/clean-static-sanitizer-1l\\\/#primaryimage\",\"url\":\"https:\\\/\\\/www.gardenstore.es\\\/wp-content\\\/uploads\\\/2025\\\/04\\\/LIMPIADOR_1L-1-scaled.png\",\"contentUrl\":\"https:\\\/\\\/www.gardenstore.es\\\/wp-content\\\/uploads\\\/2025\\\/04\\\/LIMPIADOR_1L-1-scaled.png\",\"width\":2560,\"height\":2560,\"caption\":\"Sanitizing Cleaner 1L\"},{\"@type\":\"BreadcrumbList\",\"@id\":\"https:\\\/\\\/www.gardenstore.es\\\/en\\\/product\\\/accessories\\\/clean-static-sanitizer-1l\\\/#breadcrumb\",\"itemListElement\":[{\"@type\":\"ListItem\",\"position\":1,\"name\":\"Home\",\"item\":\"https:\\\/\\\/www.gardenstore.es\\\/en\\\/home\\\/\"},{\"@type\":\"ListItem\",\"position\":2,\"name\":\"Shop\",\"item\":\"https:\\\/\\\/www.gardenstore.es\\\/en\\\/shop\\\/\"},{\"@type\":\"ListItem\",\"position\":3,\"name\":\"Accessories\",\"item\":\"https:\\\/\\\/www.gardenstore.es\\\/en\\\/product-category\\\/accessories\\\/\"},{\"@type\":\"ListItem\",\"position\":4,\"name\":\"Clean &amp; Static Sanitizer 1l\"}]},{\"@type\":\"WebSite\",\"@id\":\"https:\\\/\\\/www.gardenstore.es\\\/en\\\/#website\",\"url\":\"https:\\\/\\\/www.gardenstore.es\\\/en\\\/\",\"name\":\"GardenStore | Venta e instalaci\u00f3n de C\u00e9sped Artificial\",\"description\":\"C\u00e9sped Artificial en Sevilla\",\"publisher\":{\"@id\":\"https:\\\/\\\/www.gardenstore.es\\\/en\\\/#organization\"},\"potentialAction\":[{\"@type\":\"SearchAction\",\"target\":{\"@type\":\"EntryPoint\",\"urlTemplate\":\"https:\\\/\\\/www.gardenstore.es\\\/en\\\/?s={search_term_string}\"},\"query-input\":{\"@type\":\"PropertyValueSpecification\",\"valueRequired\":true,\"valueName\":\"search_term_string\"}}],\"inLanguage\":\"en-US\"},{\"@type\":\"Organization\",\"@id\":\"https:\\\/\\\/www.gardenstore.es\\\/en\\\/#organization\",\"name\":\"GardenStore\",\"url\":\"https:\\\/\\\/www.gardenstore.es\\\/en\\\/\",\"logo\":{\"@type\":\"ImageObject\",\"inLanguage\":\"en-US\",\"@id\":\"https:\\\/\\\/www.gardenstore.es\\\/en\\\/#\\\/schema\\\/logo\\\/image\\\/\",\"url\":\"https:\\\/\\\/www.gardenstore.es\\\/wp-content\\\/uploads\\\/2025\\\/10\\\/LOGOTIPO_V1.svg\",\"contentUrl\":\"https:\\\/\\\/www.gardenstore.es\\\/wp-content\\\/uploads\\\/2025\\\/10\\\/LOGOTIPO_V1.svg\",\"width\":818,\"height\":130,\"caption\":\"GardenStore\"},\"image\":{\"@id\":\"https:\\\/\\\/www.gardenstore.es\\\/en\\\/#\\\/schema\\\/logo\\\/image\\\/\"}}]}<\/script>\n<!-- \/ Yoast SEO plugin. -->","yoast_head_json":{"title":"Clean &amp; Static Sanitizer 1l | GardenStore","robots":{"index":"index","follow":"follow","max-snippet":"max-snippet:-1","max-image-preview":"max-image-preview:large","max-video-preview":"max-video-preview:-1"},"canonical":"https:\/\/www.gardenstore.es\/en\/product\/accessories\/clean-static-sanitizer-1l\/","og_locale":"en_US","og_type":"article","og_title":"Clean &amp; Static Sanitizer 1l | GardenStore","og_description":"Clean &amp; Static Sanitizer 1 L Antistatic sanitizing cleaner for artificial turf. Clean &amp; Static C\u00e9sped is a highly effective, scented sanitizing cleaner developed to clean, sanitize, aromatize, and eliminate static electricity in a single step. Its balanced composition, based on synergistic mixtures of non-ionic and cationic surfactants, antistatic agents, selected fragrances, and adjuvants, allows, with a single application, to remove all types of accumulated dirt without the need to rub, while dissipating and dispersing electrostatic charges accumulated on this type of surface, keeping your lawn free of discharges for an extended period, as they last up to 20 days after treatment. Clean &amp; Static C\u00e9sped features carefully selected fragrances of natural origin in its formulation, so, after use, it provides a pleasant aroma of freshly cut grass, giving the application surface an extra similarity to natural grass. In addition, the additives used nourish and soften the fibers, providing extra comfort and naturalness.","og_url":"https:\/\/www.gardenstore.es\/en\/product\/accessories\/clean-static-sanitizer-1l\/","og_site_name":"GardenStore","article_modified_time":"2025-10-20T08:53:36+00:00","og_image":[{"width":2560,"height":2560,"url":"https:\/\/www.gardenstore.es\/wp-content\/uploads\/2025\/04\/LIMPIADOR_1L-1-scaled.png","type":"image\/png"}],"twitter_card":"summary_large_image","schema":{"@context":"https:\/\/schema.org","@graph":[{"@type":"WebPage","@id":"https:\/\/www.gardenstore.es\/en\/product\/accessories\/clean-static-sanitizer-1l\/","url":"https:\/\/www.gardenstore.es\/en\/product\/accessories\/clean-static-sanitizer-1l\/","name":"Clean &amp; Static Sanitizer 1l | GardenStore","isPartOf":{"@id":"https:\/\/www.gardenstore.es\/en\/#website"},"primaryImageOfPage":{"@id":"https:\/\/www.gardenstore.es\/en\/product\/accessories\/clean-static-sanitizer-1l\/#primaryimage"},"image":{"@id":"https:\/\/www.gardenstore.es\/en\/product\/accessories\/clean-static-sanitizer-1l\/#primaryimage"},"thumbnailUrl":"https:\/\/www.gardenstore.es\/wp-content\/uploads\/2025\/04\/LIMPIADOR_1L-1-scaled.png","datePublished":"2025-04-09T12:46:57+00:00","dateModified":"2025-10-20T08:53:36+00:00","breadcrumb":{"@id":"https:\/\/www.gardenstore.es\/en\/product\/accessories\/clean-static-sanitizer-1l\/#breadcrumb"},"inLanguage":"en-US","potentialAction":[{"@type":"ReadAction","target":["https:\/\/www.gardenstore.es\/en\/product\/accessories\/clean-static-sanitizer-1l\/"]}]},{"@type":"ImageObject","inLanguage":"en-US","@id":"https:\/\/www.gardenstore.es\/en\/product\/accessories\/clean-static-sanitizer-1l\/#primaryimage","url":"https:\/\/www.gardenstore.es\/wp-content\/uploads\/2025\/04\/LIMPIADOR_1L-1-scaled.png","contentUrl":"https:\/\/www.gardenstore.es\/wp-content\/uploads\/2025\/04\/LIMPIADOR_1L-1-scaled.png","width":2560,"height":2560,"caption":"Sanitizing Cleaner 1L"},{"@type":"BreadcrumbList","@id":"https:\/\/www.gardenstore.es\/en\/product\/accessories\/clean-static-sanitizer-1l\/#breadcrumb","itemListElement":[{"@type":"ListItem","position":1,"name":"Home","item":"https:\/\/www.gardenstore.es\/en\/home\/"},{"@type":"ListItem","position":2,"name":"Shop","item":"https:\/\/www.gardenstore.es\/en\/shop\/"},{"@type":"ListItem","position":3,"name":"Accessories","item":"https:\/\/www.gardenstore.es\/en\/product-category\/accessories\/"},{"@type":"ListItem","position":4,"name":"Clean &amp; Static Sanitizer 1l"}]},{"@type":"WebSite","@id":"https:\/\/www.gardenstore.es\/en\/#website","url":"https:\/\/www.gardenstore.es\/en\/","name":"GardenStore | Venta e instalaci\u00f3n de C\u00e9sped Artificial","description":"C\u00e9sped Artificial en Sevilla","publisher":{"@id":"https:\/\/www.gardenstore.es\/en\/#organization"},"potentialAction":[{"@type":"SearchAction","target":{"@type":"EntryPoint","urlTemplate":"https:\/\/www.gardenstore.es\/en\/?s={search_term_string}"},"query-input":{"@type":"PropertyValueSpecification","valueRequired":true,"valueName":"search_term_string"}}],"inLanguage":"en-US"},{"@type":"Organization","@id":"https:\/\/www.gardenstore.es\/en\/#organization","name":"GardenStore","url":"https:\/\/www.gardenstore.es\/en\/","logo":{"@type":"ImageObject","inLanguage":"en-US","@id":"https:\/\/www.gardenstore.es\/en\/#\/schema\/logo\/image\/","url":"https:\/\/www.gardenstore.es\/wp-content\/uploads\/2025\/10\/LOGOTIPO_V1.svg","contentUrl":"https:\/\/www.gardenstore.es\/wp-content\/uploads\/2025\/10\/LOGOTIPO_V1.svg","width":818,"height":130,"caption":"GardenStore"},"image":{"@id":"https:\/\/www.gardenstore.es\/en\/#\/schema\/logo\/image\/"}}]}},"_links":{"self":[{"href":"https:\/\/www.gardenstore.es\/en\/wp-json\/wp\/v2\/product\/13351","targetHints":{"allow":["GET"]}}],"collection":[{"href":"https:\/\/www.gardenstore.es\/en\/wp-json\/wp\/v2\/product"}],"about":[{"href":"https:\/\/www.gardenstore.es\/en\/wp-json\/wp\/v2\/types\/product"}],"replies":[{"embeddable":true,"href":"https:\/\/www.gardenstore.es\/en\/wp-json\/wp\/v2\/comments?post=13351"}],"wp:featuredmedia":[{"embeddable":true,"href":"https:\/\/www.gardenstore.es\/en\/wp-json\/wp\/v2\/media\/13353"}],"wp:attachment":[{"href":"https:\/\/www.gardenstore.es\/en\/wp-json\/wp\/v2\/media?parent=13351"}],"wp:term":[{"taxonomy":"product_brand","embeddable":true,"href":"https:\/\/www.gardenstore.es\/en\/wp-json\/wp\/v2\/product_brand?post=13351"},{"taxonomy":"product_cat","embeddable":true,"href":"https:\/\/www.gardenstore.es\/en\/wp-json\/wp\/v2\/product_cat?post=13351"},{"taxonomy":"product_tag","embeddable":true,"href":"https:\/\/www.gardenstore.es\/en\/wp-json\/wp\/v2\/product_tag?post=13351"}],"curies":[{"name":"wp","href":"https:\/\/api.w.org\/{rel}","templated":true}]}}