{"id":13234,"date":"2025-04-09T14:46:57","date_gmt":"2025-04-09T12:46:57","guid":{"rendered":"https:\/\/www.gardenstore.es\/producto\/uncategorized\/adhesive-seam-tape-10-m\/"},"modified":"2025-10-20T10:47:17","modified_gmt":"2025-10-20T08:47:17","slug":"adhesive-seam-tape-10-m","status":"publish","type":"product","link":"https:\/\/www.gardenstore.es\/en\/product\/accessories\/adhesive-seam-tape-10-m\/","title":{"rendered":"Adhesive Seam Tape 10 M"},"content":{"rendered":"","protected":false},"excerpt":{"rendered":"<p>Adhesive Seam Tape 10 mtrs<\/p>\n<p>Adhesive seaming tape, especially suitable for joining artificial turf.<\/p>\n<p>It has adhesive on the joining side, with a double protection strip for easier installation.<\/p>\n<p>It can be used on any type of surface, as its function is to join the pieces of artificial turf.<\/p>\n<p>Water and moisture resistant.<br \/>\nHigh adhesion and cohesion.<br \/>\nRemovable tape, leaves no adhesive residue upon removal.<br \/>\nHigh performance.<br \/>\n15cm wide X 10m long.<br \/>\nTechnical data:<br \/>\nAdhesive: Synthetic rubber.<br \/>\nSupport: Polypropylene fabric.<br \/>\nAdhesive force: \u2265 60 N\/25 mm.<br \/>\nThickness: 630 \u00b1 30 \u00b5<br \/>\nTemperature range: 95\u00baC<\/p>\n","protected":false},"featured_media":13236,"comment_status":"open","ping_status":"open","template":"","meta":{"_acf_changed":false},"product_brand":[],"product_cat":[338],"product_tag":[],"class_list":{"0":"post-13234","1":"product","2":"type-product","3":"status-publish","4":"has-post-thumbnail","6":"product_cat-accessories","7":"","8":"woocommerce-text-align-left","9":"woocommerce-image-align-center","10":"do-quantity-buttons","12":"first","13":"instock","14":"product-type-simple"},"acf":{"altura":"","confort":"","recuperacion":"","suavidad":"","resistencia":"","ficha_de_producto":"","tipo_fibra_hilo":"","composicion_fibra_hilo":"","dtex":"","peso_hilo":"","seccion":"","altura_hilo":"","galga":"","puntadas_10cm":"","puntadas_m2":"","tipo_backing":"","composicion_backing":"","tipo_acabado":"","composicion_acabado":"","peso_backing":"","hilo_recto_numero":"","hilo_recto_colores":"","hilo_rizado_numero":"","hilo_rizado_colores":"","peso_total":"","dimensiones_rollo":"","drenaje":"","filamentos":""},"gallery_images":[],"yoast_head":"<!-- This site is optimized with the Yoast SEO plugin v27.5 - https:\/\/yoast.com\/product\/yoast-seo-wordpress\/ -->\n<title>Adhesive Seam Tape 10 M | GardenStore<\/title>\n<meta name=\"robots\" content=\"index, follow, max-snippet:-1, max-image-preview:large, max-video-preview:-1\" \/>\n<link rel=\"canonical\" href=\"https:\/\/www.gardenstore.es\/en\/product\/accessories\/adhesive-seam-tape-10-m\/\" \/>\n<meta property=\"og:locale\" content=\"en_US\" \/>\n<meta property=\"og:type\" content=\"article\" \/>\n<meta property=\"og:title\" content=\"Adhesive Seam Tape 10 M | GardenStore\" \/>\n<meta property=\"og:description\" content=\"Adhesive Seam Tape 10 mtrs Adhesive seaming tape, especially suitable for joining artificial turf. It has adhesive on the joining side, with a double protection strip for easier installation. It can be used on any type of surface, as its function is to join the pieces of artificial turf. Water and moisture resistant. High adhesion and cohesion. Removable tape, leaves no adhesive residue upon removal. High performance. 15cm wide X 10m long. Technical data: Adhesive: Synthetic rubber. Support: Polypropylene fabric. Adhesive force: \u2265 60 N\/25 mm. Thickness: 630 \u00b1 30 \u00b5 Temperature range: 95\u00baC\" \/>\n<meta property=\"og:url\" content=\"https:\/\/www.gardenstore.es\/en\/product\/accessories\/adhesive-seam-tape-10-m\/\" \/>\n<meta property=\"og:site_name\" content=\"GardenStore\" \/>\n<meta property=\"article:modified_time\" content=\"2025-10-20T08:47:17+00:00\" \/>\n<meta property=\"og:image\" content=\"https:\/\/www.gardenstore.es\/wp-content\/uploads\/2025\/04\/banda-de-union-adhesiva-3.jpg\" \/>\n\t<meta property=\"og:image:width\" content=\"900\" \/>\n\t<meta property=\"og:image:height\" content=\"900\" \/>\n\t<meta property=\"og:image:type\" content=\"image\/jpeg\" \/>\n<meta name=\"twitter:card\" content=\"summary_large_image\" \/>\n<script type=\"application\/ld+json\" class=\"yoast-schema-graph\">{\"@context\":\"https:\\\/\\\/schema.org\",\"@graph\":[{\"@type\":\"WebPage\",\"@id\":\"https:\\\/\\\/www.gardenstore.es\\\/en\\\/product\\\/accessories\\\/adhesive-seam-tape-10-m\\\/\",\"url\":\"https:\\\/\\\/www.gardenstore.es\\\/en\\\/product\\\/accessories\\\/adhesive-seam-tape-10-m\\\/\",\"name\":\"Adhesive Seam Tape 10 M | GardenStore\",\"isPartOf\":{\"@id\":\"https:\\\/\\\/www.gardenstore.es\\\/en\\\/#website\"},\"primaryImageOfPage\":{\"@id\":\"https:\\\/\\\/www.gardenstore.es\\\/en\\\/product\\\/accessories\\\/adhesive-seam-tape-10-m\\\/#primaryimage\"},\"image\":{\"@id\":\"https:\\\/\\\/www.gardenstore.es\\\/en\\\/product\\\/accessories\\\/adhesive-seam-tape-10-m\\\/#primaryimage\"},\"thumbnailUrl\":\"https:\\\/\\\/www.gardenstore.es\\\/wp-content\\\/uploads\\\/2025\\\/04\\\/banda-de-union-adhesiva-3.jpg\",\"datePublished\":\"2025-04-09T12:46:57+00:00\",\"dateModified\":\"2025-10-20T08:47:17+00:00\",\"breadcrumb\":{\"@id\":\"https:\\\/\\\/www.gardenstore.es\\\/en\\\/product\\\/accessories\\\/adhesive-seam-tape-10-m\\\/#breadcrumb\"},\"inLanguage\":\"en-US\",\"potentialAction\":[{\"@type\":\"ReadAction\",\"target\":[\"https:\\\/\\\/www.gardenstore.es\\\/en\\\/product\\\/accessories\\\/adhesive-seam-tape-10-m\\\/\"]}]},{\"@type\":\"ImageObject\",\"inLanguage\":\"en-US\",\"@id\":\"https:\\\/\\\/www.gardenstore.es\\\/en\\\/product\\\/accessories\\\/adhesive-seam-tape-10-m\\\/#primaryimage\",\"url\":\"https:\\\/\\\/www.gardenstore.es\\\/wp-content\\\/uploads\\\/2025\\\/04\\\/banda-de-union-adhesiva-3.jpg\",\"contentUrl\":\"https:\\\/\\\/www.gardenstore.es\\\/wp-content\\\/uploads\\\/2025\\\/04\\\/banda-de-union-adhesiva-3.jpg\",\"width\":900,\"height\":900,\"caption\":\"Adhesive Seam Tape 10 M\"},{\"@type\":\"BreadcrumbList\",\"@id\":\"https:\\\/\\\/www.gardenstore.es\\\/en\\\/product\\\/accessories\\\/adhesive-seam-tape-10-m\\\/#breadcrumb\",\"itemListElement\":[{\"@type\":\"ListItem\",\"position\":1,\"name\":\"Home\",\"item\":\"https:\\\/\\\/www.gardenstore.es\\\/en\\\/home\\\/\"},{\"@type\":\"ListItem\",\"position\":2,\"name\":\"Shop\",\"item\":\"https:\\\/\\\/www.gardenstore.es\\\/en\\\/shop\\\/\"},{\"@type\":\"ListItem\",\"position\":3,\"name\":\"Accessories\",\"item\":\"https:\\\/\\\/www.gardenstore.es\\\/en\\\/product-category\\\/accessories\\\/\"},{\"@type\":\"ListItem\",\"position\":4,\"name\":\"Adhesive Seam Tape 10 M\"}]},{\"@type\":\"WebSite\",\"@id\":\"https:\\\/\\\/www.gardenstore.es\\\/en\\\/#website\",\"url\":\"https:\\\/\\\/www.gardenstore.es\\\/en\\\/\",\"name\":\"GardenStore | Venta e instalaci\u00f3n de C\u00e9sped Artificial\",\"description\":\"C\u00e9sped Artificial en Sevilla\",\"publisher\":{\"@id\":\"https:\\\/\\\/www.gardenstore.es\\\/en\\\/#organization\"},\"potentialAction\":[{\"@type\":\"SearchAction\",\"target\":{\"@type\":\"EntryPoint\",\"urlTemplate\":\"https:\\\/\\\/www.gardenstore.es\\\/en\\\/?s={search_term_string}\"},\"query-input\":{\"@type\":\"PropertyValueSpecification\",\"valueRequired\":true,\"valueName\":\"search_term_string\"}}],\"inLanguage\":\"en-US\"},{\"@type\":\"Organization\",\"@id\":\"https:\\\/\\\/www.gardenstore.es\\\/en\\\/#organization\",\"name\":\"GardenStore\",\"url\":\"https:\\\/\\\/www.gardenstore.es\\\/en\\\/\",\"logo\":{\"@type\":\"ImageObject\",\"inLanguage\":\"en-US\",\"@id\":\"https:\\\/\\\/www.gardenstore.es\\\/en\\\/#\\\/schema\\\/logo\\\/image\\\/\",\"url\":\"https:\\\/\\\/www.gardenstore.es\\\/wp-content\\\/uploads\\\/2025\\\/10\\\/LOGOTIPO_V1.svg\",\"contentUrl\":\"https:\\\/\\\/www.gardenstore.es\\\/wp-content\\\/uploads\\\/2025\\\/10\\\/LOGOTIPO_V1.svg\",\"width\":818,\"height\":130,\"caption\":\"GardenStore\"},\"image\":{\"@id\":\"https:\\\/\\\/www.gardenstore.es\\\/en\\\/#\\\/schema\\\/logo\\\/image\\\/\"}}]}<\/script>\n<!-- \/ Yoast SEO plugin. -->","yoast_head_json":{"title":"Adhesive Seam Tape 10 M | GardenStore","robots":{"index":"index","follow":"follow","max-snippet":"max-snippet:-1","max-image-preview":"max-image-preview:large","max-video-preview":"max-video-preview:-1"},"canonical":"https:\/\/www.gardenstore.es\/en\/product\/accessories\/adhesive-seam-tape-10-m\/","og_locale":"en_US","og_type":"article","og_title":"Adhesive Seam Tape 10 M | GardenStore","og_description":"Adhesive Seam Tape 10 mtrs Adhesive seaming tape, especially suitable for joining artificial turf. It has adhesive on the joining side, with a double protection strip for easier installation. It can be used on any type of surface, as its function is to join the pieces of artificial turf. Water and moisture resistant. High adhesion and cohesion. Removable tape, leaves no adhesive residue upon removal. High performance. 15cm wide X 10m long. Technical data: Adhesive: Synthetic rubber. Support: Polypropylene fabric. Adhesive force: \u2265 60 N\/25 mm. Thickness: 630 \u00b1 30 \u00b5 Temperature range: 95\u00baC","og_url":"https:\/\/www.gardenstore.es\/en\/product\/accessories\/adhesive-seam-tape-10-m\/","og_site_name":"GardenStore","article_modified_time":"2025-10-20T08:47:17+00:00","og_image":[{"width":900,"height":900,"url":"https:\/\/www.gardenstore.es\/wp-content\/uploads\/2025\/04\/banda-de-union-adhesiva-3.jpg","type":"image\/jpeg"}],"twitter_card":"summary_large_image","schema":{"@context":"https:\/\/schema.org","@graph":[{"@type":"WebPage","@id":"https:\/\/www.gardenstore.es\/en\/product\/accessories\/adhesive-seam-tape-10-m\/","url":"https:\/\/www.gardenstore.es\/en\/product\/accessories\/adhesive-seam-tape-10-m\/","name":"Adhesive Seam Tape 10 M | GardenStore","isPartOf":{"@id":"https:\/\/www.gardenstore.es\/en\/#website"},"primaryImageOfPage":{"@id":"https:\/\/www.gardenstore.es\/en\/product\/accessories\/adhesive-seam-tape-10-m\/#primaryimage"},"image":{"@id":"https:\/\/www.gardenstore.es\/en\/product\/accessories\/adhesive-seam-tape-10-m\/#primaryimage"},"thumbnailUrl":"https:\/\/www.gardenstore.es\/wp-content\/uploads\/2025\/04\/banda-de-union-adhesiva-3.jpg","datePublished":"2025-04-09T12:46:57+00:00","dateModified":"2025-10-20T08:47:17+00:00","breadcrumb":{"@id":"https:\/\/www.gardenstore.es\/en\/product\/accessories\/adhesive-seam-tape-10-m\/#breadcrumb"},"inLanguage":"en-US","potentialAction":[{"@type":"ReadAction","target":["https:\/\/www.gardenstore.es\/en\/product\/accessories\/adhesive-seam-tape-10-m\/"]}]},{"@type":"ImageObject","inLanguage":"en-US","@id":"https:\/\/www.gardenstore.es\/en\/product\/accessories\/adhesive-seam-tape-10-m\/#primaryimage","url":"https:\/\/www.gardenstore.es\/wp-content\/uploads\/2025\/04\/banda-de-union-adhesiva-3.jpg","contentUrl":"https:\/\/www.gardenstore.es\/wp-content\/uploads\/2025\/04\/banda-de-union-adhesiva-3.jpg","width":900,"height":900,"caption":"Adhesive Seam Tape 10 M"},{"@type":"BreadcrumbList","@id":"https:\/\/www.gardenstore.es\/en\/product\/accessories\/adhesive-seam-tape-10-m\/#breadcrumb","itemListElement":[{"@type":"ListItem","position":1,"name":"Home","item":"https:\/\/www.gardenstore.es\/en\/home\/"},{"@type":"ListItem","position":2,"name":"Shop","item":"https:\/\/www.gardenstore.es\/en\/shop\/"},{"@type":"ListItem","position":3,"name":"Accessories","item":"https:\/\/www.gardenstore.es\/en\/product-category\/accessories\/"},{"@type":"ListItem","position":4,"name":"Adhesive Seam Tape 10 M"}]},{"@type":"WebSite","@id":"https:\/\/www.gardenstore.es\/en\/#website","url":"https:\/\/www.gardenstore.es\/en\/","name":"GardenStore | Venta e instalaci\u00f3n de C\u00e9sped Artificial","description":"C\u00e9sped Artificial en Sevilla","publisher":{"@id":"https:\/\/www.gardenstore.es\/en\/#organization"},"potentialAction":[{"@type":"SearchAction","target":{"@type":"EntryPoint","urlTemplate":"https:\/\/www.gardenstore.es\/en\/?s={search_term_string}"},"query-input":{"@type":"PropertyValueSpecification","valueRequired":true,"valueName":"search_term_string"}}],"inLanguage":"en-US"},{"@type":"Organization","@id":"https:\/\/www.gardenstore.es\/en\/#organization","name":"GardenStore","url":"https:\/\/www.gardenstore.es\/en\/","logo":{"@type":"ImageObject","inLanguage":"en-US","@id":"https:\/\/www.gardenstore.es\/en\/#\/schema\/logo\/image\/","url":"https:\/\/www.gardenstore.es\/wp-content\/uploads\/2025\/10\/LOGOTIPO_V1.svg","contentUrl":"https:\/\/www.gardenstore.es\/wp-content\/uploads\/2025\/10\/LOGOTIPO_V1.svg","width":818,"height":130,"caption":"GardenStore"},"image":{"@id":"https:\/\/www.gardenstore.es\/en\/#\/schema\/logo\/image\/"}}]}},"_links":{"self":[{"href":"https:\/\/www.gardenstore.es\/en\/wp-json\/wp\/v2\/product\/13234","targetHints":{"allow":["GET"]}}],"collection":[{"href":"https:\/\/www.gardenstore.es\/en\/wp-json\/wp\/v2\/product"}],"about":[{"href":"https:\/\/www.gardenstore.es\/en\/wp-json\/wp\/v2\/types\/product"}],"replies":[{"embeddable":true,"href":"https:\/\/www.gardenstore.es\/en\/wp-json\/wp\/v2\/comments?post=13234"}],"wp:featuredmedia":[{"embeddable":true,"href":"https:\/\/www.gardenstore.es\/en\/wp-json\/wp\/v2\/media\/13236"}],"wp:attachment":[{"href":"https:\/\/www.gardenstore.es\/en\/wp-json\/wp\/v2\/media?parent=13234"}],"wp:term":[{"taxonomy":"product_brand","embeddable":true,"href":"https:\/\/www.gardenstore.es\/en\/wp-json\/wp\/v2\/product_brand?post=13234"},{"taxonomy":"product_cat","embeddable":true,"href":"https:\/\/www.gardenstore.es\/en\/wp-json\/wp\/v2\/product_cat?post=13234"},{"taxonomy":"product_tag","embeddable":true,"href":"https:\/\/www.gardenstore.es\/en\/wp-json\/wp\/v2\/product_tag?post=13234"}],"curies":[{"name":"wp","href":"https:\/\/api.w.org\/{rel}","templated":true}]}}