{"id":13181,"date":"2025-04-09T14:47:15","date_gmt":"2025-04-09T12:47:15","guid":{"rendered":"https:\/\/www.gardenstore.es\/producto\/uncategorized\/fuerteventura-vertical-garden-100x100\/"},"modified":"2025-10-20T10:47:53","modified_gmt":"2025-10-20T08:47:53","slug":"fuerteventura-vertical-garden-100x100","status":"publish","type":"product","link":"https:\/\/www.gardenstore.es\/en\/product\/vertical-gardens\/100x100\/fuerteventura-vertical-garden-100x100\/","title":{"rendered":"Fuerteventura Vertical Garden 100&#215;100"},"content":{"rendered":"","protected":false},"excerpt":{"rendered":"<p>Fuerteventura Vertical Garden<\/p>\n<p>The Fuerteventura Vertical Garden model is an ideal option for those who want an original and striking design. With vibrant colors such as yellows, oranges, lilacs, and greens, this garden combines a wide variety of leaves that generate a large volume, achieving an impressive visual effect. <\/p>\n<p>It is perfect for decorative projects that seek to stand out for their energy and dynamism, turning any space into an environment full of personality.<\/p>\n<p>Measures 100 cm X 100 cm.<br \/>\nIdeal for indoor and outdoor decoration.<br \/>\nGrid composition: 100% HDPE.<br \/>\nSynthetic leaf composition: 100% HDPE.<br \/>\nUV and anti-fading guarantee 5 years.<\/p>\n","protected":false},"featured_media":13183,"comment_status":"open","ping_status":"open","template":"","meta":{"_acf_changed":false},"product_brand":[],"product_cat":[311,294],"product_tag":[],"class_list":{"0":"post-13181","1":"product","2":"type-product","3":"status-publish","4":"has-post-thumbnail","6":"product_cat-100x100","7":"product_cat-vertical-gardens","8":"","9":"woocommerce-text-align-left","10":"woocommerce-image-align-center","11":"do-quantity-buttons","13":"first","14":"instock","15":"product-type-simple"},"acf":{"altura":"","confort":"","recuperacion":"","suavidad":"","resistencia":"","ficha_de_producto":"","tipo_fibra_hilo":"","composicion_fibra_hilo":"","dtex":"","peso_hilo":"","seccion":"","altura_hilo":"","galga":"","puntadas_10cm":"","puntadas_m2":"","tipo_backing":"","composicion_backing":"","tipo_acabado":"","composicion_acabado":"","peso_backing":"","hilo_recto_numero":"","hilo_recto_colores":"","hilo_rizado_numero":"","hilo_rizado_colores":"","peso_total":"","dimensiones_rollo":"","drenaje":"","filamentos":""},"gallery_images":[],"yoast_head":"<!-- This site is optimized with the Yoast SEO plugin v27.4 - https:\/\/yoast.com\/product\/yoast-seo-wordpress\/ -->\n<title>Fuerteventura Vertical Garden 100x100 | GardenStore<\/title>\n<meta name=\"robots\" content=\"index, follow, max-snippet:-1, max-image-preview:large, max-video-preview:-1\" \/>\n<link rel=\"canonical\" href=\"https:\/\/www.gardenstore.es\/en\/product\/vertical-gardens\/100x100\/fuerteventura-vertical-garden-100x100\/\" \/>\n<meta property=\"og:locale\" content=\"en_US\" \/>\n<meta property=\"og:type\" content=\"article\" \/>\n<meta property=\"og:title\" content=\"Fuerteventura Vertical Garden 100x100 | GardenStore\" \/>\n<meta property=\"og:description\" content=\"Fuerteventura Vertical Garden The Fuerteventura Vertical Garden model is an ideal option for those who want an original and striking design. With vibrant colors such as yellows, oranges, lilacs, and greens, this garden combines a wide variety of leaves that generate a large volume, achieving an impressive visual effect.  It is perfect for decorative projects that seek to stand out for their energy and dynamism, turning any space into an environment full of personality. Measures 100 cm X 100 cm. Ideal for indoor and outdoor decoration. Grid composition: 100% HDPE. Synthetic leaf composition: 100% HDPE. UV and anti-fading guarantee 5 years.\" \/>\n<meta property=\"og:url\" content=\"https:\/\/www.gardenstore.es\/en\/product\/vertical-gardens\/100x100\/fuerteventura-vertical-garden-100x100\/\" \/>\n<meta property=\"og:site_name\" content=\"GardenStore\" \/>\n<meta property=\"article:modified_time\" content=\"2025-10-20T08:47:53+00:00\" \/>\n<meta property=\"og:image\" content=\"https:\/\/www.gardenstore.es\/wp-content\/uploads\/2025\/04\/JV-FUERTEVENTURA.jpg\" \/>\n\t<meta property=\"og:image:width\" content=\"1100\" \/>\n\t<meta property=\"og:image:height\" content=\"1100\" \/>\n\t<meta property=\"og:image:type\" content=\"image\/jpeg\" \/>\n<meta name=\"twitter:card\" content=\"summary_large_image\" \/>\n<script type=\"application\/ld+json\" class=\"yoast-schema-graph\">{\"@context\":\"https:\\\/\\\/schema.org\",\"@graph\":[{\"@type\":\"WebPage\",\"@id\":\"https:\\\/\\\/www.gardenstore.es\\\/en\\\/product\\\/vertical-gardens\\\/100x100\\\/fuerteventura-vertical-garden-100x100\\\/\",\"url\":\"https:\\\/\\\/www.gardenstore.es\\\/en\\\/product\\\/vertical-gardens\\\/100x100\\\/fuerteventura-vertical-garden-100x100\\\/\",\"name\":\"Fuerteventura Vertical Garden 100x100 | GardenStore\",\"isPartOf\":{\"@id\":\"https:\\\/\\\/www.gardenstore.es\\\/en\\\/#website\"},\"primaryImageOfPage\":{\"@id\":\"https:\\\/\\\/www.gardenstore.es\\\/en\\\/product\\\/vertical-gardens\\\/100x100\\\/fuerteventura-vertical-garden-100x100\\\/#primaryimage\"},\"image\":{\"@id\":\"https:\\\/\\\/www.gardenstore.es\\\/en\\\/product\\\/vertical-gardens\\\/100x100\\\/fuerteventura-vertical-garden-100x100\\\/#primaryimage\"},\"thumbnailUrl\":\"https:\\\/\\\/www.gardenstore.es\\\/wp-content\\\/uploads\\\/2025\\\/04\\\/JV-FUERTEVENTURA.jpg\",\"datePublished\":\"2025-04-09T12:47:15+00:00\",\"dateModified\":\"2025-10-20T08:47:53+00:00\",\"breadcrumb\":{\"@id\":\"https:\\\/\\\/www.gardenstore.es\\\/en\\\/product\\\/vertical-gardens\\\/100x100\\\/fuerteventura-vertical-garden-100x100\\\/#breadcrumb\"},\"inLanguage\":\"en-US\",\"potentialAction\":[{\"@type\":\"ReadAction\",\"target\":[\"https:\\\/\\\/www.gardenstore.es\\\/en\\\/product\\\/vertical-gardens\\\/100x100\\\/fuerteventura-vertical-garden-100x100\\\/\"]}]},{\"@type\":\"ImageObject\",\"inLanguage\":\"en-US\",\"@id\":\"https:\\\/\\\/www.gardenstore.es\\\/en\\\/product\\\/vertical-gardens\\\/100x100\\\/fuerteventura-vertical-garden-100x100\\\/#primaryimage\",\"url\":\"https:\\\/\\\/www.gardenstore.es\\\/wp-content\\\/uploads\\\/2025\\\/04\\\/JV-FUERTEVENTURA.jpg\",\"contentUrl\":\"https:\\\/\\\/www.gardenstore.es\\\/wp-content\\\/uploads\\\/2025\\\/04\\\/JV-FUERTEVENTURA.jpg\",\"width\":1100,\"height\":1100,\"caption\":\"Fuerteventura Vertical Garden 100x100\"},{\"@type\":\"BreadcrumbList\",\"@id\":\"https:\\\/\\\/www.gardenstore.es\\\/en\\\/product\\\/vertical-gardens\\\/100x100\\\/fuerteventura-vertical-garden-100x100\\\/#breadcrumb\",\"itemListElement\":[{\"@type\":\"ListItem\",\"position\":1,\"name\":\"Home\",\"item\":\"https:\\\/\\\/www.gardenstore.es\\\/en\\\/home\\\/\"},{\"@type\":\"ListItem\",\"position\":2,\"name\":\"Shop\",\"item\":\"https:\\\/\\\/www.gardenstore.es\\\/en\\\/shop\\\/\"},{\"@type\":\"ListItem\",\"position\":3,\"name\":\"Vertical Gardens\",\"item\":\"https:\\\/\\\/www.gardenstore.es\\\/en\\\/product-category\\\/vertical-gardens\\\/\"},{\"@type\":\"ListItem\",\"position\":4,\"name\":\"100x100\",\"item\":\"https:\\\/\\\/www.gardenstore.es\\\/en\\\/product-category\\\/vertical-gardens\\\/100x100\\\/\"},{\"@type\":\"ListItem\",\"position\":5,\"name\":\"Fuerteventura Vertical Garden 100&#215;100\"}]},{\"@type\":\"WebSite\",\"@id\":\"https:\\\/\\\/www.gardenstore.es\\\/en\\\/#website\",\"url\":\"https:\\\/\\\/www.gardenstore.es\\\/en\\\/\",\"name\":\"GardenStore | Venta e instalaci\u00f3n de C\u00e9sped Artificial\",\"description\":\"C\u00e9sped Artificial en Sevilla\",\"publisher\":{\"@id\":\"https:\\\/\\\/www.gardenstore.es\\\/en\\\/#organization\"},\"potentialAction\":[{\"@type\":\"SearchAction\",\"target\":{\"@type\":\"EntryPoint\",\"urlTemplate\":\"https:\\\/\\\/www.gardenstore.es\\\/en\\\/?s={search_term_string}\"},\"query-input\":{\"@type\":\"PropertyValueSpecification\",\"valueRequired\":true,\"valueName\":\"search_term_string\"}}],\"inLanguage\":\"en-US\"},{\"@type\":\"Organization\",\"@id\":\"https:\\\/\\\/www.gardenstore.es\\\/en\\\/#organization\",\"name\":\"GardenStore\",\"url\":\"https:\\\/\\\/www.gardenstore.es\\\/en\\\/\",\"logo\":{\"@type\":\"ImageObject\",\"inLanguage\":\"en-US\",\"@id\":\"https:\\\/\\\/www.gardenstore.es\\\/en\\\/#\\\/schema\\\/logo\\\/image\\\/\",\"url\":\"https:\\\/\\\/www.gardenstore.es\\\/wp-content\\\/uploads\\\/2025\\\/10\\\/LOGOTIPO_V1.svg\",\"contentUrl\":\"https:\\\/\\\/www.gardenstore.es\\\/wp-content\\\/uploads\\\/2025\\\/10\\\/LOGOTIPO_V1.svg\",\"width\":818,\"height\":130,\"caption\":\"GardenStore\"},\"image\":{\"@id\":\"https:\\\/\\\/www.gardenstore.es\\\/en\\\/#\\\/schema\\\/logo\\\/image\\\/\"}}]}<\/script>\n<!-- \/ Yoast SEO plugin. -->","yoast_head_json":{"title":"Fuerteventura Vertical Garden 100x100 | GardenStore","robots":{"index":"index","follow":"follow","max-snippet":"max-snippet:-1","max-image-preview":"max-image-preview:large","max-video-preview":"max-video-preview:-1"},"canonical":"https:\/\/www.gardenstore.es\/en\/product\/vertical-gardens\/100x100\/fuerteventura-vertical-garden-100x100\/","og_locale":"en_US","og_type":"article","og_title":"Fuerteventura Vertical Garden 100x100 | GardenStore","og_description":"Fuerteventura Vertical Garden The Fuerteventura Vertical Garden model is an ideal option for those who want an original and striking design. With vibrant colors such as yellows, oranges, lilacs, and greens, this garden combines a wide variety of leaves that generate a large volume, achieving an impressive visual effect.  It is perfect for decorative projects that seek to stand out for their energy and dynamism, turning any space into an environment full of personality. Measures 100 cm X 100 cm. Ideal for indoor and outdoor decoration. Grid composition: 100% HDPE. Synthetic leaf composition: 100% HDPE. UV and anti-fading guarantee 5 years.","og_url":"https:\/\/www.gardenstore.es\/en\/product\/vertical-gardens\/100x100\/fuerteventura-vertical-garden-100x100\/","og_site_name":"GardenStore","article_modified_time":"2025-10-20T08:47:53+00:00","og_image":[{"width":1100,"height":1100,"url":"https:\/\/www.gardenstore.es\/wp-content\/uploads\/2025\/04\/JV-FUERTEVENTURA.jpg","type":"image\/jpeg"}],"twitter_card":"summary_large_image","schema":{"@context":"https:\/\/schema.org","@graph":[{"@type":"WebPage","@id":"https:\/\/www.gardenstore.es\/en\/product\/vertical-gardens\/100x100\/fuerteventura-vertical-garden-100x100\/","url":"https:\/\/www.gardenstore.es\/en\/product\/vertical-gardens\/100x100\/fuerteventura-vertical-garden-100x100\/","name":"Fuerteventura Vertical Garden 100x100 | GardenStore","isPartOf":{"@id":"https:\/\/www.gardenstore.es\/en\/#website"},"primaryImageOfPage":{"@id":"https:\/\/www.gardenstore.es\/en\/product\/vertical-gardens\/100x100\/fuerteventura-vertical-garden-100x100\/#primaryimage"},"image":{"@id":"https:\/\/www.gardenstore.es\/en\/product\/vertical-gardens\/100x100\/fuerteventura-vertical-garden-100x100\/#primaryimage"},"thumbnailUrl":"https:\/\/www.gardenstore.es\/wp-content\/uploads\/2025\/04\/JV-FUERTEVENTURA.jpg","datePublished":"2025-04-09T12:47:15+00:00","dateModified":"2025-10-20T08:47:53+00:00","breadcrumb":{"@id":"https:\/\/www.gardenstore.es\/en\/product\/vertical-gardens\/100x100\/fuerteventura-vertical-garden-100x100\/#breadcrumb"},"inLanguage":"en-US","potentialAction":[{"@type":"ReadAction","target":["https:\/\/www.gardenstore.es\/en\/product\/vertical-gardens\/100x100\/fuerteventura-vertical-garden-100x100\/"]}]},{"@type":"ImageObject","inLanguage":"en-US","@id":"https:\/\/www.gardenstore.es\/en\/product\/vertical-gardens\/100x100\/fuerteventura-vertical-garden-100x100\/#primaryimage","url":"https:\/\/www.gardenstore.es\/wp-content\/uploads\/2025\/04\/JV-FUERTEVENTURA.jpg","contentUrl":"https:\/\/www.gardenstore.es\/wp-content\/uploads\/2025\/04\/JV-FUERTEVENTURA.jpg","width":1100,"height":1100,"caption":"Fuerteventura Vertical Garden 100x100"},{"@type":"BreadcrumbList","@id":"https:\/\/www.gardenstore.es\/en\/product\/vertical-gardens\/100x100\/fuerteventura-vertical-garden-100x100\/#breadcrumb","itemListElement":[{"@type":"ListItem","position":1,"name":"Home","item":"https:\/\/www.gardenstore.es\/en\/home\/"},{"@type":"ListItem","position":2,"name":"Shop","item":"https:\/\/www.gardenstore.es\/en\/shop\/"},{"@type":"ListItem","position":3,"name":"Vertical Gardens","item":"https:\/\/www.gardenstore.es\/en\/product-category\/vertical-gardens\/"},{"@type":"ListItem","position":4,"name":"100x100","item":"https:\/\/www.gardenstore.es\/en\/product-category\/vertical-gardens\/100x100\/"},{"@type":"ListItem","position":5,"name":"Fuerteventura Vertical Garden 100&#215;100"}]},{"@type":"WebSite","@id":"https:\/\/www.gardenstore.es\/en\/#website","url":"https:\/\/www.gardenstore.es\/en\/","name":"GardenStore | Venta e instalaci\u00f3n de C\u00e9sped Artificial","description":"C\u00e9sped Artificial en Sevilla","publisher":{"@id":"https:\/\/www.gardenstore.es\/en\/#organization"},"potentialAction":[{"@type":"SearchAction","target":{"@type":"EntryPoint","urlTemplate":"https:\/\/www.gardenstore.es\/en\/?s={search_term_string}"},"query-input":{"@type":"PropertyValueSpecification","valueRequired":true,"valueName":"search_term_string"}}],"inLanguage":"en-US"},{"@type":"Organization","@id":"https:\/\/www.gardenstore.es\/en\/#organization","name":"GardenStore","url":"https:\/\/www.gardenstore.es\/en\/","logo":{"@type":"ImageObject","inLanguage":"en-US","@id":"https:\/\/www.gardenstore.es\/en\/#\/schema\/logo\/image\/","url":"https:\/\/www.gardenstore.es\/wp-content\/uploads\/2025\/10\/LOGOTIPO_V1.svg","contentUrl":"https:\/\/www.gardenstore.es\/wp-content\/uploads\/2025\/10\/LOGOTIPO_V1.svg","width":818,"height":130,"caption":"GardenStore"},"image":{"@id":"https:\/\/www.gardenstore.es\/en\/#\/schema\/logo\/image\/"}}]}},"_links":{"self":[{"href":"https:\/\/www.gardenstore.es\/en\/wp-json\/wp\/v2\/product\/13181","targetHints":{"allow":["GET"]}}],"collection":[{"href":"https:\/\/www.gardenstore.es\/en\/wp-json\/wp\/v2\/product"}],"about":[{"href":"https:\/\/www.gardenstore.es\/en\/wp-json\/wp\/v2\/types\/product"}],"replies":[{"embeddable":true,"href":"https:\/\/www.gardenstore.es\/en\/wp-json\/wp\/v2\/comments?post=13181"}],"wp:featuredmedia":[{"embeddable":true,"href":"https:\/\/www.gardenstore.es\/en\/wp-json\/wp\/v2\/media\/13183"}],"wp:attachment":[{"href":"https:\/\/www.gardenstore.es\/en\/wp-json\/wp\/v2\/media?parent=13181"}],"wp:term":[{"taxonomy":"product_brand","embeddable":true,"href":"https:\/\/www.gardenstore.es\/en\/wp-json\/wp\/v2\/product_brand?post=13181"},{"taxonomy":"product_cat","embeddable":true,"href":"https:\/\/www.gardenstore.es\/en\/wp-json\/wp\/v2\/product_cat?post=13181"},{"taxonomy":"product_tag","embeddable":true,"href":"https:\/\/www.gardenstore.es\/en\/wp-json\/wp\/v2\/product_tag?post=13181"}],"curies":[{"name":"wp","href":"https:\/\/api.w.org\/{rel}","templated":true}]}}