{"id":13107,"date":"2025-04-09T14:48:10","date_gmt":"2025-04-09T12:48:10","guid":{"rendered":"https:\/\/www.gardenstore.es\/producto\/uncategorized\/zamora-vertical-garden-50x50\/"},"modified":"2025-10-20T10:48:57","modified_gmt":"2025-10-20T08:48:57","slug":"zamora-vertical-garden-50x50","status":"publish","type":"product","link":"https:\/\/www.gardenstore.es\/en\/product\/vertical-gardens\/50x50\/zamora-vertical-garden-50x50\/","title":{"rendered":"Zamora Vertical Garden 50&#215;50"},"content":{"rendered":"","protected":false},"excerpt":{"rendered":"<p>Zamora Vertical Garden<\/p>\n<p>This vertical garden model in 50x50cm format stands out for its lushness, formed by numerous bushes that give it an impressive volume. The light brown and gradient green tones create a unique appearance, ideal for those looking for a drier or more rustic touch in their space. <\/p>\n<p>It is simply spectacular; if you are looking for a vertical garden with a natural, exuberant, and easy-to-combine design, the Zamora model is the perfect choice. Suitable for UV exposure, you will enjoy its beauty without having to worry about its maintenance. <\/p>\n<p>Measures 50 cm X 50 cm.<br \/>\nIdeal for indoor and outdoor decoration.<br \/>\nGrid composition: 100% HDPE.<br \/>\nSynthetic leaf composition: 100% HDPE.<br \/>\nUV and anti-fading guarantee for 5 years.<\/p>\n","protected":false},"featured_media":13109,"comment_status":"open","ping_status":"open","template":"","meta":{"_acf_changed":false},"product_brand":[],"product_cat":[295,294],"product_tag":[],"class_list":{"0":"post-13107","1":"product","2":"type-product","3":"status-publish","4":"has-post-thumbnail","6":"product_cat-50x50","7":"product_cat-vertical-gardens","8":"","9":"woocommerce-text-align-left","10":"woocommerce-image-align-center","11":"do-quantity-buttons","13":"first","14":"instock","15":"product-type-simple"},"acf":{"altura":"","confort":"","recuperacion":"","suavidad":"","resistencia":"","ficha_de_producto":"","tipo_fibra_hilo":"","composicion_fibra_hilo":"","dtex":"","peso_hilo":"","seccion":"","altura_hilo":"","galga":"","puntadas_10cm":"","puntadas_m2":"","tipo_backing":"","composicion_backing":"","tipo_acabado":"","composicion_acabado":"","peso_backing":"","hilo_recto_numero":"","hilo_recto_colores":"","hilo_rizado_numero":"","hilo_rizado_colores":"","peso_total":"","dimensiones_rollo":"","drenaje":"","filamentos":""},"gallery_images":[],"yoast_head":"<!-- This site is optimized with the Yoast SEO plugin v27.5 - https:\/\/yoast.com\/product\/yoast-seo-wordpress\/ -->\n<title>Zamora Vertical Garden 50x50 | GardenStore<\/title>\n<meta name=\"robots\" content=\"index, follow, max-snippet:-1, max-image-preview:large, max-video-preview:-1\" \/>\n<link rel=\"canonical\" href=\"https:\/\/www.gardenstore.es\/en\/product\/vertical-gardens\/50x50\/zamora-vertical-garden-50x50\/\" \/>\n<meta property=\"og:locale\" content=\"en_US\" \/>\n<meta property=\"og:type\" content=\"article\" \/>\n<meta property=\"og:title\" content=\"Zamora Vertical Garden 50x50 | GardenStore\" \/>\n<meta property=\"og:description\" content=\"Zamora Vertical Garden This vertical garden model in 50x50cm format stands out for its lushness, formed by numerous bushes that give it an impressive volume. The light brown and gradient green tones create a unique appearance, ideal for those looking for a drier or more rustic touch in their space.  It is simply spectacular; if you are looking for a vertical garden with a natural, exuberant, and easy-to-combine design, the Zamora model is the perfect choice. Suitable for UV exposure, you will enjoy its beauty without having to worry about its maintenance.  Measures 50 cm X 50 cm. Ideal for indoor and outdoor decoration. Grid composition: 100% HDPE. Synthetic leaf composition: 100% HDPE. UV and anti-fading guarantee for 5 years.\" \/>\n<meta property=\"og:url\" content=\"https:\/\/www.gardenstore.es\/en\/product\/vertical-gardens\/50x50\/zamora-vertical-garden-50x50\/\" \/>\n<meta property=\"og:site_name\" content=\"GardenStore\" \/>\n<meta property=\"article:modified_time\" content=\"2025-10-20T08:48:57+00:00\" \/>\n<meta property=\"og:image\" content=\"https:\/\/www.gardenstore.es\/wp-content\/uploads\/2025\/04\/JV-ZAMORA-50X50.jpg\" \/>\n\t<meta property=\"og:image:width\" content=\"1000\" \/>\n\t<meta property=\"og:image:height\" content=\"1000\" \/>\n\t<meta property=\"og:image:type\" content=\"image\/jpeg\" \/>\n<meta name=\"twitter:card\" content=\"summary_large_image\" \/>\n<script type=\"application\/ld+json\" class=\"yoast-schema-graph\">{\"@context\":\"https:\\\/\\\/schema.org\",\"@graph\":[{\"@type\":\"WebPage\",\"@id\":\"https:\\\/\\\/www.gardenstore.es\\\/en\\\/product\\\/vertical-gardens\\\/50x50\\\/zamora-vertical-garden-50x50\\\/\",\"url\":\"https:\\\/\\\/www.gardenstore.es\\\/en\\\/product\\\/vertical-gardens\\\/50x50\\\/zamora-vertical-garden-50x50\\\/\",\"name\":\"Zamora Vertical Garden 50x50 | GardenStore\",\"isPartOf\":{\"@id\":\"https:\\\/\\\/www.gardenstore.es\\\/en\\\/#website\"},\"primaryImageOfPage\":{\"@id\":\"https:\\\/\\\/www.gardenstore.es\\\/en\\\/product\\\/vertical-gardens\\\/50x50\\\/zamora-vertical-garden-50x50\\\/#primaryimage\"},\"image\":{\"@id\":\"https:\\\/\\\/www.gardenstore.es\\\/en\\\/product\\\/vertical-gardens\\\/50x50\\\/zamora-vertical-garden-50x50\\\/#primaryimage\"},\"thumbnailUrl\":\"https:\\\/\\\/www.gardenstore.es\\\/wp-content\\\/uploads\\\/2025\\\/04\\\/JV-ZAMORA-50X50.jpg\",\"datePublished\":\"2025-04-09T12:48:10+00:00\",\"dateModified\":\"2025-10-20T08:48:57+00:00\",\"breadcrumb\":{\"@id\":\"https:\\\/\\\/www.gardenstore.es\\\/en\\\/product\\\/vertical-gardens\\\/50x50\\\/zamora-vertical-garden-50x50\\\/#breadcrumb\"},\"inLanguage\":\"en-US\",\"potentialAction\":[{\"@type\":\"ReadAction\",\"target\":[\"https:\\\/\\\/www.gardenstore.es\\\/en\\\/product\\\/vertical-gardens\\\/50x50\\\/zamora-vertical-garden-50x50\\\/\"]}]},{\"@type\":\"ImageObject\",\"inLanguage\":\"en-US\",\"@id\":\"https:\\\/\\\/www.gardenstore.es\\\/en\\\/product\\\/vertical-gardens\\\/50x50\\\/zamora-vertical-garden-50x50\\\/#primaryimage\",\"url\":\"https:\\\/\\\/www.gardenstore.es\\\/wp-content\\\/uploads\\\/2025\\\/04\\\/JV-ZAMORA-50X50.jpg\",\"contentUrl\":\"https:\\\/\\\/www.gardenstore.es\\\/wp-content\\\/uploads\\\/2025\\\/04\\\/JV-ZAMORA-50X50.jpg\",\"width\":1000,\"height\":1000,\"caption\":\"Zamora Vertical Garden 50x50\"},{\"@type\":\"BreadcrumbList\",\"@id\":\"https:\\\/\\\/www.gardenstore.es\\\/en\\\/product\\\/vertical-gardens\\\/50x50\\\/zamora-vertical-garden-50x50\\\/#breadcrumb\",\"itemListElement\":[{\"@type\":\"ListItem\",\"position\":1,\"name\":\"Home\",\"item\":\"https:\\\/\\\/www.gardenstore.es\\\/en\\\/home\\\/\"},{\"@type\":\"ListItem\",\"position\":2,\"name\":\"Shop\",\"item\":\"https:\\\/\\\/www.gardenstore.es\\\/en\\\/shop\\\/\"},{\"@type\":\"ListItem\",\"position\":3,\"name\":\"Vertical Gardens\",\"item\":\"https:\\\/\\\/www.gardenstore.es\\\/en\\\/product-category\\\/vertical-gardens\\\/\"},{\"@type\":\"ListItem\",\"position\":4,\"name\":\"50x50\",\"item\":\"https:\\\/\\\/www.gardenstore.es\\\/en\\\/product-category\\\/vertical-gardens\\\/50x50\\\/\"},{\"@type\":\"ListItem\",\"position\":5,\"name\":\"Zamora Vertical Garden 50&#215;50\"}]},{\"@type\":\"WebSite\",\"@id\":\"https:\\\/\\\/www.gardenstore.es\\\/en\\\/#website\",\"url\":\"https:\\\/\\\/www.gardenstore.es\\\/en\\\/\",\"name\":\"GardenStore | Venta e instalaci\u00f3n de C\u00e9sped Artificial\",\"description\":\"C\u00e9sped Artificial en Sevilla\",\"publisher\":{\"@id\":\"https:\\\/\\\/www.gardenstore.es\\\/en\\\/#organization\"},\"potentialAction\":[{\"@type\":\"SearchAction\",\"target\":{\"@type\":\"EntryPoint\",\"urlTemplate\":\"https:\\\/\\\/www.gardenstore.es\\\/en\\\/?s={search_term_string}\"},\"query-input\":{\"@type\":\"PropertyValueSpecification\",\"valueRequired\":true,\"valueName\":\"search_term_string\"}}],\"inLanguage\":\"en-US\"},{\"@type\":\"Organization\",\"@id\":\"https:\\\/\\\/www.gardenstore.es\\\/en\\\/#organization\",\"name\":\"GardenStore\",\"url\":\"https:\\\/\\\/www.gardenstore.es\\\/en\\\/\",\"logo\":{\"@type\":\"ImageObject\",\"inLanguage\":\"en-US\",\"@id\":\"https:\\\/\\\/www.gardenstore.es\\\/en\\\/#\\\/schema\\\/logo\\\/image\\\/\",\"url\":\"https:\\\/\\\/www.gardenstore.es\\\/wp-content\\\/uploads\\\/2025\\\/10\\\/LOGOTIPO_V1.svg\",\"contentUrl\":\"https:\\\/\\\/www.gardenstore.es\\\/wp-content\\\/uploads\\\/2025\\\/10\\\/LOGOTIPO_V1.svg\",\"width\":818,\"height\":130,\"caption\":\"GardenStore\"},\"image\":{\"@id\":\"https:\\\/\\\/www.gardenstore.es\\\/en\\\/#\\\/schema\\\/logo\\\/image\\\/\"}}]}<\/script>\n<!-- \/ Yoast SEO plugin. -->","yoast_head_json":{"title":"Zamora Vertical Garden 50x50 | GardenStore","robots":{"index":"index","follow":"follow","max-snippet":"max-snippet:-1","max-image-preview":"max-image-preview:large","max-video-preview":"max-video-preview:-1"},"canonical":"https:\/\/www.gardenstore.es\/en\/product\/vertical-gardens\/50x50\/zamora-vertical-garden-50x50\/","og_locale":"en_US","og_type":"article","og_title":"Zamora Vertical Garden 50x50 | GardenStore","og_description":"Zamora Vertical Garden This vertical garden model in 50x50cm format stands out for its lushness, formed by numerous bushes that give it an impressive volume. The light brown and gradient green tones create a unique appearance, ideal for those looking for a drier or more rustic touch in their space.  It is simply spectacular; if you are looking for a vertical garden with a natural, exuberant, and easy-to-combine design, the Zamora model is the perfect choice. Suitable for UV exposure, you will enjoy its beauty without having to worry about its maintenance.  Measures 50 cm X 50 cm. Ideal for indoor and outdoor decoration. Grid composition: 100% HDPE. Synthetic leaf composition: 100% HDPE. UV and anti-fading guarantee for 5 years.","og_url":"https:\/\/www.gardenstore.es\/en\/product\/vertical-gardens\/50x50\/zamora-vertical-garden-50x50\/","og_site_name":"GardenStore","article_modified_time":"2025-10-20T08:48:57+00:00","og_image":[{"width":1000,"height":1000,"url":"https:\/\/www.gardenstore.es\/wp-content\/uploads\/2025\/04\/JV-ZAMORA-50X50.jpg","type":"image\/jpeg"}],"twitter_card":"summary_large_image","schema":{"@context":"https:\/\/schema.org","@graph":[{"@type":"WebPage","@id":"https:\/\/www.gardenstore.es\/en\/product\/vertical-gardens\/50x50\/zamora-vertical-garden-50x50\/","url":"https:\/\/www.gardenstore.es\/en\/product\/vertical-gardens\/50x50\/zamora-vertical-garden-50x50\/","name":"Zamora Vertical Garden 50x50 | GardenStore","isPartOf":{"@id":"https:\/\/www.gardenstore.es\/en\/#website"},"primaryImageOfPage":{"@id":"https:\/\/www.gardenstore.es\/en\/product\/vertical-gardens\/50x50\/zamora-vertical-garden-50x50\/#primaryimage"},"image":{"@id":"https:\/\/www.gardenstore.es\/en\/product\/vertical-gardens\/50x50\/zamora-vertical-garden-50x50\/#primaryimage"},"thumbnailUrl":"https:\/\/www.gardenstore.es\/wp-content\/uploads\/2025\/04\/JV-ZAMORA-50X50.jpg","datePublished":"2025-04-09T12:48:10+00:00","dateModified":"2025-10-20T08:48:57+00:00","breadcrumb":{"@id":"https:\/\/www.gardenstore.es\/en\/product\/vertical-gardens\/50x50\/zamora-vertical-garden-50x50\/#breadcrumb"},"inLanguage":"en-US","potentialAction":[{"@type":"ReadAction","target":["https:\/\/www.gardenstore.es\/en\/product\/vertical-gardens\/50x50\/zamora-vertical-garden-50x50\/"]}]},{"@type":"ImageObject","inLanguage":"en-US","@id":"https:\/\/www.gardenstore.es\/en\/product\/vertical-gardens\/50x50\/zamora-vertical-garden-50x50\/#primaryimage","url":"https:\/\/www.gardenstore.es\/wp-content\/uploads\/2025\/04\/JV-ZAMORA-50X50.jpg","contentUrl":"https:\/\/www.gardenstore.es\/wp-content\/uploads\/2025\/04\/JV-ZAMORA-50X50.jpg","width":1000,"height":1000,"caption":"Zamora Vertical Garden 50x50"},{"@type":"BreadcrumbList","@id":"https:\/\/www.gardenstore.es\/en\/product\/vertical-gardens\/50x50\/zamora-vertical-garden-50x50\/#breadcrumb","itemListElement":[{"@type":"ListItem","position":1,"name":"Home","item":"https:\/\/www.gardenstore.es\/en\/home\/"},{"@type":"ListItem","position":2,"name":"Shop","item":"https:\/\/www.gardenstore.es\/en\/shop\/"},{"@type":"ListItem","position":3,"name":"Vertical Gardens","item":"https:\/\/www.gardenstore.es\/en\/product-category\/vertical-gardens\/"},{"@type":"ListItem","position":4,"name":"50x50","item":"https:\/\/www.gardenstore.es\/en\/product-category\/vertical-gardens\/50x50\/"},{"@type":"ListItem","position":5,"name":"Zamora Vertical Garden 50&#215;50"}]},{"@type":"WebSite","@id":"https:\/\/www.gardenstore.es\/en\/#website","url":"https:\/\/www.gardenstore.es\/en\/","name":"GardenStore | Venta e instalaci\u00f3n de C\u00e9sped Artificial","description":"C\u00e9sped Artificial en Sevilla","publisher":{"@id":"https:\/\/www.gardenstore.es\/en\/#organization"},"potentialAction":[{"@type":"SearchAction","target":{"@type":"EntryPoint","urlTemplate":"https:\/\/www.gardenstore.es\/en\/?s={search_term_string}"},"query-input":{"@type":"PropertyValueSpecification","valueRequired":true,"valueName":"search_term_string"}}],"inLanguage":"en-US"},{"@type":"Organization","@id":"https:\/\/www.gardenstore.es\/en\/#organization","name":"GardenStore","url":"https:\/\/www.gardenstore.es\/en\/","logo":{"@type":"ImageObject","inLanguage":"en-US","@id":"https:\/\/www.gardenstore.es\/en\/#\/schema\/logo\/image\/","url":"https:\/\/www.gardenstore.es\/wp-content\/uploads\/2025\/10\/LOGOTIPO_V1.svg","contentUrl":"https:\/\/www.gardenstore.es\/wp-content\/uploads\/2025\/10\/LOGOTIPO_V1.svg","width":818,"height":130,"caption":"GardenStore"},"image":{"@id":"https:\/\/www.gardenstore.es\/en\/#\/schema\/logo\/image\/"}}]}},"_links":{"self":[{"href":"https:\/\/www.gardenstore.es\/en\/wp-json\/wp\/v2\/product\/13107","targetHints":{"allow":["GET"]}}],"collection":[{"href":"https:\/\/www.gardenstore.es\/en\/wp-json\/wp\/v2\/product"}],"about":[{"href":"https:\/\/www.gardenstore.es\/en\/wp-json\/wp\/v2\/types\/product"}],"replies":[{"embeddable":true,"href":"https:\/\/www.gardenstore.es\/en\/wp-json\/wp\/v2\/comments?post=13107"}],"wp:featuredmedia":[{"embeddable":true,"href":"https:\/\/www.gardenstore.es\/en\/wp-json\/wp\/v2\/media\/13109"}],"wp:attachment":[{"href":"https:\/\/www.gardenstore.es\/en\/wp-json\/wp\/v2\/media?parent=13107"}],"wp:term":[{"taxonomy":"product_brand","embeddable":true,"href":"https:\/\/www.gardenstore.es\/en\/wp-json\/wp\/v2\/product_brand?post=13107"},{"taxonomy":"product_cat","embeddable":true,"href":"https:\/\/www.gardenstore.es\/en\/wp-json\/wp\/v2\/product_cat?post=13107"},{"taxonomy":"product_tag","embeddable":true,"href":"https:\/\/www.gardenstore.es\/en\/wp-json\/wp\/v2\/product_tag?post=13107"}],"curies":[{"name":"wp","href":"https:\/\/api.w.org\/{rel}","templated":true}]}}