{"id":13096,"date":"2025-04-09T14:47:39","date_gmt":"2025-04-09T12:47:39","guid":{"rendered":"https:\/\/www.gardenstore.es\/producto\/uncategorized\/vertical-garden-trellis-gardenia-100x200\/"},"modified":"2025-10-20T10:48:50","modified_gmt":"2025-10-20T08:48:50","slug":"vertical-garden-trellis-gardenia-100x200","status":"publish","type":"product","link":"https:\/\/www.gardenstore.es\/en\/product\/vertical-gardens\/100x200\/vertical-garden-trellis-gardenia-100x200\/","title":{"rendered":"Vertical Garden Trellis Gardenia 100&#215;200"},"content":{"rendered":"","protected":false},"excerpt":{"rendered":"<p>Vertical Garden Trellis Gardenia<\/p>\n<p>The Gardenia Trellis combines elegance and practicality, with leaves of a vibrant light green hue that perfectly mimic the freshness of a natural plant. Its extendable trellis design allows it to be adjusted to different spaces, easily adapting to your decoration needs. <\/p>\n<p>Ideal for covering walls, dividing environments, or adding a touch of privacy with style. In addition, its resistance to UV rays guarantees that it will maintain its color and impeccable appearance even in exteriors exposed to the sun. <\/p>\n<p>Measures 100 cm X 200 cm.<br \/>\nIdeal for indoor and outdoor decoration.<br \/>\nComposition of the grid: natural willow branch.<br \/>\nComposition of synthetic leaves: 100% HDPE.<br \/>\nUV and anti-fading guarantee 5 years.<\/p>\n","protected":false},"featured_media":13098,"comment_status":"open","ping_status":"closed","template":"","meta":{"_acf_changed":false},"product_brand":[],"product_cat":[336,294],"product_tag":[],"class_list":{"0":"post-13096","1":"product","2":"type-product","3":"status-publish","4":"has-post-thumbnail","6":"product_cat-100x200","7":"product_cat-vertical-gardens","8":"","9":"woocommerce-text-align-left","10":"woocommerce-image-align-center","11":"do-quantity-buttons","13":"first","14":"instock","15":"product-type-simple"},"acf":{"altura":"","confort":"","recuperacion":"","suavidad":"","resistencia":"","ficha_de_producto":"","tipo_fibra_hilo":"","composicion_fibra_hilo":"","dtex":"","peso_hilo":"","seccion":"","altura_hilo":"","galga":"","puntadas_10cm":"","puntadas_m2":"","tipo_backing":"","composicion_backing":"","tipo_acabado":"","composicion_acabado":"","peso_backing":"","hilo_recto_numero":"","hilo_recto_colores":"","hilo_rizado_numero":"","hilo_rizado_colores":"","peso_total":"","dimensiones_rollo":"","drenaje":"","filamentos":""},"gallery_images":[10396,10395],"yoast_head":"<!-- This site is optimized with the Yoast SEO plugin v27.5 - https:\/\/yoast.com\/product\/yoast-seo-wordpress\/ -->\n<title>Vertical Garden Trellis Gardenia 100x200 | GardenStore<\/title>\n<meta name=\"robots\" content=\"index, follow, max-snippet:-1, max-image-preview:large, max-video-preview:-1\" \/>\n<link rel=\"canonical\" href=\"https:\/\/www.gardenstore.es\/en\/product\/vertical-gardens\/100x200\/vertical-garden-trellis-gardenia-100x200\/\" \/>\n<meta property=\"og:locale\" content=\"en_US\" \/>\n<meta property=\"og:type\" content=\"article\" \/>\n<meta property=\"og:title\" content=\"Vertical Garden Trellis Gardenia 100x200 | GardenStore\" \/>\n<meta property=\"og:description\" content=\"Vertical Garden Trellis Gardenia The Gardenia Trellis combines elegance and practicality, with leaves of a vibrant light green hue that perfectly mimic the freshness of a natural plant. Its extendable trellis design allows it to be adjusted to different spaces, easily adapting to your decoration needs.  Ideal for covering walls, dividing environments, or adding a touch of privacy with style. In addition, its resistance to UV rays guarantees that it will maintain its color and impeccable appearance even in exteriors exposed to the sun.  Measures 100 cm X 200 cm. Ideal for indoor and outdoor decoration. Composition of the grid: natural willow branch. Composition of synthetic leaves: 100% HDPE. UV and anti-fading guarantee 5 years.\" \/>\n<meta property=\"og:url\" content=\"https:\/\/www.gardenstore.es\/en\/product\/vertical-gardens\/100x200\/vertical-garden-trellis-gardenia-100x200\/\" \/>\n<meta property=\"og:site_name\" content=\"GardenStore\" \/>\n<meta property=\"article:modified_time\" content=\"2025-10-20T08:48:50+00:00\" \/>\n<meta property=\"og:image\" content=\"https:\/\/www.gardenstore.es\/wp-content\/uploads\/2025\/04\/JV-CELOSIA-GARDENIA-100X200_3.jpg\" \/>\n\t<meta property=\"og:image:width\" content=\"1024\" \/>\n\t<meta property=\"og:image:height\" content=\"683\" \/>\n\t<meta property=\"og:image:type\" content=\"image\/jpeg\" \/>\n<meta name=\"twitter:card\" content=\"summary_large_image\" \/>\n<script type=\"application\/ld+json\" class=\"yoast-schema-graph\">{\"@context\":\"https:\\\/\\\/schema.org\",\"@graph\":[{\"@type\":\"WebPage\",\"@id\":\"https:\\\/\\\/www.gardenstore.es\\\/en\\\/product\\\/vertical-gardens\\\/100x200\\\/vertical-garden-trellis-gardenia-100x200\\\/\",\"url\":\"https:\\\/\\\/www.gardenstore.es\\\/en\\\/product\\\/vertical-gardens\\\/100x200\\\/vertical-garden-trellis-gardenia-100x200\\\/\",\"name\":\"Vertical Garden Trellis Gardenia 100x200 | GardenStore\",\"isPartOf\":{\"@id\":\"https:\\\/\\\/www.gardenstore.es\\\/en\\\/#website\"},\"primaryImageOfPage\":{\"@id\":\"https:\\\/\\\/www.gardenstore.es\\\/en\\\/product\\\/vertical-gardens\\\/100x200\\\/vertical-garden-trellis-gardenia-100x200\\\/#primaryimage\"},\"image\":{\"@id\":\"https:\\\/\\\/www.gardenstore.es\\\/en\\\/product\\\/vertical-gardens\\\/100x200\\\/vertical-garden-trellis-gardenia-100x200\\\/#primaryimage\"},\"thumbnailUrl\":\"https:\\\/\\\/www.gardenstore.es\\\/wp-content\\\/uploads\\\/2025\\\/04\\\/JV-CELOSIA-GARDENIA-100X200_3.jpg\",\"datePublished\":\"2025-04-09T12:47:39+00:00\",\"dateModified\":\"2025-10-20T08:48:50+00:00\",\"breadcrumb\":{\"@id\":\"https:\\\/\\\/www.gardenstore.es\\\/en\\\/product\\\/vertical-gardens\\\/100x200\\\/vertical-garden-trellis-gardenia-100x200\\\/#breadcrumb\"},\"inLanguage\":\"en-US\",\"potentialAction\":[{\"@type\":\"ReadAction\",\"target\":[\"https:\\\/\\\/www.gardenstore.es\\\/en\\\/product\\\/vertical-gardens\\\/100x200\\\/vertical-garden-trellis-gardenia-100x200\\\/\"]}]},{\"@type\":\"ImageObject\",\"inLanguage\":\"en-US\",\"@id\":\"https:\\\/\\\/www.gardenstore.es\\\/en\\\/product\\\/vertical-gardens\\\/100x200\\\/vertical-garden-trellis-gardenia-100x200\\\/#primaryimage\",\"url\":\"https:\\\/\\\/www.gardenstore.es\\\/wp-content\\\/uploads\\\/2025\\\/04\\\/JV-CELOSIA-GARDENIA-100X200_3.jpg\",\"contentUrl\":\"https:\\\/\\\/www.gardenstore.es\\\/wp-content\\\/uploads\\\/2025\\\/04\\\/JV-CELOSIA-GARDENIA-100X200_3.jpg\",\"width\":1024,\"height\":683,\"caption\":\"Vertical Garden Trellis Gardenia\"},{\"@type\":\"BreadcrumbList\",\"@id\":\"https:\\\/\\\/www.gardenstore.es\\\/en\\\/product\\\/vertical-gardens\\\/100x200\\\/vertical-garden-trellis-gardenia-100x200\\\/#breadcrumb\",\"itemListElement\":[{\"@type\":\"ListItem\",\"position\":1,\"name\":\"Home\",\"item\":\"https:\\\/\\\/www.gardenstore.es\\\/en\\\/home\\\/\"},{\"@type\":\"ListItem\",\"position\":2,\"name\":\"Shop\",\"item\":\"https:\\\/\\\/www.gardenstore.es\\\/en\\\/shop\\\/\"},{\"@type\":\"ListItem\",\"position\":3,\"name\":\"Vertical Gardens\",\"item\":\"https:\\\/\\\/www.gardenstore.es\\\/en\\\/product-category\\\/vertical-gardens\\\/\"},{\"@type\":\"ListItem\",\"position\":4,\"name\":\"100x200\",\"item\":\"https:\\\/\\\/www.gardenstore.es\\\/en\\\/product-category\\\/vertical-gardens\\\/100x200\\\/\"},{\"@type\":\"ListItem\",\"position\":5,\"name\":\"Vertical Garden Trellis Gardenia 100&#215;200\"}]},{\"@type\":\"WebSite\",\"@id\":\"https:\\\/\\\/www.gardenstore.es\\\/en\\\/#website\",\"url\":\"https:\\\/\\\/www.gardenstore.es\\\/en\\\/\",\"name\":\"GardenStore | Venta e instalaci\u00f3n de C\u00e9sped Artificial\",\"description\":\"C\u00e9sped Artificial en Sevilla\",\"publisher\":{\"@id\":\"https:\\\/\\\/www.gardenstore.es\\\/en\\\/#organization\"},\"potentialAction\":[{\"@type\":\"SearchAction\",\"target\":{\"@type\":\"EntryPoint\",\"urlTemplate\":\"https:\\\/\\\/www.gardenstore.es\\\/en\\\/?s={search_term_string}\"},\"query-input\":{\"@type\":\"PropertyValueSpecification\",\"valueRequired\":true,\"valueName\":\"search_term_string\"}}],\"inLanguage\":\"en-US\"},{\"@type\":\"Organization\",\"@id\":\"https:\\\/\\\/www.gardenstore.es\\\/en\\\/#organization\",\"name\":\"GardenStore\",\"url\":\"https:\\\/\\\/www.gardenstore.es\\\/en\\\/\",\"logo\":{\"@type\":\"ImageObject\",\"inLanguage\":\"en-US\",\"@id\":\"https:\\\/\\\/www.gardenstore.es\\\/en\\\/#\\\/schema\\\/logo\\\/image\\\/\",\"url\":\"https:\\\/\\\/www.gardenstore.es\\\/wp-content\\\/uploads\\\/2025\\\/10\\\/LOGOTIPO_V1.svg\",\"contentUrl\":\"https:\\\/\\\/www.gardenstore.es\\\/wp-content\\\/uploads\\\/2025\\\/10\\\/LOGOTIPO_V1.svg\",\"width\":818,\"height\":130,\"caption\":\"GardenStore\"},\"image\":{\"@id\":\"https:\\\/\\\/www.gardenstore.es\\\/en\\\/#\\\/schema\\\/logo\\\/image\\\/\"}}]}<\/script>\n<!-- \/ Yoast SEO plugin. -->","yoast_head_json":{"title":"Vertical Garden Trellis Gardenia 100x200 | GardenStore","robots":{"index":"index","follow":"follow","max-snippet":"max-snippet:-1","max-image-preview":"max-image-preview:large","max-video-preview":"max-video-preview:-1"},"canonical":"https:\/\/www.gardenstore.es\/en\/product\/vertical-gardens\/100x200\/vertical-garden-trellis-gardenia-100x200\/","og_locale":"en_US","og_type":"article","og_title":"Vertical Garden Trellis Gardenia 100x200 | GardenStore","og_description":"Vertical Garden Trellis Gardenia The Gardenia Trellis combines elegance and practicality, with leaves of a vibrant light green hue that perfectly mimic the freshness of a natural plant. Its extendable trellis design allows it to be adjusted to different spaces, easily adapting to your decoration needs.  Ideal for covering walls, dividing environments, or adding a touch of privacy with style. In addition, its resistance to UV rays guarantees that it will maintain its color and impeccable appearance even in exteriors exposed to the sun.  Measures 100 cm X 200 cm. Ideal for indoor and outdoor decoration. Composition of the grid: natural willow branch. Composition of synthetic leaves: 100% HDPE. UV and anti-fading guarantee 5 years.","og_url":"https:\/\/www.gardenstore.es\/en\/product\/vertical-gardens\/100x200\/vertical-garden-trellis-gardenia-100x200\/","og_site_name":"GardenStore","article_modified_time":"2025-10-20T08:48:50+00:00","og_image":[{"width":1024,"height":683,"url":"https:\/\/www.gardenstore.es\/wp-content\/uploads\/2025\/04\/JV-CELOSIA-GARDENIA-100X200_3.jpg","type":"image\/jpeg"}],"twitter_card":"summary_large_image","schema":{"@context":"https:\/\/schema.org","@graph":[{"@type":"WebPage","@id":"https:\/\/www.gardenstore.es\/en\/product\/vertical-gardens\/100x200\/vertical-garden-trellis-gardenia-100x200\/","url":"https:\/\/www.gardenstore.es\/en\/product\/vertical-gardens\/100x200\/vertical-garden-trellis-gardenia-100x200\/","name":"Vertical Garden Trellis Gardenia 100x200 | GardenStore","isPartOf":{"@id":"https:\/\/www.gardenstore.es\/en\/#website"},"primaryImageOfPage":{"@id":"https:\/\/www.gardenstore.es\/en\/product\/vertical-gardens\/100x200\/vertical-garden-trellis-gardenia-100x200\/#primaryimage"},"image":{"@id":"https:\/\/www.gardenstore.es\/en\/product\/vertical-gardens\/100x200\/vertical-garden-trellis-gardenia-100x200\/#primaryimage"},"thumbnailUrl":"https:\/\/www.gardenstore.es\/wp-content\/uploads\/2025\/04\/JV-CELOSIA-GARDENIA-100X200_3.jpg","datePublished":"2025-04-09T12:47:39+00:00","dateModified":"2025-10-20T08:48:50+00:00","breadcrumb":{"@id":"https:\/\/www.gardenstore.es\/en\/product\/vertical-gardens\/100x200\/vertical-garden-trellis-gardenia-100x200\/#breadcrumb"},"inLanguage":"en-US","potentialAction":[{"@type":"ReadAction","target":["https:\/\/www.gardenstore.es\/en\/product\/vertical-gardens\/100x200\/vertical-garden-trellis-gardenia-100x200\/"]}]},{"@type":"ImageObject","inLanguage":"en-US","@id":"https:\/\/www.gardenstore.es\/en\/product\/vertical-gardens\/100x200\/vertical-garden-trellis-gardenia-100x200\/#primaryimage","url":"https:\/\/www.gardenstore.es\/wp-content\/uploads\/2025\/04\/JV-CELOSIA-GARDENIA-100X200_3.jpg","contentUrl":"https:\/\/www.gardenstore.es\/wp-content\/uploads\/2025\/04\/JV-CELOSIA-GARDENIA-100X200_3.jpg","width":1024,"height":683,"caption":"Vertical Garden Trellis Gardenia"},{"@type":"BreadcrumbList","@id":"https:\/\/www.gardenstore.es\/en\/product\/vertical-gardens\/100x200\/vertical-garden-trellis-gardenia-100x200\/#breadcrumb","itemListElement":[{"@type":"ListItem","position":1,"name":"Home","item":"https:\/\/www.gardenstore.es\/en\/home\/"},{"@type":"ListItem","position":2,"name":"Shop","item":"https:\/\/www.gardenstore.es\/en\/shop\/"},{"@type":"ListItem","position":3,"name":"Vertical Gardens","item":"https:\/\/www.gardenstore.es\/en\/product-category\/vertical-gardens\/"},{"@type":"ListItem","position":4,"name":"100x200","item":"https:\/\/www.gardenstore.es\/en\/product-category\/vertical-gardens\/100x200\/"},{"@type":"ListItem","position":5,"name":"Vertical Garden Trellis Gardenia 100&#215;200"}]},{"@type":"WebSite","@id":"https:\/\/www.gardenstore.es\/en\/#website","url":"https:\/\/www.gardenstore.es\/en\/","name":"GardenStore | Venta e instalaci\u00f3n de C\u00e9sped Artificial","description":"C\u00e9sped Artificial en Sevilla","publisher":{"@id":"https:\/\/www.gardenstore.es\/en\/#organization"},"potentialAction":[{"@type":"SearchAction","target":{"@type":"EntryPoint","urlTemplate":"https:\/\/www.gardenstore.es\/en\/?s={search_term_string}"},"query-input":{"@type":"PropertyValueSpecification","valueRequired":true,"valueName":"search_term_string"}}],"inLanguage":"en-US"},{"@type":"Organization","@id":"https:\/\/www.gardenstore.es\/en\/#organization","name":"GardenStore","url":"https:\/\/www.gardenstore.es\/en\/","logo":{"@type":"ImageObject","inLanguage":"en-US","@id":"https:\/\/www.gardenstore.es\/en\/#\/schema\/logo\/image\/","url":"https:\/\/www.gardenstore.es\/wp-content\/uploads\/2025\/10\/LOGOTIPO_V1.svg","contentUrl":"https:\/\/www.gardenstore.es\/wp-content\/uploads\/2025\/10\/LOGOTIPO_V1.svg","width":818,"height":130,"caption":"GardenStore"},"image":{"@id":"https:\/\/www.gardenstore.es\/en\/#\/schema\/logo\/image\/"}}]}},"_links":{"self":[{"href":"https:\/\/www.gardenstore.es\/en\/wp-json\/wp\/v2\/product\/13096","targetHints":{"allow":["GET"]}}],"collection":[{"href":"https:\/\/www.gardenstore.es\/en\/wp-json\/wp\/v2\/product"}],"about":[{"href":"https:\/\/www.gardenstore.es\/en\/wp-json\/wp\/v2\/types\/product"}],"replies":[{"embeddable":true,"href":"https:\/\/www.gardenstore.es\/en\/wp-json\/wp\/v2\/comments?post=13096"}],"wp:featuredmedia":[{"embeddable":true,"href":"https:\/\/www.gardenstore.es\/en\/wp-json\/wp\/v2\/media\/13098"}],"wp:attachment":[{"href":"https:\/\/www.gardenstore.es\/en\/wp-json\/wp\/v2\/media?parent=13096"}],"wp:term":[{"taxonomy":"product_brand","embeddable":true,"href":"https:\/\/www.gardenstore.es\/en\/wp-json\/wp\/v2\/product_brand?post=13096"},{"taxonomy":"product_cat","embeddable":true,"href":"https:\/\/www.gardenstore.es\/en\/wp-json\/wp\/v2\/product_cat?post=13096"},{"taxonomy":"product_tag","embeddable":true,"href":"https:\/\/www.gardenstore.es\/en\/wp-json\/wp\/v2\/product_tag?post=13096"}],"curies":[{"name":"wp","href":"https:\/\/api.w.org\/{rel}","templated":true}]}}