{"id":12772,"date":"2025-08-01T10:23:19","date_gmt":"2025-08-01T08:23:19","guid":{"rendered":"https:\/\/www.gardenstore.es\/producto\/uncategorized\/artificial-turf-antistatic-grass-25\/"},"modified":"2025-10-20T10:33:32","modified_gmt":"2025-10-20T08:33:32","slug":"artificial-turf-antistatic-grass-25","status":"publish","type":"product","link":"https:\/\/www.gardenstore.es\/en\/product\/artificial-turf\/decorative\/playgrounds\/artificial-turf-antistatic-grass-25\/","title":{"rendered":"Artificial Turf Antistatic Grass 25"},"content":{"rendered":"","protected":false},"excerpt":{"rendered":"<p>Artificial turf with <strong>antistatic<\/strong> properties, especially suitable for spaces where electrostatic charges tend to be generated due to its technical composition.<\/p>\n","protected":false},"featured_media":12778,"comment_status":"closed","ping_status":"closed","template":"","meta":{"_acf_changed":false},"product_brand":[],"product_cat":[250,271,300,322,278,307],"product_tag":[],"class_list":{"0":"post-12772","1":"product","2":"type-product","3":"status-publish","4":"has-post-thumbnail","6":"product_cat-artificial-turf","7":"product_cat-decorative","8":"product_cat-gardens-and-terraces","9":"product_cat-pets","10":"product_cat-playgrounds","11":"product_cat-public-areas","12":"","13":"woocommerce-text-align-left","14":"woocommerce-image-align-center","15":"do-quantity-buttons","17":"first","18":"instock","19":"product-type-simple"},"acf":{"altura":25,"confort":4,"recuperacion":5,"suavidad":4,"resistencia":4,"ficha_de_producto":16342,"tipo_fibra_hilo":"Textured Monofilament","composicion_fibra_hilo":"Polyethylene (PE) ","dtex":"","peso_hilo":"1.045 gr\/m\u00b2 (\u00b110%)","seccion":"","altura_hilo":"25 mm (\u00b15%)","galga":"","puntadas_10cm":"180 stitches\/m (\u00b110%)","puntadas_m2":"18,900 stitches\/m\u00b2 (\u00b110%)","tipo_backing":"Double Backing","composicion_backing":"Polypropylene (PP)","tipo_acabado":"Scraper Application","composicion_acabado":"Latex","peso_backing":"825 gr\/m\u00b2 (\u00b110%)","hilo_recto_numero":"10","hilo_recto_colores":"Verde musgo y verde oliva","hilo_rizado_numero":"8","hilo_rizado_colores":"Moss green and golden beige","peso_total":"1.870 gr\/m\u00b2 (\u00b110%)","dimensiones_rollo":"25 X 2","drenaje":"","filamentos":""},"gallery_images":[12774,12775,12773,12776,12777],"yoast_head":"<!-- This site is optimized with the Yoast SEO plugin v27.4 - https:\/\/yoast.com\/product\/yoast-seo-wordpress\/ -->\n<title>Artificial Turf Antistatic Grass 25 | GardenStore<\/title>\n<meta name=\"description\" content=\"Artificial turf with antistatic properties, especially suitable for spaces with electrostatic charges due to its technical composition.\" \/>\n<meta name=\"robots\" content=\"index, follow, max-snippet:-1, max-image-preview:large, max-video-preview:-1\" \/>\n<link rel=\"canonical\" href=\"https:\/\/www.gardenstore.es\/en\/product\/artificial-turf\/decorative\/playgrounds\/artificial-turf-antistatic-grass-25\/\" \/>\n<meta property=\"og:locale\" content=\"en_US\" \/>\n<meta property=\"og:type\" content=\"article\" \/>\n<meta property=\"og:title\" content=\"Artificial Turf Antistatic Grass 25 | GardenStore\" \/>\n<meta property=\"og:description\" content=\"Artificial turf with antistatic properties, especially suitable for spaces with electrostatic charges due to its technical composition.\" \/>\n<meta property=\"og:url\" content=\"https:\/\/www.gardenstore.es\/en\/product\/artificial-turf\/decorative\/playgrounds\/artificial-turf-antistatic-grass-25\/\" \/>\n<meta property=\"og:site_name\" content=\"GardenStore\" \/>\n<meta property=\"article:modified_time\" content=\"2025-10-20T08:33:32+00:00\" \/>\n<meta property=\"og:image\" content=\"https:\/\/www.gardenstore.es\/wp-content\/uploads\/2025\/08\/GS-ANTIESTATICGRASS25-FRONTAL-web.jpg\" \/>\n\t<meta property=\"og:image:width\" content=\"1457\" \/>\n\t<meta property=\"og:image:height\" content=\"971\" \/>\n\t<meta property=\"og:image:type\" content=\"image\/jpeg\" \/>\n<meta name=\"twitter:card\" content=\"summary_large_image\" \/>\n<script type=\"application\/ld+json\" class=\"yoast-schema-graph\">{\"@context\":\"https:\\\/\\\/schema.org\",\"@graph\":[{\"@type\":\"WebPage\",\"@id\":\"https:\\\/\\\/www.gardenstore.es\\\/en\\\/product\\\/artificial-turf\\\/decorative\\\/playgrounds\\\/artificial-turf-antistatic-grass-25\\\/\",\"url\":\"https:\\\/\\\/www.gardenstore.es\\\/en\\\/product\\\/artificial-turf\\\/decorative\\\/playgrounds\\\/artificial-turf-antistatic-grass-25\\\/\",\"name\":\"Artificial Turf Antistatic Grass 25 | GardenStore\",\"isPartOf\":{\"@id\":\"https:\\\/\\\/www.gardenstore.es\\\/en\\\/#website\"},\"primaryImageOfPage\":{\"@id\":\"https:\\\/\\\/www.gardenstore.es\\\/en\\\/product\\\/artificial-turf\\\/decorative\\\/playgrounds\\\/artificial-turf-antistatic-grass-25\\\/#primaryimage\"},\"image\":{\"@id\":\"https:\\\/\\\/www.gardenstore.es\\\/en\\\/product\\\/artificial-turf\\\/decorative\\\/playgrounds\\\/artificial-turf-antistatic-grass-25\\\/#primaryimage\"},\"thumbnailUrl\":\"https:\\\/\\\/www.gardenstore.es\\\/wp-content\\\/uploads\\\/2025\\\/08\\\/GS-ANTIESTATICGRASS25-FRONTAL-web.jpg\",\"datePublished\":\"2025-08-01T08:23:19+00:00\",\"dateModified\":\"2025-10-20T08:33:32+00:00\",\"description\":\"Artificial turf with antistatic properties, especially suitable for spaces with electrostatic charges due to its technical composition.\",\"breadcrumb\":{\"@id\":\"https:\\\/\\\/www.gardenstore.es\\\/en\\\/product\\\/artificial-turf\\\/decorative\\\/playgrounds\\\/artificial-turf-antistatic-grass-25\\\/#breadcrumb\"},\"inLanguage\":\"en-US\",\"potentialAction\":[{\"@type\":\"ReadAction\",\"target\":[\"https:\\\/\\\/www.gardenstore.es\\\/en\\\/product\\\/artificial-turf\\\/decorative\\\/playgrounds\\\/artificial-turf-antistatic-grass-25\\\/\"]}]},{\"@type\":\"ImageObject\",\"inLanguage\":\"en-US\",\"@id\":\"https:\\\/\\\/www.gardenstore.es\\\/en\\\/product\\\/artificial-turf\\\/decorative\\\/playgrounds\\\/artificial-turf-antistatic-grass-25\\\/#primaryimage\",\"url\":\"https:\\\/\\\/www.gardenstore.es\\\/wp-content\\\/uploads\\\/2025\\\/08\\\/GS-ANTIESTATICGRASS25-FRONTAL-web.jpg\",\"contentUrl\":\"https:\\\/\\\/www.gardenstore.es\\\/wp-content\\\/uploads\\\/2025\\\/08\\\/GS-ANTIESTATICGRASS25-FRONTAL-web.jpg\",\"width\":1457,\"height\":971},{\"@type\":\"BreadcrumbList\",\"@id\":\"https:\\\/\\\/www.gardenstore.es\\\/en\\\/product\\\/artificial-turf\\\/decorative\\\/playgrounds\\\/artificial-turf-antistatic-grass-25\\\/#breadcrumb\",\"itemListElement\":[{\"@type\":\"ListItem\",\"position\":1,\"name\":\"Home\",\"item\":\"https:\\\/\\\/www.gardenstore.es\\\/en\\\/home\\\/\"},{\"@type\":\"ListItem\",\"position\":2,\"name\":\"Shop\",\"item\":\"https:\\\/\\\/www.gardenstore.es\\\/en\\\/shop\\\/\"},{\"@type\":\"ListItem\",\"position\":3,\"name\":\"Artificial Turf\",\"item\":\"https:\\\/\\\/www.gardenstore.es\\\/en\\\/product-category\\\/artificial-turf\\\/\"},{\"@type\":\"ListItem\",\"position\":4,\"name\":\"Artificial Turf Antistatic Grass 25\"}]},{\"@type\":\"WebSite\",\"@id\":\"https:\\\/\\\/www.gardenstore.es\\\/en\\\/#website\",\"url\":\"https:\\\/\\\/www.gardenstore.es\\\/en\\\/\",\"name\":\"GardenStore | Venta e instalaci\u00f3n de C\u00e9sped Artificial\",\"description\":\"C\u00e9sped Artificial en Sevilla\",\"publisher\":{\"@id\":\"https:\\\/\\\/www.gardenstore.es\\\/en\\\/#organization\"},\"potentialAction\":[{\"@type\":\"SearchAction\",\"target\":{\"@type\":\"EntryPoint\",\"urlTemplate\":\"https:\\\/\\\/www.gardenstore.es\\\/en\\\/?s={search_term_string}\"},\"query-input\":{\"@type\":\"PropertyValueSpecification\",\"valueRequired\":true,\"valueName\":\"search_term_string\"}}],\"inLanguage\":\"en-US\"},{\"@type\":\"Organization\",\"@id\":\"https:\\\/\\\/www.gardenstore.es\\\/en\\\/#organization\",\"name\":\"GardenStore\",\"url\":\"https:\\\/\\\/www.gardenstore.es\\\/en\\\/\",\"logo\":{\"@type\":\"ImageObject\",\"inLanguage\":\"en-US\",\"@id\":\"https:\\\/\\\/www.gardenstore.es\\\/en\\\/#\\\/schema\\\/logo\\\/image\\\/\",\"url\":\"https:\\\/\\\/www.gardenstore.es\\\/wp-content\\\/uploads\\\/2025\\\/10\\\/LOGOTIPO_V1.svg\",\"contentUrl\":\"https:\\\/\\\/www.gardenstore.es\\\/wp-content\\\/uploads\\\/2025\\\/10\\\/LOGOTIPO_V1.svg\",\"width\":818,\"height\":130,\"caption\":\"GardenStore\"},\"image\":{\"@id\":\"https:\\\/\\\/www.gardenstore.es\\\/en\\\/#\\\/schema\\\/logo\\\/image\\\/\"}}]}<\/script>\n<!-- \/ Yoast SEO plugin. -->","yoast_head_json":{"title":"Artificial Turf Antistatic Grass 25 | GardenStore","description":"Artificial turf with antistatic properties, especially suitable for spaces with electrostatic charges due to its technical composition.","robots":{"index":"index","follow":"follow","max-snippet":"max-snippet:-1","max-image-preview":"max-image-preview:large","max-video-preview":"max-video-preview:-1"},"canonical":"https:\/\/www.gardenstore.es\/en\/product\/artificial-turf\/decorative\/playgrounds\/artificial-turf-antistatic-grass-25\/","og_locale":"en_US","og_type":"article","og_title":"Artificial Turf Antistatic Grass 25 | GardenStore","og_description":"Artificial turf with antistatic properties, especially suitable for spaces with electrostatic charges due to its technical composition.","og_url":"https:\/\/www.gardenstore.es\/en\/product\/artificial-turf\/decorative\/playgrounds\/artificial-turf-antistatic-grass-25\/","og_site_name":"GardenStore","article_modified_time":"2025-10-20T08:33:32+00:00","og_image":[{"width":1457,"height":971,"url":"https:\/\/www.gardenstore.es\/wp-content\/uploads\/2025\/08\/GS-ANTIESTATICGRASS25-FRONTAL-web.jpg","type":"image\/jpeg"}],"twitter_card":"summary_large_image","schema":{"@context":"https:\/\/schema.org","@graph":[{"@type":"WebPage","@id":"https:\/\/www.gardenstore.es\/en\/product\/artificial-turf\/decorative\/playgrounds\/artificial-turf-antistatic-grass-25\/","url":"https:\/\/www.gardenstore.es\/en\/product\/artificial-turf\/decorative\/playgrounds\/artificial-turf-antistatic-grass-25\/","name":"Artificial Turf Antistatic Grass 25 | GardenStore","isPartOf":{"@id":"https:\/\/www.gardenstore.es\/en\/#website"},"primaryImageOfPage":{"@id":"https:\/\/www.gardenstore.es\/en\/product\/artificial-turf\/decorative\/playgrounds\/artificial-turf-antistatic-grass-25\/#primaryimage"},"image":{"@id":"https:\/\/www.gardenstore.es\/en\/product\/artificial-turf\/decorative\/playgrounds\/artificial-turf-antistatic-grass-25\/#primaryimage"},"thumbnailUrl":"https:\/\/www.gardenstore.es\/wp-content\/uploads\/2025\/08\/GS-ANTIESTATICGRASS25-FRONTAL-web.jpg","datePublished":"2025-08-01T08:23:19+00:00","dateModified":"2025-10-20T08:33:32+00:00","description":"Artificial turf with antistatic properties, especially suitable for spaces with electrostatic charges due to its technical composition.","breadcrumb":{"@id":"https:\/\/www.gardenstore.es\/en\/product\/artificial-turf\/decorative\/playgrounds\/artificial-turf-antistatic-grass-25\/#breadcrumb"},"inLanguage":"en-US","potentialAction":[{"@type":"ReadAction","target":["https:\/\/www.gardenstore.es\/en\/product\/artificial-turf\/decorative\/playgrounds\/artificial-turf-antistatic-grass-25\/"]}]},{"@type":"ImageObject","inLanguage":"en-US","@id":"https:\/\/www.gardenstore.es\/en\/product\/artificial-turf\/decorative\/playgrounds\/artificial-turf-antistatic-grass-25\/#primaryimage","url":"https:\/\/www.gardenstore.es\/wp-content\/uploads\/2025\/08\/GS-ANTIESTATICGRASS25-FRONTAL-web.jpg","contentUrl":"https:\/\/www.gardenstore.es\/wp-content\/uploads\/2025\/08\/GS-ANTIESTATICGRASS25-FRONTAL-web.jpg","width":1457,"height":971},{"@type":"BreadcrumbList","@id":"https:\/\/www.gardenstore.es\/en\/product\/artificial-turf\/decorative\/playgrounds\/artificial-turf-antistatic-grass-25\/#breadcrumb","itemListElement":[{"@type":"ListItem","position":1,"name":"Home","item":"https:\/\/www.gardenstore.es\/en\/home\/"},{"@type":"ListItem","position":2,"name":"Shop","item":"https:\/\/www.gardenstore.es\/en\/shop\/"},{"@type":"ListItem","position":3,"name":"Artificial Turf","item":"https:\/\/www.gardenstore.es\/en\/product-category\/artificial-turf\/"},{"@type":"ListItem","position":4,"name":"Artificial Turf Antistatic Grass 25"}]},{"@type":"WebSite","@id":"https:\/\/www.gardenstore.es\/en\/#website","url":"https:\/\/www.gardenstore.es\/en\/","name":"GardenStore | Venta e instalaci\u00f3n de C\u00e9sped Artificial","description":"C\u00e9sped Artificial en Sevilla","publisher":{"@id":"https:\/\/www.gardenstore.es\/en\/#organization"},"potentialAction":[{"@type":"SearchAction","target":{"@type":"EntryPoint","urlTemplate":"https:\/\/www.gardenstore.es\/en\/?s={search_term_string}"},"query-input":{"@type":"PropertyValueSpecification","valueRequired":true,"valueName":"search_term_string"}}],"inLanguage":"en-US"},{"@type":"Organization","@id":"https:\/\/www.gardenstore.es\/en\/#organization","name":"GardenStore","url":"https:\/\/www.gardenstore.es\/en\/","logo":{"@type":"ImageObject","inLanguage":"en-US","@id":"https:\/\/www.gardenstore.es\/en\/#\/schema\/logo\/image\/","url":"https:\/\/www.gardenstore.es\/wp-content\/uploads\/2025\/10\/LOGOTIPO_V1.svg","contentUrl":"https:\/\/www.gardenstore.es\/wp-content\/uploads\/2025\/10\/LOGOTIPO_V1.svg","width":818,"height":130,"caption":"GardenStore"},"image":{"@id":"https:\/\/www.gardenstore.es\/en\/#\/schema\/logo\/image\/"}}]}},"_links":{"self":[{"href":"https:\/\/www.gardenstore.es\/en\/wp-json\/wp\/v2\/product\/12772","targetHints":{"allow":["GET"]}}],"collection":[{"href":"https:\/\/www.gardenstore.es\/en\/wp-json\/wp\/v2\/product"}],"about":[{"href":"https:\/\/www.gardenstore.es\/en\/wp-json\/wp\/v2\/types\/product"}],"replies":[{"embeddable":true,"href":"https:\/\/www.gardenstore.es\/en\/wp-json\/wp\/v2\/comments?post=12772"}],"wp:featuredmedia":[{"embeddable":true,"href":"https:\/\/www.gardenstore.es\/en\/wp-json\/wp\/v2\/media\/12778"}],"wp:attachment":[{"href":"https:\/\/www.gardenstore.es\/en\/wp-json\/wp\/v2\/media?parent=12772"}],"wp:term":[{"taxonomy":"product_brand","embeddable":true,"href":"https:\/\/www.gardenstore.es\/en\/wp-json\/wp\/v2\/product_brand?post=12772"},{"taxonomy":"product_cat","embeddable":true,"href":"https:\/\/www.gardenstore.es\/en\/wp-json\/wp\/v2\/product_cat?post=12772"},{"taxonomy":"product_tag","embeddable":true,"href":"https:\/\/www.gardenstore.es\/en\/wp-json\/wp\/v2\/product_tag?post=12772"}],"curies":[{"name":"wp","href":"https:\/\/api.w.org\/{rel}","templated":true}]}}