{"id":12736,"date":"2025-07-29T09:33:12","date_gmt":"2025-07-29T07:33:12","guid":{"rendered":"https:\/\/www.gardenstore.es\/producto\/uncategorized\/london-regreen-40-artificial-turf\/"},"modified":"2025-10-20T10:34:17","modified_gmt":"2025-10-20T08:34:17","slug":"london-regreen-40-artificial-turf","status":"publish","type":"product","link":"https:\/\/www.gardenstore.es\/en\/product\/artificial-turf\/decorative\/gardens-and-terraces\/london-regreen-40-artificial-turf\/","title":{"rendered":"London Regreen 40 Artificial Turf"},"content":{"rendered":"","protected":false},"excerpt":{"rendered":"<p>Recyclable and resistant model with a very natural finish, resulting from the balanced combination of colors in its straight and curly threads. It stands out for the high quality of its fibers, which provide firmness and excellent vertical recovery. Recommended for all types of surfaces, especially gardens with swimming pools and terraces.  <\/p>\n","protected":false},"featured_media":12743,"comment_status":"open","ping_status":"closed","template":"","meta":{"_acf_changed":false},"product_brand":[],"product_cat":[320,250,271,300,322,323],"product_tag":[],"class_list":{"0":"post-12736","1":"product","2":"type-product","3":"status-publish","4":"has-post-thumbnail","6":"product_cat-100-recyclable","7":"product_cat-artificial-turf","8":"product_cat-decorative","9":"product_cat-gardens-and-terraces","10":"product_cat-pets","11":"product_cat-pools","12":"","13":"woocommerce-text-align-left","14":"woocommerce-image-align-center","15":"do-quantity-buttons","17":"first","18":"instock","19":"product-type-simple"},"acf":{"altura":40,"confort":5,"recuperacion":5,"suavidad":5,"resistencia":5,"ficha_de_producto":12737,"tipo_fibra_hilo":"Textured Monofilament","composicion_fibra_hilo":"Polyethylene (PE) + Polypropylene (PP)","dtex":"","peso_hilo":"1.960 gr\/m\u00b2 (\u00b110%)","seccion":"","altura_hilo":"40 mm (\u00b15%)","galga":"","puntadas_10cm":"320 stitches\/m (\u00b110%)","puntadas_m2":"33,600 stitches\/m\u00b2 (\u00b110%)","tipo_backing":"Ultraback reinforced with Mesh (Net)","composicion_backing":"Polypropylene (PP)","tipo_acabado":"Scraper Application","composicion_acabado":"Ecoback (Recyclable Acrylic Compound)","peso_backing":"550 gr\/m\u00b2 (\u00b110%)","hilo_recto_numero":"8","hilo_recto_colores":"Verde musgo y verde oliva","hilo_rizado_numero":"8","hilo_rizado_colores":"Emerald green, coffee brown, and ochre","peso_total":"2.510 gr\/m\u00b2 (\u00b110%)","dimensiones_rollo":"20x2m","drenaje":"","filamentos":""},"gallery_images":[11673,11674,11672,11676,11677,15699,15700],"yoast_head":"<!-- This site is optimized with the Yoast SEO plugin v27.4 - https:\/\/yoast.com\/product\/yoast-seo-wordpress\/ -->\n<title>London Regreen 40 Artificial Turf | GardenStore<\/title>\n<meta name=\"description\" content=\"Recyclable and resistant artificial turf model with a very natural finish, resulting from the balanced combination of colors in its threads.\" \/>\n<meta name=\"robots\" content=\"index, follow, max-snippet:-1, max-image-preview:large, max-video-preview:-1\" \/>\n<link rel=\"canonical\" href=\"https:\/\/www.gardenstore.es\/en\/product\/artificial-turf\/decorative\/gardens-and-terraces\/london-regreen-40-artificial-turf\/\" \/>\n<meta property=\"og:locale\" content=\"en_US\" \/>\n<meta property=\"og:type\" content=\"article\" \/>\n<meta property=\"og:title\" content=\"London Regreen 40 Artificial Turf | GardenStore\" \/>\n<meta property=\"og:description\" content=\"Recyclable and resistant artificial turf model with a very natural finish, resulting from the balanced combination of colors in its threads.\" \/>\n<meta property=\"og:url\" content=\"https:\/\/www.gardenstore.es\/en\/product\/artificial-turf\/decorative\/gardens-and-terraces\/london-regreen-40-artificial-turf\/\" \/>\n<meta property=\"og:site_name\" content=\"GardenStore\" \/>\n<meta property=\"article:modified_time\" content=\"2025-10-20T08:34:17+00:00\" \/>\n<meta property=\"og:image\" content=\"https:\/\/www.gardenstore.es\/wp-content\/uploads\/2025\/07\/London-regreen40-frontal-web.jpg\" \/>\n\t<meta property=\"og:image:width\" content=\"1500\" \/>\n\t<meta property=\"og:image:height\" content=\"1000\" \/>\n\t<meta property=\"og:image:type\" content=\"image\/jpeg\" \/>\n<meta name=\"twitter:card\" content=\"summary_large_image\" \/>\n<script type=\"application\/ld+json\" class=\"yoast-schema-graph\">{\"@context\":\"https:\\\/\\\/schema.org\",\"@graph\":[{\"@type\":\"WebPage\",\"@id\":\"https:\\\/\\\/www.gardenstore.es\\\/en\\\/product\\\/artificial-turf\\\/decorative\\\/gardens-and-terraces\\\/london-regreen-40-artificial-turf\\\/\",\"url\":\"https:\\\/\\\/www.gardenstore.es\\\/en\\\/product\\\/artificial-turf\\\/decorative\\\/gardens-and-terraces\\\/london-regreen-40-artificial-turf\\\/\",\"name\":\"London Regreen 40 Artificial Turf | GardenStore\",\"isPartOf\":{\"@id\":\"https:\\\/\\\/www.gardenstore.es\\\/en\\\/#website\"},\"primaryImageOfPage\":{\"@id\":\"https:\\\/\\\/www.gardenstore.es\\\/en\\\/product\\\/artificial-turf\\\/decorative\\\/gardens-and-terraces\\\/london-regreen-40-artificial-turf\\\/#primaryimage\"},\"image\":{\"@id\":\"https:\\\/\\\/www.gardenstore.es\\\/en\\\/product\\\/artificial-turf\\\/decorative\\\/gardens-and-terraces\\\/london-regreen-40-artificial-turf\\\/#primaryimage\"},\"thumbnailUrl\":\"https:\\\/\\\/www.gardenstore.es\\\/wp-content\\\/uploads\\\/2025\\\/07\\\/London-regreen40-frontal-web.jpg\",\"datePublished\":\"2025-07-29T07:33:12+00:00\",\"dateModified\":\"2025-10-20T08:34:17+00:00\",\"description\":\"Recyclable and resistant artificial turf model with a very natural finish, resulting from the balanced combination of colors in its threads.\",\"breadcrumb\":{\"@id\":\"https:\\\/\\\/www.gardenstore.es\\\/en\\\/product\\\/artificial-turf\\\/decorative\\\/gardens-and-terraces\\\/london-regreen-40-artificial-turf\\\/#breadcrumb\"},\"inLanguage\":\"en-US\",\"potentialAction\":[{\"@type\":\"ReadAction\",\"target\":[\"https:\\\/\\\/www.gardenstore.es\\\/en\\\/product\\\/artificial-turf\\\/decorative\\\/gardens-and-terraces\\\/london-regreen-40-artificial-turf\\\/\"]}]},{\"@type\":\"ImageObject\",\"inLanguage\":\"en-US\",\"@id\":\"https:\\\/\\\/www.gardenstore.es\\\/en\\\/product\\\/artificial-turf\\\/decorative\\\/gardens-and-terraces\\\/london-regreen-40-artificial-turf\\\/#primaryimage\",\"url\":\"https:\\\/\\\/www.gardenstore.es\\\/wp-content\\\/uploads\\\/2025\\\/07\\\/London-regreen40-frontal-web.jpg\",\"contentUrl\":\"https:\\\/\\\/www.gardenstore.es\\\/wp-content\\\/uploads\\\/2025\\\/07\\\/London-regreen40-frontal-web.jpg\",\"width\":1500,\"height\":1000},{\"@type\":\"BreadcrumbList\",\"@id\":\"https:\\\/\\\/www.gardenstore.es\\\/en\\\/product\\\/artificial-turf\\\/decorative\\\/gardens-and-terraces\\\/london-regreen-40-artificial-turf\\\/#breadcrumb\",\"itemListElement\":[{\"@type\":\"ListItem\",\"position\":1,\"name\":\"Home\",\"item\":\"https:\\\/\\\/www.gardenstore.es\\\/en\\\/home\\\/\"},{\"@type\":\"ListItem\",\"position\":2,\"name\":\"Shop\",\"item\":\"https:\\\/\\\/www.gardenstore.es\\\/en\\\/shop\\\/\"},{\"@type\":\"ListItem\",\"position\":3,\"name\":\"Artificial Turf\",\"item\":\"https:\\\/\\\/www.gardenstore.es\\\/en\\\/product-category\\\/artificial-turf\\\/\"},{\"@type\":\"ListItem\",\"position\":4,\"name\":\"London Regreen 40 Artificial Turf\"}]},{\"@type\":\"WebSite\",\"@id\":\"https:\\\/\\\/www.gardenstore.es\\\/en\\\/#website\",\"url\":\"https:\\\/\\\/www.gardenstore.es\\\/en\\\/\",\"name\":\"GardenStore | Venta e instalaci\u00f3n de C\u00e9sped Artificial\",\"description\":\"C\u00e9sped Artificial en Sevilla\",\"publisher\":{\"@id\":\"https:\\\/\\\/www.gardenstore.es\\\/en\\\/#organization\"},\"potentialAction\":[{\"@type\":\"SearchAction\",\"target\":{\"@type\":\"EntryPoint\",\"urlTemplate\":\"https:\\\/\\\/www.gardenstore.es\\\/en\\\/?s={search_term_string}\"},\"query-input\":{\"@type\":\"PropertyValueSpecification\",\"valueRequired\":true,\"valueName\":\"search_term_string\"}}],\"inLanguage\":\"en-US\"},{\"@type\":\"Organization\",\"@id\":\"https:\\\/\\\/www.gardenstore.es\\\/en\\\/#organization\",\"name\":\"GardenStore\",\"url\":\"https:\\\/\\\/www.gardenstore.es\\\/en\\\/\",\"logo\":{\"@type\":\"ImageObject\",\"inLanguage\":\"en-US\",\"@id\":\"https:\\\/\\\/www.gardenstore.es\\\/en\\\/#\\\/schema\\\/logo\\\/image\\\/\",\"url\":\"https:\\\/\\\/www.gardenstore.es\\\/wp-content\\\/uploads\\\/2025\\\/10\\\/LOGOTIPO_V1.svg\",\"contentUrl\":\"https:\\\/\\\/www.gardenstore.es\\\/wp-content\\\/uploads\\\/2025\\\/10\\\/LOGOTIPO_V1.svg\",\"width\":818,\"height\":130,\"caption\":\"GardenStore\"},\"image\":{\"@id\":\"https:\\\/\\\/www.gardenstore.es\\\/en\\\/#\\\/schema\\\/logo\\\/image\\\/\"}}]}<\/script>\n<!-- \/ Yoast SEO plugin. -->","yoast_head_json":{"title":"London Regreen 40 Artificial Turf | GardenStore","description":"Recyclable and resistant artificial turf model with a very natural finish, resulting from the balanced combination of colors in its threads.","robots":{"index":"index","follow":"follow","max-snippet":"max-snippet:-1","max-image-preview":"max-image-preview:large","max-video-preview":"max-video-preview:-1"},"canonical":"https:\/\/www.gardenstore.es\/en\/product\/artificial-turf\/decorative\/gardens-and-terraces\/london-regreen-40-artificial-turf\/","og_locale":"en_US","og_type":"article","og_title":"London Regreen 40 Artificial Turf | GardenStore","og_description":"Recyclable and resistant artificial turf model with a very natural finish, resulting from the balanced combination of colors in its threads.","og_url":"https:\/\/www.gardenstore.es\/en\/product\/artificial-turf\/decorative\/gardens-and-terraces\/london-regreen-40-artificial-turf\/","og_site_name":"GardenStore","article_modified_time":"2025-10-20T08:34:17+00:00","og_image":[{"width":1500,"height":1000,"url":"https:\/\/www.gardenstore.es\/wp-content\/uploads\/2025\/07\/London-regreen40-frontal-web.jpg","type":"image\/jpeg"}],"twitter_card":"summary_large_image","schema":{"@context":"https:\/\/schema.org","@graph":[{"@type":"WebPage","@id":"https:\/\/www.gardenstore.es\/en\/product\/artificial-turf\/decorative\/gardens-and-terraces\/london-regreen-40-artificial-turf\/","url":"https:\/\/www.gardenstore.es\/en\/product\/artificial-turf\/decorative\/gardens-and-terraces\/london-regreen-40-artificial-turf\/","name":"London Regreen 40 Artificial Turf | GardenStore","isPartOf":{"@id":"https:\/\/www.gardenstore.es\/en\/#website"},"primaryImageOfPage":{"@id":"https:\/\/www.gardenstore.es\/en\/product\/artificial-turf\/decorative\/gardens-and-terraces\/london-regreen-40-artificial-turf\/#primaryimage"},"image":{"@id":"https:\/\/www.gardenstore.es\/en\/product\/artificial-turf\/decorative\/gardens-and-terraces\/london-regreen-40-artificial-turf\/#primaryimage"},"thumbnailUrl":"https:\/\/www.gardenstore.es\/wp-content\/uploads\/2025\/07\/London-regreen40-frontal-web.jpg","datePublished":"2025-07-29T07:33:12+00:00","dateModified":"2025-10-20T08:34:17+00:00","description":"Recyclable and resistant artificial turf model with a very natural finish, resulting from the balanced combination of colors in its threads.","breadcrumb":{"@id":"https:\/\/www.gardenstore.es\/en\/product\/artificial-turf\/decorative\/gardens-and-terraces\/london-regreen-40-artificial-turf\/#breadcrumb"},"inLanguage":"en-US","potentialAction":[{"@type":"ReadAction","target":["https:\/\/www.gardenstore.es\/en\/product\/artificial-turf\/decorative\/gardens-and-terraces\/london-regreen-40-artificial-turf\/"]}]},{"@type":"ImageObject","inLanguage":"en-US","@id":"https:\/\/www.gardenstore.es\/en\/product\/artificial-turf\/decorative\/gardens-and-terraces\/london-regreen-40-artificial-turf\/#primaryimage","url":"https:\/\/www.gardenstore.es\/wp-content\/uploads\/2025\/07\/London-regreen40-frontal-web.jpg","contentUrl":"https:\/\/www.gardenstore.es\/wp-content\/uploads\/2025\/07\/London-regreen40-frontal-web.jpg","width":1500,"height":1000},{"@type":"BreadcrumbList","@id":"https:\/\/www.gardenstore.es\/en\/product\/artificial-turf\/decorative\/gardens-and-terraces\/london-regreen-40-artificial-turf\/#breadcrumb","itemListElement":[{"@type":"ListItem","position":1,"name":"Home","item":"https:\/\/www.gardenstore.es\/en\/home\/"},{"@type":"ListItem","position":2,"name":"Shop","item":"https:\/\/www.gardenstore.es\/en\/shop\/"},{"@type":"ListItem","position":3,"name":"Artificial Turf","item":"https:\/\/www.gardenstore.es\/en\/product-category\/artificial-turf\/"},{"@type":"ListItem","position":4,"name":"London Regreen 40 Artificial Turf"}]},{"@type":"WebSite","@id":"https:\/\/www.gardenstore.es\/en\/#website","url":"https:\/\/www.gardenstore.es\/en\/","name":"GardenStore | Venta e instalaci\u00f3n de C\u00e9sped Artificial","description":"C\u00e9sped Artificial en Sevilla","publisher":{"@id":"https:\/\/www.gardenstore.es\/en\/#organization"},"potentialAction":[{"@type":"SearchAction","target":{"@type":"EntryPoint","urlTemplate":"https:\/\/www.gardenstore.es\/en\/?s={search_term_string}"},"query-input":{"@type":"PropertyValueSpecification","valueRequired":true,"valueName":"search_term_string"}}],"inLanguage":"en-US"},{"@type":"Organization","@id":"https:\/\/www.gardenstore.es\/en\/#organization","name":"GardenStore","url":"https:\/\/www.gardenstore.es\/en\/","logo":{"@type":"ImageObject","inLanguage":"en-US","@id":"https:\/\/www.gardenstore.es\/en\/#\/schema\/logo\/image\/","url":"https:\/\/www.gardenstore.es\/wp-content\/uploads\/2025\/10\/LOGOTIPO_V1.svg","contentUrl":"https:\/\/www.gardenstore.es\/wp-content\/uploads\/2025\/10\/LOGOTIPO_V1.svg","width":818,"height":130,"caption":"GardenStore"},"image":{"@id":"https:\/\/www.gardenstore.es\/en\/#\/schema\/logo\/image\/"}}]}},"_links":{"self":[{"href":"https:\/\/www.gardenstore.es\/en\/wp-json\/wp\/v2\/product\/12736","targetHints":{"allow":["GET"]}}],"collection":[{"href":"https:\/\/www.gardenstore.es\/en\/wp-json\/wp\/v2\/product"}],"about":[{"href":"https:\/\/www.gardenstore.es\/en\/wp-json\/wp\/v2\/types\/product"}],"replies":[{"embeddable":true,"href":"https:\/\/www.gardenstore.es\/en\/wp-json\/wp\/v2\/comments?post=12736"}],"wp:featuredmedia":[{"embeddable":true,"href":"https:\/\/www.gardenstore.es\/en\/wp-json\/wp\/v2\/media\/12743"}],"wp:attachment":[{"href":"https:\/\/www.gardenstore.es\/en\/wp-json\/wp\/v2\/media?parent=12736"}],"wp:term":[{"taxonomy":"product_brand","embeddable":true,"href":"https:\/\/www.gardenstore.es\/en\/wp-json\/wp\/v2\/product_brand?post=12736"},{"taxonomy":"product_cat","embeddable":true,"href":"https:\/\/www.gardenstore.es\/en\/wp-json\/wp\/v2\/product_cat?post=12736"},{"taxonomy":"product_tag","embeddable":true,"href":"https:\/\/www.gardenstore.es\/en\/wp-json\/wp\/v2\/product_tag?post=12736"}],"curies":[{"name":"wp","href":"https:\/\/api.w.org\/{rel}","templated":true}]}}