{"id":12710,"date":"2025-06-24T11:38:41","date_gmt":"2025-06-24T09:38:41","guid":{"rendered":"https:\/\/www.gardenstore.es\/producto\/uncategorized\/deluxe-artificial-bougainvillea-tree-150cm\/"},"modified":"2025-10-20T10:34:13","modified_gmt":"2025-10-20T08:34:13","slug":"deluxe-artificial-bougainvillea-tree-150cm","status":"publish","type":"product","link":"https:\/\/www.gardenstore.es\/en\/product\/artificial-plants\/deluxe-artificial-bougainvillea-tree-150cm\/","title":{"rendered":"Deluxe Artificial Bougainvillea Tree 150cm"},"content":{"rendered":"","protected":false},"excerpt":{"rendered":"<p><strong>Deluxe Artificial Bougainvillea Tree 150cm<\/strong><\/p>\n<p class=\"pip-product-details__paragraph\">Bring your home or business to life with the Mediterranean charm of Bougainvillea.<\/p>\n<p class=\"pip-product-details__paragraph\">With its vibrant green foliage and delicate fuchsia-toned flowers, this decorative piece captures the essence of natural bougainvillea but with the advantage of no maintenance.<\/p>\n<p>\ud83c\udf3a Its lush foliage and natural trunk with twisted vines replicate the appearance of a real bougainvillea.<\/p>\n<p>\ud83c\udfe1 With a width of 100 cm, its structure provides a wraparound effect ideal for enhancing spaces such as living rooms, terraces, offices or receptions.<\/p>\n<ul>\n<li class=\"product__feature\">Height cm: 150<\/li>\n<li class=\"product__feature\">Pot height (cm): 17<\/li>\n<li class=\"product__feature\">Total width (cm): 100<\/li>\n<li class=\"product__feature\">Pot diameter (cm): 18<\/li>\n<li>Materials: Synthetic, natural trunk<\/li>\n<\/ul>\n","protected":false},"featured_media":12724,"comment_status":"open","ping_status":"closed","template":"","meta":{"_acf_changed":false},"product_brand":[],"product_cat":[312],"product_tag":[],"class_list":{"0":"post-12710","1":"product","2":"type-product","3":"status-publish","4":"has-post-thumbnail","6":"product_cat-artificial-plants","7":"","8":"woocommerce-text-align-left","9":"woocommerce-image-align-center","10":"do-quantity-buttons","12":"first","13":"instock","14":"shipping-taxable","15":"product-type-simple"},"acf":{"altura":"","confort":"","recuperacion":"","suavidad":"","resistencia":"","ficha_de_producto":"","tipo_fibra_hilo":"","composicion_fibra_hilo":"","dtex":"","peso_hilo":"","seccion":"","altura_hilo":"","galga":"","puntadas_10cm":"","puntadas_m2":"","tipo_backing":"","composicion_backing":"","tipo_acabado":"","composicion_acabado":"","peso_backing":"","hilo_recto_numero":"","hilo_recto_colores":"","hilo_rizado_numero":"","hilo_rizado_colores":"","peso_total":"","dimensiones_rollo":"","drenaje":"","filamentos":""},"gallery_images":[11582,11581,11579],"yoast_head":"<!-- This site is optimized with the Yoast SEO plugin v27.4 - https:\/\/yoast.com\/product\/yoast-seo-wordpress\/ -->\n<title>Deluxe Artificial Bougainvillea Tree 150cm | GardenStore<\/title>\n<meta name=\"robots\" content=\"index, follow, max-snippet:-1, max-image-preview:large, max-video-preview:-1\" \/>\n<link rel=\"canonical\" href=\"https:\/\/www.gardenstore.es\/en\/product\/artificial-plants\/deluxe-artificial-bougainvillea-tree-150cm\/\" \/>\n<meta property=\"og:locale\" content=\"en_US\" \/>\n<meta property=\"og:type\" content=\"article\" \/>\n<meta property=\"og:title\" content=\"Deluxe Artificial Bougainvillea Tree 150cm | GardenStore\" \/>\n<meta property=\"og:description\" content=\"Deluxe Artificial Bougainvillea Tree 150cm Bring your home or business to life with the Mediterranean charm of Bougainvillea. With its vibrant green foliage and delicate fuchsia-toned flowers, this decorative piece captures the essence of natural bougainvillea but with the advantage of no maintenance. \ud83c\udf3a Its lush foliage and natural trunk with twisted vines replicate the appearance of a real bougainvillea. \ud83c\udfe1 With a width of 100 cm, its structure provides a wraparound effect ideal for enhancing spaces such as living rooms, terraces, offices or receptions.  Height cm: 150  Pot height (cm): 17  Total width (cm): 100  Pot diameter (cm): 18  Materials: Synthetic, natural trunk\" \/>\n<meta property=\"og:url\" content=\"https:\/\/www.gardenstore.es\/en\/product\/artificial-plants\/deluxe-artificial-bougainvillea-tree-150cm\/\" \/>\n<meta property=\"og:site_name\" content=\"GardenStore\" \/>\n<meta property=\"article:modified_time\" content=\"2025-10-20T08:34:13+00:00\" \/>\n<meta property=\"og:image\" content=\"https:\/\/www.gardenstore.es\/wp-content\/uploads\/2025\/06\/Arbol-de-Buganvilla-Artificial-150cm-1024x1024-1.png\" \/>\n\t<meta property=\"og:image:width\" content=\"1024\" \/>\n\t<meta property=\"og:image:height\" content=\"1024\" \/>\n\t<meta property=\"og:image:type\" content=\"image\/png\" \/>\n<meta name=\"twitter:card\" content=\"summary_large_image\" \/>\n<script type=\"application\/ld+json\" class=\"yoast-schema-graph\">{\"@context\":\"https:\\\/\\\/schema.org\",\"@graph\":[{\"@type\":\"WebPage\",\"@id\":\"https:\\\/\\\/www.gardenstore.es\\\/en\\\/product\\\/artificial-plants\\\/deluxe-artificial-bougainvillea-tree-150cm\\\/\",\"url\":\"https:\\\/\\\/www.gardenstore.es\\\/en\\\/product\\\/artificial-plants\\\/deluxe-artificial-bougainvillea-tree-150cm\\\/\",\"name\":\"Deluxe Artificial Bougainvillea Tree 150cm | GardenStore\",\"isPartOf\":{\"@id\":\"https:\\\/\\\/www.gardenstore.es\\\/en\\\/#website\"},\"primaryImageOfPage\":{\"@id\":\"https:\\\/\\\/www.gardenstore.es\\\/en\\\/product\\\/artificial-plants\\\/deluxe-artificial-bougainvillea-tree-150cm\\\/#primaryimage\"},\"image\":{\"@id\":\"https:\\\/\\\/www.gardenstore.es\\\/en\\\/product\\\/artificial-plants\\\/deluxe-artificial-bougainvillea-tree-150cm\\\/#primaryimage\"},\"thumbnailUrl\":\"https:\\\/\\\/www.gardenstore.es\\\/wp-content\\\/uploads\\\/2025\\\/06\\\/Arbol-de-Buganvilla-Artificial-150cm-1024x1024-1.png\",\"datePublished\":\"2025-06-24T09:38:41+00:00\",\"dateModified\":\"2025-10-20T08:34:13+00:00\",\"breadcrumb\":{\"@id\":\"https:\\\/\\\/www.gardenstore.es\\\/en\\\/product\\\/artificial-plants\\\/deluxe-artificial-bougainvillea-tree-150cm\\\/#breadcrumb\"},\"inLanguage\":\"en-US\",\"potentialAction\":[{\"@type\":\"ReadAction\",\"target\":[\"https:\\\/\\\/www.gardenstore.es\\\/en\\\/product\\\/artificial-plants\\\/deluxe-artificial-bougainvillea-tree-150cm\\\/\"]}]},{\"@type\":\"ImageObject\",\"inLanguage\":\"en-US\",\"@id\":\"https:\\\/\\\/www.gardenstore.es\\\/en\\\/product\\\/artificial-plants\\\/deluxe-artificial-bougainvillea-tree-150cm\\\/#primaryimage\",\"url\":\"https:\\\/\\\/www.gardenstore.es\\\/wp-content\\\/uploads\\\/2025\\\/06\\\/Arbol-de-Buganvilla-Artificial-150cm-1024x1024-1.png\",\"contentUrl\":\"https:\\\/\\\/www.gardenstore.es\\\/wp-content\\\/uploads\\\/2025\\\/06\\\/Arbol-de-Buganvilla-Artificial-150cm-1024x1024-1.png\",\"width\":1024,\"height\":1024,\"caption\":\"Artificial Bougainvillea Tree 150cm\"},{\"@type\":\"BreadcrumbList\",\"@id\":\"https:\\\/\\\/www.gardenstore.es\\\/en\\\/product\\\/artificial-plants\\\/deluxe-artificial-bougainvillea-tree-150cm\\\/#breadcrumb\",\"itemListElement\":[{\"@type\":\"ListItem\",\"position\":1,\"name\":\"Home\",\"item\":\"https:\\\/\\\/www.gardenstore.es\\\/en\\\/home\\\/\"},{\"@type\":\"ListItem\",\"position\":2,\"name\":\"Shop\",\"item\":\"https:\\\/\\\/www.gardenstore.es\\\/en\\\/shop\\\/\"},{\"@type\":\"ListItem\",\"position\":3,\"name\":\"Artificial Plants\",\"item\":\"https:\\\/\\\/www.gardenstore.es\\\/en\\\/product-category\\\/artificial-plants\\\/\"},{\"@type\":\"ListItem\",\"position\":4,\"name\":\"Deluxe Artificial Bougainvillea Tree 150cm\"}]},{\"@type\":\"WebSite\",\"@id\":\"https:\\\/\\\/www.gardenstore.es\\\/en\\\/#website\",\"url\":\"https:\\\/\\\/www.gardenstore.es\\\/en\\\/\",\"name\":\"GardenStore | Venta e instalaci\u00f3n de C\u00e9sped Artificial\",\"description\":\"C\u00e9sped Artificial en Sevilla\",\"publisher\":{\"@id\":\"https:\\\/\\\/www.gardenstore.es\\\/en\\\/#organization\"},\"potentialAction\":[{\"@type\":\"SearchAction\",\"target\":{\"@type\":\"EntryPoint\",\"urlTemplate\":\"https:\\\/\\\/www.gardenstore.es\\\/en\\\/?s={search_term_string}\"},\"query-input\":{\"@type\":\"PropertyValueSpecification\",\"valueRequired\":true,\"valueName\":\"search_term_string\"}}],\"inLanguage\":\"en-US\"},{\"@type\":\"Organization\",\"@id\":\"https:\\\/\\\/www.gardenstore.es\\\/en\\\/#organization\",\"name\":\"GardenStore\",\"url\":\"https:\\\/\\\/www.gardenstore.es\\\/en\\\/\",\"logo\":{\"@type\":\"ImageObject\",\"inLanguage\":\"en-US\",\"@id\":\"https:\\\/\\\/www.gardenstore.es\\\/en\\\/#\\\/schema\\\/logo\\\/image\\\/\",\"url\":\"https:\\\/\\\/www.gardenstore.es\\\/wp-content\\\/uploads\\\/2025\\\/10\\\/LOGOTIPO_V1.svg\",\"contentUrl\":\"https:\\\/\\\/www.gardenstore.es\\\/wp-content\\\/uploads\\\/2025\\\/10\\\/LOGOTIPO_V1.svg\",\"width\":818,\"height\":130,\"caption\":\"GardenStore\"},\"image\":{\"@id\":\"https:\\\/\\\/www.gardenstore.es\\\/en\\\/#\\\/schema\\\/logo\\\/image\\\/\"}}]}<\/script>\n<!-- \/ Yoast SEO plugin. -->","yoast_head_json":{"title":"Deluxe Artificial Bougainvillea Tree 150cm | GardenStore","robots":{"index":"index","follow":"follow","max-snippet":"max-snippet:-1","max-image-preview":"max-image-preview:large","max-video-preview":"max-video-preview:-1"},"canonical":"https:\/\/www.gardenstore.es\/en\/product\/artificial-plants\/deluxe-artificial-bougainvillea-tree-150cm\/","og_locale":"en_US","og_type":"article","og_title":"Deluxe Artificial Bougainvillea Tree 150cm | GardenStore","og_description":"Deluxe Artificial Bougainvillea Tree 150cm Bring your home or business to life with the Mediterranean charm of Bougainvillea. With its vibrant green foliage and delicate fuchsia-toned flowers, this decorative piece captures the essence of natural bougainvillea but with the advantage of no maintenance. \ud83c\udf3a Its lush foliage and natural trunk with twisted vines replicate the appearance of a real bougainvillea. \ud83c\udfe1 With a width of 100 cm, its structure provides a wraparound effect ideal for enhancing spaces such as living rooms, terraces, offices or receptions.  Height cm: 150  Pot height (cm): 17  Total width (cm): 100  Pot diameter (cm): 18  Materials: Synthetic, natural trunk","og_url":"https:\/\/www.gardenstore.es\/en\/product\/artificial-plants\/deluxe-artificial-bougainvillea-tree-150cm\/","og_site_name":"GardenStore","article_modified_time":"2025-10-20T08:34:13+00:00","og_image":[{"width":1024,"height":1024,"url":"https:\/\/www.gardenstore.es\/wp-content\/uploads\/2025\/06\/Arbol-de-Buganvilla-Artificial-150cm-1024x1024-1.png","type":"image\/png"}],"twitter_card":"summary_large_image","schema":{"@context":"https:\/\/schema.org","@graph":[{"@type":"WebPage","@id":"https:\/\/www.gardenstore.es\/en\/product\/artificial-plants\/deluxe-artificial-bougainvillea-tree-150cm\/","url":"https:\/\/www.gardenstore.es\/en\/product\/artificial-plants\/deluxe-artificial-bougainvillea-tree-150cm\/","name":"Deluxe Artificial Bougainvillea Tree 150cm | GardenStore","isPartOf":{"@id":"https:\/\/www.gardenstore.es\/en\/#website"},"primaryImageOfPage":{"@id":"https:\/\/www.gardenstore.es\/en\/product\/artificial-plants\/deluxe-artificial-bougainvillea-tree-150cm\/#primaryimage"},"image":{"@id":"https:\/\/www.gardenstore.es\/en\/product\/artificial-plants\/deluxe-artificial-bougainvillea-tree-150cm\/#primaryimage"},"thumbnailUrl":"https:\/\/www.gardenstore.es\/wp-content\/uploads\/2025\/06\/Arbol-de-Buganvilla-Artificial-150cm-1024x1024-1.png","datePublished":"2025-06-24T09:38:41+00:00","dateModified":"2025-10-20T08:34:13+00:00","breadcrumb":{"@id":"https:\/\/www.gardenstore.es\/en\/product\/artificial-plants\/deluxe-artificial-bougainvillea-tree-150cm\/#breadcrumb"},"inLanguage":"en-US","potentialAction":[{"@type":"ReadAction","target":["https:\/\/www.gardenstore.es\/en\/product\/artificial-plants\/deluxe-artificial-bougainvillea-tree-150cm\/"]}]},{"@type":"ImageObject","inLanguage":"en-US","@id":"https:\/\/www.gardenstore.es\/en\/product\/artificial-plants\/deluxe-artificial-bougainvillea-tree-150cm\/#primaryimage","url":"https:\/\/www.gardenstore.es\/wp-content\/uploads\/2025\/06\/Arbol-de-Buganvilla-Artificial-150cm-1024x1024-1.png","contentUrl":"https:\/\/www.gardenstore.es\/wp-content\/uploads\/2025\/06\/Arbol-de-Buganvilla-Artificial-150cm-1024x1024-1.png","width":1024,"height":1024,"caption":"Artificial Bougainvillea Tree 150cm"},{"@type":"BreadcrumbList","@id":"https:\/\/www.gardenstore.es\/en\/product\/artificial-plants\/deluxe-artificial-bougainvillea-tree-150cm\/#breadcrumb","itemListElement":[{"@type":"ListItem","position":1,"name":"Home","item":"https:\/\/www.gardenstore.es\/en\/home\/"},{"@type":"ListItem","position":2,"name":"Shop","item":"https:\/\/www.gardenstore.es\/en\/shop\/"},{"@type":"ListItem","position":3,"name":"Artificial Plants","item":"https:\/\/www.gardenstore.es\/en\/product-category\/artificial-plants\/"},{"@type":"ListItem","position":4,"name":"Deluxe Artificial Bougainvillea Tree 150cm"}]},{"@type":"WebSite","@id":"https:\/\/www.gardenstore.es\/en\/#website","url":"https:\/\/www.gardenstore.es\/en\/","name":"GardenStore | Venta e instalaci\u00f3n de C\u00e9sped Artificial","description":"C\u00e9sped Artificial en Sevilla","publisher":{"@id":"https:\/\/www.gardenstore.es\/en\/#organization"},"potentialAction":[{"@type":"SearchAction","target":{"@type":"EntryPoint","urlTemplate":"https:\/\/www.gardenstore.es\/en\/?s={search_term_string}"},"query-input":{"@type":"PropertyValueSpecification","valueRequired":true,"valueName":"search_term_string"}}],"inLanguage":"en-US"},{"@type":"Organization","@id":"https:\/\/www.gardenstore.es\/en\/#organization","name":"GardenStore","url":"https:\/\/www.gardenstore.es\/en\/","logo":{"@type":"ImageObject","inLanguage":"en-US","@id":"https:\/\/www.gardenstore.es\/en\/#\/schema\/logo\/image\/","url":"https:\/\/www.gardenstore.es\/wp-content\/uploads\/2025\/10\/LOGOTIPO_V1.svg","contentUrl":"https:\/\/www.gardenstore.es\/wp-content\/uploads\/2025\/10\/LOGOTIPO_V1.svg","width":818,"height":130,"caption":"GardenStore"},"image":{"@id":"https:\/\/www.gardenstore.es\/en\/#\/schema\/logo\/image\/"}}]}},"_links":{"self":[{"href":"https:\/\/www.gardenstore.es\/en\/wp-json\/wp\/v2\/product\/12710","targetHints":{"allow":["GET"]}}],"collection":[{"href":"https:\/\/www.gardenstore.es\/en\/wp-json\/wp\/v2\/product"}],"about":[{"href":"https:\/\/www.gardenstore.es\/en\/wp-json\/wp\/v2\/types\/product"}],"replies":[{"embeddable":true,"href":"https:\/\/www.gardenstore.es\/en\/wp-json\/wp\/v2\/comments?post=12710"}],"wp:featuredmedia":[{"embeddable":true,"href":"https:\/\/www.gardenstore.es\/en\/wp-json\/wp\/v2\/media\/12724"}],"wp:attachment":[{"href":"https:\/\/www.gardenstore.es\/en\/wp-json\/wp\/v2\/media?parent=12710"}],"wp:term":[{"taxonomy":"product_brand","embeddable":true,"href":"https:\/\/www.gardenstore.es\/en\/wp-json\/wp\/v2\/product_brand?post=12710"},{"taxonomy":"product_cat","embeddable":true,"href":"https:\/\/www.gardenstore.es\/en\/wp-json\/wp\/v2\/product_cat?post=12710"},{"taxonomy":"product_tag","embeddable":true,"href":"https:\/\/www.gardenstore.es\/en\/wp-json\/wp\/v2\/product_tag?post=12710"}],"curies":[{"name":"wp","href":"https:\/\/api.w.org\/{rel}","templated":true}]}}