{"id":12007,"date":"2023-07-24T09:08:14","date_gmt":"2023-07-24T07:08:14","guid":{"rendered":"https:\/\/www.gardenstore.es\/download-catalog\/"},"modified":"2026-03-27T09:53:47","modified_gmt":"2026-03-27T07:53:47","slug":"download-catalog","status":"publish","type":"page","link":"https:\/\/www.gardenstore.es\/en\/download-catalog\/","title":{"rendered":"Download Catalog"},"content":{"rendered":"\t\t<div data-elementor-type=\"wp-page\" data-elementor-id=\"12007\" class=\"elementor elementor-12007 elementor-7059\" data-elementor-post-type=\"page\">\n\t\t\t\t<div class=\"elementor-element elementor-element-0049599 e-flex e-con-boxed e-con e-parent\" data-id=\"0049599\" data-element_type=\"container\" data-e-type=\"container\" data-settings=\"{&quot;background_background&quot;:&quot;classic&quot;}\">\n\t\t\t\t\t<div class=\"e-con-inner\">\n\t\t\t\t<div class=\"elementor-element elementor-element-40a6ced subtitulo elementor-widget elementor-widget-text-editor\" data-id=\"40a6ced\" data-element_type=\"widget\" data-e-type=\"widget\" data-widget_type=\"text-editor.default\">\n\t\t\t\t<div class=\"elementor-widget-container\">\n\t\t\t\t\t\t\t\t\t<p>GardenStore<\/p>\t\t\t\t\t\t\t\t<\/div>\n\t\t\t\t<\/div>\n\t\t\t\t<div class=\"elementor-element elementor-element-21468cc elementor-widget elementor-widget-heading\" data-id=\"21468cc\" data-element_type=\"widget\" data-e-type=\"widget\" data-widget_type=\"heading.default\">\n\t\t\t\t<div class=\"elementor-widget-container\">\n\t\t\t\t\t<h2 class=\"elementor-heading-title elementor-size-default\">Leave us your information to download our catalog<\/h2>\t\t\t\t<\/div>\n\t\t\t\t<\/div>\n\t\t<div class=\"elementor-element elementor-element-3b8ca4b e-con-full e-flex e-con e-child\" data-id=\"3b8ca4b\" data-element_type=\"container\" data-e-type=\"container\">\n\t\t<div class=\"elementor-element elementor-element-8f675b2 e-con-full e-flex e-con e-child\" data-id=\"8f675b2\" data-element_type=\"container\" data-e-type=\"container\">\n\t\t\t\t<div class=\"elementor-element elementor-element-e76254a elementor-button-align-stretch elementor-widget elementor-widget-form\" data-id=\"e76254a\" data-element_type=\"widget\" data-e-type=\"widget\" data-settings=\"{&quot;step_next_label&quot;:&quot;Next&quot;,&quot;step_previous_label&quot;:&quot;Previous&quot;,&quot;button_width&quot;:&quot;100&quot;,&quot;step_type&quot;:&quot;number_text&quot;,&quot;step_icon_shape&quot;:&quot;circle&quot;}\" data-widget_type=\"form.default\">\n\t\t\t\t<div class=\"elementor-widget-container\">\n\t\t\t\t\t\t\t<form class=\"elementor-form\" method=\"post\" name=\"Download Catalog\" aria-label=\"Download Catalog\">\n\t\t\t<input type=\"hidden\" name=\"post_id\" value=\"12007\"\/>\n\t\t\t<input type=\"hidden\" name=\"form_id\" value=\"e76254a\"\/>\n\t\t\t<input type=\"hidden\" name=\"referer_title\" value=\"GardenStore\" \/>\n\n\t\t\t\n\t\t\t<div class=\"elementor-form-fields-wrapper elementor-labels-\">\n\t\t\t\t\t\t\t\t<div class=\"elementor-field-type-text elementor-field-group elementor-column elementor-field-group-field_b579dfb elementor-col-100 elementor-field-required\">\n\t\t\t\t\t\t\t\t\t\t\t\t<label for=\"form-field-field_b579dfb\" class=\"elementor-field-label elementor-screen-only\">\n\t\t\t\t\t\t\t\tName\t\t\t\t\t\t\t<\/label>\n\t\t\t\t\t\t\t\t\t\t\t\t\t\t<input size=\"1\" type=\"text\" name=\"form_fields[field_b579dfb]\" id=\"form-field-field_b579dfb\" class=\"elementor-field elementor-size-sm  elementor-field-textual\" placeholder=\"*Name\" required=\"required\">\n\t\t\t\t\t\t\t\t\t\t\t<\/div>\n\t\t\t\t\t\t\t\t<div class=\"elementor-field-type-text elementor-field-group elementor-column elementor-field-group-name elementor-col-100 elementor-field-required\">\n\t\t\t\t\t\t\t\t\t\t\t\t<label for=\"form-field-name\" class=\"elementor-field-label elementor-screen-only\">\n\t\t\t\t\t\t\t\tPhone\t\t\t\t\t\t\t<\/label>\n\t\t\t\t\t\t\t\t\t\t\t\t\t\t<input size=\"1\" type=\"text\" name=\"form_fields[name]\" id=\"form-field-name\" class=\"elementor-field elementor-size-sm  elementor-field-textual\" placeholder=\"*Phone\" required=\"required\">\n\t\t\t\t\t\t\t\t\t\t\t<\/div>\n\t\t\t\t\t\t\t\t<div class=\"elementor-field-type-email elementor-field-group elementor-column elementor-field-group-email elementor-col-100 elementor-field-required\">\n\t\t\t\t\t\t\t\t\t\t\t\t<label for=\"form-field-email\" class=\"elementor-field-label elementor-screen-only\">\n\t\t\t\t\t\t\t\tE-mail\t\t\t\t\t\t\t<\/label>\n\t\t\t\t\t\t\t\t\t\t\t\t\t\t<input size=\"1\" type=\"email\" name=\"form_fields[email]\" id=\"form-field-email\" class=\"elementor-field elementor-size-sm  elementor-field-textual\" placeholder=\"*E-mail\" required=\"required\">\n\t\t\t\t\t\t\t\t\t\t\t<\/div>\n\t\t\t\t\t\t\t\t<div class=\"elementor-field-type-text elementor-field-group elementor-column elementor-field-group-field_b834807 elementor-col-100\">\n\t\t\t\t\t\t\t\t\t\t\t\t<label for=\"form-field-field_b834807\" class=\"elementor-field-label elementor-screen-only\">\n\t\t\t\t\t\t\t\tCity\t\t\t\t\t\t\t<\/label>\n\t\t\t\t\t\t\t\t\t\t\t\t\t\t<input size=\"1\" type=\"text\" name=\"form_fields[field_b834807]\" id=\"form-field-field_b834807\" class=\"elementor-field elementor-size-sm  elementor-field-textual\" placeholder=\"City\">\n\t\t\t\t\t\t\t\t\t\t\t<\/div>\n\t\t\t\t\t\t\t\t<div class=\"elementor-field-type-select elementor-field-group elementor-column elementor-field-group-selectprovincia elementor-col-100 elementor-field-required\">\n\t\t\t\t\t\t\t\t\t\t\t\t<label for=\"form-field-selectprovincia\" class=\"elementor-field-label elementor-screen-only\">\n\t\t\t\t\t\t\t\tProvince\t\t\t\t\t\t\t<\/label>\n\t\t\t\t\t\t\t\t<div class=\"elementor-field elementor-select-wrapper remove-before \">\n\t\t\t<div class=\"select-caret-down-wrapper\">\n\t\t\t\t<svg aria-hidden=\"true\" class=\"e-font-icon-svg e-eicon-caret-down\" viewBox=\"0 0 571.4 571.4\" xmlns=\"http:\/\/www.w3.org\/2000\/svg\"><path d=\"M571 393Q571 407 561 418L311 668Q300 679 286 679T261 668L11 418Q0 407 0 393T11 368 36 357H536Q550 357 561 368T571 393Z\"><\/path><\/svg>\t\t\t<\/div>\n\t\t\t<select name=\"form_fields[selectprovincia]\" id=\"form-field-selectprovincia\" class=\"elementor-field-textual elementor-size-sm\" required=\"required\">\n\t\t\t\t\t\t\t\t\t<option value=\"\">*Select a province<\/option>\n\t\t\t\t\t\t\t\t\t<option value=\"\u00c1lava\">\u00c1lava<\/option>\n\t\t\t\t\t\t\t\t\t<option value=\"Albacete\">Albacete<\/option>\n\t\t\t\t\t\t\t\t\t<option value=\"Alicante\">Alicante<\/option>\n\t\t\t\t\t\t\t\t\t<option value=\"Almer\u00eda\">Almer\u00eda<\/option>\n\t\t\t\t\t\t\t\t\t<option value=\"Asturias\">Asturias<\/option>\n\t\t\t\t\t\t\t\t\t<option value=\"\u00c1vila\">\u00c1vila<\/option>\n\t\t\t\t\t\t\t\t\t<option value=\"Badajoz\">Badajoz<\/option>\n\t\t\t\t\t\t\t\t\t<option value=\"Barcelona\">Barcelona<\/option>\n\t\t\t\t\t\t\t\t\t<option value=\"Burgos\">Burgos<\/option>\n\t\t\t\t\t\t\t\t\t<option value=\"C\u00e1ceres\">C\u00e1ceres<\/option>\n\t\t\t\t\t\t\t\t\t<option value=\"C\u00e1diz\">C\u00e1diz<\/option>\n\t\t\t\t\t\t\t\t\t<option value=\"Cantabria\">Cantabria<\/option>\n\t\t\t\t\t\t\t\t\t<option value=\"Castell\u00f3n\">Castell\u00f3n<\/option>\n\t\t\t\t\t\t\t\t\t<option value=\"Ciudad Real\">Ciudad Real<\/option>\n\t\t\t\t\t\t\t\t\t<option value=\"C\u00f3rdoba\">C\u00f3rdoba<\/option>\n\t\t\t\t\t\t\t\t\t<option value=\"Cuenca\">Cuenca<\/option>\n\t\t\t\t\t\t\t\t\t<option value=\"Girona\">Girona<\/option>\n\t\t\t\t\t\t\t\t\t<option value=\"Granada\">Granada<\/option>\n\t\t\t\t\t\t\t\t\t<option value=\"Guadalajara\">Guadalajara<\/option>\n\t\t\t\t\t\t\t\t\t<option value=\"Guip\u00fazcoa\">Guip\u00fazcoa<\/option>\n\t\t\t\t\t\t\t\t\t<option value=\"Huelva\">Huelva<\/option>\n\t\t\t\t\t\t\t\t\t<option value=\"Huesca\">Huesca<\/option>\n\t\t\t\t\t\t\t\t\t<option value=\"Balearic Islands\">Balearic Islands<\/option>\n\t\t\t\t\t\t\t\t\t<option value=\"Ja\u00e9n\">Ja\u00e9n<\/option>\n\t\t\t\t\t\t\t\t\t<option value=\"La Coru\u00f1a\">La Coru\u00f1a<\/option>\n\t\t\t\t\t\t\t\t\t<option value=\"La Rioja\">La Rioja<\/option>\n\t\t\t\t\t\t\t\t\t<option value=\"Las Palmas\">Las Palmas<\/option>\n\t\t\t\t\t\t\t\t\t<option value=\"Le\u00f3n\">Le\u00f3n<\/option>\n\t\t\t\t\t\t\t\t\t<option value=\"Lleida\">Lleida<\/option>\n\t\t\t\t\t\t\t\t\t<option value=\"Lugo\">Lugo<\/option>\n\t\t\t\t\t\t\t\t\t<option value=\"Madrid\">Madrid<\/option>\n\t\t\t\t\t\t\t\t\t<option value=\"M\u00e1laga\">M\u00e1laga<\/option>\n\t\t\t\t\t\t\t\t\t<option value=\"Murcia\">Murcia<\/option>\n\t\t\t\t\t\t\t\t\t<option value=\"Navarre\">Navarre<\/option>\n\t\t\t\t\t\t\t\t\t<option value=\"Ourense\">Ourense<\/option>\n\t\t\t\t\t\t\t\t\t<option value=\"Palencia\">Palencia<\/option>\n\t\t\t\t\t\t\t\t\t<option value=\"Pontevedra\">Pontevedra<\/option>\n\t\t\t\t\t\t\t\t\t<option value=\"Salamanca\">Salamanca<\/option>\n\t\t\t\t\t\t\t\t\t<option value=\"Santa Cruz de Tenerife\">Santa Cruz de Tenerife<\/option>\n\t\t\t\t\t\t\t\t\t<option value=\"Segovia\">Segovia<\/option>\n\t\t\t\t\t\t\t\t\t<option value=\"Seville\">Seville<\/option>\n\t\t\t\t\t\t\t\t\t<option value=\"Soria\">Soria<\/option>\n\t\t\t\t\t\t\t\t\t<option value=\"Tarragona\">Tarragona<\/option>\n\t\t\t\t\t\t\t\t\t<option value=\"Teruel\">Teruel<\/option>\n\t\t\t\t\t\t\t\t\t<option value=\"Toledo\">Toledo<\/option>\n\t\t\t\t\t\t\t\t\t<option value=\"Valencia\">Valencia<\/option>\n\t\t\t\t\t\t\t\t\t<option value=\"Valladolid\">Valladolid<\/option>\n\t\t\t\t\t\t\t\t\t<option value=\"Vizcaya\">Vizcaya<\/option>\n\t\t\t\t\t\t\t\t\t<option value=\"Zamora\">Zamora<\/option>\n\t\t\t\t\t\t\t\t\t<option value=\"Zaragoza\">Zaragoza<\/option>\n\t\t\t\t\t\t\t<\/select>\n\t\t<\/div>\n\t\t\t\t\t\t<\/div>\n\t\t\t\t\t\t\t\t<div class=\"elementor-field-type-textarea elementor-field-group elementor-column elementor-field-group-message elementor-col-100\">\n\t\t\t\t\t\t\t\t\t\t\t\t<label for=\"form-field-message\" class=\"elementor-field-label elementor-screen-only\">\n\t\t\t\t\t\t\t\tMessage\t\t\t\t\t\t\t<\/label>\n\t\t\t\t\t\t<textarea class=\"elementor-field-textual elementor-field  elementor-size-sm\" name=\"form_fields[message]\" id=\"form-field-message\" rows=\"4\" placeholder=\"Message\"><\/textarea>\t\t\t\t<\/div>\n\t\t\t\t\t\t\t\t<div class=\"elementor-field-type-html elementor-field-group elementor-column elementor-field-group-field_b786875 elementor-col-100\">\n\t\t\t\t\t<p style=\"font-size:12px;margin-bottom:0px;\">DATA PROTECTION:<br>In accordance with data protection regulations, we provide you with the following information on the processing: Responsible party: GARDENSTORE, S.L.\nPurposes of processing: maintain a commercial relationship and send communications about products or services. Rights that assist you: access, rectification, portability, deletion, limitation and opposition.<br>More information on the processing: More information on the processing in the <a href=\"https:\/\/www.gardenstore.es\/en\/privacy-policy\/\" target=\"_blank\">Privacy Policy<\/a><\/p>\t\t\t\t<\/div>\n\t\t\t\t\t\t\t\t<div class=\"elementor-field-type-acceptance elementor-field-group elementor-column elementor-field-group-field_29aeb33 elementor-col-100 elementor-field-required\">\n\t\t\t\t\t\t\t\t\t\t\t\t<label for=\"form-field-field_29aeb33\" class=\"elementor-field-label elementor-screen-only\">\n\t\t\t\t\t\t\t\tI accept the data processing policy\t\t\t\t\t\t\t<\/label>\n\t\t\t\t\t\t\t\t<div class=\"elementor-field-subgroup\">\n\t\t\t<span class=\"elementor-field-option\">\n\t\t\t\t<input type=\"checkbox\" name=\"form_fields[field_29aeb33]\" id=\"form-field-field_29aeb33\" class=\"elementor-field elementor-size-sm  elementor-acceptance-field\" required=\"required\">\n\t\t\t\t<label for=\"form-field-field_29aeb33\">I accept the processing of my data for sending communications about products or services<\/label>\t\t\t<\/span>\n\t\t<\/div>\n\t\t\t\t\t\t<\/div>\n\t\t\t\t\t\t\t\t<div class=\"elementor-field-group elementor-column elementor-field-type-submit elementor-col-100 e-form__buttons\">\n\t\t\t\t\t<button class=\"elementor-button elementor-size-sm\" type=\"submit\">\n\t\t\t\t\t\t<span class=\"elementor-button-content-wrapper\">\n\t\t\t\t\t\t\t\t\t\t\t\t\t\t\t\t\t\t\t\t\t\t<span class=\"elementor-button-text\">Send<\/span>\n\t\t\t\t\t\t\t\t\t\t\t\t\t<\/span>\n\t\t\t\t\t<\/button>\n\t\t\t\t<\/div>\n\t\t\t<\/div>\n\t\t<\/form>\n\t\t\t\t\t\t<\/div>\n\t\t\t\t<\/div>\n\t\t\t\t<\/div>\n\t\t\t\t<\/div>\n\t\t\t\t\t<\/div>\n\t\t\t\t<\/div>\n\t\t\t\t<\/div>\n\t\t","protected":false},"excerpt":{"rendered":"<p>GardenStore Leave us your information to download our catalog<\/p>\n","protected":false},"author":12,"featured_media":0,"parent":0,"menu_order":0,"comment_status":"closed","ping_status":"closed","template":"","meta":{"_acf_changed":false,"footnotes":""},"class_list":["post-12007","page","type-page","status-publish"],"acf":[],"yoast_head":"<!-- This site is optimized with the Yoast SEO plugin v27.3 - https:\/\/yoast.com\/product\/yoast-seo-wordpress\/ -->\n<title>Download Catalog | GardenStore<\/title>\n<meta name=\"robots\" content=\"index, follow, max-snippet:-1, max-image-preview:large, max-video-preview:-1\" \/>\n<link rel=\"canonical\" href=\"https:\/\/www.gardenstore.es\/en\/download-catalog\/\" \/>\n<meta property=\"og:locale\" content=\"en_US\" \/>\n<meta property=\"og:type\" content=\"article\" \/>\n<meta property=\"og:title\" content=\"Download Catalog | GardenStore\" \/>\n<meta property=\"og:description\" content=\"GardenStore Leave us your information to download our catalog\" \/>\n<meta property=\"og:url\" content=\"https:\/\/www.gardenstore.es\/en\/download-catalog\/\" \/>\n<meta property=\"og:site_name\" content=\"GardenStore\" \/>\n<meta property=\"article:modified_time\" content=\"2026-03-27T07:53:47+00:00\" \/>\n<meta name=\"twitter:card\" content=\"summary_large_image\" \/>\n<script type=\"application\/ld+json\" class=\"yoast-schema-graph\">{\"@context\":\"https:\\\/\\\/schema.org\",\"@graph\":[{\"@type\":\"WebPage\",\"@id\":\"https:\\\/\\\/www.gardenstore.es\\\/en\\\/download-catalog\\\/\",\"url\":\"https:\\\/\\\/www.gardenstore.es\\\/en\\\/download-catalog\\\/\",\"name\":\"Download Catalog | GardenStore\",\"isPartOf\":{\"@id\":\"https:\\\/\\\/www.gardenstore.es\\\/en\\\/#website\"},\"datePublished\":\"2023-07-24T07:08:14+00:00\",\"dateModified\":\"2026-03-27T07:53:47+00:00\",\"breadcrumb\":{\"@id\":\"https:\\\/\\\/www.gardenstore.es\\\/en\\\/download-catalog\\\/#breadcrumb\"},\"inLanguage\":\"en-US\",\"potentialAction\":[{\"@type\":\"ReadAction\",\"target\":[\"https:\\\/\\\/www.gardenstore.es\\\/en\\\/download-catalog\\\/\"]}]},{\"@type\":\"BreadcrumbList\",\"@id\":\"https:\\\/\\\/www.gardenstore.es\\\/en\\\/download-catalog\\\/#breadcrumb\",\"itemListElement\":[{\"@type\":\"ListItem\",\"position\":1,\"name\":\"Home\",\"item\":\"https:\\\/\\\/www.gardenstore.es\\\/en\\\/home\\\/\"},{\"@type\":\"ListItem\",\"position\":2,\"name\":\"Download Catalog\"}]},{\"@type\":\"WebSite\",\"@id\":\"https:\\\/\\\/www.gardenstore.es\\\/en\\\/#website\",\"url\":\"https:\\\/\\\/www.gardenstore.es\\\/en\\\/\",\"name\":\"GardenStore | Venta e instalaci\u00f3n de C\u00e9sped Artificial\",\"description\":\"C\u00e9sped Artificial en Sevilla\",\"publisher\":{\"@id\":\"https:\\\/\\\/www.gardenstore.es\\\/en\\\/#organization\"},\"potentialAction\":[{\"@type\":\"SearchAction\",\"target\":{\"@type\":\"EntryPoint\",\"urlTemplate\":\"https:\\\/\\\/www.gardenstore.es\\\/en\\\/?s={search_term_string}\"},\"query-input\":{\"@type\":\"PropertyValueSpecification\",\"valueRequired\":true,\"valueName\":\"search_term_string\"}}],\"inLanguage\":\"en-US\"},{\"@type\":\"Organization\",\"@id\":\"https:\\\/\\\/www.gardenstore.es\\\/en\\\/#organization\",\"name\":\"GardenStore\",\"url\":\"https:\\\/\\\/www.gardenstore.es\\\/en\\\/\",\"logo\":{\"@type\":\"ImageObject\",\"inLanguage\":\"en-US\",\"@id\":\"https:\\\/\\\/www.gardenstore.es\\\/en\\\/#\\\/schema\\\/logo\\\/image\\\/\",\"url\":\"https:\\\/\\\/www.gardenstore.es\\\/wp-content\\\/uploads\\\/2025\\\/10\\\/LOGOTIPO_V1.svg\",\"contentUrl\":\"https:\\\/\\\/www.gardenstore.es\\\/wp-content\\\/uploads\\\/2025\\\/10\\\/LOGOTIPO_V1.svg\",\"width\":818,\"height\":130,\"caption\":\"GardenStore\"},\"image\":{\"@id\":\"https:\\\/\\\/www.gardenstore.es\\\/en\\\/#\\\/schema\\\/logo\\\/image\\\/\"}}]}<\/script>\n<!-- \/ Yoast SEO plugin. -->","yoast_head_json":{"title":"Download Catalog | GardenStore","robots":{"index":"index","follow":"follow","max-snippet":"max-snippet:-1","max-image-preview":"max-image-preview:large","max-video-preview":"max-video-preview:-1"},"canonical":"https:\/\/www.gardenstore.es\/en\/download-catalog\/","og_locale":"en_US","og_type":"article","og_title":"Download Catalog | GardenStore","og_description":"GardenStore Leave us your information to download our catalog","og_url":"https:\/\/www.gardenstore.es\/en\/download-catalog\/","og_site_name":"GardenStore","article_modified_time":"2026-03-27T07:53:47+00:00","twitter_card":"summary_large_image","schema":{"@context":"https:\/\/schema.org","@graph":[{"@type":"WebPage","@id":"https:\/\/www.gardenstore.es\/en\/download-catalog\/","url":"https:\/\/www.gardenstore.es\/en\/download-catalog\/","name":"Download Catalog | GardenStore","isPartOf":{"@id":"https:\/\/www.gardenstore.es\/en\/#website"},"datePublished":"2023-07-24T07:08:14+00:00","dateModified":"2026-03-27T07:53:47+00:00","breadcrumb":{"@id":"https:\/\/www.gardenstore.es\/en\/download-catalog\/#breadcrumb"},"inLanguage":"en-US","potentialAction":[{"@type":"ReadAction","target":["https:\/\/www.gardenstore.es\/en\/download-catalog\/"]}]},{"@type":"BreadcrumbList","@id":"https:\/\/www.gardenstore.es\/en\/download-catalog\/#breadcrumb","itemListElement":[{"@type":"ListItem","position":1,"name":"Home","item":"https:\/\/www.gardenstore.es\/en\/home\/"},{"@type":"ListItem","position":2,"name":"Download Catalog"}]},{"@type":"WebSite","@id":"https:\/\/www.gardenstore.es\/en\/#website","url":"https:\/\/www.gardenstore.es\/en\/","name":"GardenStore | Venta e instalaci\u00f3n de C\u00e9sped Artificial","description":"C\u00e9sped Artificial en Sevilla","publisher":{"@id":"https:\/\/www.gardenstore.es\/en\/#organization"},"potentialAction":[{"@type":"SearchAction","target":{"@type":"EntryPoint","urlTemplate":"https:\/\/www.gardenstore.es\/en\/?s={search_term_string}"},"query-input":{"@type":"PropertyValueSpecification","valueRequired":true,"valueName":"search_term_string"}}],"inLanguage":"en-US"},{"@type":"Organization","@id":"https:\/\/www.gardenstore.es\/en\/#organization","name":"GardenStore","url":"https:\/\/www.gardenstore.es\/en\/","logo":{"@type":"ImageObject","inLanguage":"en-US","@id":"https:\/\/www.gardenstore.es\/en\/#\/schema\/logo\/image\/","url":"https:\/\/www.gardenstore.es\/wp-content\/uploads\/2025\/10\/LOGOTIPO_V1.svg","contentUrl":"https:\/\/www.gardenstore.es\/wp-content\/uploads\/2025\/10\/LOGOTIPO_V1.svg","width":818,"height":130,"caption":"GardenStore"},"image":{"@id":"https:\/\/www.gardenstore.es\/en\/#\/schema\/logo\/image\/"}}]}},"_links":{"self":[{"href":"https:\/\/www.gardenstore.es\/en\/wp-json\/wp\/v2\/pages\/12007","targetHints":{"allow":["GET"]}}],"collection":[{"href":"https:\/\/www.gardenstore.es\/en\/wp-json\/wp\/v2\/pages"}],"about":[{"href":"https:\/\/www.gardenstore.es\/en\/wp-json\/wp\/v2\/types\/page"}],"author":[{"embeddable":true,"href":"https:\/\/www.gardenstore.es\/en\/wp-json\/wp\/v2\/users\/12"}],"replies":[{"embeddable":true,"href":"https:\/\/www.gardenstore.es\/en\/wp-json\/wp\/v2\/comments?post=12007"}],"version-history":[{"count":1,"href":"https:\/\/www.gardenstore.es\/en\/wp-json\/wp\/v2\/pages\/12007\/revisions"}],"predecessor-version":[{"id":16403,"href":"https:\/\/www.gardenstore.es\/en\/wp-json\/wp\/v2\/pages\/12007\/revisions\/16403"}],"wp:attachment":[{"href":"https:\/\/www.gardenstore.es\/en\/wp-json\/wp\/v2\/media?parent=12007"}],"curies":[{"name":"wp","href":"https:\/\/api.w.org\/{rel}","templated":true}]}}