{"id":16446,"date":"2026-04-29T08:16:29","date_gmt":"2026-04-29T06:16:29","guid":{"rendered":"https:\/\/www.gardenstore.es\/?post_type=product&#038;p=16446"},"modified":"2026-04-29T08:34:43","modified_gmt":"2026-04-29T06:34:43","slug":"kunstrasen-astral-regreen-45-copia-copia","status":"publish","type":"product","link":"https:\/\/www.gardenstore.es\/de\/produkt\/kunstrasen\/dekorativ\/garten-und-terrassen\/kunstrasen-astral-regreen-45-copia-copia\/","title":{"rendered":"Kunstrasen Astral Regreen 45 (copia) (copia)"},"content":{"rendered":"","protected":false},"excerpt":{"rendered":"<p>Multidirektionales Modell mit einer gro\u00dfen Anzahl von geraden und gekr\u00e4uselten F\u00e4den, das zusammen mit seinen 12.600 Stichen pro Quadratmeter ein sehr nat\u00fcrliches Aussehen verleiht. Das Ergebnis ist ein gepolsterter Rasen, der sich angenehm anf\u00fchlt und ideal f\u00fcr Terrassen und G\u00e4rten mit Pool ist. <\/p>\n","protected":false},"featured_media":16454,"comment_status":"open","ping_status":"closed","template":"","meta":{"_acf_changed":false},"product_brand":[],"product_cat":[270,279,280,251,281],"product_tag":[],"class_list":{"0":"post-16446","1":"product","2":"type-product","3":"status-publish","4":"has-post-thumbnail","6":"product_cat-dekorativ","7":"product_cat-garten-und-terrassen","8":"product_cat-haustiere","9":"product_cat-kunstrasen","10":"product_cat-schwimmbader","11":"","12":"woocommerce-text-align-left","13":"woocommerce-image-align-center","14":"do-quantity-buttons","16":"first","17":"instock","18":"product-type-simple"},"acf":{"altura":45,"confort":5,"recuperacion":5,"suavidad":4,"resistencia":5,"ficha_de_producto":16462,"tipo_fibra_hilo":"Monofilament (gerade und gewellt) Texturiert","composicion_fibra_hilo":"Polyethylen (PE) + Polypropylen (PP)","dtex":"","peso_hilo":"1.460 gr\/m\u00b2 (\u00b110%)","seccion":"","altura_hilo":"45 mm (\u00b15%)","galga":"","puntadas_10cm":"120 Stiche\/m (\u00b110 %)","puntadas_m2":"12.600 Stiche\/m\u00b2 (\u00b110 %)","tipo_backing":"Ultraback verst\u00e4rkt mit Netz (Red)","composicion_backing":"Polypropylen (PP)","tipo_acabado":"Schaber-Applikation","composicion_acabado":"Ecoback (Recycelbare Acrylverbindung)","peso_backing":"970 gr\/m\u00b2 (\u00b110%)","hilo_recto_numero":"6","hilo_recto_colores":"Verde pino y verde oliva","hilo_rizado_numero":"12","hilo_rizado_colores":"Smaragdgr\u00fcn und Gold","peso_total":"2.430 gr\/m\u00b2 (\u00b110%)","dimensiones_rollo":"30x2 m","drenaje":"","filamentos":""},"gallery_images":[16455,16456,16457],"yoast_head":"<!-- This site is optimized with the Yoast SEO plugin v27.5 - https:\/\/yoast.com\/product\/yoast-seo-wordpress\/ -->\n<title>Kunstrasen Astral Regreen 45 (copia) (copia) | GardenStore<\/title>\n<meta name=\"description\" content=\"Multidirektionales und recycelbares Modell, das eine hohe Dichte an geraden und gekr\u00e4uselten Fasern kombiniert und 12.600 Stiche pro Quadratmeter erreicht.\" \/>\n<meta name=\"robots\" content=\"index, follow, max-snippet:-1, max-image-preview:large, max-video-preview:-1\" \/>\n<link rel=\"canonical\" href=\"https:\/\/www.gardenstore.es\/de\/produkt\/kunstrasen\/dekorativ\/garten-und-terrassen\/kunstrasen-astral-regreen-45-copia-copia\/\" \/>\n<meta property=\"og:locale\" content=\"de_DE\" \/>\n<meta property=\"og:type\" content=\"article\" \/>\n<meta property=\"og:title\" content=\"Kunstrasen Astral Regreen 45 (copia) (copia) | GardenStore\" \/>\n<meta property=\"og:description\" content=\"Multidirektionales und recycelbares Modell, das eine hohe Dichte an geraden und gekr\u00e4uselten Fasern kombiniert und 12.600 Stiche pro Quadratmeter erreicht.\" \/>\n<meta property=\"og:url\" content=\"https:\/\/www.gardenstore.es\/de\/produkt\/kunstrasen\/dekorativ\/garten-und-terrassen\/kunstrasen-astral-regreen-45-copia-copia\/\" \/>\n<meta property=\"og:site_name\" content=\"GardenStore\" \/>\n<meta property=\"article:modified_time\" content=\"2026-04-29T06:34:43+00:00\" \/>\n<meta property=\"og:image\" content=\"https:\/\/www.gardenstore.es\/wp-content\/uploads\/2026\/04\/WhatsApp-Image-2026-04-28-at-14.00.49-3.jpeg\" \/>\n\t<meta property=\"og:image:width\" content=\"1600\" \/>\n\t<meta property=\"og:image:height\" content=\"1600\" \/>\n\t<meta property=\"og:image:type\" content=\"image\/jpeg\" \/>\n<meta name=\"twitter:card\" content=\"summary_large_image\" \/>\n<script type=\"application\/ld+json\" class=\"yoast-schema-graph\">{\"@context\":\"https:\\\/\\\/schema.org\",\"@graph\":[{\"@type\":\"WebPage\",\"@id\":\"https:\\\/\\\/www.gardenstore.es\\\/de\\\/produkt\\\/kunstrasen\\\/dekorativ\\\/garten-und-terrassen\\\/kunstrasen-astral-regreen-45-copia-copia\\\/\",\"url\":\"https:\\\/\\\/www.gardenstore.es\\\/de\\\/produkt\\\/kunstrasen\\\/dekorativ\\\/garten-und-terrassen\\\/kunstrasen-astral-regreen-45-copia-copia\\\/\",\"name\":\"Kunstrasen Astral Regreen 45 (copia) (copia) | GardenStore\",\"isPartOf\":{\"@id\":\"https:\\\/\\\/www.gardenstore.es\\\/de\\\/#website\"},\"primaryImageOfPage\":{\"@id\":\"https:\\\/\\\/www.gardenstore.es\\\/de\\\/produkt\\\/kunstrasen\\\/dekorativ\\\/garten-und-terrassen\\\/kunstrasen-astral-regreen-45-copia-copia\\\/#primaryimage\"},\"image\":{\"@id\":\"https:\\\/\\\/www.gardenstore.es\\\/de\\\/produkt\\\/kunstrasen\\\/dekorativ\\\/garten-und-terrassen\\\/kunstrasen-astral-regreen-45-copia-copia\\\/#primaryimage\"},\"thumbnailUrl\":\"https:\\\/\\\/www.gardenstore.es\\\/wp-content\\\/uploads\\\/2026\\\/04\\\/WhatsApp-Image-2026-04-28-at-14.00.49-3.jpeg\",\"datePublished\":\"2026-04-29T06:16:29+00:00\",\"dateModified\":\"2026-04-29T06:34:43+00:00\",\"description\":\"Multidirektionales und recycelbares Modell, das eine hohe Dichte an geraden und gekr\u00e4uselten Fasern kombiniert und 12.600 Stiche pro Quadratmeter erreicht.\",\"breadcrumb\":{\"@id\":\"https:\\\/\\\/www.gardenstore.es\\\/de\\\/produkt\\\/kunstrasen\\\/dekorativ\\\/garten-und-terrassen\\\/kunstrasen-astral-regreen-45-copia-copia\\\/#breadcrumb\"},\"inLanguage\":\"de\",\"potentialAction\":[{\"@type\":\"ReadAction\",\"target\":[\"https:\\\/\\\/www.gardenstore.es\\\/de\\\/produkt\\\/kunstrasen\\\/dekorativ\\\/garten-und-terrassen\\\/kunstrasen-astral-regreen-45-copia-copia\\\/\"]}]},{\"@type\":\"ImageObject\",\"inLanguage\":\"de\",\"@id\":\"https:\\\/\\\/www.gardenstore.es\\\/de\\\/produkt\\\/kunstrasen\\\/dekorativ\\\/garten-und-terrassen\\\/kunstrasen-astral-regreen-45-copia-copia\\\/#primaryimage\",\"url\":\"https:\\\/\\\/www.gardenstore.es\\\/wp-content\\\/uploads\\\/2026\\\/04\\\/WhatsApp-Image-2026-04-28-at-14.00.49-3.jpeg\",\"contentUrl\":\"https:\\\/\\\/www.gardenstore.es\\\/wp-content\\\/uploads\\\/2026\\\/04\\\/WhatsApp-Image-2026-04-28-at-14.00.49-3.jpeg\",\"width\":1600,\"height\":1600,\"caption\":\"C\u00e9sped Artificial Alaska 45\"},{\"@type\":\"BreadcrumbList\",\"@id\":\"https:\\\/\\\/www.gardenstore.es\\\/de\\\/produkt\\\/kunstrasen\\\/dekorativ\\\/garten-und-terrassen\\\/kunstrasen-astral-regreen-45-copia-copia\\\/#breadcrumb\",\"itemListElement\":[{\"@type\":\"ListItem\",\"position\":1,\"name\":\"Startseite\",\"item\":\"https:\\\/\\\/www.gardenstore.es\\\/de\\\/startseite\\\/\"},{\"@type\":\"ListItem\",\"position\":2,\"name\":\"Shop\",\"item\":\"https:\\\/\\\/www.gardenstore.es\\\/de\\\/shop\\\/\"},{\"@type\":\"ListItem\",\"position\":3,\"name\":\"Kunstrasen\",\"item\":\"https:\\\/\\\/www.gardenstore.es\\\/de\\\/produkt-kategorie\\\/kunstrasen\\\/\"},{\"@type\":\"ListItem\",\"position\":4,\"name\":\"Kunstrasen Astral Regreen 45 (copia) (copia)\"}]},{\"@type\":\"WebSite\",\"@id\":\"https:\\\/\\\/www.gardenstore.es\\\/de\\\/#website\",\"url\":\"https:\\\/\\\/www.gardenstore.es\\\/de\\\/\",\"name\":\"GardenStore | Venta e instalaci\u00f3n de C\u00e9sped Artificial\",\"description\":\"C\u00e9sped Artificial en Sevilla\",\"publisher\":{\"@id\":\"https:\\\/\\\/www.gardenstore.es\\\/de\\\/#organization\"},\"potentialAction\":[{\"@type\":\"SearchAction\",\"target\":{\"@type\":\"EntryPoint\",\"urlTemplate\":\"https:\\\/\\\/www.gardenstore.es\\\/de\\\/?s={search_term_string}\"},\"query-input\":{\"@type\":\"PropertyValueSpecification\",\"valueRequired\":true,\"valueName\":\"search_term_string\"}}],\"inLanguage\":\"de\"},{\"@type\":\"Organization\",\"@id\":\"https:\\\/\\\/www.gardenstore.es\\\/de\\\/#organization\",\"name\":\"GardenStore\",\"url\":\"https:\\\/\\\/www.gardenstore.es\\\/de\\\/\",\"logo\":{\"@type\":\"ImageObject\",\"inLanguage\":\"de\",\"@id\":\"https:\\\/\\\/www.gardenstore.es\\\/de\\\/#\\\/schema\\\/logo\\\/image\\\/\",\"url\":\"https:\\\/\\\/www.gardenstore.es\\\/wp-content\\\/uploads\\\/2025\\\/10\\\/LOGOTIPO_V1-1.svg\",\"contentUrl\":\"https:\\\/\\\/www.gardenstore.es\\\/wp-content\\\/uploads\\\/2025\\\/10\\\/LOGOTIPO_V1-1.svg\",\"width\":818,\"height\":130,\"caption\":\"GardenStore\"},\"image\":{\"@id\":\"https:\\\/\\\/www.gardenstore.es\\\/de\\\/#\\\/schema\\\/logo\\\/image\\\/\"}}]}<\/script>\n<!-- \/ Yoast SEO plugin. -->","yoast_head_json":{"title":"Kunstrasen Astral Regreen 45 (copia) (copia) | GardenStore","description":"Multidirektionales und recycelbares Modell, das eine hohe Dichte an geraden und gekr\u00e4uselten Fasern kombiniert und 12.600 Stiche pro Quadratmeter erreicht.","robots":{"index":"index","follow":"follow","max-snippet":"max-snippet:-1","max-image-preview":"max-image-preview:large","max-video-preview":"max-video-preview:-1"},"canonical":"https:\/\/www.gardenstore.es\/de\/produkt\/kunstrasen\/dekorativ\/garten-und-terrassen\/kunstrasen-astral-regreen-45-copia-copia\/","og_locale":"de_DE","og_type":"article","og_title":"Kunstrasen Astral Regreen 45 (copia) (copia) | GardenStore","og_description":"Multidirektionales und recycelbares Modell, das eine hohe Dichte an geraden und gekr\u00e4uselten Fasern kombiniert und 12.600 Stiche pro Quadratmeter erreicht.","og_url":"https:\/\/www.gardenstore.es\/de\/produkt\/kunstrasen\/dekorativ\/garten-und-terrassen\/kunstrasen-astral-regreen-45-copia-copia\/","og_site_name":"GardenStore","article_modified_time":"2026-04-29T06:34:43+00:00","og_image":[{"width":1600,"height":1600,"url":"https:\/\/www.gardenstore.es\/wp-content\/uploads\/2026\/04\/WhatsApp-Image-2026-04-28-at-14.00.49-3.jpeg","type":"image\/jpeg"}],"twitter_card":"summary_large_image","schema":{"@context":"https:\/\/schema.org","@graph":[{"@type":"WebPage","@id":"https:\/\/www.gardenstore.es\/de\/produkt\/kunstrasen\/dekorativ\/garten-und-terrassen\/kunstrasen-astral-regreen-45-copia-copia\/","url":"https:\/\/www.gardenstore.es\/de\/produkt\/kunstrasen\/dekorativ\/garten-und-terrassen\/kunstrasen-astral-regreen-45-copia-copia\/","name":"Kunstrasen Astral Regreen 45 (copia) (copia) | GardenStore","isPartOf":{"@id":"https:\/\/www.gardenstore.es\/de\/#website"},"primaryImageOfPage":{"@id":"https:\/\/www.gardenstore.es\/de\/produkt\/kunstrasen\/dekorativ\/garten-und-terrassen\/kunstrasen-astral-regreen-45-copia-copia\/#primaryimage"},"image":{"@id":"https:\/\/www.gardenstore.es\/de\/produkt\/kunstrasen\/dekorativ\/garten-und-terrassen\/kunstrasen-astral-regreen-45-copia-copia\/#primaryimage"},"thumbnailUrl":"https:\/\/www.gardenstore.es\/wp-content\/uploads\/2026\/04\/WhatsApp-Image-2026-04-28-at-14.00.49-3.jpeg","datePublished":"2026-04-29T06:16:29+00:00","dateModified":"2026-04-29T06:34:43+00:00","description":"Multidirektionales und recycelbares Modell, das eine hohe Dichte an geraden und gekr\u00e4uselten Fasern kombiniert und 12.600 Stiche pro Quadratmeter erreicht.","breadcrumb":{"@id":"https:\/\/www.gardenstore.es\/de\/produkt\/kunstrasen\/dekorativ\/garten-und-terrassen\/kunstrasen-astral-regreen-45-copia-copia\/#breadcrumb"},"inLanguage":"de","potentialAction":[{"@type":"ReadAction","target":["https:\/\/www.gardenstore.es\/de\/produkt\/kunstrasen\/dekorativ\/garten-und-terrassen\/kunstrasen-astral-regreen-45-copia-copia\/"]}]},{"@type":"ImageObject","inLanguage":"de","@id":"https:\/\/www.gardenstore.es\/de\/produkt\/kunstrasen\/dekorativ\/garten-und-terrassen\/kunstrasen-astral-regreen-45-copia-copia\/#primaryimage","url":"https:\/\/www.gardenstore.es\/wp-content\/uploads\/2026\/04\/WhatsApp-Image-2026-04-28-at-14.00.49-3.jpeg","contentUrl":"https:\/\/www.gardenstore.es\/wp-content\/uploads\/2026\/04\/WhatsApp-Image-2026-04-28-at-14.00.49-3.jpeg","width":1600,"height":1600,"caption":"C\u00e9sped Artificial Alaska 45"},{"@type":"BreadcrumbList","@id":"https:\/\/www.gardenstore.es\/de\/produkt\/kunstrasen\/dekorativ\/garten-und-terrassen\/kunstrasen-astral-regreen-45-copia-copia\/#breadcrumb","itemListElement":[{"@type":"ListItem","position":1,"name":"Startseite","item":"https:\/\/www.gardenstore.es\/de\/startseite\/"},{"@type":"ListItem","position":2,"name":"Shop","item":"https:\/\/www.gardenstore.es\/de\/shop\/"},{"@type":"ListItem","position":3,"name":"Kunstrasen","item":"https:\/\/www.gardenstore.es\/de\/produkt-kategorie\/kunstrasen\/"},{"@type":"ListItem","position":4,"name":"Kunstrasen Astral Regreen 45 (copia) (copia)"}]},{"@type":"WebSite","@id":"https:\/\/www.gardenstore.es\/de\/#website","url":"https:\/\/www.gardenstore.es\/de\/","name":"GardenStore | Venta e instalaci\u00f3n de C\u00e9sped Artificial","description":"C\u00e9sped Artificial en Sevilla","publisher":{"@id":"https:\/\/www.gardenstore.es\/de\/#organization"},"potentialAction":[{"@type":"SearchAction","target":{"@type":"EntryPoint","urlTemplate":"https:\/\/www.gardenstore.es\/de\/?s={search_term_string}"},"query-input":{"@type":"PropertyValueSpecification","valueRequired":true,"valueName":"search_term_string"}}],"inLanguage":"de"},{"@type":"Organization","@id":"https:\/\/www.gardenstore.es\/de\/#organization","name":"GardenStore","url":"https:\/\/www.gardenstore.es\/de\/","logo":{"@type":"ImageObject","inLanguage":"de","@id":"https:\/\/www.gardenstore.es\/de\/#\/schema\/logo\/image\/","url":"https:\/\/www.gardenstore.es\/wp-content\/uploads\/2025\/10\/LOGOTIPO_V1-1.svg","contentUrl":"https:\/\/www.gardenstore.es\/wp-content\/uploads\/2025\/10\/LOGOTIPO_V1-1.svg","width":818,"height":130,"caption":"GardenStore"},"image":{"@id":"https:\/\/www.gardenstore.es\/de\/#\/schema\/logo\/image\/"}}]}},"_links":{"self":[{"href":"https:\/\/www.gardenstore.es\/de\/wp-json\/wp\/v2\/product\/16446","targetHints":{"allow":["GET"]}}],"collection":[{"href":"https:\/\/www.gardenstore.es\/de\/wp-json\/wp\/v2\/product"}],"about":[{"href":"https:\/\/www.gardenstore.es\/de\/wp-json\/wp\/v2\/types\/product"}],"replies":[{"embeddable":true,"href":"https:\/\/www.gardenstore.es\/de\/wp-json\/wp\/v2\/comments?post=16446"}],"wp:featuredmedia":[{"embeddable":true,"href":"https:\/\/www.gardenstore.es\/de\/wp-json\/wp\/v2\/media\/16454"}],"wp:attachment":[{"href":"https:\/\/www.gardenstore.es\/de\/wp-json\/wp\/v2\/media?parent=16446"}],"wp:term":[{"taxonomy":"product_brand","embeddable":true,"href":"https:\/\/www.gardenstore.es\/de\/wp-json\/wp\/v2\/product_brand?post=16446"},{"taxonomy":"product_cat","embeddable":true,"href":"https:\/\/www.gardenstore.es\/de\/wp-json\/wp\/v2\/product_cat?post=16446"},{"taxonomy":"product_tag","embeddable":true,"href":"https:\/\/www.gardenstore.es\/de\/wp-json\/wp\/v2\/product_tag?post=16446"}],"curies":[{"name":"wp","href":"https:\/\/api.w.org\/{rel}","templated":true}]}}