{"id":14588,"date":"2025-04-09T14:43:24","date_gmt":"2025-04-09T12:43:24","guid":{"rendered":"https:\/\/www.gardenstore.es\/producto\/unkategorisiert\/kunstrasen-dakota-30\/"},"modified":"2025-10-20T11:01:34","modified_gmt":"2025-10-20T09:01:34","slug":"kunstrasen-dakota-30","status":"publish","type":"product","link":"https:\/\/www.gardenstore.es\/de\/produkt\/kunstrasen\/dekorativ\/offentliche-bereiche\/kunstrasen-dakota-30\/","title":{"rendered":"Kunstrasen Dakota 30"},"content":{"rendered":"","protected":false},"excerpt":{"rendered":"<p>Modell mit gro\u00dfer Weichheit und Komfort, basierend auf der Qualit\u00e4t von Polyethylen als Hauptrohstoff. Dank der sch\u00f6nen Farbkombination erzielt es ein sehr nat\u00fcrliches Aussehen. Empfohlen f\u00fcr Terrassen, G\u00e4rten, Spielpl\u00e4tze und \u00f6ffentliche Bereiche als dekorativer Kunstrasen.  <\/p>\n","protected":false},"featured_media":14609,"comment_status":"open","ping_status":"closed","template":"","meta":{"_acf_changed":false},"product_brand":[],"product_cat":[270,279,330,251,277],"product_tag":[],"class_list":{"0":"post-14588","1":"product","2":"type-product","3":"status-publish","4":"has-post-thumbnail","6":"product_cat-dekorativ","7":"product_cat-garten-und-terrassen","8":"product_cat-kinderspielplatze","9":"product_cat-kunstrasen","10":"product_cat-offentliche-bereiche","11":"","12":"woocommerce-text-align-left","13":"woocommerce-image-align-center","14":"do-quantity-buttons","16":"first","17":"instock","18":"product-type-simple"},"acf":{"altura":30,"confort":4,"recuperacion":3,"suavidad":5,"resistencia":3,"ficha_de_producto":16348,"tipo_fibra_hilo":"Texturiertes Monofilament","composicion_fibra_hilo":"Polyethylen (PE) + Polypropylen (PP)","dtex":"","peso_hilo":"860 gr\/m\u00b2 (\u00b110%)","seccion":"","altura_hilo":"30 mm (\u00b15%)","galga":"","puntadas_10cm":"240 Stiche\/m (\u00b110 %)","puntadas_m2":"25.200 Stiche\/m\u00b2 (\u00b110 %)","tipo_backing":"Ultraback verst\u00e4rkt mit Netz (Red)","composicion_backing":"Polypropylen (PP)","tipo_acabado":"Schaber-Applikation","composicion_acabado":"Latex","peso_backing":"1.060 gr\/m\u00b2 (\u00b110%)","hilo_recto_numero":"6","hilo_recto_colores":"Verde hoja y verde oliva","hilo_rizado_numero":"6","hilo_rizado_colores":"Wagenfarbe Gr\u00fcn und Beige","peso_total":"1.920 gr\/m\u00b2 (\u00b110%)","dimensiones_rollo":"25 X 2m | 25 X 4m","drenaje":"","filamentos":""},"gallery_images":[14601,14600,14602,14603,14604,14605,14606],"yoast_head":"<!-- This site is optimized with the Yoast SEO plugin v27.4 - https:\/\/yoast.com\/product\/yoast-seo-wordpress\/ -->\n<title>Kunstrasen Dakota 30 | GardenStore<\/title>\n<meta name=\"robots\" content=\"index, follow, max-snippet:-1, max-image-preview:large, max-video-preview:-1\" \/>\n<link rel=\"canonical\" href=\"https:\/\/www.gardenstore.es\/de\/produkt\/kunstrasen\/dekorativ\/offentliche-bereiche\/kunstrasen-dakota-30\/\" \/>\n<meta property=\"og:locale\" content=\"de_DE\" \/>\n<meta property=\"og:type\" content=\"article\" \/>\n<meta property=\"og:title\" content=\"Kunstrasen Dakota 30 | GardenStore\" \/>\n<meta property=\"og:description\" content=\"Modell mit gro\u00dfer Weichheit und Komfort, basierend auf der Qualit\u00e4t von Polyethylen als Hauptrohstoff. Dank der sch\u00f6nen Farbkombination erzielt es ein sehr nat\u00fcrliches Aussehen. Empfohlen f\u00fcr Terrassen, G\u00e4rten, Spielpl\u00e4tze und \u00f6ffentliche Bereiche als dekorativer Kunstrasen.\" \/>\n<meta property=\"og:url\" content=\"https:\/\/www.gardenstore.es\/de\/produkt\/kunstrasen\/dekorativ\/offentliche-bereiche\/kunstrasen-dakota-30\/\" \/>\n<meta property=\"og:site_name\" content=\"GardenStore\" \/>\n<meta property=\"article:modified_time\" content=\"2025-10-20T09:01:34+00:00\" \/>\n<meta property=\"og:image\" content=\"https:\/\/www.gardenstore.es\/wp-content\/uploads\/2025\/04\/GS-DAKOTA30-001.jpg\" \/>\n\t<meta property=\"og:image:width\" content=\"1100\" \/>\n\t<meta property=\"og:image:height\" content=\"1100\" \/>\n\t<meta property=\"og:image:type\" content=\"image\/jpeg\" \/>\n<meta name=\"twitter:card\" content=\"summary_large_image\" \/>\n<script type=\"application\/ld+json\" class=\"yoast-schema-graph\">{\"@context\":\"https:\\\/\\\/schema.org\",\"@graph\":[{\"@type\":\"WebPage\",\"@id\":\"https:\\\/\\\/www.gardenstore.es\\\/de\\\/produkt\\\/kunstrasen\\\/dekorativ\\\/offentliche-bereiche\\\/kunstrasen-dakota-30\\\/\",\"url\":\"https:\\\/\\\/www.gardenstore.es\\\/de\\\/produkt\\\/kunstrasen\\\/dekorativ\\\/offentliche-bereiche\\\/kunstrasen-dakota-30\\\/\",\"name\":\"Kunstrasen Dakota 30 | GardenStore\",\"isPartOf\":{\"@id\":\"https:\\\/\\\/www.gardenstore.es\\\/de\\\/#website\"},\"primaryImageOfPage\":{\"@id\":\"https:\\\/\\\/www.gardenstore.es\\\/de\\\/produkt\\\/kunstrasen\\\/dekorativ\\\/offentliche-bereiche\\\/kunstrasen-dakota-30\\\/#primaryimage\"},\"image\":{\"@id\":\"https:\\\/\\\/www.gardenstore.es\\\/de\\\/produkt\\\/kunstrasen\\\/dekorativ\\\/offentliche-bereiche\\\/kunstrasen-dakota-30\\\/#primaryimage\"},\"thumbnailUrl\":\"https:\\\/\\\/www.gardenstore.es\\\/wp-content\\\/uploads\\\/2025\\\/04\\\/GS-DAKOTA30-001.jpg\",\"datePublished\":\"2025-04-09T12:43:24+00:00\",\"dateModified\":\"2025-10-20T09:01:34+00:00\",\"breadcrumb\":{\"@id\":\"https:\\\/\\\/www.gardenstore.es\\\/de\\\/produkt\\\/kunstrasen\\\/dekorativ\\\/offentliche-bereiche\\\/kunstrasen-dakota-30\\\/#breadcrumb\"},\"inLanguage\":\"de\",\"potentialAction\":[{\"@type\":\"ReadAction\",\"target\":[\"https:\\\/\\\/www.gardenstore.es\\\/de\\\/produkt\\\/kunstrasen\\\/dekorativ\\\/offentliche-bereiche\\\/kunstrasen-dakota-30\\\/\"]}]},{\"@type\":\"ImageObject\",\"inLanguage\":\"de\",\"@id\":\"https:\\\/\\\/www.gardenstore.es\\\/de\\\/produkt\\\/kunstrasen\\\/dekorativ\\\/offentliche-bereiche\\\/kunstrasen-dakota-30\\\/#primaryimage\",\"url\":\"https:\\\/\\\/www.gardenstore.es\\\/wp-content\\\/uploads\\\/2025\\\/04\\\/GS-DAKOTA30-001.jpg\",\"contentUrl\":\"https:\\\/\\\/www.gardenstore.es\\\/wp-content\\\/uploads\\\/2025\\\/04\\\/GS-DAKOTA30-001.jpg\",\"width\":1100,\"height\":1100,\"caption\":\"Kunstrasen Dakota 30\"},{\"@type\":\"BreadcrumbList\",\"@id\":\"https:\\\/\\\/www.gardenstore.es\\\/de\\\/produkt\\\/kunstrasen\\\/dekorativ\\\/offentliche-bereiche\\\/kunstrasen-dakota-30\\\/#breadcrumb\",\"itemListElement\":[{\"@type\":\"ListItem\",\"position\":1,\"name\":\"Startseite\",\"item\":\"https:\\\/\\\/www.gardenstore.es\\\/de\\\/startseite\\\/\"},{\"@type\":\"ListItem\",\"position\":2,\"name\":\"Shop\",\"item\":\"https:\\\/\\\/www.gardenstore.es\\\/de\\\/shop\\\/\"},{\"@type\":\"ListItem\",\"position\":3,\"name\":\"Kunstrasen\",\"item\":\"https:\\\/\\\/www.gardenstore.es\\\/de\\\/produkt-kategorie\\\/kunstrasen\\\/\"},{\"@type\":\"ListItem\",\"position\":4,\"name\":\"Kunstrasen Dakota 30\"}]},{\"@type\":\"WebSite\",\"@id\":\"https:\\\/\\\/www.gardenstore.es\\\/de\\\/#website\",\"url\":\"https:\\\/\\\/www.gardenstore.es\\\/de\\\/\",\"name\":\"GardenStore | Venta e instalaci\u00f3n de C\u00e9sped Artificial\",\"description\":\"C\u00e9sped Artificial en Sevilla\",\"publisher\":{\"@id\":\"https:\\\/\\\/www.gardenstore.es\\\/de\\\/#organization\"},\"potentialAction\":[{\"@type\":\"SearchAction\",\"target\":{\"@type\":\"EntryPoint\",\"urlTemplate\":\"https:\\\/\\\/www.gardenstore.es\\\/de\\\/?s={search_term_string}\"},\"query-input\":{\"@type\":\"PropertyValueSpecification\",\"valueRequired\":true,\"valueName\":\"search_term_string\"}}],\"inLanguage\":\"de\"},{\"@type\":\"Organization\",\"@id\":\"https:\\\/\\\/www.gardenstore.es\\\/de\\\/#organization\",\"name\":\"GardenStore\",\"url\":\"https:\\\/\\\/www.gardenstore.es\\\/de\\\/\",\"logo\":{\"@type\":\"ImageObject\",\"inLanguage\":\"de\",\"@id\":\"https:\\\/\\\/www.gardenstore.es\\\/de\\\/#\\\/schema\\\/logo\\\/image\\\/\",\"url\":\"https:\\\/\\\/www.gardenstore.es\\\/wp-content\\\/uploads\\\/2025\\\/10\\\/LOGOTIPO_V1-1.svg\",\"contentUrl\":\"https:\\\/\\\/www.gardenstore.es\\\/wp-content\\\/uploads\\\/2025\\\/10\\\/LOGOTIPO_V1-1.svg\",\"width\":818,\"height\":130,\"caption\":\"GardenStore\"},\"image\":{\"@id\":\"https:\\\/\\\/www.gardenstore.es\\\/de\\\/#\\\/schema\\\/logo\\\/image\\\/\"}}]}<\/script>\n<!-- \/ Yoast SEO plugin. -->","yoast_head_json":{"title":"Kunstrasen Dakota 30 | GardenStore","robots":{"index":"index","follow":"follow","max-snippet":"max-snippet:-1","max-image-preview":"max-image-preview:large","max-video-preview":"max-video-preview:-1"},"canonical":"https:\/\/www.gardenstore.es\/de\/produkt\/kunstrasen\/dekorativ\/offentliche-bereiche\/kunstrasen-dakota-30\/","og_locale":"de_DE","og_type":"article","og_title":"Kunstrasen Dakota 30 | GardenStore","og_description":"Modell mit gro\u00dfer Weichheit und Komfort, basierend auf der Qualit\u00e4t von Polyethylen als Hauptrohstoff. Dank der sch\u00f6nen Farbkombination erzielt es ein sehr nat\u00fcrliches Aussehen. Empfohlen f\u00fcr Terrassen, G\u00e4rten, Spielpl\u00e4tze und \u00f6ffentliche Bereiche als dekorativer Kunstrasen.","og_url":"https:\/\/www.gardenstore.es\/de\/produkt\/kunstrasen\/dekorativ\/offentliche-bereiche\/kunstrasen-dakota-30\/","og_site_name":"GardenStore","article_modified_time":"2025-10-20T09:01:34+00:00","og_image":[{"width":1100,"height":1100,"url":"https:\/\/www.gardenstore.es\/wp-content\/uploads\/2025\/04\/GS-DAKOTA30-001.jpg","type":"image\/jpeg"}],"twitter_card":"summary_large_image","schema":{"@context":"https:\/\/schema.org","@graph":[{"@type":"WebPage","@id":"https:\/\/www.gardenstore.es\/de\/produkt\/kunstrasen\/dekorativ\/offentliche-bereiche\/kunstrasen-dakota-30\/","url":"https:\/\/www.gardenstore.es\/de\/produkt\/kunstrasen\/dekorativ\/offentliche-bereiche\/kunstrasen-dakota-30\/","name":"Kunstrasen Dakota 30 | GardenStore","isPartOf":{"@id":"https:\/\/www.gardenstore.es\/de\/#website"},"primaryImageOfPage":{"@id":"https:\/\/www.gardenstore.es\/de\/produkt\/kunstrasen\/dekorativ\/offentliche-bereiche\/kunstrasen-dakota-30\/#primaryimage"},"image":{"@id":"https:\/\/www.gardenstore.es\/de\/produkt\/kunstrasen\/dekorativ\/offentliche-bereiche\/kunstrasen-dakota-30\/#primaryimage"},"thumbnailUrl":"https:\/\/www.gardenstore.es\/wp-content\/uploads\/2025\/04\/GS-DAKOTA30-001.jpg","datePublished":"2025-04-09T12:43:24+00:00","dateModified":"2025-10-20T09:01:34+00:00","breadcrumb":{"@id":"https:\/\/www.gardenstore.es\/de\/produkt\/kunstrasen\/dekorativ\/offentliche-bereiche\/kunstrasen-dakota-30\/#breadcrumb"},"inLanguage":"de","potentialAction":[{"@type":"ReadAction","target":["https:\/\/www.gardenstore.es\/de\/produkt\/kunstrasen\/dekorativ\/offentliche-bereiche\/kunstrasen-dakota-30\/"]}]},{"@type":"ImageObject","inLanguage":"de","@id":"https:\/\/www.gardenstore.es\/de\/produkt\/kunstrasen\/dekorativ\/offentliche-bereiche\/kunstrasen-dakota-30\/#primaryimage","url":"https:\/\/www.gardenstore.es\/wp-content\/uploads\/2025\/04\/GS-DAKOTA30-001.jpg","contentUrl":"https:\/\/www.gardenstore.es\/wp-content\/uploads\/2025\/04\/GS-DAKOTA30-001.jpg","width":1100,"height":1100,"caption":"Kunstrasen Dakota 30"},{"@type":"BreadcrumbList","@id":"https:\/\/www.gardenstore.es\/de\/produkt\/kunstrasen\/dekorativ\/offentliche-bereiche\/kunstrasen-dakota-30\/#breadcrumb","itemListElement":[{"@type":"ListItem","position":1,"name":"Startseite","item":"https:\/\/www.gardenstore.es\/de\/startseite\/"},{"@type":"ListItem","position":2,"name":"Shop","item":"https:\/\/www.gardenstore.es\/de\/shop\/"},{"@type":"ListItem","position":3,"name":"Kunstrasen","item":"https:\/\/www.gardenstore.es\/de\/produkt-kategorie\/kunstrasen\/"},{"@type":"ListItem","position":4,"name":"Kunstrasen Dakota 30"}]},{"@type":"WebSite","@id":"https:\/\/www.gardenstore.es\/de\/#website","url":"https:\/\/www.gardenstore.es\/de\/","name":"GardenStore | Venta e instalaci\u00f3n de C\u00e9sped Artificial","description":"C\u00e9sped Artificial en Sevilla","publisher":{"@id":"https:\/\/www.gardenstore.es\/de\/#organization"},"potentialAction":[{"@type":"SearchAction","target":{"@type":"EntryPoint","urlTemplate":"https:\/\/www.gardenstore.es\/de\/?s={search_term_string}"},"query-input":{"@type":"PropertyValueSpecification","valueRequired":true,"valueName":"search_term_string"}}],"inLanguage":"de"},{"@type":"Organization","@id":"https:\/\/www.gardenstore.es\/de\/#organization","name":"GardenStore","url":"https:\/\/www.gardenstore.es\/de\/","logo":{"@type":"ImageObject","inLanguage":"de","@id":"https:\/\/www.gardenstore.es\/de\/#\/schema\/logo\/image\/","url":"https:\/\/www.gardenstore.es\/wp-content\/uploads\/2025\/10\/LOGOTIPO_V1-1.svg","contentUrl":"https:\/\/www.gardenstore.es\/wp-content\/uploads\/2025\/10\/LOGOTIPO_V1-1.svg","width":818,"height":130,"caption":"GardenStore"},"image":{"@id":"https:\/\/www.gardenstore.es\/de\/#\/schema\/logo\/image\/"}}]}},"_links":{"self":[{"href":"https:\/\/www.gardenstore.es\/de\/wp-json\/wp\/v2\/product\/14588","targetHints":{"allow":["GET"]}}],"collection":[{"href":"https:\/\/www.gardenstore.es\/de\/wp-json\/wp\/v2\/product"}],"about":[{"href":"https:\/\/www.gardenstore.es\/de\/wp-json\/wp\/v2\/types\/product"}],"replies":[{"embeddable":true,"href":"https:\/\/www.gardenstore.es\/de\/wp-json\/wp\/v2\/comments?post=14588"}],"wp:featuredmedia":[{"embeddable":true,"href":"https:\/\/www.gardenstore.es\/de\/wp-json\/wp\/v2\/media\/14609"}],"wp:attachment":[{"href":"https:\/\/www.gardenstore.es\/de\/wp-json\/wp\/v2\/media?parent=14588"}],"wp:term":[{"taxonomy":"product_brand","embeddable":true,"href":"https:\/\/www.gardenstore.es\/de\/wp-json\/wp\/v2\/product_brand?post=14588"},{"taxonomy":"product_cat","embeddable":true,"href":"https:\/\/www.gardenstore.es\/de\/wp-json\/wp\/v2\/product_cat?post=14588"},{"taxonomy":"product_tag","embeddable":true,"href":"https:\/\/www.gardenstore.es\/de\/wp-json\/wp\/v2\/product_tag?post=14588"}],"curies":[{"name":"wp","href":"https:\/\/api.w.org\/{rel}","templated":true}]}}