{"id":13599,"date":"2025-04-09T14:43:24","date_gmt":"2025-04-09T12:43:24","guid":{"rendered":"https:\/\/www.gardenstore.es\/producto\/unkategorisiert\/kunstrasen-ecograss-7\/"},"modified":"2025-10-20T11:01:08","modified_gmt":"2025-10-20T09:01:08","slug":"kunstrasen-ecograss-7","status":"publish","type":"product","link":"https:\/\/www.gardenstore.es\/de\/produkt\/kunstrasen\/dekorativ\/offentliche-bereiche\/kunstrasen-ecograss-7\/","title":{"rendered":"Kunstrasen Ecograss 7"},"content":{"rendered":"","protected":false},"excerpt":{"rendered":"<p>Er ist sehr einfach zu verlegen und eignet sich ideal f\u00fcr Veranstaltungen im Innen- und Au\u00dfenbereich. Perfekt, um stark frequentierte Bereiche abzudecken.<\/p>\n","protected":false},"featured_media":13607,"comment_status":"open","ping_status":"closed","template":"","meta":{"_acf_changed":false},"product_brand":[],"product_cat":[270,303,251,277,288],"product_tag":[],"class_list":{"0":"post-13599","1":"product","2":"type-product","3":"status-publish","4":"has-post-thumbnail","6":"product_cat-dekorativ","7":"product_cat-innenarchitektur","8":"product_cat-kunstrasen","9":"product_cat-offentliche-bereiche","10":"product_cat-veranstaltungen","11":"","12":"woocommerce-text-align-left","13":"woocommerce-image-align-center","14":"do-quantity-buttons","16":"first","17":"instock","18":"product-type-simple"},"acf":{"altura":7,"confort":3,"recuperacion":4,"suavidad":3,"resistencia":3,"ficha_de_producto":16352,"tipo_fibra_hilo":"Fibrilliert","composicion_fibra_hilo":"Polypropylen (PP)","dtex":"","peso_hilo":"300 gr\/m\u00b2 (\u00b110%)","seccion":"","altura_hilo":"7 mm (\u00b15%)","galga":"","puntadas_10cm":"240 Stiche\/m (\u00b110 %)","puntadas_m2":"75.600 Stiche\/m\u00b2 (\u00b110%)","tipo_backing":"Einfache Unterlage","composicion_backing":"Polypropylen (PP)","tipo_acabado":"Zylinder mit Lamellen","composicion_acabado":"Latex","peso_backing":"400 gr\/m\u00b2 (\u00b110%)","hilo_recto_numero":"4","hilo_recto_colores":"Verde esmeralda","hilo_rizado_numero":"","hilo_rizado_colores":"","peso_total":"700 gr\/m\u00b2 (\u00b110%)","dimensiones_rollo":"5 X 1 | 10 x1 | 30 X 1","drenaje":"","filamentos":""},"gallery_images":[13602,13603,13604,13605,13606],"yoast_head":"<!-- This site is optimized with the Yoast SEO plugin v27.4 - https:\/\/yoast.com\/product\/yoast-seo-wordpress\/ -->\n<title>Kunstrasen Ecograss 7 | GardenStore<\/title>\n<meta name=\"description\" content=\"Dieses Kunstrasenmodell ist sehr einfach zu verlegen, ideal f\u00fcr Veranstaltungen und perfekt, um stark frequentierte Bereiche abzudecken.\" \/>\n<meta name=\"robots\" content=\"index, follow, max-snippet:-1, max-image-preview:large, max-video-preview:-1\" \/>\n<link rel=\"canonical\" href=\"https:\/\/www.gardenstore.es\/de\/produkt\/kunstrasen\/dekorativ\/offentliche-bereiche\/kunstrasen-ecograss-7\/\" \/>\n<meta property=\"og:locale\" content=\"de_DE\" \/>\n<meta property=\"og:type\" content=\"article\" \/>\n<meta property=\"og:title\" content=\"Kunstrasen Ecograss 7 | GardenStore\" \/>\n<meta property=\"og:description\" content=\"Dieses Kunstrasenmodell ist sehr einfach zu verlegen, ideal f\u00fcr Veranstaltungen und perfekt, um stark frequentierte Bereiche abzudecken.\" \/>\n<meta property=\"og:url\" content=\"https:\/\/www.gardenstore.es\/de\/produkt\/kunstrasen\/dekorativ\/offentliche-bereiche\/kunstrasen-ecograss-7\/\" \/>\n<meta property=\"og:site_name\" content=\"GardenStore\" \/>\n<meta property=\"article:modified_time\" content=\"2025-10-20T09:01:08+00:00\" \/>\n<meta property=\"og:image\" content=\"https:\/\/www.gardenstore.es\/wp-content\/uploads\/2025\/04\/GS-ECOGRASS7-006.jpg\" \/>\n\t<meta property=\"og:image:width\" content=\"1100\" \/>\n\t<meta property=\"og:image:height\" content=\"1100\" \/>\n\t<meta property=\"og:image:type\" content=\"image\/jpeg\" \/>\n<meta name=\"twitter:card\" content=\"summary_large_image\" \/>\n<script type=\"application\/ld+json\" class=\"yoast-schema-graph\">{\"@context\":\"https:\\\/\\\/schema.org\",\"@graph\":[{\"@type\":\"WebPage\",\"@id\":\"https:\\\/\\\/www.gardenstore.es\\\/de\\\/produkt\\\/kunstrasen\\\/dekorativ\\\/offentliche-bereiche\\\/kunstrasen-ecograss-7\\\/\",\"url\":\"https:\\\/\\\/www.gardenstore.es\\\/de\\\/produkt\\\/kunstrasen\\\/dekorativ\\\/offentliche-bereiche\\\/kunstrasen-ecograss-7\\\/\",\"name\":\"Kunstrasen Ecograss 7 | GardenStore\",\"isPartOf\":{\"@id\":\"https:\\\/\\\/www.gardenstore.es\\\/de\\\/#website\"},\"primaryImageOfPage\":{\"@id\":\"https:\\\/\\\/www.gardenstore.es\\\/de\\\/produkt\\\/kunstrasen\\\/dekorativ\\\/offentliche-bereiche\\\/kunstrasen-ecograss-7\\\/#primaryimage\"},\"image\":{\"@id\":\"https:\\\/\\\/www.gardenstore.es\\\/de\\\/produkt\\\/kunstrasen\\\/dekorativ\\\/offentliche-bereiche\\\/kunstrasen-ecograss-7\\\/#primaryimage\"},\"thumbnailUrl\":\"https:\\\/\\\/www.gardenstore.es\\\/wp-content\\\/uploads\\\/2025\\\/04\\\/GS-ECOGRASS7-006.jpg\",\"datePublished\":\"2025-04-09T12:43:24+00:00\",\"dateModified\":\"2025-10-20T09:01:08+00:00\",\"description\":\"Dieses Kunstrasenmodell ist sehr einfach zu verlegen, ideal f\u00fcr Veranstaltungen und perfekt, um stark frequentierte Bereiche abzudecken.\",\"breadcrumb\":{\"@id\":\"https:\\\/\\\/www.gardenstore.es\\\/de\\\/produkt\\\/kunstrasen\\\/dekorativ\\\/offentliche-bereiche\\\/kunstrasen-ecograss-7\\\/#breadcrumb\"},\"inLanguage\":\"de\",\"potentialAction\":[{\"@type\":\"ReadAction\",\"target\":[\"https:\\\/\\\/www.gardenstore.es\\\/de\\\/produkt\\\/kunstrasen\\\/dekorativ\\\/offentliche-bereiche\\\/kunstrasen-ecograss-7\\\/\"]}]},{\"@type\":\"ImageObject\",\"inLanguage\":\"de\",\"@id\":\"https:\\\/\\\/www.gardenstore.es\\\/de\\\/produkt\\\/kunstrasen\\\/dekorativ\\\/offentliche-bereiche\\\/kunstrasen-ecograss-7\\\/#primaryimage\",\"url\":\"https:\\\/\\\/www.gardenstore.es\\\/wp-content\\\/uploads\\\/2025\\\/04\\\/GS-ECOGRASS7-006.jpg\",\"contentUrl\":\"https:\\\/\\\/www.gardenstore.es\\\/wp-content\\\/uploads\\\/2025\\\/04\\\/GS-ECOGRASS7-006.jpg\",\"width\":1100,\"height\":1100,\"caption\":\"Kunstrasen Ecograss 7\"},{\"@type\":\"BreadcrumbList\",\"@id\":\"https:\\\/\\\/www.gardenstore.es\\\/de\\\/produkt\\\/kunstrasen\\\/dekorativ\\\/offentliche-bereiche\\\/kunstrasen-ecograss-7\\\/#breadcrumb\",\"itemListElement\":[{\"@type\":\"ListItem\",\"position\":1,\"name\":\"Startseite\",\"item\":\"https:\\\/\\\/www.gardenstore.es\\\/de\\\/startseite\\\/\"},{\"@type\":\"ListItem\",\"position\":2,\"name\":\"Shop\",\"item\":\"https:\\\/\\\/www.gardenstore.es\\\/de\\\/shop\\\/\"},{\"@type\":\"ListItem\",\"position\":3,\"name\":\"Kunstrasen\",\"item\":\"https:\\\/\\\/www.gardenstore.es\\\/de\\\/produkt-kategorie\\\/kunstrasen\\\/\"},{\"@type\":\"ListItem\",\"position\":4,\"name\":\"Kunstrasen Ecograss 7\"}]},{\"@type\":\"WebSite\",\"@id\":\"https:\\\/\\\/www.gardenstore.es\\\/de\\\/#website\",\"url\":\"https:\\\/\\\/www.gardenstore.es\\\/de\\\/\",\"name\":\"GardenStore | Venta e instalaci\u00f3n de C\u00e9sped Artificial\",\"description\":\"C\u00e9sped Artificial en Sevilla\",\"publisher\":{\"@id\":\"https:\\\/\\\/www.gardenstore.es\\\/de\\\/#organization\"},\"potentialAction\":[{\"@type\":\"SearchAction\",\"target\":{\"@type\":\"EntryPoint\",\"urlTemplate\":\"https:\\\/\\\/www.gardenstore.es\\\/de\\\/?s={search_term_string}\"},\"query-input\":{\"@type\":\"PropertyValueSpecification\",\"valueRequired\":true,\"valueName\":\"search_term_string\"}}],\"inLanguage\":\"de\"},{\"@type\":\"Organization\",\"@id\":\"https:\\\/\\\/www.gardenstore.es\\\/de\\\/#organization\",\"name\":\"GardenStore\",\"url\":\"https:\\\/\\\/www.gardenstore.es\\\/de\\\/\",\"logo\":{\"@type\":\"ImageObject\",\"inLanguage\":\"de\",\"@id\":\"https:\\\/\\\/www.gardenstore.es\\\/de\\\/#\\\/schema\\\/logo\\\/image\\\/\",\"url\":\"https:\\\/\\\/www.gardenstore.es\\\/wp-content\\\/uploads\\\/2025\\\/10\\\/LOGOTIPO_V1-1.svg\",\"contentUrl\":\"https:\\\/\\\/www.gardenstore.es\\\/wp-content\\\/uploads\\\/2025\\\/10\\\/LOGOTIPO_V1-1.svg\",\"width\":818,\"height\":130,\"caption\":\"GardenStore\"},\"image\":{\"@id\":\"https:\\\/\\\/www.gardenstore.es\\\/de\\\/#\\\/schema\\\/logo\\\/image\\\/\"}}]}<\/script>\n<!-- \/ Yoast SEO plugin. -->","yoast_head_json":{"title":"Kunstrasen Ecograss 7 | GardenStore","description":"Dieses Kunstrasenmodell ist sehr einfach zu verlegen, ideal f\u00fcr Veranstaltungen und perfekt, um stark frequentierte Bereiche abzudecken.","robots":{"index":"index","follow":"follow","max-snippet":"max-snippet:-1","max-image-preview":"max-image-preview:large","max-video-preview":"max-video-preview:-1"},"canonical":"https:\/\/www.gardenstore.es\/de\/produkt\/kunstrasen\/dekorativ\/offentliche-bereiche\/kunstrasen-ecograss-7\/","og_locale":"de_DE","og_type":"article","og_title":"Kunstrasen Ecograss 7 | GardenStore","og_description":"Dieses Kunstrasenmodell ist sehr einfach zu verlegen, ideal f\u00fcr Veranstaltungen und perfekt, um stark frequentierte Bereiche abzudecken.","og_url":"https:\/\/www.gardenstore.es\/de\/produkt\/kunstrasen\/dekorativ\/offentliche-bereiche\/kunstrasen-ecograss-7\/","og_site_name":"GardenStore","article_modified_time":"2025-10-20T09:01:08+00:00","og_image":[{"width":1100,"height":1100,"url":"https:\/\/www.gardenstore.es\/wp-content\/uploads\/2025\/04\/GS-ECOGRASS7-006.jpg","type":"image\/jpeg"}],"twitter_card":"summary_large_image","schema":{"@context":"https:\/\/schema.org","@graph":[{"@type":"WebPage","@id":"https:\/\/www.gardenstore.es\/de\/produkt\/kunstrasen\/dekorativ\/offentliche-bereiche\/kunstrasen-ecograss-7\/","url":"https:\/\/www.gardenstore.es\/de\/produkt\/kunstrasen\/dekorativ\/offentliche-bereiche\/kunstrasen-ecograss-7\/","name":"Kunstrasen Ecograss 7 | GardenStore","isPartOf":{"@id":"https:\/\/www.gardenstore.es\/de\/#website"},"primaryImageOfPage":{"@id":"https:\/\/www.gardenstore.es\/de\/produkt\/kunstrasen\/dekorativ\/offentliche-bereiche\/kunstrasen-ecograss-7\/#primaryimage"},"image":{"@id":"https:\/\/www.gardenstore.es\/de\/produkt\/kunstrasen\/dekorativ\/offentliche-bereiche\/kunstrasen-ecograss-7\/#primaryimage"},"thumbnailUrl":"https:\/\/www.gardenstore.es\/wp-content\/uploads\/2025\/04\/GS-ECOGRASS7-006.jpg","datePublished":"2025-04-09T12:43:24+00:00","dateModified":"2025-10-20T09:01:08+00:00","description":"Dieses Kunstrasenmodell ist sehr einfach zu verlegen, ideal f\u00fcr Veranstaltungen und perfekt, um stark frequentierte Bereiche abzudecken.","breadcrumb":{"@id":"https:\/\/www.gardenstore.es\/de\/produkt\/kunstrasen\/dekorativ\/offentliche-bereiche\/kunstrasen-ecograss-7\/#breadcrumb"},"inLanguage":"de","potentialAction":[{"@type":"ReadAction","target":["https:\/\/www.gardenstore.es\/de\/produkt\/kunstrasen\/dekorativ\/offentliche-bereiche\/kunstrasen-ecograss-7\/"]}]},{"@type":"ImageObject","inLanguage":"de","@id":"https:\/\/www.gardenstore.es\/de\/produkt\/kunstrasen\/dekorativ\/offentliche-bereiche\/kunstrasen-ecograss-7\/#primaryimage","url":"https:\/\/www.gardenstore.es\/wp-content\/uploads\/2025\/04\/GS-ECOGRASS7-006.jpg","contentUrl":"https:\/\/www.gardenstore.es\/wp-content\/uploads\/2025\/04\/GS-ECOGRASS7-006.jpg","width":1100,"height":1100,"caption":"Kunstrasen Ecograss 7"},{"@type":"BreadcrumbList","@id":"https:\/\/www.gardenstore.es\/de\/produkt\/kunstrasen\/dekorativ\/offentliche-bereiche\/kunstrasen-ecograss-7\/#breadcrumb","itemListElement":[{"@type":"ListItem","position":1,"name":"Startseite","item":"https:\/\/www.gardenstore.es\/de\/startseite\/"},{"@type":"ListItem","position":2,"name":"Shop","item":"https:\/\/www.gardenstore.es\/de\/shop\/"},{"@type":"ListItem","position":3,"name":"Kunstrasen","item":"https:\/\/www.gardenstore.es\/de\/produkt-kategorie\/kunstrasen\/"},{"@type":"ListItem","position":4,"name":"Kunstrasen Ecograss 7"}]},{"@type":"WebSite","@id":"https:\/\/www.gardenstore.es\/de\/#website","url":"https:\/\/www.gardenstore.es\/de\/","name":"GardenStore | Venta e instalaci\u00f3n de C\u00e9sped Artificial","description":"C\u00e9sped Artificial en Sevilla","publisher":{"@id":"https:\/\/www.gardenstore.es\/de\/#organization"},"potentialAction":[{"@type":"SearchAction","target":{"@type":"EntryPoint","urlTemplate":"https:\/\/www.gardenstore.es\/de\/?s={search_term_string}"},"query-input":{"@type":"PropertyValueSpecification","valueRequired":true,"valueName":"search_term_string"}}],"inLanguage":"de"},{"@type":"Organization","@id":"https:\/\/www.gardenstore.es\/de\/#organization","name":"GardenStore","url":"https:\/\/www.gardenstore.es\/de\/","logo":{"@type":"ImageObject","inLanguage":"de","@id":"https:\/\/www.gardenstore.es\/de\/#\/schema\/logo\/image\/","url":"https:\/\/www.gardenstore.es\/wp-content\/uploads\/2025\/10\/LOGOTIPO_V1-1.svg","contentUrl":"https:\/\/www.gardenstore.es\/wp-content\/uploads\/2025\/10\/LOGOTIPO_V1-1.svg","width":818,"height":130,"caption":"GardenStore"},"image":{"@id":"https:\/\/www.gardenstore.es\/de\/#\/schema\/logo\/image\/"}}]}},"_links":{"self":[{"href":"https:\/\/www.gardenstore.es\/de\/wp-json\/wp\/v2\/product\/13599","targetHints":{"allow":["GET"]}}],"collection":[{"href":"https:\/\/www.gardenstore.es\/de\/wp-json\/wp\/v2\/product"}],"about":[{"href":"https:\/\/www.gardenstore.es\/de\/wp-json\/wp\/v2\/types\/product"}],"replies":[{"embeddable":true,"href":"https:\/\/www.gardenstore.es\/de\/wp-json\/wp\/v2\/comments?post=13599"}],"wp:featuredmedia":[{"embeddable":true,"href":"https:\/\/www.gardenstore.es\/de\/wp-json\/wp\/v2\/media\/13607"}],"wp:attachment":[{"href":"https:\/\/www.gardenstore.es\/de\/wp-json\/wp\/v2\/media?parent=13599"}],"wp:term":[{"taxonomy":"product_brand","embeddable":true,"href":"https:\/\/www.gardenstore.es\/de\/wp-json\/wp\/v2\/product_brand?post=13599"},{"taxonomy":"product_cat","embeddable":true,"href":"https:\/\/www.gardenstore.es\/de\/wp-json\/wp\/v2\/product_cat?post=13599"},{"taxonomy":"product_tag","embeddable":true,"href":"https:\/\/www.gardenstore.es\/de\/wp-json\/wp\/v2\/product_tag?post=13599"}],"curies":[{"name":"wp","href":"https:\/\/api.w.org\/{rel}","templated":true}]}}