{"id":13587,"date":"2025-04-09T14:43:24","date_gmt":"2025-04-09T12:43:24","guid":{"rendered":"https:\/\/www.gardenstore.es\/producto\/unkategorisiert\/kunstrasen-raygrass-40\/"},"modified":"2025-10-20T11:01:50","modified_gmt":"2025-10-20T09:01:50","slug":"kunstrasen-raygrass-40","status":"publish","type":"product","link":"https:\/\/www.gardenstore.es\/de\/produkt\/kunstrasen\/dekorativ\/garten-und-terrassen\/kunstrasen-raygrass-40\/","title":{"rendered":"Kunstrasen Raygrass 40"},"content":{"rendered":"","protected":false},"excerpt":{"rendered":"<p>Kunstrasen mit 40 mm H\u00f6he, einem Dtex-Wert von 9.300 und 25.200 Stichen\/m\u00b2, der sich durch seine Weichheit und flauschige Textur auszeichnet. Sein Design kombiniert Widerstandsf\u00e4higkeit mit einem nat\u00fcrlichen Aussehen, das durch eine dichte Anzahl von Fasern und eine gelungene Farbmischung erreicht wird, was ihm ein optisch ansprechendes Finish verleiht. <\/p>\n","protected":false},"featured_media":13596,"comment_status":"open","ping_status":"closed","template":"","meta":{"_acf_changed":false},"product_brand":[],"product_cat":[270,279,280,251,281],"product_tag":[],"class_list":{"0":"post-13587","1":"product","2":"type-product","3":"status-publish","4":"has-post-thumbnail","6":"product_cat-dekorativ","7":"product_cat-garten-und-terrassen","8":"product_cat-haustiere","9":"product_cat-kunstrasen","10":"product_cat-schwimmbader","11":"","12":"woocommerce-text-align-left","13":"woocommerce-image-align-center","14":"do-quantity-buttons","16":"first","17":"instock","18":"product-type-simple"},"acf":{"altura":40,"confort":5,"recuperacion":4,"suavidad":5,"resistencia":4,"ficha_de_producto":13597,"tipo_fibra_hilo":"Texturiertes Monofilament","composicion_fibra_hilo":"Polyethylen (PE) + Polypropylen (PP)","dtex":"","peso_hilo":"1.940 gr\/m\u00b2 (\u00b110%)","seccion":"","altura_hilo":"40 mm (\u00b15%)","galga":"","puntadas_10cm":"240 Stiche\/m (\u00b110 %)","puntadas_m2":"25.200 Stiche\/m\u00b2 (\u00b110 %)","tipo_backing":"Doppelte Beschichtung + Netz (Rot)","composicion_backing":"Polypropylen (PP)","tipo_acabado":"Schaber-Applikation","composicion_acabado":"Latex","peso_backing":"1.000 gr\/m\u00b2 (\u00b110%)","hilo_recto_numero":"12","hilo_recto_colores":"Verde forestal, verde lima y verde oliva","hilo_rizado_numero":"8","hilo_rizado_colores":"Moosgr\u00fcn und Goldbeige","peso_total":"2.940 gr\/m\u00b2 (\u00b110%)","dimensiones_rollo":"25 x 2","drenaje":"","filamentos":""},"gallery_images":[9108,9107,9109,11555,11554,11010,11561,15705],"yoast_head":"<!-- This site is optimized with the Yoast SEO plugin v27.4 - https:\/\/yoast.com\/product\/yoast-seo-wordpress\/ -->\n<title>Kunstrasen Raygrass 40 | GardenStore<\/title>\n<meta name=\"description\" content=\"Kunstrasen mit 40 mm H\u00f6he, der sich durch seine Weichheit und flauschige Textur auszeichnet. Sein Design kombiniert Widerstandsf\u00e4higkeit mit einem nat\u00fcrlichen Aussehen.\" \/>\n<meta name=\"robots\" content=\"index, follow, max-snippet:-1, max-image-preview:large, max-video-preview:-1\" \/>\n<link rel=\"canonical\" href=\"https:\/\/www.gardenstore.es\/de\/produkt\/kunstrasen\/dekorativ\/garten-und-terrassen\/kunstrasen-raygrass-40\/\" \/>\n<meta property=\"og:locale\" content=\"de_DE\" \/>\n<meta property=\"og:type\" content=\"article\" \/>\n<meta property=\"og:title\" content=\"Kunstrasen Raygrass 40 | GardenStore\" \/>\n<meta property=\"og:description\" content=\"Kunstrasen mit 40 mm H\u00f6he, der sich durch seine Weichheit und flauschige Textur auszeichnet. Sein Design kombiniert Widerstandsf\u00e4higkeit mit einem nat\u00fcrlichen Aussehen.\" \/>\n<meta property=\"og:url\" content=\"https:\/\/www.gardenstore.es\/de\/produkt\/kunstrasen\/dekorativ\/garten-und-terrassen\/kunstrasen-raygrass-40\/\" \/>\n<meta property=\"og:site_name\" content=\"GardenStore\" \/>\n<meta property=\"article:modified_time\" content=\"2025-10-20T09:01:50+00:00\" \/>\n<meta property=\"og:image\" content=\"https:\/\/www.gardenstore.es\/wp-content\/uploads\/2025\/04\/GS-RAYGRASS40-FRONTAL.jpg\" \/>\n\t<meta property=\"og:image:width\" content=\"1100\" \/>\n\t<meta property=\"og:image:height\" content=\"733\" \/>\n\t<meta property=\"og:image:type\" content=\"image\/jpeg\" \/>\n<meta name=\"twitter:card\" content=\"summary_large_image\" \/>\n<script type=\"application\/ld+json\" class=\"yoast-schema-graph\">{\"@context\":\"https:\\\/\\\/schema.org\",\"@graph\":[{\"@type\":\"WebPage\",\"@id\":\"https:\\\/\\\/www.gardenstore.es\\\/de\\\/produkt\\\/kunstrasen\\\/dekorativ\\\/garten-und-terrassen\\\/kunstrasen-raygrass-40\\\/\",\"url\":\"https:\\\/\\\/www.gardenstore.es\\\/de\\\/produkt\\\/kunstrasen\\\/dekorativ\\\/garten-und-terrassen\\\/kunstrasen-raygrass-40\\\/\",\"name\":\"Kunstrasen Raygrass 40 | GardenStore\",\"isPartOf\":{\"@id\":\"https:\\\/\\\/www.gardenstore.es\\\/de\\\/#website\"},\"primaryImageOfPage\":{\"@id\":\"https:\\\/\\\/www.gardenstore.es\\\/de\\\/produkt\\\/kunstrasen\\\/dekorativ\\\/garten-und-terrassen\\\/kunstrasen-raygrass-40\\\/#primaryimage\"},\"image\":{\"@id\":\"https:\\\/\\\/www.gardenstore.es\\\/de\\\/produkt\\\/kunstrasen\\\/dekorativ\\\/garten-und-terrassen\\\/kunstrasen-raygrass-40\\\/#primaryimage\"},\"thumbnailUrl\":\"https:\\\/\\\/www.gardenstore.es\\\/wp-content\\\/uploads\\\/2025\\\/04\\\/GS-RAYGRASS40-FRONTAL.jpg\",\"datePublished\":\"2025-04-09T12:43:24+00:00\",\"dateModified\":\"2025-10-20T09:01:50+00:00\",\"description\":\"Kunstrasen mit 40 mm H\u00f6he, der sich durch seine Weichheit und flauschige Textur auszeichnet. Sein Design kombiniert Widerstandsf\u00e4higkeit mit einem nat\u00fcrlichen Aussehen.\",\"breadcrumb\":{\"@id\":\"https:\\\/\\\/www.gardenstore.es\\\/de\\\/produkt\\\/kunstrasen\\\/dekorativ\\\/garten-und-terrassen\\\/kunstrasen-raygrass-40\\\/#breadcrumb\"},\"inLanguage\":\"de\",\"potentialAction\":[{\"@type\":\"ReadAction\",\"target\":[\"https:\\\/\\\/www.gardenstore.es\\\/de\\\/produkt\\\/kunstrasen\\\/dekorativ\\\/garten-und-terrassen\\\/kunstrasen-raygrass-40\\\/\"]}]},{\"@type\":\"ImageObject\",\"inLanguage\":\"de\",\"@id\":\"https:\\\/\\\/www.gardenstore.es\\\/de\\\/produkt\\\/kunstrasen\\\/dekorativ\\\/garten-und-terrassen\\\/kunstrasen-raygrass-40\\\/#primaryimage\",\"url\":\"https:\\\/\\\/www.gardenstore.es\\\/wp-content\\\/uploads\\\/2025\\\/04\\\/GS-RAYGRASS40-FRONTAL.jpg\",\"contentUrl\":\"https:\\\/\\\/www.gardenstore.es\\\/wp-content\\\/uploads\\\/2025\\\/04\\\/GS-RAYGRASS40-FRONTAL.jpg\",\"width\":1100,\"height\":733,\"caption\":\"Kunstrasen Raygrass 40\"},{\"@type\":\"BreadcrumbList\",\"@id\":\"https:\\\/\\\/www.gardenstore.es\\\/de\\\/produkt\\\/kunstrasen\\\/dekorativ\\\/garten-und-terrassen\\\/kunstrasen-raygrass-40\\\/#breadcrumb\",\"itemListElement\":[{\"@type\":\"ListItem\",\"position\":1,\"name\":\"Startseite\",\"item\":\"https:\\\/\\\/www.gardenstore.es\\\/de\\\/startseite\\\/\"},{\"@type\":\"ListItem\",\"position\":2,\"name\":\"Shop\",\"item\":\"https:\\\/\\\/www.gardenstore.es\\\/de\\\/shop\\\/\"},{\"@type\":\"ListItem\",\"position\":3,\"name\":\"Kunstrasen\",\"item\":\"https:\\\/\\\/www.gardenstore.es\\\/de\\\/produkt-kategorie\\\/kunstrasen\\\/\"},{\"@type\":\"ListItem\",\"position\":4,\"name\":\"Kunstrasen Raygrass 40\"}]},{\"@type\":\"WebSite\",\"@id\":\"https:\\\/\\\/www.gardenstore.es\\\/de\\\/#website\",\"url\":\"https:\\\/\\\/www.gardenstore.es\\\/de\\\/\",\"name\":\"GardenStore | Venta e instalaci\u00f3n de C\u00e9sped Artificial\",\"description\":\"C\u00e9sped Artificial en Sevilla\",\"publisher\":{\"@id\":\"https:\\\/\\\/www.gardenstore.es\\\/de\\\/#organization\"},\"potentialAction\":[{\"@type\":\"SearchAction\",\"target\":{\"@type\":\"EntryPoint\",\"urlTemplate\":\"https:\\\/\\\/www.gardenstore.es\\\/de\\\/?s={search_term_string}\"},\"query-input\":{\"@type\":\"PropertyValueSpecification\",\"valueRequired\":true,\"valueName\":\"search_term_string\"}}],\"inLanguage\":\"de\"},{\"@type\":\"Organization\",\"@id\":\"https:\\\/\\\/www.gardenstore.es\\\/de\\\/#organization\",\"name\":\"GardenStore\",\"url\":\"https:\\\/\\\/www.gardenstore.es\\\/de\\\/\",\"logo\":{\"@type\":\"ImageObject\",\"inLanguage\":\"de\",\"@id\":\"https:\\\/\\\/www.gardenstore.es\\\/de\\\/#\\\/schema\\\/logo\\\/image\\\/\",\"url\":\"https:\\\/\\\/www.gardenstore.es\\\/wp-content\\\/uploads\\\/2025\\\/10\\\/LOGOTIPO_V1-1.svg\",\"contentUrl\":\"https:\\\/\\\/www.gardenstore.es\\\/wp-content\\\/uploads\\\/2025\\\/10\\\/LOGOTIPO_V1-1.svg\",\"width\":818,\"height\":130,\"caption\":\"GardenStore\"},\"image\":{\"@id\":\"https:\\\/\\\/www.gardenstore.es\\\/de\\\/#\\\/schema\\\/logo\\\/image\\\/\"}}]}<\/script>\n<!-- \/ Yoast SEO plugin. -->","yoast_head_json":{"title":"Kunstrasen Raygrass 40 | GardenStore","description":"Kunstrasen mit 40 mm H\u00f6he, der sich durch seine Weichheit und flauschige Textur auszeichnet. Sein Design kombiniert Widerstandsf\u00e4higkeit mit einem nat\u00fcrlichen Aussehen.","robots":{"index":"index","follow":"follow","max-snippet":"max-snippet:-1","max-image-preview":"max-image-preview:large","max-video-preview":"max-video-preview:-1"},"canonical":"https:\/\/www.gardenstore.es\/de\/produkt\/kunstrasen\/dekorativ\/garten-und-terrassen\/kunstrasen-raygrass-40\/","og_locale":"de_DE","og_type":"article","og_title":"Kunstrasen Raygrass 40 | GardenStore","og_description":"Kunstrasen mit 40 mm H\u00f6he, der sich durch seine Weichheit und flauschige Textur auszeichnet. Sein Design kombiniert Widerstandsf\u00e4higkeit mit einem nat\u00fcrlichen Aussehen.","og_url":"https:\/\/www.gardenstore.es\/de\/produkt\/kunstrasen\/dekorativ\/garten-und-terrassen\/kunstrasen-raygrass-40\/","og_site_name":"GardenStore","article_modified_time":"2025-10-20T09:01:50+00:00","og_image":[{"width":1100,"height":733,"url":"https:\/\/www.gardenstore.es\/wp-content\/uploads\/2025\/04\/GS-RAYGRASS40-FRONTAL.jpg","type":"image\/jpeg"}],"twitter_card":"summary_large_image","schema":{"@context":"https:\/\/schema.org","@graph":[{"@type":"WebPage","@id":"https:\/\/www.gardenstore.es\/de\/produkt\/kunstrasen\/dekorativ\/garten-und-terrassen\/kunstrasen-raygrass-40\/","url":"https:\/\/www.gardenstore.es\/de\/produkt\/kunstrasen\/dekorativ\/garten-und-terrassen\/kunstrasen-raygrass-40\/","name":"Kunstrasen Raygrass 40 | GardenStore","isPartOf":{"@id":"https:\/\/www.gardenstore.es\/de\/#website"},"primaryImageOfPage":{"@id":"https:\/\/www.gardenstore.es\/de\/produkt\/kunstrasen\/dekorativ\/garten-und-terrassen\/kunstrasen-raygrass-40\/#primaryimage"},"image":{"@id":"https:\/\/www.gardenstore.es\/de\/produkt\/kunstrasen\/dekorativ\/garten-und-terrassen\/kunstrasen-raygrass-40\/#primaryimage"},"thumbnailUrl":"https:\/\/www.gardenstore.es\/wp-content\/uploads\/2025\/04\/GS-RAYGRASS40-FRONTAL.jpg","datePublished":"2025-04-09T12:43:24+00:00","dateModified":"2025-10-20T09:01:50+00:00","description":"Kunstrasen mit 40 mm H\u00f6he, der sich durch seine Weichheit und flauschige Textur auszeichnet. Sein Design kombiniert Widerstandsf\u00e4higkeit mit einem nat\u00fcrlichen Aussehen.","breadcrumb":{"@id":"https:\/\/www.gardenstore.es\/de\/produkt\/kunstrasen\/dekorativ\/garten-und-terrassen\/kunstrasen-raygrass-40\/#breadcrumb"},"inLanguage":"de","potentialAction":[{"@type":"ReadAction","target":["https:\/\/www.gardenstore.es\/de\/produkt\/kunstrasen\/dekorativ\/garten-und-terrassen\/kunstrasen-raygrass-40\/"]}]},{"@type":"ImageObject","inLanguage":"de","@id":"https:\/\/www.gardenstore.es\/de\/produkt\/kunstrasen\/dekorativ\/garten-und-terrassen\/kunstrasen-raygrass-40\/#primaryimage","url":"https:\/\/www.gardenstore.es\/wp-content\/uploads\/2025\/04\/GS-RAYGRASS40-FRONTAL.jpg","contentUrl":"https:\/\/www.gardenstore.es\/wp-content\/uploads\/2025\/04\/GS-RAYGRASS40-FRONTAL.jpg","width":1100,"height":733,"caption":"Kunstrasen Raygrass 40"},{"@type":"BreadcrumbList","@id":"https:\/\/www.gardenstore.es\/de\/produkt\/kunstrasen\/dekorativ\/garten-und-terrassen\/kunstrasen-raygrass-40\/#breadcrumb","itemListElement":[{"@type":"ListItem","position":1,"name":"Startseite","item":"https:\/\/www.gardenstore.es\/de\/startseite\/"},{"@type":"ListItem","position":2,"name":"Shop","item":"https:\/\/www.gardenstore.es\/de\/shop\/"},{"@type":"ListItem","position":3,"name":"Kunstrasen","item":"https:\/\/www.gardenstore.es\/de\/produkt-kategorie\/kunstrasen\/"},{"@type":"ListItem","position":4,"name":"Kunstrasen Raygrass 40"}]},{"@type":"WebSite","@id":"https:\/\/www.gardenstore.es\/de\/#website","url":"https:\/\/www.gardenstore.es\/de\/","name":"GardenStore | Venta e instalaci\u00f3n de C\u00e9sped Artificial","description":"C\u00e9sped Artificial en Sevilla","publisher":{"@id":"https:\/\/www.gardenstore.es\/de\/#organization"},"potentialAction":[{"@type":"SearchAction","target":{"@type":"EntryPoint","urlTemplate":"https:\/\/www.gardenstore.es\/de\/?s={search_term_string}"},"query-input":{"@type":"PropertyValueSpecification","valueRequired":true,"valueName":"search_term_string"}}],"inLanguage":"de"},{"@type":"Organization","@id":"https:\/\/www.gardenstore.es\/de\/#organization","name":"GardenStore","url":"https:\/\/www.gardenstore.es\/de\/","logo":{"@type":"ImageObject","inLanguage":"de","@id":"https:\/\/www.gardenstore.es\/de\/#\/schema\/logo\/image\/","url":"https:\/\/www.gardenstore.es\/wp-content\/uploads\/2025\/10\/LOGOTIPO_V1-1.svg","contentUrl":"https:\/\/www.gardenstore.es\/wp-content\/uploads\/2025\/10\/LOGOTIPO_V1-1.svg","width":818,"height":130,"caption":"GardenStore"},"image":{"@id":"https:\/\/www.gardenstore.es\/de\/#\/schema\/logo\/image\/"}}]}},"_links":{"self":[{"href":"https:\/\/www.gardenstore.es\/de\/wp-json\/wp\/v2\/product\/13587","targetHints":{"allow":["GET"]}}],"collection":[{"href":"https:\/\/www.gardenstore.es\/de\/wp-json\/wp\/v2\/product"}],"about":[{"href":"https:\/\/www.gardenstore.es\/de\/wp-json\/wp\/v2\/types\/product"}],"replies":[{"embeddable":true,"href":"https:\/\/www.gardenstore.es\/de\/wp-json\/wp\/v2\/comments?post=13587"}],"wp:featuredmedia":[{"embeddable":true,"href":"https:\/\/www.gardenstore.es\/de\/wp-json\/wp\/v2\/media\/13596"}],"wp:attachment":[{"href":"https:\/\/www.gardenstore.es\/de\/wp-json\/wp\/v2\/media?parent=13587"}],"wp:term":[{"taxonomy":"product_brand","embeddable":true,"href":"https:\/\/www.gardenstore.es\/de\/wp-json\/wp\/v2\/product_brand?post=13587"},{"taxonomy":"product_cat","embeddable":true,"href":"https:\/\/www.gardenstore.es\/de\/wp-json\/wp\/v2\/product_cat?post=13587"},{"taxonomy":"product_tag","embeddable":true,"href":"https:\/\/www.gardenstore.es\/de\/wp-json\/wp\/v2\/product_tag?post=13587"}],"curies":[{"name":"wp","href":"https:\/\/api.w.org\/{rel}","templated":true}]}}