{"id":13494,"date":"2025-04-09T14:46:18","date_gmt":"2025-04-09T12:46:18","guid":{"rendered":"https:\/\/www.gardenstore.es\/producto\/unkategorisiert\/kunstrasen-sport-maxx-40-50-60-140\/"},"modified":"2025-10-20T10:53:04","modified_gmt":"2025-10-20T08:53:04","slug":"kunstrasen-sport-maxx-40-50-60-140","status":"publish","type":"product","link":"https:\/\/www.gardenstore.es\/de\/produkt\/kunstrasen\/sportkunstrasen\/fusball\/kunstrasen-sport-maxx-40-50-60-140\/","title":{"rendered":"Kunstrasen Sport MAXX 40-50-60\/140"},"content":{"rendered":"","protected":false},"excerpt":{"rendered":"<p>Geeignet f\u00fcr Fu\u00dfball. Verf\u00fcgbar in<br \/>\ndrei H\u00f6hen: 40-50-60.<br \/>\nWende dich an unser Team, um die M\u00f6glichkeiten zu pr\u00fcfen,<br \/>\njedes Modell an die spezifischen Anforderungen<br \/>\ndeines Projekts anzupassen.<\/p>\n","protected":false},"featured_media":13514,"comment_status":"open","ping_status":"closed","template":"","meta":{"_acf_changed":false},"product_brand":[],"product_cat":[342,251,285],"product_tag":[],"class_list":{"0":"post-13494","1":"product","2":"type-product","3":"status-publish","4":"has-post-thumbnail","6":"product_cat-fusball","7":"product_cat-kunstrasen","8":"product_cat-sportkunstrasen","9":"","10":"woocommerce-text-align-left","11":"woocommerce-image-align-center","12":"do-quantity-buttons","14":"first","15":"instock","16":"product-type-simple"},"acf":{"altura":"","confort":"","recuperacion":"","suavidad":"","resistencia":"","ficha_de_producto":13512,"tipo_fibra_hilo":"Monofilament","composicion_fibra_hilo":"Polyethylen (PE)","dtex":"","peso_hilo":"1.050 \/ 1.290 \/ 1.530 gr\/m\u00b2 (\u00b110%)","seccion":"","altura_hilo":"40 \/ 50 \/ 60 mm (\u00b15%)","galga":"","puntadas_10cm":"140 Stiche\/m (\u00b110 %)","puntadas_m2":"7.850 Stiche\/m\u00b2 (\u00b110 %) ","tipo_backing":"Mehrschichtiges, verschlungenes und stabilisiertes Gewebe","composicion_backing":"100 % Polyethylen (PE), UV-stabilisiert","tipo_acabado":"Schaber-Applikation","composicion_acabado":"Polyurethan (PU)","peso_backing":"925 gr\/m2(\u00b110%)","hilo_recto_numero":"6","hilo_recto_colores":"Verde bicolor","hilo_rizado_numero":"","hilo_rizado_colores":"","peso_total":"1.975 \/ 2.215 \/ 2.455 gr\/m2(\u00b110%)","dimensiones_rollo":"A petici\u00f3n","drenaje":"","filamentos":"105.840m2105.840m2"},"gallery_images":[],"yoast_head":"<!-- This site is optimized with the Yoast SEO plugin v27.4 - https:\/\/yoast.com\/product\/yoast-seo-wordpress\/ -->\n<title>Kunstrasen Sport MAXX 40-50-60\/140 | GardenStore<\/title>\n<meta name=\"robots\" content=\"index, follow, max-snippet:-1, max-image-preview:large, max-video-preview:-1\" \/>\n<link rel=\"canonical\" href=\"https:\/\/www.gardenstore.es\/de\/produkt\/kunstrasen\/sportkunstrasen\/fusball\/kunstrasen-sport-maxx-40-50-60-140\/\" \/>\n<meta property=\"og:locale\" content=\"de_DE\" \/>\n<meta property=\"og:type\" content=\"article\" \/>\n<meta property=\"og:title\" content=\"Kunstrasen Sport MAXX 40-50-60\/140 | GardenStore\" \/>\n<meta property=\"og:description\" content=\"Geeignet f\u00fcr Fu\u00dfball. Verf\u00fcgbar in drei H\u00f6hen: 40-50-60. Wende dich an unser Team, um die M\u00f6glichkeiten zu pr\u00fcfen, jedes Modell an die spezifischen Anforderungen deines Projekts anzupassen.\" \/>\n<meta property=\"og:url\" content=\"https:\/\/www.gardenstore.es\/de\/produkt\/kunstrasen\/sportkunstrasen\/fusball\/kunstrasen-sport-maxx-40-50-60-140\/\" \/>\n<meta property=\"og:site_name\" content=\"GardenStore\" \/>\n<meta property=\"article:modified_time\" content=\"2025-10-20T08:53:04+00:00\" \/>\n<meta property=\"og:image\" content=\"https:\/\/www.gardenstore.es\/wp-content\/uploads\/2025\/04\/GS-Football-Maxx.jpg\" \/>\n\t<meta property=\"og:image:width\" content=\"596\" \/>\n\t<meta property=\"og:image:height\" content=\"309\" \/>\n\t<meta property=\"og:image:type\" content=\"image\/jpeg\" \/>\n<meta name=\"twitter:card\" content=\"summary_large_image\" \/>\n<script type=\"application\/ld+json\" class=\"yoast-schema-graph\">{\"@context\":\"https:\\\/\\\/schema.org\",\"@graph\":[{\"@type\":\"WebPage\",\"@id\":\"https:\\\/\\\/www.gardenstore.es\\\/de\\\/produkt\\\/kunstrasen\\\/sportkunstrasen\\\/fusball\\\/kunstrasen-sport-maxx-40-50-60-140\\\/\",\"url\":\"https:\\\/\\\/www.gardenstore.es\\\/de\\\/produkt\\\/kunstrasen\\\/sportkunstrasen\\\/fusball\\\/kunstrasen-sport-maxx-40-50-60-140\\\/\",\"name\":\"Kunstrasen Sport MAXX 40-50-60\\\/140 | GardenStore\",\"isPartOf\":{\"@id\":\"https:\\\/\\\/www.gardenstore.es\\\/de\\\/#website\"},\"primaryImageOfPage\":{\"@id\":\"https:\\\/\\\/www.gardenstore.es\\\/de\\\/produkt\\\/kunstrasen\\\/sportkunstrasen\\\/fusball\\\/kunstrasen-sport-maxx-40-50-60-140\\\/#primaryimage\"},\"image\":{\"@id\":\"https:\\\/\\\/www.gardenstore.es\\\/de\\\/produkt\\\/kunstrasen\\\/sportkunstrasen\\\/fusball\\\/kunstrasen-sport-maxx-40-50-60-140\\\/#primaryimage\"},\"thumbnailUrl\":\"https:\\\/\\\/www.gardenstore.es\\\/wp-content\\\/uploads\\\/2025\\\/04\\\/GS-Football-Maxx.jpg\",\"datePublished\":\"2025-04-09T12:46:18+00:00\",\"dateModified\":\"2025-10-20T08:53:04+00:00\",\"breadcrumb\":{\"@id\":\"https:\\\/\\\/www.gardenstore.es\\\/de\\\/produkt\\\/kunstrasen\\\/sportkunstrasen\\\/fusball\\\/kunstrasen-sport-maxx-40-50-60-140\\\/#breadcrumb\"},\"inLanguage\":\"de\",\"potentialAction\":[{\"@type\":\"ReadAction\",\"target\":[\"https:\\\/\\\/www.gardenstore.es\\\/de\\\/produkt\\\/kunstrasen\\\/sportkunstrasen\\\/fusball\\\/kunstrasen-sport-maxx-40-50-60-140\\\/\"]}]},{\"@type\":\"ImageObject\",\"inLanguage\":\"de\",\"@id\":\"https:\\\/\\\/www.gardenstore.es\\\/de\\\/produkt\\\/kunstrasen\\\/sportkunstrasen\\\/fusball\\\/kunstrasen-sport-maxx-40-50-60-140\\\/#primaryimage\",\"url\":\"https:\\\/\\\/www.gardenstore.es\\\/wp-content\\\/uploads\\\/2025\\\/04\\\/GS-Football-Maxx.jpg\",\"contentUrl\":\"https:\\\/\\\/www.gardenstore.es\\\/wp-content\\\/uploads\\\/2025\\\/04\\\/GS-Football-Maxx.jpg\",\"width\":596,\"height\":309,\"caption\":\"Kunstrasen Sport MAXX 40-50-60\\\/140\"},{\"@type\":\"BreadcrumbList\",\"@id\":\"https:\\\/\\\/www.gardenstore.es\\\/de\\\/produkt\\\/kunstrasen\\\/sportkunstrasen\\\/fusball\\\/kunstrasen-sport-maxx-40-50-60-140\\\/#breadcrumb\",\"itemListElement\":[{\"@type\":\"ListItem\",\"position\":1,\"name\":\"Startseite\",\"item\":\"https:\\\/\\\/www.gardenstore.es\\\/de\\\/startseite\\\/\"},{\"@type\":\"ListItem\",\"position\":2,\"name\":\"Shop\",\"item\":\"https:\\\/\\\/www.gardenstore.es\\\/de\\\/shop\\\/\"},{\"@type\":\"ListItem\",\"position\":3,\"name\":\"Kunstrasen\",\"item\":\"https:\\\/\\\/www.gardenstore.es\\\/de\\\/produkt-kategorie\\\/kunstrasen\\\/\"},{\"@type\":\"ListItem\",\"position\":4,\"name\":\"Sportkunstrasen\",\"item\":\"https:\\\/\\\/www.gardenstore.es\\\/de\\\/produkt-kategorie\\\/kunstrasen\\\/sportkunstrasen\\\/\"},{\"@type\":\"ListItem\",\"position\":5,\"name\":\"Fu\u00dfball\",\"item\":\"https:\\\/\\\/www.gardenstore.es\\\/de\\\/produkt-kategorie\\\/kunstrasen\\\/sportkunstrasen\\\/fusball\\\/\"},{\"@type\":\"ListItem\",\"position\":6,\"name\":\"Kunstrasen Sport MAXX 40-50-60\\\/140\"}]},{\"@type\":\"WebSite\",\"@id\":\"https:\\\/\\\/www.gardenstore.es\\\/de\\\/#website\",\"url\":\"https:\\\/\\\/www.gardenstore.es\\\/de\\\/\",\"name\":\"GardenStore | Venta e instalaci\u00f3n de C\u00e9sped Artificial\",\"description\":\"C\u00e9sped Artificial en Sevilla\",\"publisher\":{\"@id\":\"https:\\\/\\\/www.gardenstore.es\\\/de\\\/#organization\"},\"potentialAction\":[{\"@type\":\"SearchAction\",\"target\":{\"@type\":\"EntryPoint\",\"urlTemplate\":\"https:\\\/\\\/www.gardenstore.es\\\/de\\\/?s={search_term_string}\"},\"query-input\":{\"@type\":\"PropertyValueSpecification\",\"valueRequired\":true,\"valueName\":\"search_term_string\"}}],\"inLanguage\":\"de\"},{\"@type\":\"Organization\",\"@id\":\"https:\\\/\\\/www.gardenstore.es\\\/de\\\/#organization\",\"name\":\"GardenStore\",\"url\":\"https:\\\/\\\/www.gardenstore.es\\\/de\\\/\",\"logo\":{\"@type\":\"ImageObject\",\"inLanguage\":\"de\",\"@id\":\"https:\\\/\\\/www.gardenstore.es\\\/de\\\/#\\\/schema\\\/logo\\\/image\\\/\",\"url\":\"https:\\\/\\\/www.gardenstore.es\\\/wp-content\\\/uploads\\\/2025\\\/10\\\/LOGOTIPO_V1-1.svg\",\"contentUrl\":\"https:\\\/\\\/www.gardenstore.es\\\/wp-content\\\/uploads\\\/2025\\\/10\\\/LOGOTIPO_V1-1.svg\",\"width\":818,\"height\":130,\"caption\":\"GardenStore\"},\"image\":{\"@id\":\"https:\\\/\\\/www.gardenstore.es\\\/de\\\/#\\\/schema\\\/logo\\\/image\\\/\"}}]}<\/script>\n<!-- \/ Yoast SEO plugin. -->","yoast_head_json":{"title":"Kunstrasen Sport MAXX 40-50-60\/140 | GardenStore","robots":{"index":"index","follow":"follow","max-snippet":"max-snippet:-1","max-image-preview":"max-image-preview:large","max-video-preview":"max-video-preview:-1"},"canonical":"https:\/\/www.gardenstore.es\/de\/produkt\/kunstrasen\/sportkunstrasen\/fusball\/kunstrasen-sport-maxx-40-50-60-140\/","og_locale":"de_DE","og_type":"article","og_title":"Kunstrasen Sport MAXX 40-50-60\/140 | GardenStore","og_description":"Geeignet f\u00fcr Fu\u00dfball. Verf\u00fcgbar in drei H\u00f6hen: 40-50-60. Wende dich an unser Team, um die M\u00f6glichkeiten zu pr\u00fcfen, jedes Modell an die spezifischen Anforderungen deines Projekts anzupassen.","og_url":"https:\/\/www.gardenstore.es\/de\/produkt\/kunstrasen\/sportkunstrasen\/fusball\/kunstrasen-sport-maxx-40-50-60-140\/","og_site_name":"GardenStore","article_modified_time":"2025-10-20T08:53:04+00:00","og_image":[{"width":596,"height":309,"url":"https:\/\/www.gardenstore.es\/wp-content\/uploads\/2025\/04\/GS-Football-Maxx.jpg","type":"image\/jpeg"}],"twitter_card":"summary_large_image","schema":{"@context":"https:\/\/schema.org","@graph":[{"@type":"WebPage","@id":"https:\/\/www.gardenstore.es\/de\/produkt\/kunstrasen\/sportkunstrasen\/fusball\/kunstrasen-sport-maxx-40-50-60-140\/","url":"https:\/\/www.gardenstore.es\/de\/produkt\/kunstrasen\/sportkunstrasen\/fusball\/kunstrasen-sport-maxx-40-50-60-140\/","name":"Kunstrasen Sport MAXX 40-50-60\/140 | GardenStore","isPartOf":{"@id":"https:\/\/www.gardenstore.es\/de\/#website"},"primaryImageOfPage":{"@id":"https:\/\/www.gardenstore.es\/de\/produkt\/kunstrasen\/sportkunstrasen\/fusball\/kunstrasen-sport-maxx-40-50-60-140\/#primaryimage"},"image":{"@id":"https:\/\/www.gardenstore.es\/de\/produkt\/kunstrasen\/sportkunstrasen\/fusball\/kunstrasen-sport-maxx-40-50-60-140\/#primaryimage"},"thumbnailUrl":"https:\/\/www.gardenstore.es\/wp-content\/uploads\/2025\/04\/GS-Football-Maxx.jpg","datePublished":"2025-04-09T12:46:18+00:00","dateModified":"2025-10-20T08:53:04+00:00","breadcrumb":{"@id":"https:\/\/www.gardenstore.es\/de\/produkt\/kunstrasen\/sportkunstrasen\/fusball\/kunstrasen-sport-maxx-40-50-60-140\/#breadcrumb"},"inLanguage":"de","potentialAction":[{"@type":"ReadAction","target":["https:\/\/www.gardenstore.es\/de\/produkt\/kunstrasen\/sportkunstrasen\/fusball\/kunstrasen-sport-maxx-40-50-60-140\/"]}]},{"@type":"ImageObject","inLanguage":"de","@id":"https:\/\/www.gardenstore.es\/de\/produkt\/kunstrasen\/sportkunstrasen\/fusball\/kunstrasen-sport-maxx-40-50-60-140\/#primaryimage","url":"https:\/\/www.gardenstore.es\/wp-content\/uploads\/2025\/04\/GS-Football-Maxx.jpg","contentUrl":"https:\/\/www.gardenstore.es\/wp-content\/uploads\/2025\/04\/GS-Football-Maxx.jpg","width":596,"height":309,"caption":"Kunstrasen Sport MAXX 40-50-60\/140"},{"@type":"BreadcrumbList","@id":"https:\/\/www.gardenstore.es\/de\/produkt\/kunstrasen\/sportkunstrasen\/fusball\/kunstrasen-sport-maxx-40-50-60-140\/#breadcrumb","itemListElement":[{"@type":"ListItem","position":1,"name":"Startseite","item":"https:\/\/www.gardenstore.es\/de\/startseite\/"},{"@type":"ListItem","position":2,"name":"Shop","item":"https:\/\/www.gardenstore.es\/de\/shop\/"},{"@type":"ListItem","position":3,"name":"Kunstrasen","item":"https:\/\/www.gardenstore.es\/de\/produkt-kategorie\/kunstrasen\/"},{"@type":"ListItem","position":4,"name":"Sportkunstrasen","item":"https:\/\/www.gardenstore.es\/de\/produkt-kategorie\/kunstrasen\/sportkunstrasen\/"},{"@type":"ListItem","position":5,"name":"Fu\u00dfball","item":"https:\/\/www.gardenstore.es\/de\/produkt-kategorie\/kunstrasen\/sportkunstrasen\/fusball\/"},{"@type":"ListItem","position":6,"name":"Kunstrasen Sport MAXX 40-50-60\/140"}]},{"@type":"WebSite","@id":"https:\/\/www.gardenstore.es\/de\/#website","url":"https:\/\/www.gardenstore.es\/de\/","name":"GardenStore | Venta e instalaci\u00f3n de C\u00e9sped Artificial","description":"C\u00e9sped Artificial en Sevilla","publisher":{"@id":"https:\/\/www.gardenstore.es\/de\/#organization"},"potentialAction":[{"@type":"SearchAction","target":{"@type":"EntryPoint","urlTemplate":"https:\/\/www.gardenstore.es\/de\/?s={search_term_string}"},"query-input":{"@type":"PropertyValueSpecification","valueRequired":true,"valueName":"search_term_string"}}],"inLanguage":"de"},{"@type":"Organization","@id":"https:\/\/www.gardenstore.es\/de\/#organization","name":"GardenStore","url":"https:\/\/www.gardenstore.es\/de\/","logo":{"@type":"ImageObject","inLanguage":"de","@id":"https:\/\/www.gardenstore.es\/de\/#\/schema\/logo\/image\/","url":"https:\/\/www.gardenstore.es\/wp-content\/uploads\/2025\/10\/LOGOTIPO_V1-1.svg","contentUrl":"https:\/\/www.gardenstore.es\/wp-content\/uploads\/2025\/10\/LOGOTIPO_V1-1.svg","width":818,"height":130,"caption":"GardenStore"},"image":{"@id":"https:\/\/www.gardenstore.es\/de\/#\/schema\/logo\/image\/"}}]}},"_links":{"self":[{"href":"https:\/\/www.gardenstore.es\/de\/wp-json\/wp\/v2\/product\/13494","targetHints":{"allow":["GET"]}}],"collection":[{"href":"https:\/\/www.gardenstore.es\/de\/wp-json\/wp\/v2\/product"}],"about":[{"href":"https:\/\/www.gardenstore.es\/de\/wp-json\/wp\/v2\/types\/product"}],"replies":[{"embeddable":true,"href":"https:\/\/www.gardenstore.es\/de\/wp-json\/wp\/v2\/comments?post=13494"}],"wp:featuredmedia":[{"embeddable":true,"href":"https:\/\/www.gardenstore.es\/de\/wp-json\/wp\/v2\/media\/13514"}],"wp:attachment":[{"href":"https:\/\/www.gardenstore.es\/de\/wp-json\/wp\/v2\/media?parent=13494"}],"wp:term":[{"taxonomy":"product_brand","embeddable":true,"href":"https:\/\/www.gardenstore.es\/de\/wp-json\/wp\/v2\/product_brand?post=13494"},{"taxonomy":"product_cat","embeddable":true,"href":"https:\/\/www.gardenstore.es\/de\/wp-json\/wp\/v2\/product_cat?post=13494"},{"taxonomy":"product_tag","embeddable":true,"href":"https:\/\/www.gardenstore.es\/de\/wp-json\/wp\/v2\/product_tag?post=13494"}],"curies":[{"name":"wp","href":"https:\/\/api.w.org\/{rel}","templated":true}]}}