{"id":13450,"date":"2025-04-09T14:44:54","date_gmt":"2025-04-09T12:44:54","guid":{"rendered":"https:\/\/www.gardenstore.es\/producto\/unkategorisiert\/kunstrasen-sport-fxt-500\/"},"modified":"2025-10-20T10:51:57","modified_gmt":"2025-10-20T08:51:57","slug":"kunstrasen-sport-fxt-500","status":"publish","type":"product","link":"https:\/\/www.gardenstore.es\/de\/produkt\/kunstrasen\/sportkunstrasen\/kunstrasen-fur-padel\/kunstrasen-sport-fxt-500\/","title":{"rendered":"Kunstrasen Sport FXT 500"},"content":{"rendered":"","protected":false},"excerpt":{"rendered":"<p>Perfekt f\u00fcr das Padelspielen.<\/p>\n","protected":false},"featured_media":13460,"comment_status":"open","ping_status":"closed","template":"","meta":{"_acf_changed":false},"product_brand":[],"product_cat":[251,344,285],"product_tag":[],"class_list":{"0":"post-13450","1":"product","2":"type-product","3":"status-publish","4":"has-post-thumbnail","6":"product_cat-kunstrasen","7":"product_cat-kunstrasen-fur-padel","8":"product_cat-sportkunstrasen","9":"","10":"woocommerce-text-align-left","11":"woocommerce-image-align-center","12":"do-quantity-buttons","14":"first","15":"instock","16":"product-type-simple"},"acf":{"altura":12,"confort":"","recuperacion":"","suavidad":"","resistencia":"","ficha_de_producto":13452,"tipo_fibra_hilo":"Texturiert","composicion_fibra_hilo":"Polyethylen (PE)","dtex":"","peso_hilo":"1275 gr\/m\u00b2 (\u00b110%)","seccion":"","altura_hilo":"12 mm (\u00b15%)","galga":"","puntadas_10cm":"250 Stiche\/m (\u00b110%)","puntadas_m2":"52.500 Stiche\/m\u00b2 (\u00b110%)","tipo_backing":"Doppelte Unterseite","composicion_backing":"Polypropylen (PP)","tipo_acabado":"Schaber-Applikation","composicion_acabado":"Polyurethan (PU)","peso_backing":"850 gr\/m\u00b2 (\u00b110%)","hilo_recto_numero":"","hilo_recto_colores":"","hilo_rizado_numero":"8","hilo_rizado_colores":"Gr\u00fcn\/Blau","peso_total":"2.125 gr\/m\u00b2 (\u00b110%)","dimensiones_rollo":"","drenaje":"","filamentos":""},"gallery_images":[10390,10391,10392,10393,11030,11028,11027],"yoast_head":"<!-- This site is optimized with the Yoast SEO plugin v27.4 - https:\/\/yoast.com\/product\/yoast-seo-wordpress\/ -->\n<title>Kunstrasen Sport FXT 500 | GardenStore<\/title>\n<meta name=\"robots\" content=\"index, follow, max-snippet:-1, max-image-preview:large, max-video-preview:-1\" \/>\n<link rel=\"canonical\" href=\"https:\/\/www.gardenstore.es\/de\/produkt\/kunstrasen\/sportkunstrasen\/kunstrasen-fur-padel\/kunstrasen-sport-fxt-500\/\" \/>\n<meta property=\"og:locale\" content=\"de_DE\" \/>\n<meta property=\"og:type\" content=\"article\" \/>\n<meta property=\"og:title\" content=\"Kunstrasen Sport FXT 500 | GardenStore\" \/>\n<meta property=\"og:description\" content=\"Perfekt f\u00fcr das Padelspielen.\" \/>\n<meta property=\"og:url\" content=\"https:\/\/www.gardenstore.es\/de\/produkt\/kunstrasen\/sportkunstrasen\/kunstrasen-fur-padel\/kunstrasen-sport-fxt-500\/\" \/>\n<meta property=\"og:site_name\" content=\"GardenStore\" \/>\n<meta property=\"article:modified_time\" content=\"2025-10-20T08:51:57+00:00\" \/>\n<meta property=\"og:image\" content=\"https:\/\/www.gardenstore.es\/wp-content\/uploads\/2025\/04\/FXT500-AZUL-1.jpg\" \/>\n\t<meta property=\"og:image:width\" content=\"1100\" \/>\n\t<meta property=\"og:image:height\" content=\"734\" \/>\n\t<meta property=\"og:image:type\" content=\"image\/jpeg\" \/>\n<meta name=\"twitter:card\" content=\"summary_large_image\" \/>\n<script type=\"application\/ld+json\" class=\"yoast-schema-graph\">{\"@context\":\"https:\\\/\\\/schema.org\",\"@graph\":[{\"@type\":\"WebPage\",\"@id\":\"https:\\\/\\\/www.gardenstore.es\\\/de\\\/produkt\\\/kunstrasen\\\/sportkunstrasen\\\/kunstrasen-fur-padel\\\/kunstrasen-sport-fxt-500\\\/\",\"url\":\"https:\\\/\\\/www.gardenstore.es\\\/de\\\/produkt\\\/kunstrasen\\\/sportkunstrasen\\\/kunstrasen-fur-padel\\\/kunstrasen-sport-fxt-500\\\/\",\"name\":\"Kunstrasen Sport FXT 500 | GardenStore\",\"isPartOf\":{\"@id\":\"https:\\\/\\\/www.gardenstore.es\\\/de\\\/#website\"},\"primaryImageOfPage\":{\"@id\":\"https:\\\/\\\/www.gardenstore.es\\\/de\\\/produkt\\\/kunstrasen\\\/sportkunstrasen\\\/kunstrasen-fur-padel\\\/kunstrasen-sport-fxt-500\\\/#primaryimage\"},\"image\":{\"@id\":\"https:\\\/\\\/www.gardenstore.es\\\/de\\\/produkt\\\/kunstrasen\\\/sportkunstrasen\\\/kunstrasen-fur-padel\\\/kunstrasen-sport-fxt-500\\\/#primaryimage\"},\"thumbnailUrl\":\"https:\\\/\\\/www.gardenstore.es\\\/wp-content\\\/uploads\\\/2025\\\/04\\\/FXT500-AZUL-1.jpg\",\"datePublished\":\"2025-04-09T12:44:54+00:00\",\"dateModified\":\"2025-10-20T08:51:57+00:00\",\"breadcrumb\":{\"@id\":\"https:\\\/\\\/www.gardenstore.es\\\/de\\\/produkt\\\/kunstrasen\\\/sportkunstrasen\\\/kunstrasen-fur-padel\\\/kunstrasen-sport-fxt-500\\\/#breadcrumb\"},\"inLanguage\":\"de\",\"potentialAction\":[{\"@type\":\"ReadAction\",\"target\":[\"https:\\\/\\\/www.gardenstore.es\\\/de\\\/produkt\\\/kunstrasen\\\/sportkunstrasen\\\/kunstrasen-fur-padel\\\/kunstrasen-sport-fxt-500\\\/\"]}]},{\"@type\":\"ImageObject\",\"inLanguage\":\"de\",\"@id\":\"https:\\\/\\\/www.gardenstore.es\\\/de\\\/produkt\\\/kunstrasen\\\/sportkunstrasen\\\/kunstrasen-fur-padel\\\/kunstrasen-sport-fxt-500\\\/#primaryimage\",\"url\":\"https:\\\/\\\/www.gardenstore.es\\\/wp-content\\\/uploads\\\/2025\\\/04\\\/FXT500-AZUL-1.jpg\",\"contentUrl\":\"https:\\\/\\\/www.gardenstore.es\\\/wp-content\\\/uploads\\\/2025\\\/04\\\/FXT500-AZUL-1.jpg\",\"width\":1100,\"height\":734,\"caption\":\"Sportrasen FXT 500\"},{\"@type\":\"BreadcrumbList\",\"@id\":\"https:\\\/\\\/www.gardenstore.es\\\/de\\\/produkt\\\/kunstrasen\\\/sportkunstrasen\\\/kunstrasen-fur-padel\\\/kunstrasen-sport-fxt-500\\\/#breadcrumb\",\"itemListElement\":[{\"@type\":\"ListItem\",\"position\":1,\"name\":\"Startseite\",\"item\":\"https:\\\/\\\/www.gardenstore.es\\\/de\\\/startseite\\\/\"},{\"@type\":\"ListItem\",\"position\":2,\"name\":\"Shop\",\"item\":\"https:\\\/\\\/www.gardenstore.es\\\/de\\\/shop\\\/\"},{\"@type\":\"ListItem\",\"position\":3,\"name\":\"Kunstrasen\",\"item\":\"https:\\\/\\\/www.gardenstore.es\\\/de\\\/produkt-kategorie\\\/kunstrasen\\\/\"},{\"@type\":\"ListItem\",\"position\":4,\"name\":\"Sportkunstrasen\",\"item\":\"https:\\\/\\\/www.gardenstore.es\\\/de\\\/produkt-kategorie\\\/kunstrasen\\\/sportkunstrasen\\\/\"},{\"@type\":\"ListItem\",\"position\":5,\"name\":\"Kunstrasen f\u00fcr Padel\",\"item\":\"https:\\\/\\\/www.gardenstore.es\\\/de\\\/produkt-kategorie\\\/kunstrasen\\\/sportkunstrasen\\\/kunstrasen-fur-padel\\\/\"},{\"@type\":\"ListItem\",\"position\":6,\"name\":\"Kunstrasen Sport FXT 500\"}]},{\"@type\":\"WebSite\",\"@id\":\"https:\\\/\\\/www.gardenstore.es\\\/de\\\/#website\",\"url\":\"https:\\\/\\\/www.gardenstore.es\\\/de\\\/\",\"name\":\"GardenStore | Venta e instalaci\u00f3n de C\u00e9sped Artificial\",\"description\":\"C\u00e9sped Artificial en Sevilla\",\"publisher\":{\"@id\":\"https:\\\/\\\/www.gardenstore.es\\\/de\\\/#organization\"},\"potentialAction\":[{\"@type\":\"SearchAction\",\"target\":{\"@type\":\"EntryPoint\",\"urlTemplate\":\"https:\\\/\\\/www.gardenstore.es\\\/de\\\/?s={search_term_string}\"},\"query-input\":{\"@type\":\"PropertyValueSpecification\",\"valueRequired\":true,\"valueName\":\"search_term_string\"}}],\"inLanguage\":\"de\"},{\"@type\":\"Organization\",\"@id\":\"https:\\\/\\\/www.gardenstore.es\\\/de\\\/#organization\",\"name\":\"GardenStore\",\"url\":\"https:\\\/\\\/www.gardenstore.es\\\/de\\\/\",\"logo\":{\"@type\":\"ImageObject\",\"inLanguage\":\"de\",\"@id\":\"https:\\\/\\\/www.gardenstore.es\\\/de\\\/#\\\/schema\\\/logo\\\/image\\\/\",\"url\":\"https:\\\/\\\/www.gardenstore.es\\\/wp-content\\\/uploads\\\/2025\\\/10\\\/LOGOTIPO_V1-1.svg\",\"contentUrl\":\"https:\\\/\\\/www.gardenstore.es\\\/wp-content\\\/uploads\\\/2025\\\/10\\\/LOGOTIPO_V1-1.svg\",\"width\":818,\"height\":130,\"caption\":\"GardenStore\"},\"image\":{\"@id\":\"https:\\\/\\\/www.gardenstore.es\\\/de\\\/#\\\/schema\\\/logo\\\/image\\\/\"}}]}<\/script>\n<!-- \/ Yoast SEO plugin. -->","yoast_head_json":{"title":"Kunstrasen Sport FXT 500 | GardenStore","robots":{"index":"index","follow":"follow","max-snippet":"max-snippet:-1","max-image-preview":"max-image-preview:large","max-video-preview":"max-video-preview:-1"},"canonical":"https:\/\/www.gardenstore.es\/de\/produkt\/kunstrasen\/sportkunstrasen\/kunstrasen-fur-padel\/kunstrasen-sport-fxt-500\/","og_locale":"de_DE","og_type":"article","og_title":"Kunstrasen Sport FXT 500 | GardenStore","og_description":"Perfekt f\u00fcr das Padelspielen.","og_url":"https:\/\/www.gardenstore.es\/de\/produkt\/kunstrasen\/sportkunstrasen\/kunstrasen-fur-padel\/kunstrasen-sport-fxt-500\/","og_site_name":"GardenStore","article_modified_time":"2025-10-20T08:51:57+00:00","og_image":[{"width":1100,"height":734,"url":"https:\/\/www.gardenstore.es\/wp-content\/uploads\/2025\/04\/FXT500-AZUL-1.jpg","type":"image\/jpeg"}],"twitter_card":"summary_large_image","schema":{"@context":"https:\/\/schema.org","@graph":[{"@type":"WebPage","@id":"https:\/\/www.gardenstore.es\/de\/produkt\/kunstrasen\/sportkunstrasen\/kunstrasen-fur-padel\/kunstrasen-sport-fxt-500\/","url":"https:\/\/www.gardenstore.es\/de\/produkt\/kunstrasen\/sportkunstrasen\/kunstrasen-fur-padel\/kunstrasen-sport-fxt-500\/","name":"Kunstrasen Sport FXT 500 | GardenStore","isPartOf":{"@id":"https:\/\/www.gardenstore.es\/de\/#website"},"primaryImageOfPage":{"@id":"https:\/\/www.gardenstore.es\/de\/produkt\/kunstrasen\/sportkunstrasen\/kunstrasen-fur-padel\/kunstrasen-sport-fxt-500\/#primaryimage"},"image":{"@id":"https:\/\/www.gardenstore.es\/de\/produkt\/kunstrasen\/sportkunstrasen\/kunstrasen-fur-padel\/kunstrasen-sport-fxt-500\/#primaryimage"},"thumbnailUrl":"https:\/\/www.gardenstore.es\/wp-content\/uploads\/2025\/04\/FXT500-AZUL-1.jpg","datePublished":"2025-04-09T12:44:54+00:00","dateModified":"2025-10-20T08:51:57+00:00","breadcrumb":{"@id":"https:\/\/www.gardenstore.es\/de\/produkt\/kunstrasen\/sportkunstrasen\/kunstrasen-fur-padel\/kunstrasen-sport-fxt-500\/#breadcrumb"},"inLanguage":"de","potentialAction":[{"@type":"ReadAction","target":["https:\/\/www.gardenstore.es\/de\/produkt\/kunstrasen\/sportkunstrasen\/kunstrasen-fur-padel\/kunstrasen-sport-fxt-500\/"]}]},{"@type":"ImageObject","inLanguage":"de","@id":"https:\/\/www.gardenstore.es\/de\/produkt\/kunstrasen\/sportkunstrasen\/kunstrasen-fur-padel\/kunstrasen-sport-fxt-500\/#primaryimage","url":"https:\/\/www.gardenstore.es\/wp-content\/uploads\/2025\/04\/FXT500-AZUL-1.jpg","contentUrl":"https:\/\/www.gardenstore.es\/wp-content\/uploads\/2025\/04\/FXT500-AZUL-1.jpg","width":1100,"height":734,"caption":"Sportrasen FXT 500"},{"@type":"BreadcrumbList","@id":"https:\/\/www.gardenstore.es\/de\/produkt\/kunstrasen\/sportkunstrasen\/kunstrasen-fur-padel\/kunstrasen-sport-fxt-500\/#breadcrumb","itemListElement":[{"@type":"ListItem","position":1,"name":"Startseite","item":"https:\/\/www.gardenstore.es\/de\/startseite\/"},{"@type":"ListItem","position":2,"name":"Shop","item":"https:\/\/www.gardenstore.es\/de\/shop\/"},{"@type":"ListItem","position":3,"name":"Kunstrasen","item":"https:\/\/www.gardenstore.es\/de\/produkt-kategorie\/kunstrasen\/"},{"@type":"ListItem","position":4,"name":"Sportkunstrasen","item":"https:\/\/www.gardenstore.es\/de\/produkt-kategorie\/kunstrasen\/sportkunstrasen\/"},{"@type":"ListItem","position":5,"name":"Kunstrasen f\u00fcr Padel","item":"https:\/\/www.gardenstore.es\/de\/produkt-kategorie\/kunstrasen\/sportkunstrasen\/kunstrasen-fur-padel\/"},{"@type":"ListItem","position":6,"name":"Kunstrasen Sport FXT 500"}]},{"@type":"WebSite","@id":"https:\/\/www.gardenstore.es\/de\/#website","url":"https:\/\/www.gardenstore.es\/de\/","name":"GardenStore | Venta e instalaci\u00f3n de C\u00e9sped Artificial","description":"C\u00e9sped Artificial en Sevilla","publisher":{"@id":"https:\/\/www.gardenstore.es\/de\/#organization"},"potentialAction":[{"@type":"SearchAction","target":{"@type":"EntryPoint","urlTemplate":"https:\/\/www.gardenstore.es\/de\/?s={search_term_string}"},"query-input":{"@type":"PropertyValueSpecification","valueRequired":true,"valueName":"search_term_string"}}],"inLanguage":"de"},{"@type":"Organization","@id":"https:\/\/www.gardenstore.es\/de\/#organization","name":"GardenStore","url":"https:\/\/www.gardenstore.es\/de\/","logo":{"@type":"ImageObject","inLanguage":"de","@id":"https:\/\/www.gardenstore.es\/de\/#\/schema\/logo\/image\/","url":"https:\/\/www.gardenstore.es\/wp-content\/uploads\/2025\/10\/LOGOTIPO_V1-1.svg","contentUrl":"https:\/\/www.gardenstore.es\/wp-content\/uploads\/2025\/10\/LOGOTIPO_V1-1.svg","width":818,"height":130,"caption":"GardenStore"},"image":{"@id":"https:\/\/www.gardenstore.es\/de\/#\/schema\/logo\/image\/"}}]}},"_links":{"self":[{"href":"https:\/\/www.gardenstore.es\/de\/wp-json\/wp\/v2\/product\/13450","targetHints":{"allow":["GET"]}}],"collection":[{"href":"https:\/\/www.gardenstore.es\/de\/wp-json\/wp\/v2\/product"}],"about":[{"href":"https:\/\/www.gardenstore.es\/de\/wp-json\/wp\/v2\/types\/product"}],"replies":[{"embeddable":true,"href":"https:\/\/www.gardenstore.es\/de\/wp-json\/wp\/v2\/comments?post=13450"}],"wp:featuredmedia":[{"embeddable":true,"href":"https:\/\/www.gardenstore.es\/de\/wp-json\/wp\/v2\/media\/13460"}],"wp:attachment":[{"href":"https:\/\/www.gardenstore.es\/de\/wp-json\/wp\/v2\/media?parent=13450"}],"wp:term":[{"taxonomy":"product_brand","embeddable":true,"href":"https:\/\/www.gardenstore.es\/de\/wp-json\/wp\/v2\/product_brand?post=13450"},{"taxonomy":"product_cat","embeddable":true,"href":"https:\/\/www.gardenstore.es\/de\/wp-json\/wp\/v2\/product_cat?post=13450"},{"taxonomy":"product_tag","embeddable":true,"href":"https:\/\/www.gardenstore.es\/de\/wp-json\/wp\/v2\/product_tag?post=13450"}],"curies":[{"name":"wp","href":"https:\/\/api.w.org\/{rel}","templated":true}]}}