{"id":13440,"date":"2025-04-09T14:44:54","date_gmt":"2025-04-09T12:44:54","guid":{"rendered":"https:\/\/www.gardenstore.es\/producto\/unkategorisiert\/kunstrasen-sport-match-gruen-blau-fuchsie-schwarz\/"},"modified":"2025-10-20T10:52:11","modified_gmt":"2025-10-20T08:52:11","slug":"kunstrasen-sport-match-gruen-blau-fuchsie-schwarz","status":"publish","type":"product","link":"https:\/\/www.gardenstore.es\/de\/produkt\/kunstrasen\/sportkunstrasen\/kunstrasen-fur-padel\/kunstrasen-sport-match-gruen-blau-fuchsie-schwarz\/","title":{"rendered":"Kunstrasen Sport MATCH GR\u00dcN, BLAU, FUCHSIE, SCHWARZ"},"content":{"rendered":"","protected":false},"excerpt":{"rendered":"<p>Perfekt f\u00fcr das Padelspielen.<\/p>\n","protected":false},"featured_media":13449,"comment_status":"open","ping_status":"closed","template":"","meta":{"_acf_changed":false},"product_brand":[],"product_cat":[251,344,285],"product_tag":[],"class_list":{"0":"post-13440","1":"product","2":"type-product","3":"status-publish","4":"has-post-thumbnail","6":"product_cat-kunstrasen","7":"product_cat-kunstrasen-fur-padel","8":"product_cat-sportkunstrasen","9":"","10":"woocommerce-text-align-left","11":"woocommerce-image-align-center","12":"do-quantity-buttons","14":"first","15":"instock","16":"product-type-simple"},"acf":{"altura":15,"confort":"","recuperacion":"","suavidad":"","resistencia":"","ficha_de_producto":13448,"tipo_fibra_hilo":"Monofilament","composicion_fibra_hilo":"Polyethylen (PE)","dtex":"","peso_hilo":"1320 gr\/m\u00b2 (\u00b110%)","seccion":"","altura_hilo":"15 mm (\u00b15%)","galga":"","puntadas_10cm":"210 Stiche\/m (\u00b110 %)","puntadas_m2":"44.100 Stiche\/m\u00b2 (\u00b110 %)","tipo_backing":"Fleece-verst\u00e4rktes Gewebe","composicion_backing":"Polypropylen (PP)","tipo_acabado":"Schaber-Applikation","composicion_acabado":"Polyurethan (PU)","peso_backing":"865 gr\/m\u00b2 (\u00b110%)","hilo_recto_numero":"6","hilo_recto_colores":"Verde \/ Azul \/ Fucsia \/ Negro","hilo_rizado_numero":"","hilo_rizado_colores":"","peso_total":"2.185 gr\/m\u00b2 (\u00b110%)","dimensiones_rollo":"","drenaje":"","filamentos":""},"gallery_images":[13445,13446,13447],"yoast_head":"<!-- This site is optimized with the Yoast SEO plugin v27.4 - https:\/\/yoast.com\/product\/yoast-seo-wordpress\/ -->\n<title>Kunstrasen Sport MATCH GR\u00dcN, BLAU, FUCHSIE, SCHWARZ | GardenStore<\/title>\n<meta name=\"robots\" content=\"index, follow, max-snippet:-1, max-image-preview:large, max-video-preview:-1\" \/>\n<link rel=\"canonical\" href=\"https:\/\/www.gardenstore.es\/de\/produkt\/kunstrasen\/sportkunstrasen\/kunstrasen-fur-padel\/kunstrasen-sport-match-gruen-blau-fuchsie-schwarz\/\" \/>\n<meta property=\"og:locale\" content=\"de_DE\" \/>\n<meta property=\"og:type\" content=\"article\" \/>\n<meta property=\"og:title\" content=\"Kunstrasen Sport MATCH GR\u00dcN, BLAU, FUCHSIE, SCHWARZ | GardenStore\" \/>\n<meta property=\"og:description\" content=\"Perfekt f\u00fcr das Padelspielen.\" \/>\n<meta property=\"og:url\" content=\"https:\/\/www.gardenstore.es\/de\/produkt\/kunstrasen\/sportkunstrasen\/kunstrasen-fur-padel\/kunstrasen-sport-match-gruen-blau-fuchsie-schwarz\/\" \/>\n<meta property=\"og:site_name\" content=\"GardenStore\" \/>\n<meta property=\"article:modified_time\" content=\"2025-10-20T08:52:11+00:00\" \/>\n<meta property=\"og:image\" content=\"https:\/\/www.gardenstore.es\/wp-content\/uploads\/2025\/04\/Cesped-deportivo-MATCH-AZUL.jpg\" \/>\n\t<meta property=\"og:image:width\" content=\"500\" \/>\n\t<meta property=\"og:image:height\" content=\"500\" \/>\n\t<meta property=\"og:image:type\" content=\"image\/jpeg\" \/>\n<meta name=\"twitter:card\" content=\"summary_large_image\" \/>\n<script type=\"application\/ld+json\" class=\"yoast-schema-graph\">{\"@context\":\"https:\\\/\\\/schema.org\",\"@graph\":[{\"@type\":\"WebPage\",\"@id\":\"https:\\\/\\\/www.gardenstore.es\\\/de\\\/produkt\\\/kunstrasen\\\/sportkunstrasen\\\/kunstrasen-fur-padel\\\/kunstrasen-sport-match-gruen-blau-fuchsie-schwarz\\\/\",\"url\":\"https:\\\/\\\/www.gardenstore.es\\\/de\\\/produkt\\\/kunstrasen\\\/sportkunstrasen\\\/kunstrasen-fur-padel\\\/kunstrasen-sport-match-gruen-blau-fuchsie-schwarz\\\/\",\"name\":\"Kunstrasen Sport MATCH GR\u00dcN, BLAU, FUCHSIE, SCHWARZ | GardenStore\",\"isPartOf\":{\"@id\":\"https:\\\/\\\/www.gardenstore.es\\\/de\\\/#website\"},\"primaryImageOfPage\":{\"@id\":\"https:\\\/\\\/www.gardenstore.es\\\/de\\\/produkt\\\/kunstrasen\\\/sportkunstrasen\\\/kunstrasen-fur-padel\\\/kunstrasen-sport-match-gruen-blau-fuchsie-schwarz\\\/#primaryimage\"},\"image\":{\"@id\":\"https:\\\/\\\/www.gardenstore.es\\\/de\\\/produkt\\\/kunstrasen\\\/sportkunstrasen\\\/kunstrasen-fur-padel\\\/kunstrasen-sport-match-gruen-blau-fuchsie-schwarz\\\/#primaryimage\"},\"thumbnailUrl\":\"https:\\\/\\\/www.gardenstore.es\\\/wp-content\\\/uploads\\\/2025\\\/04\\\/Cesped-deportivo-MATCH-AZUL.jpg\",\"datePublished\":\"2025-04-09T12:44:54+00:00\",\"dateModified\":\"2025-10-20T08:52:11+00:00\",\"breadcrumb\":{\"@id\":\"https:\\\/\\\/www.gardenstore.es\\\/de\\\/produkt\\\/kunstrasen\\\/sportkunstrasen\\\/kunstrasen-fur-padel\\\/kunstrasen-sport-match-gruen-blau-fuchsie-schwarz\\\/#breadcrumb\"},\"inLanguage\":\"de\",\"potentialAction\":[{\"@type\":\"ReadAction\",\"target\":[\"https:\\\/\\\/www.gardenstore.es\\\/de\\\/produkt\\\/kunstrasen\\\/sportkunstrasen\\\/kunstrasen-fur-padel\\\/kunstrasen-sport-match-gruen-blau-fuchsie-schwarz\\\/\"]}]},{\"@type\":\"ImageObject\",\"inLanguage\":\"de\",\"@id\":\"https:\\\/\\\/www.gardenstore.es\\\/de\\\/produkt\\\/kunstrasen\\\/sportkunstrasen\\\/kunstrasen-fur-padel\\\/kunstrasen-sport-match-gruen-blau-fuchsie-schwarz\\\/#primaryimage\",\"url\":\"https:\\\/\\\/www.gardenstore.es\\\/wp-content\\\/uploads\\\/2025\\\/04\\\/Cesped-deportivo-MATCH-AZUL.jpg\",\"contentUrl\":\"https:\\\/\\\/www.gardenstore.es\\\/wp-content\\\/uploads\\\/2025\\\/04\\\/Cesped-deportivo-MATCH-AZUL.jpg\",\"width\":500,\"height\":500,\"caption\":\"Kunstrasen Sport MATCH GR\u00dcN\"},{\"@type\":\"BreadcrumbList\",\"@id\":\"https:\\\/\\\/www.gardenstore.es\\\/de\\\/produkt\\\/kunstrasen\\\/sportkunstrasen\\\/kunstrasen-fur-padel\\\/kunstrasen-sport-match-gruen-blau-fuchsie-schwarz\\\/#breadcrumb\",\"itemListElement\":[{\"@type\":\"ListItem\",\"position\":1,\"name\":\"Startseite\",\"item\":\"https:\\\/\\\/www.gardenstore.es\\\/de\\\/startseite\\\/\"},{\"@type\":\"ListItem\",\"position\":2,\"name\":\"Shop\",\"item\":\"https:\\\/\\\/www.gardenstore.es\\\/de\\\/shop\\\/\"},{\"@type\":\"ListItem\",\"position\":3,\"name\":\"Kunstrasen\",\"item\":\"https:\\\/\\\/www.gardenstore.es\\\/de\\\/produkt-kategorie\\\/kunstrasen\\\/\"},{\"@type\":\"ListItem\",\"position\":4,\"name\":\"Sportkunstrasen\",\"item\":\"https:\\\/\\\/www.gardenstore.es\\\/de\\\/produkt-kategorie\\\/kunstrasen\\\/sportkunstrasen\\\/\"},{\"@type\":\"ListItem\",\"position\":5,\"name\":\"Kunstrasen f\u00fcr Padel\",\"item\":\"https:\\\/\\\/www.gardenstore.es\\\/de\\\/produkt-kategorie\\\/kunstrasen\\\/sportkunstrasen\\\/kunstrasen-fur-padel\\\/\"},{\"@type\":\"ListItem\",\"position\":6,\"name\":\"Kunstrasen Sport MATCH GR\u00dcN, BLAU, FUCHSIE, SCHWARZ\"}]},{\"@type\":\"WebSite\",\"@id\":\"https:\\\/\\\/www.gardenstore.es\\\/de\\\/#website\",\"url\":\"https:\\\/\\\/www.gardenstore.es\\\/de\\\/\",\"name\":\"GardenStore | Venta e instalaci\u00f3n de C\u00e9sped Artificial\",\"description\":\"C\u00e9sped Artificial en Sevilla\",\"publisher\":{\"@id\":\"https:\\\/\\\/www.gardenstore.es\\\/de\\\/#organization\"},\"potentialAction\":[{\"@type\":\"SearchAction\",\"target\":{\"@type\":\"EntryPoint\",\"urlTemplate\":\"https:\\\/\\\/www.gardenstore.es\\\/de\\\/?s={search_term_string}\"},\"query-input\":{\"@type\":\"PropertyValueSpecification\",\"valueRequired\":true,\"valueName\":\"search_term_string\"}}],\"inLanguage\":\"de\"},{\"@type\":\"Organization\",\"@id\":\"https:\\\/\\\/www.gardenstore.es\\\/de\\\/#organization\",\"name\":\"GardenStore\",\"url\":\"https:\\\/\\\/www.gardenstore.es\\\/de\\\/\",\"logo\":{\"@type\":\"ImageObject\",\"inLanguage\":\"de\",\"@id\":\"https:\\\/\\\/www.gardenstore.es\\\/de\\\/#\\\/schema\\\/logo\\\/image\\\/\",\"url\":\"https:\\\/\\\/www.gardenstore.es\\\/wp-content\\\/uploads\\\/2025\\\/10\\\/LOGOTIPO_V1-1.svg\",\"contentUrl\":\"https:\\\/\\\/www.gardenstore.es\\\/wp-content\\\/uploads\\\/2025\\\/10\\\/LOGOTIPO_V1-1.svg\",\"width\":818,\"height\":130,\"caption\":\"GardenStore\"},\"image\":{\"@id\":\"https:\\\/\\\/www.gardenstore.es\\\/de\\\/#\\\/schema\\\/logo\\\/image\\\/\"}}]}<\/script>\n<!-- \/ Yoast SEO plugin. -->","yoast_head_json":{"title":"Kunstrasen Sport MATCH GR\u00dcN, BLAU, FUCHSIE, SCHWARZ | GardenStore","robots":{"index":"index","follow":"follow","max-snippet":"max-snippet:-1","max-image-preview":"max-image-preview:large","max-video-preview":"max-video-preview:-1"},"canonical":"https:\/\/www.gardenstore.es\/de\/produkt\/kunstrasen\/sportkunstrasen\/kunstrasen-fur-padel\/kunstrasen-sport-match-gruen-blau-fuchsie-schwarz\/","og_locale":"de_DE","og_type":"article","og_title":"Kunstrasen Sport MATCH GR\u00dcN, BLAU, FUCHSIE, SCHWARZ | GardenStore","og_description":"Perfekt f\u00fcr das Padelspielen.","og_url":"https:\/\/www.gardenstore.es\/de\/produkt\/kunstrasen\/sportkunstrasen\/kunstrasen-fur-padel\/kunstrasen-sport-match-gruen-blau-fuchsie-schwarz\/","og_site_name":"GardenStore","article_modified_time":"2025-10-20T08:52:11+00:00","og_image":[{"width":500,"height":500,"url":"https:\/\/www.gardenstore.es\/wp-content\/uploads\/2025\/04\/Cesped-deportivo-MATCH-AZUL.jpg","type":"image\/jpeg"}],"twitter_card":"summary_large_image","schema":{"@context":"https:\/\/schema.org","@graph":[{"@type":"WebPage","@id":"https:\/\/www.gardenstore.es\/de\/produkt\/kunstrasen\/sportkunstrasen\/kunstrasen-fur-padel\/kunstrasen-sport-match-gruen-blau-fuchsie-schwarz\/","url":"https:\/\/www.gardenstore.es\/de\/produkt\/kunstrasen\/sportkunstrasen\/kunstrasen-fur-padel\/kunstrasen-sport-match-gruen-blau-fuchsie-schwarz\/","name":"Kunstrasen Sport MATCH GR\u00dcN, BLAU, FUCHSIE, SCHWARZ | GardenStore","isPartOf":{"@id":"https:\/\/www.gardenstore.es\/de\/#website"},"primaryImageOfPage":{"@id":"https:\/\/www.gardenstore.es\/de\/produkt\/kunstrasen\/sportkunstrasen\/kunstrasen-fur-padel\/kunstrasen-sport-match-gruen-blau-fuchsie-schwarz\/#primaryimage"},"image":{"@id":"https:\/\/www.gardenstore.es\/de\/produkt\/kunstrasen\/sportkunstrasen\/kunstrasen-fur-padel\/kunstrasen-sport-match-gruen-blau-fuchsie-schwarz\/#primaryimage"},"thumbnailUrl":"https:\/\/www.gardenstore.es\/wp-content\/uploads\/2025\/04\/Cesped-deportivo-MATCH-AZUL.jpg","datePublished":"2025-04-09T12:44:54+00:00","dateModified":"2025-10-20T08:52:11+00:00","breadcrumb":{"@id":"https:\/\/www.gardenstore.es\/de\/produkt\/kunstrasen\/sportkunstrasen\/kunstrasen-fur-padel\/kunstrasen-sport-match-gruen-blau-fuchsie-schwarz\/#breadcrumb"},"inLanguage":"de","potentialAction":[{"@type":"ReadAction","target":["https:\/\/www.gardenstore.es\/de\/produkt\/kunstrasen\/sportkunstrasen\/kunstrasen-fur-padel\/kunstrasen-sport-match-gruen-blau-fuchsie-schwarz\/"]}]},{"@type":"ImageObject","inLanguage":"de","@id":"https:\/\/www.gardenstore.es\/de\/produkt\/kunstrasen\/sportkunstrasen\/kunstrasen-fur-padel\/kunstrasen-sport-match-gruen-blau-fuchsie-schwarz\/#primaryimage","url":"https:\/\/www.gardenstore.es\/wp-content\/uploads\/2025\/04\/Cesped-deportivo-MATCH-AZUL.jpg","contentUrl":"https:\/\/www.gardenstore.es\/wp-content\/uploads\/2025\/04\/Cesped-deportivo-MATCH-AZUL.jpg","width":500,"height":500,"caption":"Kunstrasen Sport MATCH GR\u00dcN"},{"@type":"BreadcrumbList","@id":"https:\/\/www.gardenstore.es\/de\/produkt\/kunstrasen\/sportkunstrasen\/kunstrasen-fur-padel\/kunstrasen-sport-match-gruen-blau-fuchsie-schwarz\/#breadcrumb","itemListElement":[{"@type":"ListItem","position":1,"name":"Startseite","item":"https:\/\/www.gardenstore.es\/de\/startseite\/"},{"@type":"ListItem","position":2,"name":"Shop","item":"https:\/\/www.gardenstore.es\/de\/shop\/"},{"@type":"ListItem","position":3,"name":"Kunstrasen","item":"https:\/\/www.gardenstore.es\/de\/produkt-kategorie\/kunstrasen\/"},{"@type":"ListItem","position":4,"name":"Sportkunstrasen","item":"https:\/\/www.gardenstore.es\/de\/produkt-kategorie\/kunstrasen\/sportkunstrasen\/"},{"@type":"ListItem","position":5,"name":"Kunstrasen f\u00fcr Padel","item":"https:\/\/www.gardenstore.es\/de\/produkt-kategorie\/kunstrasen\/sportkunstrasen\/kunstrasen-fur-padel\/"},{"@type":"ListItem","position":6,"name":"Kunstrasen Sport MATCH GR\u00dcN, BLAU, FUCHSIE, SCHWARZ"}]},{"@type":"WebSite","@id":"https:\/\/www.gardenstore.es\/de\/#website","url":"https:\/\/www.gardenstore.es\/de\/","name":"GardenStore | Venta e instalaci\u00f3n de C\u00e9sped Artificial","description":"C\u00e9sped Artificial en Sevilla","publisher":{"@id":"https:\/\/www.gardenstore.es\/de\/#organization"},"potentialAction":[{"@type":"SearchAction","target":{"@type":"EntryPoint","urlTemplate":"https:\/\/www.gardenstore.es\/de\/?s={search_term_string}"},"query-input":{"@type":"PropertyValueSpecification","valueRequired":true,"valueName":"search_term_string"}}],"inLanguage":"de"},{"@type":"Organization","@id":"https:\/\/www.gardenstore.es\/de\/#organization","name":"GardenStore","url":"https:\/\/www.gardenstore.es\/de\/","logo":{"@type":"ImageObject","inLanguage":"de","@id":"https:\/\/www.gardenstore.es\/de\/#\/schema\/logo\/image\/","url":"https:\/\/www.gardenstore.es\/wp-content\/uploads\/2025\/10\/LOGOTIPO_V1-1.svg","contentUrl":"https:\/\/www.gardenstore.es\/wp-content\/uploads\/2025\/10\/LOGOTIPO_V1-1.svg","width":818,"height":130,"caption":"GardenStore"},"image":{"@id":"https:\/\/www.gardenstore.es\/de\/#\/schema\/logo\/image\/"}}]}},"_links":{"self":[{"href":"https:\/\/www.gardenstore.es\/de\/wp-json\/wp\/v2\/product\/13440","targetHints":{"allow":["GET"]}}],"collection":[{"href":"https:\/\/www.gardenstore.es\/de\/wp-json\/wp\/v2\/product"}],"about":[{"href":"https:\/\/www.gardenstore.es\/de\/wp-json\/wp\/v2\/types\/product"}],"replies":[{"embeddable":true,"href":"https:\/\/www.gardenstore.es\/de\/wp-json\/wp\/v2\/comments?post=13440"}],"wp:featuredmedia":[{"embeddable":true,"href":"https:\/\/www.gardenstore.es\/de\/wp-json\/wp\/v2\/media\/13449"}],"wp:attachment":[{"href":"https:\/\/www.gardenstore.es\/de\/wp-json\/wp\/v2\/media?parent=13440"}],"wp:term":[{"taxonomy":"product_brand","embeddable":true,"href":"https:\/\/www.gardenstore.es\/de\/wp-json\/wp\/v2\/product_brand?post=13440"},{"taxonomy":"product_cat","embeddable":true,"href":"https:\/\/www.gardenstore.es\/de\/wp-json\/wp\/v2\/product_cat?post=13440"},{"taxonomy":"product_tag","embeddable":true,"href":"https:\/\/www.gardenstore.es\/de\/wp-json\/wp\/v2\/product_tag?post=13440"}],"curies":[{"name":"wp","href":"https:\/\/api.w.org\/{rel}","templated":true}]}}