{"id":13355,"date":"2025-04-09T14:46:57","date_gmt":"2025-04-09T12:46:57","guid":{"rendered":"https:\/\/www.gardenstore.es\/producto\/unkategorisiert\/hygienisierungsmittel-clean-static-05-l\/"},"modified":"2025-10-20T10:53:37","modified_gmt":"2025-10-20T08:53:37","slug":"hygienisierungsmittel-clean-static-05-l","status":"publish","type":"product","link":"https:\/\/www.gardenstore.es\/de\/produkt\/zubehor\/hygienisierungsmittel-clean-static-05-l\/","title":{"rendered":"Hygienisierungsmittel Clean &amp; Static 0,5 l"},"content":{"rendered":"","protected":false},"excerpt":{"rendered":"<p>Hygienisierungsmittel Clean &amp; Static 0,5 L<\/p>\n<p>Antistatischer Reiniger und Hygienesp\u00fcler f\u00fcr Kunstrasen.<\/p>\n<p>Clean &amp; Static Rasen ist ein duftender, hochwirksamer Reiniger und Hygienesp\u00fcler, der entwickelt wurde, um in einem einzigen Arbeitsgang zu reinigen, zu desinfizieren, zu aromatisieren und die statische Elektrizit\u00e4t zu beseitigen. Seine ausgewogene Zusammensetzung, die auf synergistischen Mischungen aus nichtionischen und kationischen Tensiden, Antistatika, ausgew\u00e4hlten Duftstoffen und Hilfsstoffen basiert, erm\u00f6glicht es, mit einer einzigen Anwendung alle Arten von angesammeltem Schmutz zu entfernen, ohne dass gerieben werden muss, w\u00e4hrend die elektrostatischen Aufladungen, die sich auf dieser Art von Oberfl\u00e4chen angesammelt haben, abgeleitet und verteilt werden, wodurch Ihr Rasen \u00fcber einen l\u00e4ngeren Zeitraum frei von Entladungen bleibt, da sie nach der Behandlung bis zu 20 Tage anhalten.<br \/>\nClean &amp; Static Rasen enth\u00e4lt in seiner Formulierung sorgf\u00e4ltig ausgew\u00e4hlte Duftstoffe nat\u00fcrlichen Ursprungs, so dass er nach der Anwendung einen angenehmen Duft von frisch geschnittenem Gras verstr\u00f6mt und der Anwendungsfl\u00e4che ein zus\u00e4tzliches Ma\u00df an \u00c4hnlichkeit mit Naturrasen verleiht. Dar\u00fcber hinaus n\u00e4hren und pflegen die verwendeten Zusatzstoffe die Fasern, wodurch sie ein zus\u00e4tzliches Ma\u00df an Komfort und Nat\u00fcrlichkeit bieten. <\/p>\n","protected":false},"featured_media":13357,"comment_status":"open","ping_status":"closed","template":"","meta":{"_acf_changed":false},"product_brand":[],"product_cat":[337],"product_tag":[],"class_list":{"0":"post-13355","1":"product","2":"type-product","3":"status-publish","4":"has-post-thumbnail","6":"product_cat-zubehor","7":"","8":"woocommerce-text-align-left","9":"woocommerce-image-align-center","10":"do-quantity-buttons","12":"first","13":"instock","14":"product-type-simple"},"acf":{"altura":"","confort":"","recuperacion":"","suavidad":"","resistencia":"","ficha_de_producto":"","tipo_fibra_hilo":"","composicion_fibra_hilo":"","dtex":"","peso_hilo":"","seccion":"","altura_hilo":"","galga":"","puntadas_10cm":"","puntadas_m2":"","tipo_backing":"","composicion_backing":"","tipo_acabado":"","composicion_acabado":"","peso_backing":"","hilo_recto_numero":"","hilo_recto_colores":"","hilo_rizado_numero":"","hilo_rizado_colores":"","peso_total":"","dimensiones_rollo":"","drenaje":"","filamentos":""},"gallery_images":[],"yoast_head":"<!-- This site is optimized with the Yoast SEO plugin v27.4 - https:\/\/yoast.com\/product\/yoast-seo-wordpress\/ -->\n<title>Hygienisierungsmittel Clean &amp; Static 0,5 l | GardenStore<\/title>\n<meta name=\"robots\" content=\"index, follow, max-snippet:-1, max-image-preview:large, max-video-preview:-1\" \/>\n<link rel=\"canonical\" href=\"https:\/\/www.gardenstore.es\/de\/produkt\/zubehor\/hygienisierungsmittel-clean-static-05-l\/\" \/>\n<meta property=\"og:locale\" content=\"de_DE\" \/>\n<meta property=\"og:type\" content=\"article\" \/>\n<meta property=\"og:title\" content=\"Hygienisierungsmittel Clean &amp; Static 0,5 l | GardenStore\" \/>\n<meta property=\"og:description\" content=\"Hygienisierungsmittel Clean &amp; Static 0,5 L Antistatischer Reiniger und Hygienesp\u00fcler f\u00fcr Kunstrasen. Clean &amp; Static Rasen ist ein duftender, hochwirksamer Reiniger und Hygienesp\u00fcler, der entwickelt wurde, um in einem einzigen Arbeitsgang zu reinigen, zu desinfizieren, zu aromatisieren und die statische Elektrizit\u00e4t zu beseitigen. Seine ausgewogene Zusammensetzung, die auf synergistischen Mischungen aus nichtionischen und kationischen Tensiden, Antistatika, ausgew\u00e4hlten Duftstoffen und Hilfsstoffen basiert, erm\u00f6glicht es, mit einer einzigen Anwendung alle Arten von angesammeltem Schmutz zu entfernen, ohne dass gerieben werden muss, w\u00e4hrend die elektrostatischen Aufladungen, die sich auf dieser Art von Oberfl\u00e4chen angesammelt haben, abgeleitet und verteilt werden, wodurch Ihr Rasen \u00fcber einen l\u00e4ngeren Zeitraum frei von Entladungen bleibt, da sie nach der Behandlung bis zu 20 Tage anhalten. Clean &amp; Static Rasen enth\u00e4lt in seiner Formulierung sorgf\u00e4ltig ausgew\u00e4hlte Duftstoffe nat\u00fcrlichen Ursprungs, so dass er nach der Anwendung einen angenehmen Duft von frisch geschnittenem Gras verstr\u00f6mt und der Anwendungsfl\u00e4che ein zus\u00e4tzliches Ma\u00df an \u00c4hnlichkeit mit Naturrasen verleiht. Dar\u00fcber hinaus n\u00e4hren und pflegen die verwendeten Zusatzstoffe die Fasern, wodurch sie ein zus\u00e4tzliches Ma\u00df an Komfort und Nat\u00fcrlichkeit bieten.\" \/>\n<meta property=\"og:url\" content=\"https:\/\/www.gardenstore.es\/de\/produkt\/zubehor\/hygienisierungsmittel-clean-static-05-l\/\" \/>\n<meta property=\"og:site_name\" content=\"GardenStore\" \/>\n<meta property=\"article:modified_time\" content=\"2025-10-20T08:53:37+00:00\" \/>\n<meta property=\"og:image\" content=\"https:\/\/www.gardenstore.es\/wp-content\/uploads\/2025\/04\/LIMPIADOR_05L-1-scaled.png\" \/>\n\t<meta property=\"og:image:width\" content=\"2560\" \/>\n\t<meta property=\"og:image:height\" content=\"2560\" \/>\n\t<meta property=\"og:image:type\" content=\"image\/png\" \/>\n<meta name=\"twitter:card\" content=\"summary_large_image\" \/>\n<script type=\"application\/ld+json\" class=\"yoast-schema-graph\">{\"@context\":\"https:\\\/\\\/schema.org\",\"@graph\":[{\"@type\":\"WebPage\",\"@id\":\"https:\\\/\\\/www.gardenstore.es\\\/de\\\/produkt\\\/zubehor\\\/hygienisierungsmittel-clean-static-05-l\\\/\",\"url\":\"https:\\\/\\\/www.gardenstore.es\\\/de\\\/produkt\\\/zubehor\\\/hygienisierungsmittel-clean-static-05-l\\\/\",\"name\":\"Hygienisierungsmittel Clean &amp; Static 0,5 l | GardenStore\",\"isPartOf\":{\"@id\":\"https:\\\/\\\/www.gardenstore.es\\\/de\\\/#website\"},\"primaryImageOfPage\":{\"@id\":\"https:\\\/\\\/www.gardenstore.es\\\/de\\\/produkt\\\/zubehor\\\/hygienisierungsmittel-clean-static-05-l\\\/#primaryimage\"},\"image\":{\"@id\":\"https:\\\/\\\/www.gardenstore.es\\\/de\\\/produkt\\\/zubehor\\\/hygienisierungsmittel-clean-static-05-l\\\/#primaryimage\"},\"thumbnailUrl\":\"https:\\\/\\\/www.gardenstore.es\\\/wp-content\\\/uploads\\\/2025\\\/04\\\/LIMPIADOR_05L-1-scaled.png\",\"datePublished\":\"2025-04-09T12:46:57+00:00\",\"dateModified\":\"2025-10-20T08:53:37+00:00\",\"breadcrumb\":{\"@id\":\"https:\\\/\\\/www.gardenstore.es\\\/de\\\/produkt\\\/zubehor\\\/hygienisierungsmittel-clean-static-05-l\\\/#breadcrumb\"},\"inLanguage\":\"de\",\"potentialAction\":[{\"@type\":\"ReadAction\",\"target\":[\"https:\\\/\\\/www.gardenstore.es\\\/de\\\/produkt\\\/zubehor\\\/hygienisierungsmittel-clean-static-05-l\\\/\"]}]},{\"@type\":\"ImageObject\",\"inLanguage\":\"de\",\"@id\":\"https:\\\/\\\/www.gardenstore.es\\\/de\\\/produkt\\\/zubehor\\\/hygienisierungsmittel-clean-static-05-l\\\/#primaryimage\",\"url\":\"https:\\\/\\\/www.gardenstore.es\\\/wp-content\\\/uploads\\\/2025\\\/04\\\/LIMPIADOR_05L-1-scaled.png\",\"contentUrl\":\"https:\\\/\\\/www.gardenstore.es\\\/wp-content\\\/uploads\\\/2025\\\/04\\\/LIMPIADOR_05L-1-scaled.png\",\"width\":2560,\"height\":2560,\"caption\":\"Hygienereiniger 0,5L\"},{\"@type\":\"BreadcrumbList\",\"@id\":\"https:\\\/\\\/www.gardenstore.es\\\/de\\\/produkt\\\/zubehor\\\/hygienisierungsmittel-clean-static-05-l\\\/#breadcrumb\",\"itemListElement\":[{\"@type\":\"ListItem\",\"position\":1,\"name\":\"Startseite\",\"item\":\"https:\\\/\\\/www.gardenstore.es\\\/de\\\/startseite\\\/\"},{\"@type\":\"ListItem\",\"position\":2,\"name\":\"Shop\",\"item\":\"https:\\\/\\\/www.gardenstore.es\\\/de\\\/shop\\\/\"},{\"@type\":\"ListItem\",\"position\":3,\"name\":\"Zubeh\u00f6r\",\"item\":\"https:\\\/\\\/www.gardenstore.es\\\/de\\\/produkt-kategorie\\\/zubehor\\\/\"},{\"@type\":\"ListItem\",\"position\":4,\"name\":\"Hygienisierungsmittel Clean &amp; Static 0,5 l\"}]},{\"@type\":\"WebSite\",\"@id\":\"https:\\\/\\\/www.gardenstore.es\\\/de\\\/#website\",\"url\":\"https:\\\/\\\/www.gardenstore.es\\\/de\\\/\",\"name\":\"GardenStore | Venta e instalaci\u00f3n de C\u00e9sped Artificial\",\"description\":\"C\u00e9sped Artificial en Sevilla\",\"publisher\":{\"@id\":\"https:\\\/\\\/www.gardenstore.es\\\/de\\\/#organization\"},\"potentialAction\":[{\"@type\":\"SearchAction\",\"target\":{\"@type\":\"EntryPoint\",\"urlTemplate\":\"https:\\\/\\\/www.gardenstore.es\\\/de\\\/?s={search_term_string}\"},\"query-input\":{\"@type\":\"PropertyValueSpecification\",\"valueRequired\":true,\"valueName\":\"search_term_string\"}}],\"inLanguage\":\"de\"},{\"@type\":\"Organization\",\"@id\":\"https:\\\/\\\/www.gardenstore.es\\\/de\\\/#organization\",\"name\":\"GardenStore\",\"url\":\"https:\\\/\\\/www.gardenstore.es\\\/de\\\/\",\"logo\":{\"@type\":\"ImageObject\",\"inLanguage\":\"de\",\"@id\":\"https:\\\/\\\/www.gardenstore.es\\\/de\\\/#\\\/schema\\\/logo\\\/image\\\/\",\"url\":\"https:\\\/\\\/www.gardenstore.es\\\/wp-content\\\/uploads\\\/2025\\\/10\\\/LOGOTIPO_V1-1.svg\",\"contentUrl\":\"https:\\\/\\\/www.gardenstore.es\\\/wp-content\\\/uploads\\\/2025\\\/10\\\/LOGOTIPO_V1-1.svg\",\"width\":818,\"height\":130,\"caption\":\"GardenStore\"},\"image\":{\"@id\":\"https:\\\/\\\/www.gardenstore.es\\\/de\\\/#\\\/schema\\\/logo\\\/image\\\/\"}}]}<\/script>\n<!-- \/ Yoast SEO plugin. -->","yoast_head_json":{"title":"Hygienisierungsmittel Clean &amp; Static 0,5 l | GardenStore","robots":{"index":"index","follow":"follow","max-snippet":"max-snippet:-1","max-image-preview":"max-image-preview:large","max-video-preview":"max-video-preview:-1"},"canonical":"https:\/\/www.gardenstore.es\/de\/produkt\/zubehor\/hygienisierungsmittel-clean-static-05-l\/","og_locale":"de_DE","og_type":"article","og_title":"Hygienisierungsmittel Clean &amp; Static 0,5 l | GardenStore","og_description":"Hygienisierungsmittel Clean &amp; Static 0,5 L Antistatischer Reiniger und Hygienesp\u00fcler f\u00fcr Kunstrasen. Clean &amp; Static Rasen ist ein duftender, hochwirksamer Reiniger und Hygienesp\u00fcler, der entwickelt wurde, um in einem einzigen Arbeitsgang zu reinigen, zu desinfizieren, zu aromatisieren und die statische Elektrizit\u00e4t zu beseitigen. Seine ausgewogene Zusammensetzung, die auf synergistischen Mischungen aus nichtionischen und kationischen Tensiden, Antistatika, ausgew\u00e4hlten Duftstoffen und Hilfsstoffen basiert, erm\u00f6glicht es, mit einer einzigen Anwendung alle Arten von angesammeltem Schmutz zu entfernen, ohne dass gerieben werden muss, w\u00e4hrend die elektrostatischen Aufladungen, die sich auf dieser Art von Oberfl\u00e4chen angesammelt haben, abgeleitet und verteilt werden, wodurch Ihr Rasen \u00fcber einen l\u00e4ngeren Zeitraum frei von Entladungen bleibt, da sie nach der Behandlung bis zu 20 Tage anhalten. Clean &amp; Static Rasen enth\u00e4lt in seiner Formulierung sorgf\u00e4ltig ausgew\u00e4hlte Duftstoffe nat\u00fcrlichen Ursprungs, so dass er nach der Anwendung einen angenehmen Duft von frisch geschnittenem Gras verstr\u00f6mt und der Anwendungsfl\u00e4che ein zus\u00e4tzliches Ma\u00df an \u00c4hnlichkeit mit Naturrasen verleiht. Dar\u00fcber hinaus n\u00e4hren und pflegen die verwendeten Zusatzstoffe die Fasern, wodurch sie ein zus\u00e4tzliches Ma\u00df an Komfort und Nat\u00fcrlichkeit bieten.","og_url":"https:\/\/www.gardenstore.es\/de\/produkt\/zubehor\/hygienisierungsmittel-clean-static-05-l\/","og_site_name":"GardenStore","article_modified_time":"2025-10-20T08:53:37+00:00","og_image":[{"width":2560,"height":2560,"url":"https:\/\/www.gardenstore.es\/wp-content\/uploads\/2025\/04\/LIMPIADOR_05L-1-scaled.png","type":"image\/png"}],"twitter_card":"summary_large_image","schema":{"@context":"https:\/\/schema.org","@graph":[{"@type":"WebPage","@id":"https:\/\/www.gardenstore.es\/de\/produkt\/zubehor\/hygienisierungsmittel-clean-static-05-l\/","url":"https:\/\/www.gardenstore.es\/de\/produkt\/zubehor\/hygienisierungsmittel-clean-static-05-l\/","name":"Hygienisierungsmittel Clean &amp; Static 0,5 l | GardenStore","isPartOf":{"@id":"https:\/\/www.gardenstore.es\/de\/#website"},"primaryImageOfPage":{"@id":"https:\/\/www.gardenstore.es\/de\/produkt\/zubehor\/hygienisierungsmittel-clean-static-05-l\/#primaryimage"},"image":{"@id":"https:\/\/www.gardenstore.es\/de\/produkt\/zubehor\/hygienisierungsmittel-clean-static-05-l\/#primaryimage"},"thumbnailUrl":"https:\/\/www.gardenstore.es\/wp-content\/uploads\/2025\/04\/LIMPIADOR_05L-1-scaled.png","datePublished":"2025-04-09T12:46:57+00:00","dateModified":"2025-10-20T08:53:37+00:00","breadcrumb":{"@id":"https:\/\/www.gardenstore.es\/de\/produkt\/zubehor\/hygienisierungsmittel-clean-static-05-l\/#breadcrumb"},"inLanguage":"de","potentialAction":[{"@type":"ReadAction","target":["https:\/\/www.gardenstore.es\/de\/produkt\/zubehor\/hygienisierungsmittel-clean-static-05-l\/"]}]},{"@type":"ImageObject","inLanguage":"de","@id":"https:\/\/www.gardenstore.es\/de\/produkt\/zubehor\/hygienisierungsmittel-clean-static-05-l\/#primaryimage","url":"https:\/\/www.gardenstore.es\/wp-content\/uploads\/2025\/04\/LIMPIADOR_05L-1-scaled.png","contentUrl":"https:\/\/www.gardenstore.es\/wp-content\/uploads\/2025\/04\/LIMPIADOR_05L-1-scaled.png","width":2560,"height":2560,"caption":"Hygienereiniger 0,5L"},{"@type":"BreadcrumbList","@id":"https:\/\/www.gardenstore.es\/de\/produkt\/zubehor\/hygienisierungsmittel-clean-static-05-l\/#breadcrumb","itemListElement":[{"@type":"ListItem","position":1,"name":"Startseite","item":"https:\/\/www.gardenstore.es\/de\/startseite\/"},{"@type":"ListItem","position":2,"name":"Shop","item":"https:\/\/www.gardenstore.es\/de\/shop\/"},{"@type":"ListItem","position":3,"name":"Zubeh\u00f6r","item":"https:\/\/www.gardenstore.es\/de\/produkt-kategorie\/zubehor\/"},{"@type":"ListItem","position":4,"name":"Hygienisierungsmittel Clean &amp; Static 0,5 l"}]},{"@type":"WebSite","@id":"https:\/\/www.gardenstore.es\/de\/#website","url":"https:\/\/www.gardenstore.es\/de\/","name":"GardenStore | Venta e instalaci\u00f3n de C\u00e9sped Artificial","description":"C\u00e9sped Artificial en Sevilla","publisher":{"@id":"https:\/\/www.gardenstore.es\/de\/#organization"},"potentialAction":[{"@type":"SearchAction","target":{"@type":"EntryPoint","urlTemplate":"https:\/\/www.gardenstore.es\/de\/?s={search_term_string}"},"query-input":{"@type":"PropertyValueSpecification","valueRequired":true,"valueName":"search_term_string"}}],"inLanguage":"de"},{"@type":"Organization","@id":"https:\/\/www.gardenstore.es\/de\/#organization","name":"GardenStore","url":"https:\/\/www.gardenstore.es\/de\/","logo":{"@type":"ImageObject","inLanguage":"de","@id":"https:\/\/www.gardenstore.es\/de\/#\/schema\/logo\/image\/","url":"https:\/\/www.gardenstore.es\/wp-content\/uploads\/2025\/10\/LOGOTIPO_V1-1.svg","contentUrl":"https:\/\/www.gardenstore.es\/wp-content\/uploads\/2025\/10\/LOGOTIPO_V1-1.svg","width":818,"height":130,"caption":"GardenStore"},"image":{"@id":"https:\/\/www.gardenstore.es\/de\/#\/schema\/logo\/image\/"}}]}},"_links":{"self":[{"href":"https:\/\/www.gardenstore.es\/de\/wp-json\/wp\/v2\/product\/13355","targetHints":{"allow":["GET"]}}],"collection":[{"href":"https:\/\/www.gardenstore.es\/de\/wp-json\/wp\/v2\/product"}],"about":[{"href":"https:\/\/www.gardenstore.es\/de\/wp-json\/wp\/v2\/types\/product"}],"replies":[{"embeddable":true,"href":"https:\/\/www.gardenstore.es\/de\/wp-json\/wp\/v2\/comments?post=13355"}],"wp:featuredmedia":[{"embeddable":true,"href":"https:\/\/www.gardenstore.es\/de\/wp-json\/wp\/v2\/media\/13357"}],"wp:attachment":[{"href":"https:\/\/www.gardenstore.es\/de\/wp-json\/wp\/v2\/media?parent=13355"}],"wp:term":[{"taxonomy":"product_brand","embeddable":true,"href":"https:\/\/www.gardenstore.es\/de\/wp-json\/wp\/v2\/product_brand?post=13355"},{"taxonomy":"product_cat","embeddable":true,"href":"https:\/\/www.gardenstore.es\/de\/wp-json\/wp\/v2\/product_cat?post=13355"},{"taxonomy":"product_tag","embeddable":true,"href":"https:\/\/www.gardenstore.es\/de\/wp-json\/wp\/v2\/product_tag?post=13355"}],"curies":[{"name":"wp","href":"https:\/\/api.w.org\/{rel}","templated":true}]}}