{"id":13343,"date":"2025-04-09T14:46:57","date_gmt":"2025-04-09T12:46:57","guid":{"rendered":"https:\/\/www.gardenstore.es\/producto\/unkategorisiert\/unkrautvlies-10m%c2%b2-2x5\/"},"modified":"2025-10-20T10:53:26","modified_gmt":"2025-10-20T08:53:26","slug":"unkrautvlies-10m%c2%b2-2x5","status":"publish","type":"product","link":"https:\/\/www.gardenstore.es\/de\/produkt\/zubehor\/unkrautvlies-10m%c2%b2-2x5\/","title":{"rendered":"Unkrautvlies 10m\u00b2 2&#215;5"},"content":{"rendered":"","protected":false},"excerpt":{"rendered":"<p>Unkrautvlies, Grammatur 100.<\/p>\n<p>Das Unkrautvlies ist ein Gewebe, das das Wachstum von Unkraut an unerw\u00fcnschten Stellen verhindern soll. Seine Undurchl\u00e4ssigkeit l\u00e4sst kein Licht durch und verhindert das Wachstum von Unkraut, ist aber ausreichend por\u00f6s, damit das Wasser abflie\u00dfen kann und sich keine Pf\u00fctzen bilden. <\/p>\n<p>Dieses Unkrautvlies, Grammatur 100, ist ideal, um es unter dem Kunstrasen zu verlegen und so das Wachstum von Unkraut zu verhindern und Wasser durchzulassen, was andere, minderwertige Produkte nicht schaffen.<\/p>\n<p>Es wird in verschiedenen Breiten- und L\u00e4ngenma\u00dfen verkauft.<\/p>\n","protected":false},"featured_media":13328,"comment_status":"open","ping_status":"closed","template":"","meta":{"_acf_changed":false},"product_brand":[],"product_cat":[337],"product_tag":[],"class_list":{"0":"post-13343","1":"product","2":"type-product","3":"status-publish","4":"has-post-thumbnail","6":"product_cat-zubehor","7":"","8":"woocommerce-text-align-left","9":"woocommerce-image-align-center","10":"do-quantity-buttons","12":"first","13":"instock","14":"product-type-simple"},"acf":{"altura":"","confort":"","recuperacion":"","suavidad":"","resistencia":"","ficha_de_producto":"","tipo_fibra_hilo":"","composicion_fibra_hilo":"","dtex":"","peso_hilo":"","seccion":"","altura_hilo":"","galga":"","puntadas_10cm":"","puntadas_m2":"","tipo_backing":"","composicion_backing":"","tipo_acabado":"","composicion_acabado":"","peso_backing":"","hilo_recto_numero":"","hilo_recto_colores":"","hilo_rizado_numero":"","hilo_rizado_colores":"","peso_total":"","dimensiones_rollo":"","drenaje":"","filamentos":""},"gallery_images":[],"yoast_head":"<!-- This site is optimized with the Yoast SEO plugin v27.4 - https:\/\/yoast.com\/product\/yoast-seo-wordpress\/ -->\n<title>Unkrautvlies 10m\u00b2 2x5 | GardenStore<\/title>\n<meta name=\"robots\" content=\"index, follow, max-snippet:-1, max-image-preview:large, max-video-preview:-1\" \/>\n<link rel=\"canonical\" href=\"https:\/\/www.gardenstore.es\/de\/produkt\/zubehor\/unkrautvlies-10m%c2%b2-2x5\/\" \/>\n<meta property=\"og:locale\" content=\"de_DE\" \/>\n<meta property=\"og:type\" content=\"article\" \/>\n<meta property=\"og:title\" content=\"Unkrautvlies 10m\u00b2 2x5 | GardenStore\" \/>\n<meta property=\"og:description\" content=\"Unkrautvlies, Grammatur 100. Das Unkrautvlies ist ein Gewebe, das das Wachstum von Unkraut an unerw\u00fcnschten Stellen verhindern soll. Seine Undurchl\u00e4ssigkeit l\u00e4sst kein Licht durch und verhindert das Wachstum von Unkraut, ist aber ausreichend por\u00f6s, damit das Wasser abflie\u00dfen kann und sich keine Pf\u00fctzen bilden.  Dieses Unkrautvlies, Grammatur 100, ist ideal, um es unter dem Kunstrasen zu verlegen und so das Wachstum von Unkraut zu verhindern und Wasser durchzulassen, was andere, minderwertige Produkte nicht schaffen. Es wird in verschiedenen Breiten- und L\u00e4ngenma\u00dfen verkauft.\" \/>\n<meta property=\"og:url\" content=\"https:\/\/www.gardenstore.es\/de\/produkt\/zubehor\/unkrautvlies-10m%c2%b2-2x5\/\" \/>\n<meta property=\"og:site_name\" content=\"GardenStore\" \/>\n<meta property=\"article:modified_time\" content=\"2025-10-20T08:53:26+00:00\" \/>\n<meta property=\"og:image\" content=\"https:\/\/www.gardenstore.es\/wp-content\/uploads\/2025\/04\/MALLA-ANTIHIERBAS.jpg\" \/>\n\t<meta property=\"og:image:width\" content=\"1000\" \/>\n\t<meta property=\"og:image:height\" content=\"1000\" \/>\n\t<meta property=\"og:image:type\" content=\"image\/jpeg\" \/>\n<meta name=\"twitter:card\" content=\"summary_large_image\" \/>\n<script type=\"application\/ld+json\" class=\"yoast-schema-graph\">{\"@context\":\"https:\\\/\\\/schema.org\",\"@graph\":[{\"@type\":\"WebPage\",\"@id\":\"https:\\\/\\\/www.gardenstore.es\\\/de\\\/produkt\\\/zubehor\\\/unkrautvlies-10m%c2%b2-2x5\\\/\",\"url\":\"https:\\\/\\\/www.gardenstore.es\\\/de\\\/produkt\\\/zubehor\\\/unkrautvlies-10m%c2%b2-2x5\\\/\",\"name\":\"Unkrautvlies 10m\u00b2 2x5 | GardenStore\",\"isPartOf\":{\"@id\":\"https:\\\/\\\/www.gardenstore.es\\\/de\\\/#website\"},\"primaryImageOfPage\":{\"@id\":\"https:\\\/\\\/www.gardenstore.es\\\/de\\\/produkt\\\/zubehor\\\/unkrautvlies-10m%c2%b2-2x5\\\/#primaryimage\"},\"image\":{\"@id\":\"https:\\\/\\\/www.gardenstore.es\\\/de\\\/produkt\\\/zubehor\\\/unkrautvlies-10m%c2%b2-2x5\\\/#primaryimage\"},\"thumbnailUrl\":\"https:\\\/\\\/www.gardenstore.es\\\/wp-content\\\/uploads\\\/2025\\\/04\\\/MALLA-ANTIHIERBAS.jpg\",\"datePublished\":\"2025-04-09T12:46:57+00:00\",\"dateModified\":\"2025-10-20T08:53:26+00:00\",\"breadcrumb\":{\"@id\":\"https:\\\/\\\/www.gardenstore.es\\\/de\\\/produkt\\\/zubehor\\\/unkrautvlies-10m%c2%b2-2x5\\\/#breadcrumb\"},\"inLanguage\":\"de\",\"potentialAction\":[{\"@type\":\"ReadAction\",\"target\":[\"https:\\\/\\\/www.gardenstore.es\\\/de\\\/produkt\\\/zubehor\\\/unkrautvlies-10m%c2%b2-2x5\\\/\"]}]},{\"@type\":\"ImageObject\",\"inLanguage\":\"de\",\"@id\":\"https:\\\/\\\/www.gardenstore.es\\\/de\\\/produkt\\\/zubehor\\\/unkrautvlies-10m%c2%b2-2x5\\\/#primaryimage\",\"url\":\"https:\\\/\\\/www.gardenstore.es\\\/wp-content\\\/uploads\\\/2025\\\/04\\\/MALLA-ANTIHIERBAS.jpg\",\"contentUrl\":\"https:\\\/\\\/www.gardenstore.es\\\/wp-content\\\/uploads\\\/2025\\\/04\\\/MALLA-ANTIHIERBAS.jpg\",\"width\":1000,\"height\":1000,\"caption\":\"UNKRAUTVLIES\"},{\"@type\":\"BreadcrumbList\",\"@id\":\"https:\\\/\\\/www.gardenstore.es\\\/de\\\/produkt\\\/zubehor\\\/unkrautvlies-10m%c2%b2-2x5\\\/#breadcrumb\",\"itemListElement\":[{\"@type\":\"ListItem\",\"position\":1,\"name\":\"Startseite\",\"item\":\"https:\\\/\\\/www.gardenstore.es\\\/de\\\/startseite\\\/\"},{\"@type\":\"ListItem\",\"position\":2,\"name\":\"Shop\",\"item\":\"https:\\\/\\\/www.gardenstore.es\\\/de\\\/shop\\\/\"},{\"@type\":\"ListItem\",\"position\":3,\"name\":\"Zubeh\u00f6r\",\"item\":\"https:\\\/\\\/www.gardenstore.es\\\/de\\\/produkt-kategorie\\\/zubehor\\\/\"},{\"@type\":\"ListItem\",\"position\":4,\"name\":\"Unkrautvlies 10m\u00b2 2&#215;5\"}]},{\"@type\":\"WebSite\",\"@id\":\"https:\\\/\\\/www.gardenstore.es\\\/de\\\/#website\",\"url\":\"https:\\\/\\\/www.gardenstore.es\\\/de\\\/\",\"name\":\"GardenStore | Venta e instalaci\u00f3n de C\u00e9sped Artificial\",\"description\":\"C\u00e9sped Artificial en Sevilla\",\"publisher\":{\"@id\":\"https:\\\/\\\/www.gardenstore.es\\\/de\\\/#organization\"},\"potentialAction\":[{\"@type\":\"SearchAction\",\"target\":{\"@type\":\"EntryPoint\",\"urlTemplate\":\"https:\\\/\\\/www.gardenstore.es\\\/de\\\/?s={search_term_string}\"},\"query-input\":{\"@type\":\"PropertyValueSpecification\",\"valueRequired\":true,\"valueName\":\"search_term_string\"}}],\"inLanguage\":\"de\"},{\"@type\":\"Organization\",\"@id\":\"https:\\\/\\\/www.gardenstore.es\\\/de\\\/#organization\",\"name\":\"GardenStore\",\"url\":\"https:\\\/\\\/www.gardenstore.es\\\/de\\\/\",\"logo\":{\"@type\":\"ImageObject\",\"inLanguage\":\"de\",\"@id\":\"https:\\\/\\\/www.gardenstore.es\\\/de\\\/#\\\/schema\\\/logo\\\/image\\\/\",\"url\":\"https:\\\/\\\/www.gardenstore.es\\\/wp-content\\\/uploads\\\/2025\\\/10\\\/LOGOTIPO_V1-1.svg\",\"contentUrl\":\"https:\\\/\\\/www.gardenstore.es\\\/wp-content\\\/uploads\\\/2025\\\/10\\\/LOGOTIPO_V1-1.svg\",\"width\":818,\"height\":130,\"caption\":\"GardenStore\"},\"image\":{\"@id\":\"https:\\\/\\\/www.gardenstore.es\\\/de\\\/#\\\/schema\\\/logo\\\/image\\\/\"}}]}<\/script>\n<!-- \/ Yoast SEO plugin. -->","yoast_head_json":{"title":"Unkrautvlies 10m\u00b2 2x5 | GardenStore","robots":{"index":"index","follow":"follow","max-snippet":"max-snippet:-1","max-image-preview":"max-image-preview:large","max-video-preview":"max-video-preview:-1"},"canonical":"https:\/\/www.gardenstore.es\/de\/produkt\/zubehor\/unkrautvlies-10m%c2%b2-2x5\/","og_locale":"de_DE","og_type":"article","og_title":"Unkrautvlies 10m\u00b2 2x5 | GardenStore","og_description":"Unkrautvlies, Grammatur 100. Das Unkrautvlies ist ein Gewebe, das das Wachstum von Unkraut an unerw\u00fcnschten Stellen verhindern soll. Seine Undurchl\u00e4ssigkeit l\u00e4sst kein Licht durch und verhindert das Wachstum von Unkraut, ist aber ausreichend por\u00f6s, damit das Wasser abflie\u00dfen kann und sich keine Pf\u00fctzen bilden.  Dieses Unkrautvlies, Grammatur 100, ist ideal, um es unter dem Kunstrasen zu verlegen und so das Wachstum von Unkraut zu verhindern und Wasser durchzulassen, was andere, minderwertige Produkte nicht schaffen. Es wird in verschiedenen Breiten- und L\u00e4ngenma\u00dfen verkauft.","og_url":"https:\/\/www.gardenstore.es\/de\/produkt\/zubehor\/unkrautvlies-10m%c2%b2-2x5\/","og_site_name":"GardenStore","article_modified_time":"2025-10-20T08:53:26+00:00","og_image":[{"width":1000,"height":1000,"url":"https:\/\/www.gardenstore.es\/wp-content\/uploads\/2025\/04\/MALLA-ANTIHIERBAS.jpg","type":"image\/jpeg"}],"twitter_card":"summary_large_image","schema":{"@context":"https:\/\/schema.org","@graph":[{"@type":"WebPage","@id":"https:\/\/www.gardenstore.es\/de\/produkt\/zubehor\/unkrautvlies-10m%c2%b2-2x5\/","url":"https:\/\/www.gardenstore.es\/de\/produkt\/zubehor\/unkrautvlies-10m%c2%b2-2x5\/","name":"Unkrautvlies 10m\u00b2 2x5 | GardenStore","isPartOf":{"@id":"https:\/\/www.gardenstore.es\/de\/#website"},"primaryImageOfPage":{"@id":"https:\/\/www.gardenstore.es\/de\/produkt\/zubehor\/unkrautvlies-10m%c2%b2-2x5\/#primaryimage"},"image":{"@id":"https:\/\/www.gardenstore.es\/de\/produkt\/zubehor\/unkrautvlies-10m%c2%b2-2x5\/#primaryimage"},"thumbnailUrl":"https:\/\/www.gardenstore.es\/wp-content\/uploads\/2025\/04\/MALLA-ANTIHIERBAS.jpg","datePublished":"2025-04-09T12:46:57+00:00","dateModified":"2025-10-20T08:53:26+00:00","breadcrumb":{"@id":"https:\/\/www.gardenstore.es\/de\/produkt\/zubehor\/unkrautvlies-10m%c2%b2-2x5\/#breadcrumb"},"inLanguage":"de","potentialAction":[{"@type":"ReadAction","target":["https:\/\/www.gardenstore.es\/de\/produkt\/zubehor\/unkrautvlies-10m%c2%b2-2x5\/"]}]},{"@type":"ImageObject","inLanguage":"de","@id":"https:\/\/www.gardenstore.es\/de\/produkt\/zubehor\/unkrautvlies-10m%c2%b2-2x5\/#primaryimage","url":"https:\/\/www.gardenstore.es\/wp-content\/uploads\/2025\/04\/MALLA-ANTIHIERBAS.jpg","contentUrl":"https:\/\/www.gardenstore.es\/wp-content\/uploads\/2025\/04\/MALLA-ANTIHIERBAS.jpg","width":1000,"height":1000,"caption":"UNKRAUTVLIES"},{"@type":"BreadcrumbList","@id":"https:\/\/www.gardenstore.es\/de\/produkt\/zubehor\/unkrautvlies-10m%c2%b2-2x5\/#breadcrumb","itemListElement":[{"@type":"ListItem","position":1,"name":"Startseite","item":"https:\/\/www.gardenstore.es\/de\/startseite\/"},{"@type":"ListItem","position":2,"name":"Shop","item":"https:\/\/www.gardenstore.es\/de\/shop\/"},{"@type":"ListItem","position":3,"name":"Zubeh\u00f6r","item":"https:\/\/www.gardenstore.es\/de\/produkt-kategorie\/zubehor\/"},{"@type":"ListItem","position":4,"name":"Unkrautvlies 10m\u00b2 2&#215;5"}]},{"@type":"WebSite","@id":"https:\/\/www.gardenstore.es\/de\/#website","url":"https:\/\/www.gardenstore.es\/de\/","name":"GardenStore | Venta e instalaci\u00f3n de C\u00e9sped Artificial","description":"C\u00e9sped Artificial en Sevilla","publisher":{"@id":"https:\/\/www.gardenstore.es\/de\/#organization"},"potentialAction":[{"@type":"SearchAction","target":{"@type":"EntryPoint","urlTemplate":"https:\/\/www.gardenstore.es\/de\/?s={search_term_string}"},"query-input":{"@type":"PropertyValueSpecification","valueRequired":true,"valueName":"search_term_string"}}],"inLanguage":"de"},{"@type":"Organization","@id":"https:\/\/www.gardenstore.es\/de\/#organization","name":"GardenStore","url":"https:\/\/www.gardenstore.es\/de\/","logo":{"@type":"ImageObject","inLanguage":"de","@id":"https:\/\/www.gardenstore.es\/de\/#\/schema\/logo\/image\/","url":"https:\/\/www.gardenstore.es\/wp-content\/uploads\/2025\/10\/LOGOTIPO_V1-1.svg","contentUrl":"https:\/\/www.gardenstore.es\/wp-content\/uploads\/2025\/10\/LOGOTIPO_V1-1.svg","width":818,"height":130,"caption":"GardenStore"},"image":{"@id":"https:\/\/www.gardenstore.es\/de\/#\/schema\/logo\/image\/"}}]}},"_links":{"self":[{"href":"https:\/\/www.gardenstore.es\/de\/wp-json\/wp\/v2\/product\/13343","targetHints":{"allow":["GET"]}}],"collection":[{"href":"https:\/\/www.gardenstore.es\/de\/wp-json\/wp\/v2\/product"}],"about":[{"href":"https:\/\/www.gardenstore.es\/de\/wp-json\/wp\/v2\/types\/product"}],"replies":[{"embeddable":true,"href":"https:\/\/www.gardenstore.es\/de\/wp-json\/wp\/v2\/comments?post=13343"}],"wp:featuredmedia":[{"embeddable":true,"href":"https:\/\/www.gardenstore.es\/de\/wp-json\/wp\/v2\/media\/13328"}],"wp:attachment":[{"href":"https:\/\/www.gardenstore.es\/de\/wp-json\/wp\/v2\/media?parent=13343"}],"wp:term":[{"taxonomy":"product_brand","embeddable":true,"href":"https:\/\/www.gardenstore.es\/de\/wp-json\/wp\/v2\/product_brand?post=13343"},{"taxonomy":"product_cat","embeddable":true,"href":"https:\/\/www.gardenstore.es\/de\/wp-json\/wp\/v2\/product_cat?post=13343"},{"taxonomy":"product_tag","embeddable":true,"href":"https:\/\/www.gardenstore.es\/de\/wp-json\/wp\/v2\/product_tag?post=13343"}],"curies":[{"name":"wp","href":"https:\/\/api.w.org\/{rel}","templated":true}]}}