{"id":13311,"date":"2025-04-09T14:46:18","date_gmt":"2025-04-09T12:46:18","guid":{"rendered":"https:\/\/www.gardenstore.es\/producto\/unkategorisiert\/zweikomponentenklebstoff-gsn-12-kg\/"},"modified":"2025-10-20T10:53:05","modified_gmt":"2025-10-20T08:53:05","slug":"zweikomponentenklebstoff-gsn-12-kg","status":"publish","type":"product","link":"https:\/\/www.gardenstore.es\/de\/produkt\/zubehor\/zweikomponentenklebstoff-gsn-12-kg\/","title":{"rendered":"Zweikomponentenklebstoff GSn &#8211; 12 kg"},"content":{"rendered":"","protected":false},"excerpt":{"rendered":"<p>Kit mit Zweikomponenten-Polyurethanklebstoff. Enth\u00e4lt beide Komponenten. Farbe gr\u00fcn, speziell f\u00fcr Kunstrasen.  <\/p>\n<p>Schnelle Anwendung, ca. 10 Minuten bei hohen Temperaturen.<\/p>\n<p>Lesen Sie die Anweisungen vor der Verwendung.<\/p>\n<p>Geeignet f\u00fcr ca. 30 laufende Meter Verbindungsband.<\/p>\n","protected":false},"featured_media":13314,"comment_status":"open","ping_status":"closed","template":"","meta":{"_acf_changed":false},"product_brand":[],"product_cat":[337],"product_tag":[],"class_list":{"0":"post-13311","1":"product","2":"type-product","3":"status-publish","4":"has-post-thumbnail","6":"product_cat-zubehor","7":"","8":"woocommerce-text-align-left","9":"woocommerce-image-align-center","10":"do-quantity-buttons","12":"first","13":"instock","14":"product-type-simple"},"acf":{"altura":"","confort":"","recuperacion":"","suavidad":"","resistencia":"","ficha_de_producto":"","tipo_fibra_hilo":"","composicion_fibra_hilo":"","dtex":"","peso_hilo":"","seccion":"","altura_hilo":"","galga":"","puntadas_10cm":"","puntadas_m2":"","tipo_backing":"","composicion_backing":"","tipo_acabado":"","composicion_acabado":"","peso_backing":"","hilo_recto_numero":"","hilo_recto_colores":"","hilo_rizado_numero":"","hilo_rizado_colores":"","peso_total":"","dimensiones_rollo":"","drenaje":"","filamentos":""},"gallery_images":[],"yoast_head":"<!-- This site is optimized with the Yoast SEO plugin v27.4 - https:\/\/yoast.com\/product\/yoast-seo-wordpress\/ -->\n<title>Zweikomponentenklebstoff GSn - 12 kg | GardenStore<\/title>\n<meta name=\"robots\" content=\"index, follow, max-snippet:-1, max-image-preview:large, max-video-preview:-1\" \/>\n<link rel=\"canonical\" href=\"https:\/\/www.gardenstore.es\/de\/produkt\/zubehor\/zweikomponentenklebstoff-gsn-12-kg\/\" \/>\n<meta property=\"og:locale\" content=\"de_DE\" \/>\n<meta property=\"og:type\" content=\"article\" \/>\n<meta property=\"og:title\" content=\"Zweikomponentenklebstoff GSn - 12 kg | GardenStore\" \/>\n<meta property=\"og:description\" content=\"Kit mit Zweikomponenten-Polyurethanklebstoff. Enth\u00e4lt beide Komponenten. Farbe gr\u00fcn, speziell f\u00fcr Kunstrasen.  Schnelle Anwendung, ca. 10 Minuten bei hohen Temperaturen. Lesen Sie die Anweisungen vor der Verwendung. Geeignet f\u00fcr ca. 30 laufende Meter Verbindungsband.\" \/>\n<meta property=\"og:url\" content=\"https:\/\/www.gardenstore.es\/de\/produkt\/zubehor\/zweikomponentenklebstoff-gsn-12-kg\/\" \/>\n<meta property=\"og:site_name\" content=\"GardenStore\" \/>\n<meta property=\"article:modified_time\" content=\"2025-10-20T08:53:05+00:00\" \/>\n<meta property=\"og:image\" content=\"https:\/\/www.gardenstore.es\/wp-content\/uploads\/2025\/04\/KIT-DE-ADHESIVO-BICOMPONENTE-3.png\" \/>\n\t<meta property=\"og:image:width\" content=\"1920\" \/>\n\t<meta property=\"og:image:height\" content=\"1920\" \/>\n\t<meta property=\"og:image:type\" content=\"image\/png\" \/>\n<meta name=\"twitter:card\" content=\"summary_large_image\" \/>\n<script type=\"application\/ld+json\" class=\"yoast-schema-graph\">{\"@context\":\"https:\\\/\\\/schema.org\",\"@graph\":[{\"@type\":\"WebPage\",\"@id\":\"https:\\\/\\\/www.gardenstore.es\\\/de\\\/produkt\\\/zubehor\\\/zweikomponentenklebstoff-gsn-12-kg\\\/\",\"url\":\"https:\\\/\\\/www.gardenstore.es\\\/de\\\/produkt\\\/zubehor\\\/zweikomponentenklebstoff-gsn-12-kg\\\/\",\"name\":\"Zweikomponentenklebstoff GSn - 12 kg | GardenStore\",\"isPartOf\":{\"@id\":\"https:\\\/\\\/www.gardenstore.es\\\/de\\\/#website\"},\"primaryImageOfPage\":{\"@id\":\"https:\\\/\\\/www.gardenstore.es\\\/de\\\/produkt\\\/zubehor\\\/zweikomponentenklebstoff-gsn-12-kg\\\/#primaryimage\"},\"image\":{\"@id\":\"https:\\\/\\\/www.gardenstore.es\\\/de\\\/produkt\\\/zubehor\\\/zweikomponentenklebstoff-gsn-12-kg\\\/#primaryimage\"},\"thumbnailUrl\":\"https:\\\/\\\/www.gardenstore.es\\\/wp-content\\\/uploads\\\/2025\\\/04\\\/KIT-DE-ADHESIVO-BICOMPONENTE-3.png\",\"datePublished\":\"2025-04-09T12:46:18+00:00\",\"dateModified\":\"2025-10-20T08:53:05+00:00\",\"breadcrumb\":{\"@id\":\"https:\\\/\\\/www.gardenstore.es\\\/de\\\/produkt\\\/zubehor\\\/zweikomponentenklebstoff-gsn-12-kg\\\/#breadcrumb\"},\"inLanguage\":\"de\",\"potentialAction\":[{\"@type\":\"ReadAction\",\"target\":[\"https:\\\/\\\/www.gardenstore.es\\\/de\\\/produkt\\\/zubehor\\\/zweikomponentenklebstoff-gsn-12-kg\\\/\"]}]},{\"@type\":\"ImageObject\",\"inLanguage\":\"de\",\"@id\":\"https:\\\/\\\/www.gardenstore.es\\\/de\\\/produkt\\\/zubehor\\\/zweikomponentenklebstoff-gsn-12-kg\\\/#primaryimage\",\"url\":\"https:\\\/\\\/www.gardenstore.es\\\/wp-content\\\/uploads\\\/2025\\\/04\\\/KIT-DE-ADHESIVO-BICOMPONENTE-3.png\",\"contentUrl\":\"https:\\\/\\\/www.gardenstore.es\\\/wp-content\\\/uploads\\\/2025\\\/04\\\/KIT-DE-ADHESIVO-BICOMPONENTE-3.png\",\"width\":1920,\"height\":1920,\"caption\":\"KIT ZWEIKOMPONENTENKLEBSTOFF - 12kg\"},{\"@type\":\"BreadcrumbList\",\"@id\":\"https:\\\/\\\/www.gardenstore.es\\\/de\\\/produkt\\\/zubehor\\\/zweikomponentenklebstoff-gsn-12-kg\\\/#breadcrumb\",\"itemListElement\":[{\"@type\":\"ListItem\",\"position\":1,\"name\":\"Startseite\",\"item\":\"https:\\\/\\\/www.gardenstore.es\\\/de\\\/startseite\\\/\"},{\"@type\":\"ListItem\",\"position\":2,\"name\":\"Shop\",\"item\":\"https:\\\/\\\/www.gardenstore.es\\\/de\\\/shop\\\/\"},{\"@type\":\"ListItem\",\"position\":3,\"name\":\"Zubeh\u00f6r\",\"item\":\"https:\\\/\\\/www.gardenstore.es\\\/de\\\/produkt-kategorie\\\/zubehor\\\/\"},{\"@type\":\"ListItem\",\"position\":4,\"name\":\"Zweikomponentenklebstoff GSn &#8211; 12 kg\"}]},{\"@type\":\"WebSite\",\"@id\":\"https:\\\/\\\/www.gardenstore.es\\\/de\\\/#website\",\"url\":\"https:\\\/\\\/www.gardenstore.es\\\/de\\\/\",\"name\":\"GardenStore | Venta e instalaci\u00f3n de C\u00e9sped Artificial\",\"description\":\"C\u00e9sped Artificial en Sevilla\",\"publisher\":{\"@id\":\"https:\\\/\\\/www.gardenstore.es\\\/de\\\/#organization\"},\"potentialAction\":[{\"@type\":\"SearchAction\",\"target\":{\"@type\":\"EntryPoint\",\"urlTemplate\":\"https:\\\/\\\/www.gardenstore.es\\\/de\\\/?s={search_term_string}\"},\"query-input\":{\"@type\":\"PropertyValueSpecification\",\"valueRequired\":true,\"valueName\":\"search_term_string\"}}],\"inLanguage\":\"de\"},{\"@type\":\"Organization\",\"@id\":\"https:\\\/\\\/www.gardenstore.es\\\/de\\\/#organization\",\"name\":\"GardenStore\",\"url\":\"https:\\\/\\\/www.gardenstore.es\\\/de\\\/\",\"logo\":{\"@type\":\"ImageObject\",\"inLanguage\":\"de\",\"@id\":\"https:\\\/\\\/www.gardenstore.es\\\/de\\\/#\\\/schema\\\/logo\\\/image\\\/\",\"url\":\"https:\\\/\\\/www.gardenstore.es\\\/wp-content\\\/uploads\\\/2025\\\/10\\\/LOGOTIPO_V1-1.svg\",\"contentUrl\":\"https:\\\/\\\/www.gardenstore.es\\\/wp-content\\\/uploads\\\/2025\\\/10\\\/LOGOTIPO_V1-1.svg\",\"width\":818,\"height\":130,\"caption\":\"GardenStore\"},\"image\":{\"@id\":\"https:\\\/\\\/www.gardenstore.es\\\/de\\\/#\\\/schema\\\/logo\\\/image\\\/\"}}]}<\/script>\n<!-- \/ Yoast SEO plugin. -->","yoast_head_json":{"title":"Zweikomponentenklebstoff GSn - 12 kg | GardenStore","robots":{"index":"index","follow":"follow","max-snippet":"max-snippet:-1","max-image-preview":"max-image-preview:large","max-video-preview":"max-video-preview:-1"},"canonical":"https:\/\/www.gardenstore.es\/de\/produkt\/zubehor\/zweikomponentenklebstoff-gsn-12-kg\/","og_locale":"de_DE","og_type":"article","og_title":"Zweikomponentenklebstoff GSn - 12 kg | GardenStore","og_description":"Kit mit Zweikomponenten-Polyurethanklebstoff. Enth\u00e4lt beide Komponenten. Farbe gr\u00fcn, speziell f\u00fcr Kunstrasen.  Schnelle Anwendung, ca. 10 Minuten bei hohen Temperaturen. Lesen Sie die Anweisungen vor der Verwendung. Geeignet f\u00fcr ca. 30 laufende Meter Verbindungsband.","og_url":"https:\/\/www.gardenstore.es\/de\/produkt\/zubehor\/zweikomponentenklebstoff-gsn-12-kg\/","og_site_name":"GardenStore","article_modified_time":"2025-10-20T08:53:05+00:00","og_image":[{"width":1920,"height":1920,"url":"https:\/\/www.gardenstore.es\/wp-content\/uploads\/2025\/04\/KIT-DE-ADHESIVO-BICOMPONENTE-3.png","type":"image\/png"}],"twitter_card":"summary_large_image","schema":{"@context":"https:\/\/schema.org","@graph":[{"@type":"WebPage","@id":"https:\/\/www.gardenstore.es\/de\/produkt\/zubehor\/zweikomponentenklebstoff-gsn-12-kg\/","url":"https:\/\/www.gardenstore.es\/de\/produkt\/zubehor\/zweikomponentenklebstoff-gsn-12-kg\/","name":"Zweikomponentenklebstoff GSn - 12 kg | GardenStore","isPartOf":{"@id":"https:\/\/www.gardenstore.es\/de\/#website"},"primaryImageOfPage":{"@id":"https:\/\/www.gardenstore.es\/de\/produkt\/zubehor\/zweikomponentenklebstoff-gsn-12-kg\/#primaryimage"},"image":{"@id":"https:\/\/www.gardenstore.es\/de\/produkt\/zubehor\/zweikomponentenklebstoff-gsn-12-kg\/#primaryimage"},"thumbnailUrl":"https:\/\/www.gardenstore.es\/wp-content\/uploads\/2025\/04\/KIT-DE-ADHESIVO-BICOMPONENTE-3.png","datePublished":"2025-04-09T12:46:18+00:00","dateModified":"2025-10-20T08:53:05+00:00","breadcrumb":{"@id":"https:\/\/www.gardenstore.es\/de\/produkt\/zubehor\/zweikomponentenklebstoff-gsn-12-kg\/#breadcrumb"},"inLanguage":"de","potentialAction":[{"@type":"ReadAction","target":["https:\/\/www.gardenstore.es\/de\/produkt\/zubehor\/zweikomponentenklebstoff-gsn-12-kg\/"]}]},{"@type":"ImageObject","inLanguage":"de","@id":"https:\/\/www.gardenstore.es\/de\/produkt\/zubehor\/zweikomponentenklebstoff-gsn-12-kg\/#primaryimage","url":"https:\/\/www.gardenstore.es\/wp-content\/uploads\/2025\/04\/KIT-DE-ADHESIVO-BICOMPONENTE-3.png","contentUrl":"https:\/\/www.gardenstore.es\/wp-content\/uploads\/2025\/04\/KIT-DE-ADHESIVO-BICOMPONENTE-3.png","width":1920,"height":1920,"caption":"KIT ZWEIKOMPONENTENKLEBSTOFF - 12kg"},{"@type":"BreadcrumbList","@id":"https:\/\/www.gardenstore.es\/de\/produkt\/zubehor\/zweikomponentenklebstoff-gsn-12-kg\/#breadcrumb","itemListElement":[{"@type":"ListItem","position":1,"name":"Startseite","item":"https:\/\/www.gardenstore.es\/de\/startseite\/"},{"@type":"ListItem","position":2,"name":"Shop","item":"https:\/\/www.gardenstore.es\/de\/shop\/"},{"@type":"ListItem","position":3,"name":"Zubeh\u00f6r","item":"https:\/\/www.gardenstore.es\/de\/produkt-kategorie\/zubehor\/"},{"@type":"ListItem","position":4,"name":"Zweikomponentenklebstoff GSn &#8211; 12 kg"}]},{"@type":"WebSite","@id":"https:\/\/www.gardenstore.es\/de\/#website","url":"https:\/\/www.gardenstore.es\/de\/","name":"GardenStore | Venta e instalaci\u00f3n de C\u00e9sped Artificial","description":"C\u00e9sped Artificial en Sevilla","publisher":{"@id":"https:\/\/www.gardenstore.es\/de\/#organization"},"potentialAction":[{"@type":"SearchAction","target":{"@type":"EntryPoint","urlTemplate":"https:\/\/www.gardenstore.es\/de\/?s={search_term_string}"},"query-input":{"@type":"PropertyValueSpecification","valueRequired":true,"valueName":"search_term_string"}}],"inLanguage":"de"},{"@type":"Organization","@id":"https:\/\/www.gardenstore.es\/de\/#organization","name":"GardenStore","url":"https:\/\/www.gardenstore.es\/de\/","logo":{"@type":"ImageObject","inLanguage":"de","@id":"https:\/\/www.gardenstore.es\/de\/#\/schema\/logo\/image\/","url":"https:\/\/www.gardenstore.es\/wp-content\/uploads\/2025\/10\/LOGOTIPO_V1-1.svg","contentUrl":"https:\/\/www.gardenstore.es\/wp-content\/uploads\/2025\/10\/LOGOTIPO_V1-1.svg","width":818,"height":130,"caption":"GardenStore"},"image":{"@id":"https:\/\/www.gardenstore.es\/de\/#\/schema\/logo\/image\/"}}]}},"_links":{"self":[{"href":"https:\/\/www.gardenstore.es\/de\/wp-json\/wp\/v2\/product\/13311","targetHints":{"allow":["GET"]}}],"collection":[{"href":"https:\/\/www.gardenstore.es\/de\/wp-json\/wp\/v2\/product"}],"about":[{"href":"https:\/\/www.gardenstore.es\/de\/wp-json\/wp\/v2\/types\/product"}],"replies":[{"embeddable":true,"href":"https:\/\/www.gardenstore.es\/de\/wp-json\/wp\/v2\/comments?post=13311"}],"wp:featuredmedia":[{"embeddable":true,"href":"https:\/\/www.gardenstore.es\/de\/wp-json\/wp\/v2\/media\/13314"}],"wp:attachment":[{"href":"https:\/\/www.gardenstore.es\/de\/wp-json\/wp\/v2\/media?parent=13311"}],"wp:term":[{"taxonomy":"product_brand","embeddable":true,"href":"https:\/\/www.gardenstore.es\/de\/wp-json\/wp\/v2\/product_brand?post=13311"},{"taxonomy":"product_cat","embeddable":true,"href":"https:\/\/www.gardenstore.es\/de\/wp-json\/wp\/v2\/product_cat?post=13311"},{"taxonomy":"product_tag","embeddable":true,"href":"https:\/\/www.gardenstore.es\/de\/wp-json\/wp\/v2\/product_tag?post=13311"}],"curies":[{"name":"wp","href":"https:\/\/api.w.org\/{rel}","templated":true}]}}