{"id":13249,"date":"2025-04-09T14:47:15","date_gmt":"2025-04-09T12:47:15","guid":{"rendered":"https:\/\/www.gardenstore.es\/producto\/unkategorisiert\/vertikaler-garten-valladolid-100x100\/"},"modified":"2025-10-24T13:13:53","modified_gmt":"2025-10-24T11:13:53","slug":"vertikaler-garten-valladolid-100x100","status":"publish","type":"product","link":"https:\/\/www.gardenstore.es\/de\/produkt\/vertikale-garten\/100x100\/vertikaler-garten-valladolid-100x100\/","title":{"rendered":"Vertikaler Garten Valladolid 100&#215;100"},"content":{"rendered":"","protected":false},"excerpt":{"rendered":"<p>Vertikaler Garten Valladolid<\/p>\n<p>Entdecken Sie die Sch\u00f6nheit und Frische des k\u00fcnstlichen vertikalen Gartens Modell Valladolid. Inspiriert von \u00fcppiger Natur, bietet dieser bezaubernde Garten einen Hintergrund in Moosoptik, der eine perfekte Kulisse f\u00fcr eine Vielzahl von Bl\u00e4ttern bietet, darunter Agave, Schefflera, Gras, Farne und viele mehr. Die Farbt\u00f6ne sind ebenso vielf\u00e4ltig wie \u00fcberraschend, mit einer Palette, die Lila-, Wei\u00df- und verschiedene Gr\u00fcnt\u00f6ne umfasst. Diese Kombination aus Farben und Texturen erzeugt einen visuell beeindruckenden und realistischen Effekt, der jedem Raum einen Hauch von Frische und Vitalit\u00e4t verleiht.   <\/p>\n<p>Entdecken Sie, wie Sie die Sch\u00f6nheit der Natur ohne Wartungsaufwand mit unserem Modell des vertikalen Gartens Valladolid genie\u00dfen k\u00f6nnen. Verwandeln Sie Ihre Umgebung in eine Oase des Gr\u00fcns und der Eleganz, die Sie in die Gelassenheit der Natur entf\u00fchrt. <\/p>\n<p>Ma\u00dfe 100 cm x 100 cm.<br \/>\nIdeal f\u00fcr die Dekoration im Innen- und Au\u00dfenbereich.<br \/>\nZusammensetzung des Rasters: 100 % HDPE.<br \/>\nZusammensetzung der synthetischen Bl\u00e4tter: 100 % HDPE.<br \/>\nUV- und Antiverf\u00e4rbungsgarantie 5 Jahre.<\/p>\n","protected":false},"featured_media":13250,"comment_status":"open","ping_status":"closed","template":"","meta":{"_acf_changed":false},"product_brand":[],"product_cat":[310,289],"product_tag":[],"class_list":{"0":"post-13249","1":"product","2":"type-product","3":"status-publish","4":"has-post-thumbnail","6":"product_cat-100x100","7":"product_cat-vertikale-garten","8":"","9":"woocommerce-text-align-left","10":"woocommerce-image-align-center","11":"do-quantity-buttons","13":"first","14":"instock","15":"product-type-simple"},"acf":{"altura":"","confort":"","recuperacion":"","suavidad":"","resistencia":"","ficha_de_producto":"","tipo_fibra_hilo":"","composicion_fibra_hilo":"","dtex":"","peso_hilo":"","seccion":"","altura_hilo":"","galga":"","puntadas_10cm":"","puntadas_m2":"","tipo_backing":"","composicion_backing":"","tipo_acabado":"","composicion_acabado":"","peso_backing":"","hilo_recto_numero":"","hilo_recto_colores":"","hilo_rizado_numero":"","hilo_rizado_colores":"","peso_total":"","dimensiones_rollo":"","drenaje":"","filamentos":""},"gallery_images":[11614],"yoast_head":"<!-- This site is optimized with the Yoast SEO plugin v27.4 - https:\/\/yoast.com\/product\/yoast-seo-wordpress\/ -->\n<title>Vertikaler Garten Valladolid 100x100 | GardenStore<\/title>\n<meta name=\"robots\" content=\"index, follow, max-snippet:-1, max-image-preview:large, max-video-preview:-1\" \/>\n<link rel=\"canonical\" href=\"https:\/\/www.gardenstore.es\/de\/produkt\/vertikale-garten\/100x100\/vertikaler-garten-valladolid-100x100\/\" \/>\n<meta property=\"og:locale\" content=\"de_DE\" \/>\n<meta property=\"og:type\" content=\"article\" \/>\n<meta property=\"og:title\" content=\"Vertikaler Garten Valladolid 100x100 | GardenStore\" \/>\n<meta property=\"og:description\" content=\"Vertikaler Garten Valladolid Entdecken Sie die Sch\u00f6nheit und Frische des k\u00fcnstlichen vertikalen Gartens Modell Valladolid. Inspiriert von \u00fcppiger Natur, bietet dieser bezaubernde Garten einen Hintergrund in Moosoptik, der eine perfekte Kulisse f\u00fcr eine Vielzahl von Bl\u00e4ttern bietet, darunter Agave, Schefflera, Gras, Farne und viele mehr. Die Farbt\u00f6ne sind ebenso vielf\u00e4ltig wie \u00fcberraschend, mit einer Palette, die Lila-, Wei\u00df- und verschiedene Gr\u00fcnt\u00f6ne umfasst. Diese Kombination aus Farben und Texturen erzeugt einen visuell beeindruckenden und realistischen Effekt, der jedem Raum einen Hauch von Frische und Vitalit\u00e4t verleiht.   Entdecken Sie, wie Sie die Sch\u00f6nheit der Natur ohne Wartungsaufwand mit unserem Modell des vertikalen Gartens Valladolid genie\u00dfen k\u00f6nnen. Verwandeln Sie Ihre Umgebung in eine Oase des Gr\u00fcns und der Eleganz, die Sie in die Gelassenheit der Natur entf\u00fchrt.  Ma\u00dfe 100 cm x 100 cm. Ideal f\u00fcr die Dekoration im Innen- und Au\u00dfenbereich. Zusammensetzung des Rasters: 100 % HDPE. Zusammensetzung der synthetischen Bl\u00e4tter: 100 % HDPE. UV- und Antiverf\u00e4rbungsgarantie 5 Jahre.\" \/>\n<meta property=\"og:url\" content=\"https:\/\/www.gardenstore.es\/de\/produkt\/vertikale-garten\/100x100\/vertikaler-garten-valladolid-100x100\/\" \/>\n<meta property=\"og:site_name\" content=\"GardenStore\" \/>\n<meta property=\"article:modified_time\" content=\"2025-10-24T11:13:53+00:00\" \/>\n<meta property=\"og:image\" content=\"https:\/\/www.gardenstore.es\/wp-content\/uploads\/2025\/04\/JV-VALLADOLID-100X100.jpg\" \/>\n\t<meta property=\"og:image:width\" content=\"1100\" \/>\n\t<meta property=\"og:image:height\" content=\"1100\" \/>\n\t<meta property=\"og:image:type\" content=\"image\/jpeg\" \/>\n<meta name=\"twitter:card\" content=\"summary_large_image\" \/>\n<script type=\"application\/ld+json\" class=\"yoast-schema-graph\">{\"@context\":\"https:\\\/\\\/schema.org\",\"@graph\":[{\"@type\":\"WebPage\",\"@id\":\"https:\\\/\\\/www.gardenstore.es\\\/de\\\/produkt\\\/vertikale-garten\\\/100x100\\\/vertikaler-garten-valladolid-100x100\\\/\",\"url\":\"https:\\\/\\\/www.gardenstore.es\\\/de\\\/produkt\\\/vertikale-garten\\\/100x100\\\/vertikaler-garten-valladolid-100x100\\\/\",\"name\":\"Vertikaler Garten Valladolid 100x100 | GardenStore\",\"isPartOf\":{\"@id\":\"https:\\\/\\\/www.gardenstore.es\\\/de\\\/#website\"},\"primaryImageOfPage\":{\"@id\":\"https:\\\/\\\/www.gardenstore.es\\\/de\\\/produkt\\\/vertikale-garten\\\/100x100\\\/vertikaler-garten-valladolid-100x100\\\/#primaryimage\"},\"image\":{\"@id\":\"https:\\\/\\\/www.gardenstore.es\\\/de\\\/produkt\\\/vertikale-garten\\\/100x100\\\/vertikaler-garten-valladolid-100x100\\\/#primaryimage\"},\"thumbnailUrl\":\"https:\\\/\\\/www.gardenstore.es\\\/wp-content\\\/uploads\\\/2025\\\/04\\\/JV-VALLADOLID-100X100.jpg\",\"datePublished\":\"2025-04-09T12:47:15+00:00\",\"dateModified\":\"2025-10-24T11:13:53+00:00\",\"breadcrumb\":{\"@id\":\"https:\\\/\\\/www.gardenstore.es\\\/de\\\/produkt\\\/vertikale-garten\\\/100x100\\\/vertikaler-garten-valladolid-100x100\\\/#breadcrumb\"},\"inLanguage\":\"de\",\"potentialAction\":[{\"@type\":\"ReadAction\",\"target\":[\"https:\\\/\\\/www.gardenstore.es\\\/de\\\/produkt\\\/vertikale-garten\\\/100x100\\\/vertikaler-garten-valladolid-100x100\\\/\"]}]},{\"@type\":\"ImageObject\",\"inLanguage\":\"de\",\"@id\":\"https:\\\/\\\/www.gardenstore.es\\\/de\\\/produkt\\\/vertikale-garten\\\/100x100\\\/vertikaler-garten-valladolid-100x100\\\/#primaryimage\",\"url\":\"https:\\\/\\\/www.gardenstore.es\\\/wp-content\\\/uploads\\\/2025\\\/04\\\/JV-VALLADOLID-100X100.jpg\",\"contentUrl\":\"https:\\\/\\\/www.gardenstore.es\\\/wp-content\\\/uploads\\\/2025\\\/04\\\/JV-VALLADOLID-100X100.jpg\",\"width\":1100,\"height\":1100,\"caption\":\"Vertikaler Garten Valladolid 100x100\"},{\"@type\":\"BreadcrumbList\",\"@id\":\"https:\\\/\\\/www.gardenstore.es\\\/de\\\/produkt\\\/vertikale-garten\\\/100x100\\\/vertikaler-garten-valladolid-100x100\\\/#breadcrumb\",\"itemListElement\":[{\"@type\":\"ListItem\",\"position\":1,\"name\":\"Startseite\",\"item\":\"https:\\\/\\\/www.gardenstore.es\\\/de\\\/startseite\\\/\"},{\"@type\":\"ListItem\",\"position\":2,\"name\":\"Shop\",\"item\":\"https:\\\/\\\/www.gardenstore.es\\\/de\\\/shop\\\/\"},{\"@type\":\"ListItem\",\"position\":3,\"name\":\"Vertikale G\u00e4rten\",\"item\":\"https:\\\/\\\/www.gardenstore.es\\\/de\\\/produkt-kategorie\\\/vertikale-garten\\\/\"},{\"@type\":\"ListItem\",\"position\":4,\"name\":\"100x100\",\"item\":\"https:\\\/\\\/www.gardenstore.es\\\/de\\\/produkt-kategorie\\\/vertikale-garten\\\/100x100\\\/\"},{\"@type\":\"ListItem\",\"position\":5,\"name\":\"Vertikaler Garten Valladolid 100&#215;100\"}]},{\"@type\":\"WebSite\",\"@id\":\"https:\\\/\\\/www.gardenstore.es\\\/de\\\/#website\",\"url\":\"https:\\\/\\\/www.gardenstore.es\\\/de\\\/\",\"name\":\"GardenStore | Venta e instalaci\u00f3n de C\u00e9sped Artificial\",\"description\":\"C\u00e9sped Artificial en Sevilla\",\"publisher\":{\"@id\":\"https:\\\/\\\/www.gardenstore.es\\\/de\\\/#organization\"},\"potentialAction\":[{\"@type\":\"SearchAction\",\"target\":{\"@type\":\"EntryPoint\",\"urlTemplate\":\"https:\\\/\\\/www.gardenstore.es\\\/de\\\/?s={search_term_string}\"},\"query-input\":{\"@type\":\"PropertyValueSpecification\",\"valueRequired\":true,\"valueName\":\"search_term_string\"}}],\"inLanguage\":\"de\"},{\"@type\":\"Organization\",\"@id\":\"https:\\\/\\\/www.gardenstore.es\\\/de\\\/#organization\",\"name\":\"GardenStore\",\"url\":\"https:\\\/\\\/www.gardenstore.es\\\/de\\\/\",\"logo\":{\"@type\":\"ImageObject\",\"inLanguage\":\"de\",\"@id\":\"https:\\\/\\\/www.gardenstore.es\\\/de\\\/#\\\/schema\\\/logo\\\/image\\\/\",\"url\":\"https:\\\/\\\/www.gardenstore.es\\\/wp-content\\\/uploads\\\/2025\\\/10\\\/LOGOTIPO_V1-1.svg\",\"contentUrl\":\"https:\\\/\\\/www.gardenstore.es\\\/wp-content\\\/uploads\\\/2025\\\/10\\\/LOGOTIPO_V1-1.svg\",\"width\":818,\"height\":130,\"caption\":\"GardenStore\"},\"image\":{\"@id\":\"https:\\\/\\\/www.gardenstore.es\\\/de\\\/#\\\/schema\\\/logo\\\/image\\\/\"}}]}<\/script>\n<!-- \/ Yoast SEO plugin. -->","yoast_head_json":{"title":"Vertikaler Garten Valladolid 100x100 | GardenStore","robots":{"index":"index","follow":"follow","max-snippet":"max-snippet:-1","max-image-preview":"max-image-preview:large","max-video-preview":"max-video-preview:-1"},"canonical":"https:\/\/www.gardenstore.es\/de\/produkt\/vertikale-garten\/100x100\/vertikaler-garten-valladolid-100x100\/","og_locale":"de_DE","og_type":"article","og_title":"Vertikaler Garten Valladolid 100x100 | GardenStore","og_description":"Vertikaler Garten Valladolid Entdecken Sie die Sch\u00f6nheit und Frische des k\u00fcnstlichen vertikalen Gartens Modell Valladolid. Inspiriert von \u00fcppiger Natur, bietet dieser bezaubernde Garten einen Hintergrund in Moosoptik, der eine perfekte Kulisse f\u00fcr eine Vielzahl von Bl\u00e4ttern bietet, darunter Agave, Schefflera, Gras, Farne und viele mehr. Die Farbt\u00f6ne sind ebenso vielf\u00e4ltig wie \u00fcberraschend, mit einer Palette, die Lila-, Wei\u00df- und verschiedene Gr\u00fcnt\u00f6ne umfasst. Diese Kombination aus Farben und Texturen erzeugt einen visuell beeindruckenden und realistischen Effekt, der jedem Raum einen Hauch von Frische und Vitalit\u00e4t verleiht.   Entdecken Sie, wie Sie die Sch\u00f6nheit der Natur ohne Wartungsaufwand mit unserem Modell des vertikalen Gartens Valladolid genie\u00dfen k\u00f6nnen. Verwandeln Sie Ihre Umgebung in eine Oase des Gr\u00fcns und der Eleganz, die Sie in die Gelassenheit der Natur entf\u00fchrt.  Ma\u00dfe 100 cm x 100 cm. Ideal f\u00fcr die Dekoration im Innen- und Au\u00dfenbereich. Zusammensetzung des Rasters: 100 % HDPE. Zusammensetzung der synthetischen Bl\u00e4tter: 100 % HDPE. UV- und Antiverf\u00e4rbungsgarantie 5 Jahre.","og_url":"https:\/\/www.gardenstore.es\/de\/produkt\/vertikale-garten\/100x100\/vertikaler-garten-valladolid-100x100\/","og_site_name":"GardenStore","article_modified_time":"2025-10-24T11:13:53+00:00","og_image":[{"width":1100,"height":1100,"url":"https:\/\/www.gardenstore.es\/wp-content\/uploads\/2025\/04\/JV-VALLADOLID-100X100.jpg","type":"image\/jpeg"}],"twitter_card":"summary_large_image","schema":{"@context":"https:\/\/schema.org","@graph":[{"@type":"WebPage","@id":"https:\/\/www.gardenstore.es\/de\/produkt\/vertikale-garten\/100x100\/vertikaler-garten-valladolid-100x100\/","url":"https:\/\/www.gardenstore.es\/de\/produkt\/vertikale-garten\/100x100\/vertikaler-garten-valladolid-100x100\/","name":"Vertikaler Garten Valladolid 100x100 | GardenStore","isPartOf":{"@id":"https:\/\/www.gardenstore.es\/de\/#website"},"primaryImageOfPage":{"@id":"https:\/\/www.gardenstore.es\/de\/produkt\/vertikale-garten\/100x100\/vertikaler-garten-valladolid-100x100\/#primaryimage"},"image":{"@id":"https:\/\/www.gardenstore.es\/de\/produkt\/vertikale-garten\/100x100\/vertikaler-garten-valladolid-100x100\/#primaryimage"},"thumbnailUrl":"https:\/\/www.gardenstore.es\/wp-content\/uploads\/2025\/04\/JV-VALLADOLID-100X100.jpg","datePublished":"2025-04-09T12:47:15+00:00","dateModified":"2025-10-24T11:13:53+00:00","breadcrumb":{"@id":"https:\/\/www.gardenstore.es\/de\/produkt\/vertikale-garten\/100x100\/vertikaler-garten-valladolid-100x100\/#breadcrumb"},"inLanguage":"de","potentialAction":[{"@type":"ReadAction","target":["https:\/\/www.gardenstore.es\/de\/produkt\/vertikale-garten\/100x100\/vertikaler-garten-valladolid-100x100\/"]}]},{"@type":"ImageObject","inLanguage":"de","@id":"https:\/\/www.gardenstore.es\/de\/produkt\/vertikale-garten\/100x100\/vertikaler-garten-valladolid-100x100\/#primaryimage","url":"https:\/\/www.gardenstore.es\/wp-content\/uploads\/2025\/04\/JV-VALLADOLID-100X100.jpg","contentUrl":"https:\/\/www.gardenstore.es\/wp-content\/uploads\/2025\/04\/JV-VALLADOLID-100X100.jpg","width":1100,"height":1100,"caption":"Vertikaler Garten Valladolid 100x100"},{"@type":"BreadcrumbList","@id":"https:\/\/www.gardenstore.es\/de\/produkt\/vertikale-garten\/100x100\/vertikaler-garten-valladolid-100x100\/#breadcrumb","itemListElement":[{"@type":"ListItem","position":1,"name":"Startseite","item":"https:\/\/www.gardenstore.es\/de\/startseite\/"},{"@type":"ListItem","position":2,"name":"Shop","item":"https:\/\/www.gardenstore.es\/de\/shop\/"},{"@type":"ListItem","position":3,"name":"Vertikale G\u00e4rten","item":"https:\/\/www.gardenstore.es\/de\/produkt-kategorie\/vertikale-garten\/"},{"@type":"ListItem","position":4,"name":"100x100","item":"https:\/\/www.gardenstore.es\/de\/produkt-kategorie\/vertikale-garten\/100x100\/"},{"@type":"ListItem","position":5,"name":"Vertikaler Garten Valladolid 100&#215;100"}]},{"@type":"WebSite","@id":"https:\/\/www.gardenstore.es\/de\/#website","url":"https:\/\/www.gardenstore.es\/de\/","name":"GardenStore | Venta e instalaci\u00f3n de C\u00e9sped Artificial","description":"C\u00e9sped Artificial en Sevilla","publisher":{"@id":"https:\/\/www.gardenstore.es\/de\/#organization"},"potentialAction":[{"@type":"SearchAction","target":{"@type":"EntryPoint","urlTemplate":"https:\/\/www.gardenstore.es\/de\/?s={search_term_string}"},"query-input":{"@type":"PropertyValueSpecification","valueRequired":true,"valueName":"search_term_string"}}],"inLanguage":"de"},{"@type":"Organization","@id":"https:\/\/www.gardenstore.es\/de\/#organization","name":"GardenStore","url":"https:\/\/www.gardenstore.es\/de\/","logo":{"@type":"ImageObject","inLanguage":"de","@id":"https:\/\/www.gardenstore.es\/de\/#\/schema\/logo\/image\/","url":"https:\/\/www.gardenstore.es\/wp-content\/uploads\/2025\/10\/LOGOTIPO_V1-1.svg","contentUrl":"https:\/\/www.gardenstore.es\/wp-content\/uploads\/2025\/10\/LOGOTIPO_V1-1.svg","width":818,"height":130,"caption":"GardenStore"},"image":{"@id":"https:\/\/www.gardenstore.es\/de\/#\/schema\/logo\/image\/"}}]}},"_links":{"self":[{"href":"https:\/\/www.gardenstore.es\/de\/wp-json\/wp\/v2\/product\/13249","targetHints":{"allow":["GET"]}}],"collection":[{"href":"https:\/\/www.gardenstore.es\/de\/wp-json\/wp\/v2\/product"}],"about":[{"href":"https:\/\/www.gardenstore.es\/de\/wp-json\/wp\/v2\/types\/product"}],"replies":[{"embeddable":true,"href":"https:\/\/www.gardenstore.es\/de\/wp-json\/wp\/v2\/comments?post=13249"}],"wp:featuredmedia":[{"embeddable":true,"href":"https:\/\/www.gardenstore.es\/de\/wp-json\/wp\/v2\/media\/13250"}],"wp:attachment":[{"href":"https:\/\/www.gardenstore.es\/de\/wp-json\/wp\/v2\/media?parent=13249"}],"wp:term":[{"taxonomy":"product_brand","embeddable":true,"href":"https:\/\/www.gardenstore.es\/de\/wp-json\/wp\/v2\/product_brand?post=13249"},{"taxonomy":"product_cat","embeddable":true,"href":"https:\/\/www.gardenstore.es\/de\/wp-json\/wp\/v2\/product_cat?post=13249"},{"taxonomy":"product_tag","embeddable":true,"href":"https:\/\/www.gardenstore.es\/de\/wp-json\/wp\/v2\/product_tag?post=13249"}],"curies":[{"name":"wp","href":"https:\/\/api.w.org\/{rel}","templated":true}]}}