{"id":13241,"date":"2025-04-09T14:47:15","date_gmt":"2025-04-09T12:47:15","guid":{"rendered":"https:\/\/www.gardenstore.es\/producto\/unkategorisiert\/vertikaler-garten-celosia-blaettchen-100x200\/"},"modified":"2025-10-20T10:47:25","modified_gmt":"2025-10-20T08:47:25","slug":"vertikaler-garten-celosia-blaettchen-100x200","status":"publish","type":"product","link":"https:\/\/www.gardenstore.es\/de\/produkt\/vertikale-garten\/100x200\/vertikaler-garten-celosia-blaettchen-100x200\/","title":{"rendered":"Vertikaler Garten Celosia Bl\u00e4ttchen 100&#215;200"},"content":{"rendered":"","protected":false},"excerpt":{"rendered":"<p>Vertikaler Garten Celos\u00eda Bl\u00e4ttchen<\/p>\n<p>Dieses Celos\u00eda-Modell besteht aus kleinen Bl\u00e4ttern in verschiedenen Gr\u00fcnt\u00f6nen, von den hellsten und leuchtendsten bis zu den intensivsten und tiefsten. Sein Design mit einem einheitlichen, aber nat\u00fcrlichen Aussehen bringt Frische und eine zarte Note, die in jede Umgebung passt. <\/p>\n<p>Es ist perfekt, wenn Sie eine dekorative L\u00f6sung suchen, die Eleganz und Funktionalit\u00e4t vereint, ideal, um Privatsph\u00e4re zu schaffen oder Au\u00dfen- und Innenr\u00e4ume mit einem diskreten und nat\u00fcrlichen Stil zu verwandeln.<\/p>\n<p>Ma\u00dfe 100 cm x 200 cm.<br \/>\nIdeal f\u00fcr die Dekoration im Innen- und Au\u00dfenbereich.<br \/>\nZusammensetzung des Gitters: nat\u00fcrlicher Weidenstock.<br \/>\nZusammensetzung der synthetischen Bl\u00e4tter: 100 % HDPE.<br \/>\nUV- und Anti-Verblassungs-Garantie 5 Jahre.<\/p>\n","protected":false},"featured_media":13244,"comment_status":"open","ping_status":"closed","template":"","meta":{"_acf_changed":false},"product_brand":[],"product_cat":[334,289],"product_tag":[],"class_list":{"0":"post-13241","1":"product","2":"type-product","3":"status-publish","4":"has-post-thumbnail","6":"product_cat-100x200","7":"product_cat-vertikale-garten","8":"","9":"woocommerce-text-align-left","10":"woocommerce-image-align-center","11":"do-quantity-buttons","13":"first","14":"instock","15":"product-type-simple"},"acf":{"altura":"","confort":"","recuperacion":"","suavidad":"","resistencia":"","ficha_de_producto":"","tipo_fibra_hilo":"","composicion_fibra_hilo":"","dtex":"","peso_hilo":"","seccion":"","altura_hilo":"","galga":"","puntadas_10cm":"","puntadas_m2":"","tipo_backing":"","composicion_backing":"","tipo_acabado":"","composicion_acabado":"","peso_backing":"","hilo_recto_numero":"","hilo_recto_colores":"","hilo_rizado_numero":"","hilo_rizado_colores":"","peso_total":"","dimensiones_rollo":"","drenaje":"","filamentos":""},"gallery_images":[10397,10398],"yoast_head":"<!-- This site is optimized with the Yoast SEO plugin v27.4 - https:\/\/yoast.com\/product\/yoast-seo-wordpress\/ -->\n<title>Vertikaler Garten Celosia Bl\u00e4ttchen 100x200 | GardenStore<\/title>\n<meta name=\"robots\" content=\"index, follow, max-snippet:-1, max-image-preview:large, max-video-preview:-1\" \/>\n<link rel=\"canonical\" href=\"https:\/\/www.gardenstore.es\/de\/produkt\/vertikale-garten\/100x200\/vertikaler-garten-celosia-blaettchen-100x200\/\" \/>\n<meta property=\"og:locale\" content=\"de_DE\" \/>\n<meta property=\"og:type\" content=\"article\" \/>\n<meta property=\"og:title\" content=\"Vertikaler Garten Celosia Bl\u00e4ttchen 100x200 | GardenStore\" \/>\n<meta property=\"og:description\" content=\"Vertikaler Garten Celos\u00eda Bl\u00e4ttchen Dieses Celos\u00eda-Modell besteht aus kleinen Bl\u00e4ttern in verschiedenen Gr\u00fcnt\u00f6nen, von den hellsten und leuchtendsten bis zu den intensivsten und tiefsten. Sein Design mit einem einheitlichen, aber nat\u00fcrlichen Aussehen bringt Frische und eine zarte Note, die in jede Umgebung passt.  Es ist perfekt, wenn Sie eine dekorative L\u00f6sung suchen, die Eleganz und Funktionalit\u00e4t vereint, ideal, um Privatsph\u00e4re zu schaffen oder Au\u00dfen- und Innenr\u00e4ume mit einem diskreten und nat\u00fcrlichen Stil zu verwandeln. Ma\u00dfe 100 cm x 200 cm. Ideal f\u00fcr die Dekoration im Innen- und Au\u00dfenbereich. Zusammensetzung des Gitters: nat\u00fcrlicher Weidenstock. Zusammensetzung der synthetischen Bl\u00e4tter: 100 % HDPE. UV- und Anti-Verblassungs-Garantie 5 Jahre.\" \/>\n<meta property=\"og:url\" content=\"https:\/\/www.gardenstore.es\/de\/produkt\/vertikale-garten\/100x200\/vertikaler-garten-celosia-blaettchen-100x200\/\" \/>\n<meta property=\"og:site_name\" content=\"GardenStore\" \/>\n<meta property=\"article:modified_time\" content=\"2025-10-20T08:47:25+00:00\" \/>\n<meta property=\"og:image\" content=\"https:\/\/www.gardenstore.es\/wp-content\/uploads\/2025\/04\/JV_CELOSIA_HOJITAS100X200-min-1024x701-1.webp\" \/>\n\t<meta property=\"og:image:width\" content=\"1024\" \/>\n\t<meta property=\"og:image:height\" content=\"701\" \/>\n\t<meta property=\"og:image:type\" content=\"image\/webp\" \/>\n<meta name=\"twitter:card\" content=\"summary_large_image\" \/>\n<script type=\"application\/ld+json\" class=\"yoast-schema-graph\">{\"@context\":\"https:\\\/\\\/schema.org\",\"@graph\":[{\"@type\":\"WebPage\",\"@id\":\"https:\\\/\\\/www.gardenstore.es\\\/de\\\/produkt\\\/vertikale-garten\\\/100x200\\\/vertikaler-garten-celosia-blaettchen-100x200\\\/\",\"url\":\"https:\\\/\\\/www.gardenstore.es\\\/de\\\/produkt\\\/vertikale-garten\\\/100x200\\\/vertikaler-garten-celosia-blaettchen-100x200\\\/\",\"name\":\"Vertikaler Garten Celosia Bl\u00e4ttchen 100x200 | GardenStore\",\"isPartOf\":{\"@id\":\"https:\\\/\\\/www.gardenstore.es\\\/de\\\/#website\"},\"primaryImageOfPage\":{\"@id\":\"https:\\\/\\\/www.gardenstore.es\\\/de\\\/produkt\\\/vertikale-garten\\\/100x200\\\/vertikaler-garten-celosia-blaettchen-100x200\\\/#primaryimage\"},\"image\":{\"@id\":\"https:\\\/\\\/www.gardenstore.es\\\/de\\\/produkt\\\/vertikale-garten\\\/100x200\\\/vertikaler-garten-celosia-blaettchen-100x200\\\/#primaryimage\"},\"thumbnailUrl\":\"https:\\\/\\\/www.gardenstore.es\\\/wp-content\\\/uploads\\\/2025\\\/04\\\/JV_CELOSIA_HOJITAS100X200-min-1024x701-1.webp\",\"datePublished\":\"2025-04-09T12:47:15+00:00\",\"dateModified\":\"2025-10-20T08:47:25+00:00\",\"breadcrumb\":{\"@id\":\"https:\\\/\\\/www.gardenstore.es\\\/de\\\/produkt\\\/vertikale-garten\\\/100x200\\\/vertikaler-garten-celosia-blaettchen-100x200\\\/#breadcrumb\"},\"inLanguage\":\"de\",\"potentialAction\":[{\"@type\":\"ReadAction\",\"target\":[\"https:\\\/\\\/www.gardenstore.es\\\/de\\\/produkt\\\/vertikale-garten\\\/100x200\\\/vertikaler-garten-celosia-blaettchen-100x200\\\/\"]}]},{\"@type\":\"ImageObject\",\"inLanguage\":\"de\",\"@id\":\"https:\\\/\\\/www.gardenstore.es\\\/de\\\/produkt\\\/vertikale-garten\\\/100x200\\\/vertikaler-garten-celosia-blaettchen-100x200\\\/#primaryimage\",\"url\":\"https:\\\/\\\/www.gardenstore.es\\\/wp-content\\\/uploads\\\/2025\\\/04\\\/JV_CELOSIA_HOJITAS100X200-min-1024x701-1.webp\",\"contentUrl\":\"https:\\\/\\\/www.gardenstore.es\\\/wp-content\\\/uploads\\\/2025\\\/04\\\/JV_CELOSIA_HOJITAS100X200-min-1024x701-1.webp\",\"width\":1024,\"height\":701},{\"@type\":\"BreadcrumbList\",\"@id\":\"https:\\\/\\\/www.gardenstore.es\\\/de\\\/produkt\\\/vertikale-garten\\\/100x200\\\/vertikaler-garten-celosia-blaettchen-100x200\\\/#breadcrumb\",\"itemListElement\":[{\"@type\":\"ListItem\",\"position\":1,\"name\":\"Startseite\",\"item\":\"https:\\\/\\\/www.gardenstore.es\\\/de\\\/startseite\\\/\"},{\"@type\":\"ListItem\",\"position\":2,\"name\":\"Shop\",\"item\":\"https:\\\/\\\/www.gardenstore.es\\\/de\\\/shop\\\/\"},{\"@type\":\"ListItem\",\"position\":3,\"name\":\"Vertikale G\u00e4rten\",\"item\":\"https:\\\/\\\/www.gardenstore.es\\\/de\\\/produkt-kategorie\\\/vertikale-garten\\\/\"},{\"@type\":\"ListItem\",\"position\":4,\"name\":\"100x200\",\"item\":\"https:\\\/\\\/www.gardenstore.es\\\/de\\\/produkt-kategorie\\\/vertikale-garten\\\/100x200\\\/\"},{\"@type\":\"ListItem\",\"position\":5,\"name\":\"Vertikaler Garten Celosia Bl\u00e4ttchen 100&#215;200\"}]},{\"@type\":\"WebSite\",\"@id\":\"https:\\\/\\\/www.gardenstore.es\\\/de\\\/#website\",\"url\":\"https:\\\/\\\/www.gardenstore.es\\\/de\\\/\",\"name\":\"GardenStore | Venta e instalaci\u00f3n de C\u00e9sped Artificial\",\"description\":\"C\u00e9sped Artificial en Sevilla\",\"publisher\":{\"@id\":\"https:\\\/\\\/www.gardenstore.es\\\/de\\\/#organization\"},\"potentialAction\":[{\"@type\":\"SearchAction\",\"target\":{\"@type\":\"EntryPoint\",\"urlTemplate\":\"https:\\\/\\\/www.gardenstore.es\\\/de\\\/?s={search_term_string}\"},\"query-input\":{\"@type\":\"PropertyValueSpecification\",\"valueRequired\":true,\"valueName\":\"search_term_string\"}}],\"inLanguage\":\"de\"},{\"@type\":\"Organization\",\"@id\":\"https:\\\/\\\/www.gardenstore.es\\\/de\\\/#organization\",\"name\":\"GardenStore\",\"url\":\"https:\\\/\\\/www.gardenstore.es\\\/de\\\/\",\"logo\":{\"@type\":\"ImageObject\",\"inLanguage\":\"de\",\"@id\":\"https:\\\/\\\/www.gardenstore.es\\\/de\\\/#\\\/schema\\\/logo\\\/image\\\/\",\"url\":\"https:\\\/\\\/www.gardenstore.es\\\/wp-content\\\/uploads\\\/2025\\\/10\\\/LOGOTIPO_V1-1.svg\",\"contentUrl\":\"https:\\\/\\\/www.gardenstore.es\\\/wp-content\\\/uploads\\\/2025\\\/10\\\/LOGOTIPO_V1-1.svg\",\"width\":818,\"height\":130,\"caption\":\"GardenStore\"},\"image\":{\"@id\":\"https:\\\/\\\/www.gardenstore.es\\\/de\\\/#\\\/schema\\\/logo\\\/image\\\/\"}}]}<\/script>\n<!-- \/ Yoast SEO plugin. -->","yoast_head_json":{"title":"Vertikaler Garten Celosia Bl\u00e4ttchen 100x200 | GardenStore","robots":{"index":"index","follow":"follow","max-snippet":"max-snippet:-1","max-image-preview":"max-image-preview:large","max-video-preview":"max-video-preview:-1"},"canonical":"https:\/\/www.gardenstore.es\/de\/produkt\/vertikale-garten\/100x200\/vertikaler-garten-celosia-blaettchen-100x200\/","og_locale":"de_DE","og_type":"article","og_title":"Vertikaler Garten Celosia Bl\u00e4ttchen 100x200 | GardenStore","og_description":"Vertikaler Garten Celos\u00eda Bl\u00e4ttchen Dieses Celos\u00eda-Modell besteht aus kleinen Bl\u00e4ttern in verschiedenen Gr\u00fcnt\u00f6nen, von den hellsten und leuchtendsten bis zu den intensivsten und tiefsten. Sein Design mit einem einheitlichen, aber nat\u00fcrlichen Aussehen bringt Frische und eine zarte Note, die in jede Umgebung passt.  Es ist perfekt, wenn Sie eine dekorative L\u00f6sung suchen, die Eleganz und Funktionalit\u00e4t vereint, ideal, um Privatsph\u00e4re zu schaffen oder Au\u00dfen- und Innenr\u00e4ume mit einem diskreten und nat\u00fcrlichen Stil zu verwandeln. Ma\u00dfe 100 cm x 200 cm. Ideal f\u00fcr die Dekoration im Innen- und Au\u00dfenbereich. Zusammensetzung des Gitters: nat\u00fcrlicher Weidenstock. Zusammensetzung der synthetischen Bl\u00e4tter: 100 % HDPE. UV- und Anti-Verblassungs-Garantie 5 Jahre.","og_url":"https:\/\/www.gardenstore.es\/de\/produkt\/vertikale-garten\/100x200\/vertikaler-garten-celosia-blaettchen-100x200\/","og_site_name":"GardenStore","article_modified_time":"2025-10-20T08:47:25+00:00","og_image":[{"width":1024,"height":701,"url":"https:\/\/www.gardenstore.es\/wp-content\/uploads\/2025\/04\/JV_CELOSIA_HOJITAS100X200-min-1024x701-1.webp","type":"image\/webp"}],"twitter_card":"summary_large_image","schema":{"@context":"https:\/\/schema.org","@graph":[{"@type":"WebPage","@id":"https:\/\/www.gardenstore.es\/de\/produkt\/vertikale-garten\/100x200\/vertikaler-garten-celosia-blaettchen-100x200\/","url":"https:\/\/www.gardenstore.es\/de\/produkt\/vertikale-garten\/100x200\/vertikaler-garten-celosia-blaettchen-100x200\/","name":"Vertikaler Garten Celosia Bl\u00e4ttchen 100x200 | GardenStore","isPartOf":{"@id":"https:\/\/www.gardenstore.es\/de\/#website"},"primaryImageOfPage":{"@id":"https:\/\/www.gardenstore.es\/de\/produkt\/vertikale-garten\/100x200\/vertikaler-garten-celosia-blaettchen-100x200\/#primaryimage"},"image":{"@id":"https:\/\/www.gardenstore.es\/de\/produkt\/vertikale-garten\/100x200\/vertikaler-garten-celosia-blaettchen-100x200\/#primaryimage"},"thumbnailUrl":"https:\/\/www.gardenstore.es\/wp-content\/uploads\/2025\/04\/JV_CELOSIA_HOJITAS100X200-min-1024x701-1.webp","datePublished":"2025-04-09T12:47:15+00:00","dateModified":"2025-10-20T08:47:25+00:00","breadcrumb":{"@id":"https:\/\/www.gardenstore.es\/de\/produkt\/vertikale-garten\/100x200\/vertikaler-garten-celosia-blaettchen-100x200\/#breadcrumb"},"inLanguage":"de","potentialAction":[{"@type":"ReadAction","target":["https:\/\/www.gardenstore.es\/de\/produkt\/vertikale-garten\/100x200\/vertikaler-garten-celosia-blaettchen-100x200\/"]}]},{"@type":"ImageObject","inLanguage":"de","@id":"https:\/\/www.gardenstore.es\/de\/produkt\/vertikale-garten\/100x200\/vertikaler-garten-celosia-blaettchen-100x200\/#primaryimage","url":"https:\/\/www.gardenstore.es\/wp-content\/uploads\/2025\/04\/JV_CELOSIA_HOJITAS100X200-min-1024x701-1.webp","contentUrl":"https:\/\/www.gardenstore.es\/wp-content\/uploads\/2025\/04\/JV_CELOSIA_HOJITAS100X200-min-1024x701-1.webp","width":1024,"height":701},{"@type":"BreadcrumbList","@id":"https:\/\/www.gardenstore.es\/de\/produkt\/vertikale-garten\/100x200\/vertikaler-garten-celosia-blaettchen-100x200\/#breadcrumb","itemListElement":[{"@type":"ListItem","position":1,"name":"Startseite","item":"https:\/\/www.gardenstore.es\/de\/startseite\/"},{"@type":"ListItem","position":2,"name":"Shop","item":"https:\/\/www.gardenstore.es\/de\/shop\/"},{"@type":"ListItem","position":3,"name":"Vertikale G\u00e4rten","item":"https:\/\/www.gardenstore.es\/de\/produkt-kategorie\/vertikale-garten\/"},{"@type":"ListItem","position":4,"name":"100x200","item":"https:\/\/www.gardenstore.es\/de\/produkt-kategorie\/vertikale-garten\/100x200\/"},{"@type":"ListItem","position":5,"name":"Vertikaler Garten Celosia Bl\u00e4ttchen 100&#215;200"}]},{"@type":"WebSite","@id":"https:\/\/www.gardenstore.es\/de\/#website","url":"https:\/\/www.gardenstore.es\/de\/","name":"GardenStore | Venta e instalaci\u00f3n de C\u00e9sped Artificial","description":"C\u00e9sped Artificial en Sevilla","publisher":{"@id":"https:\/\/www.gardenstore.es\/de\/#organization"},"potentialAction":[{"@type":"SearchAction","target":{"@type":"EntryPoint","urlTemplate":"https:\/\/www.gardenstore.es\/de\/?s={search_term_string}"},"query-input":{"@type":"PropertyValueSpecification","valueRequired":true,"valueName":"search_term_string"}}],"inLanguage":"de"},{"@type":"Organization","@id":"https:\/\/www.gardenstore.es\/de\/#organization","name":"GardenStore","url":"https:\/\/www.gardenstore.es\/de\/","logo":{"@type":"ImageObject","inLanguage":"de","@id":"https:\/\/www.gardenstore.es\/de\/#\/schema\/logo\/image\/","url":"https:\/\/www.gardenstore.es\/wp-content\/uploads\/2025\/10\/LOGOTIPO_V1-1.svg","contentUrl":"https:\/\/www.gardenstore.es\/wp-content\/uploads\/2025\/10\/LOGOTIPO_V1-1.svg","width":818,"height":130,"caption":"GardenStore"},"image":{"@id":"https:\/\/www.gardenstore.es\/de\/#\/schema\/logo\/image\/"}}]}},"_links":{"self":[{"href":"https:\/\/www.gardenstore.es\/de\/wp-json\/wp\/v2\/product\/13241","targetHints":{"allow":["GET"]}}],"collection":[{"href":"https:\/\/www.gardenstore.es\/de\/wp-json\/wp\/v2\/product"}],"about":[{"href":"https:\/\/www.gardenstore.es\/de\/wp-json\/wp\/v2\/types\/product"}],"replies":[{"embeddable":true,"href":"https:\/\/www.gardenstore.es\/de\/wp-json\/wp\/v2\/comments?post=13241"}],"wp:featuredmedia":[{"embeddable":true,"href":"https:\/\/www.gardenstore.es\/de\/wp-json\/wp\/v2\/media\/13244"}],"wp:attachment":[{"href":"https:\/\/www.gardenstore.es\/de\/wp-json\/wp\/v2\/media?parent=13241"}],"wp:term":[{"taxonomy":"product_brand","embeddable":true,"href":"https:\/\/www.gardenstore.es\/de\/wp-json\/wp\/v2\/product_brand?post=13241"},{"taxonomy":"product_cat","embeddable":true,"href":"https:\/\/www.gardenstore.es\/de\/wp-json\/wp\/v2\/product_cat?post=13241"},{"taxonomy":"product_tag","embeddable":true,"href":"https:\/\/www.gardenstore.es\/de\/wp-json\/wp\/v2\/product_tag?post=13241"}],"curies":[{"name":"wp","href":"https:\/\/api.w.org\/{rel}","templated":true}]}}