{"id":13237,"date":"2025-04-09T14:46:57","date_gmt":"2025-04-09T12:46:57","guid":{"rendered":"https:\/\/www.gardenstore.es\/producto\/unkategorisiert\/klebefugenband-5-m\/"},"modified":"2025-10-20T10:47:18","modified_gmt":"2025-10-20T08:47:18","slug":"klebefugenband-5-m","status":"publish","type":"product","link":"https:\/\/www.gardenstore.es\/de\/produkt\/zubehor\/klebefugenband-5-m\/","title":{"rendered":"Klebefugenband 5 m"},"content":{"rendered":"","protected":false},"excerpt":{"rendered":"<p>Klebefugenband 5 m<\/p>\n<p>Klebefugenband, besonders geeignet f\u00fcr die Verbindung von Kunstrasen.<\/p>\n<p>Mit Klebstoff auf der Verbindungsseite, mit doppeltem Schutzstreifen f\u00fcr eine einfachere Installation.<\/p>\n<p>Kann auf jeder Art von Oberfl\u00e4che verwendet werden, da seine Funktion darin besteht, die Kunstrasenst\u00fccke zu verbinden.<\/p>\n<p>Best\u00e4ndig gegen Wasser und Feuchtigkeit.<br \/>\nHohe Haftung und Koh\u00e4sion.<br \/>\nAbnehmbares Klebeband, hinterl\u00e4sst beim Entfernen keine Klebstoffreste.<br \/>\nHohe Leistung.<br \/>\n15 cm breit x 5 m lang.<br \/>\nTechnische Daten:<br \/>\nKlebstoff: Synthetischer Kautschuk.<br \/>\nTr\u00e4ger: Polypropylengewebe.<br \/>\nKlebkraft: \u2265 60 N\/25 mm.<br \/>\nDicke: 630 \u00b1 30 \u00b5<br \/>\nTemperaturbereich: 95\u00baC<\/p>\n","protected":false},"featured_media":13239,"comment_status":"open","ping_status":"open","template":"","meta":{"_acf_changed":false},"product_brand":[],"product_cat":[337],"product_tag":[],"class_list":{"0":"post-13237","1":"product","2":"type-product","3":"status-publish","4":"has-post-thumbnail","6":"product_cat-zubehor","7":"","8":"woocommerce-text-align-left","9":"woocommerce-image-align-center","10":"do-quantity-buttons","12":"first","13":"instock","14":"product-type-simple"},"acf":{"altura":"","confort":"","recuperacion":"","suavidad":"","resistencia":"","ficha_de_producto":"","tipo_fibra_hilo":"","composicion_fibra_hilo":"","dtex":"","peso_hilo":"","seccion":"","altura_hilo":"","galga":"","puntadas_10cm":"","puntadas_m2":"","tipo_backing":"","composicion_backing":"","tipo_acabado":"","composicion_acabado":"","peso_backing":"","hilo_recto_numero":"","hilo_recto_colores":"","hilo_rizado_numero":"","hilo_rizado_colores":"","peso_total":"","dimensiones_rollo":"","drenaje":"","filamentos":""},"gallery_images":[],"yoast_head":"<!-- This site is optimized with the Yoast SEO plugin v27.4 - https:\/\/yoast.com\/product\/yoast-seo-wordpress\/ -->\n<title>Klebefugenband 5 m | GardenStore<\/title>\n<meta name=\"robots\" content=\"index, follow, max-snippet:-1, max-image-preview:large, max-video-preview:-1\" \/>\n<link rel=\"canonical\" href=\"https:\/\/www.gardenstore.es\/de\/produkt\/zubehor\/klebefugenband-5-m\/\" \/>\n<meta property=\"og:locale\" content=\"de_DE\" \/>\n<meta property=\"og:type\" content=\"article\" \/>\n<meta property=\"og:title\" content=\"Klebefugenband 5 m | GardenStore\" \/>\n<meta property=\"og:description\" content=\"Klebefugenband 5 m Klebefugenband, besonders geeignet f\u00fcr die Verbindung von Kunstrasen. Mit Klebstoff auf der Verbindungsseite, mit doppeltem Schutzstreifen f\u00fcr eine einfachere Installation. Kann auf jeder Art von Oberfl\u00e4che verwendet werden, da seine Funktion darin besteht, die Kunstrasenst\u00fccke zu verbinden. Best\u00e4ndig gegen Wasser und Feuchtigkeit. Hohe Haftung und Koh\u00e4sion. Abnehmbares Klebeband, hinterl\u00e4sst beim Entfernen keine Klebstoffreste. Hohe Leistung. 15 cm breit x 5 m lang. Technische Daten: Klebstoff: Synthetischer Kautschuk. Tr\u00e4ger: Polypropylengewebe. Klebkraft: \u2265 60 N\/25 mm. Dicke: 630 \u00b1 30 \u00b5 Temperaturbereich: 95\u00baC\" \/>\n<meta property=\"og:url\" content=\"https:\/\/www.gardenstore.es\/de\/produkt\/zubehor\/klebefugenband-5-m\/\" \/>\n<meta property=\"og:site_name\" content=\"GardenStore\" \/>\n<meta property=\"article:modified_time\" content=\"2025-10-20T08:47:18+00:00\" \/>\n<meta property=\"og:image\" content=\"https:\/\/www.gardenstore.es\/wp-content\/uploads\/2025\/04\/banda-de-union-adhesiva-2.jpg\" \/>\n\t<meta property=\"og:image:width\" content=\"900\" \/>\n\t<meta property=\"og:image:height\" content=\"900\" \/>\n\t<meta property=\"og:image:type\" content=\"image\/jpeg\" \/>\n<meta name=\"twitter:card\" content=\"summary_large_image\" \/>\n<script type=\"application\/ld+json\" class=\"yoast-schema-graph\">{\"@context\":\"https:\\\/\\\/schema.org\",\"@graph\":[{\"@type\":\"WebPage\",\"@id\":\"https:\\\/\\\/www.gardenstore.es\\\/de\\\/produkt\\\/zubehor\\\/klebefugenband-5-m\\\/\",\"url\":\"https:\\\/\\\/www.gardenstore.es\\\/de\\\/produkt\\\/zubehor\\\/klebefugenband-5-m\\\/\",\"name\":\"Klebefugenband 5 m | GardenStore\",\"isPartOf\":{\"@id\":\"https:\\\/\\\/www.gardenstore.es\\\/de\\\/#website\"},\"primaryImageOfPage\":{\"@id\":\"https:\\\/\\\/www.gardenstore.es\\\/de\\\/produkt\\\/zubehor\\\/klebefugenband-5-m\\\/#primaryimage\"},\"image\":{\"@id\":\"https:\\\/\\\/www.gardenstore.es\\\/de\\\/produkt\\\/zubehor\\\/klebefugenband-5-m\\\/#primaryimage\"},\"thumbnailUrl\":\"https:\\\/\\\/www.gardenstore.es\\\/wp-content\\\/uploads\\\/2025\\\/04\\\/banda-de-union-adhesiva-2.jpg\",\"datePublished\":\"2025-04-09T12:46:57+00:00\",\"dateModified\":\"2025-10-20T08:47:18+00:00\",\"breadcrumb\":{\"@id\":\"https:\\\/\\\/www.gardenstore.es\\\/de\\\/produkt\\\/zubehor\\\/klebefugenband-5-m\\\/#breadcrumb\"},\"inLanguage\":\"de\",\"potentialAction\":[{\"@type\":\"ReadAction\",\"target\":[\"https:\\\/\\\/www.gardenstore.es\\\/de\\\/produkt\\\/zubehor\\\/klebefugenband-5-m\\\/\"]}]},{\"@type\":\"ImageObject\",\"inLanguage\":\"de\",\"@id\":\"https:\\\/\\\/www.gardenstore.es\\\/de\\\/produkt\\\/zubehor\\\/klebefugenband-5-m\\\/#primaryimage\",\"url\":\"https:\\\/\\\/www.gardenstore.es\\\/wp-content\\\/uploads\\\/2025\\\/04\\\/banda-de-union-adhesiva-2.jpg\",\"contentUrl\":\"https:\\\/\\\/www.gardenstore.es\\\/wp-content\\\/uploads\\\/2025\\\/04\\\/banda-de-union-adhesiva-2.jpg\",\"width\":900,\"height\":900,\"caption\":\"Klebefugenband 5 m\"},{\"@type\":\"BreadcrumbList\",\"@id\":\"https:\\\/\\\/www.gardenstore.es\\\/de\\\/produkt\\\/zubehor\\\/klebefugenband-5-m\\\/#breadcrumb\",\"itemListElement\":[{\"@type\":\"ListItem\",\"position\":1,\"name\":\"Startseite\",\"item\":\"https:\\\/\\\/www.gardenstore.es\\\/de\\\/startseite\\\/\"},{\"@type\":\"ListItem\",\"position\":2,\"name\":\"Shop\",\"item\":\"https:\\\/\\\/www.gardenstore.es\\\/de\\\/shop\\\/\"},{\"@type\":\"ListItem\",\"position\":3,\"name\":\"Zubeh\u00f6r\",\"item\":\"https:\\\/\\\/www.gardenstore.es\\\/de\\\/produkt-kategorie\\\/zubehor\\\/\"},{\"@type\":\"ListItem\",\"position\":4,\"name\":\"Klebefugenband 5 m\"}]},{\"@type\":\"WebSite\",\"@id\":\"https:\\\/\\\/www.gardenstore.es\\\/de\\\/#website\",\"url\":\"https:\\\/\\\/www.gardenstore.es\\\/de\\\/\",\"name\":\"GardenStore | Venta e instalaci\u00f3n de C\u00e9sped Artificial\",\"description\":\"C\u00e9sped Artificial en Sevilla\",\"publisher\":{\"@id\":\"https:\\\/\\\/www.gardenstore.es\\\/de\\\/#organization\"},\"potentialAction\":[{\"@type\":\"SearchAction\",\"target\":{\"@type\":\"EntryPoint\",\"urlTemplate\":\"https:\\\/\\\/www.gardenstore.es\\\/de\\\/?s={search_term_string}\"},\"query-input\":{\"@type\":\"PropertyValueSpecification\",\"valueRequired\":true,\"valueName\":\"search_term_string\"}}],\"inLanguage\":\"de\"},{\"@type\":\"Organization\",\"@id\":\"https:\\\/\\\/www.gardenstore.es\\\/de\\\/#organization\",\"name\":\"GardenStore\",\"url\":\"https:\\\/\\\/www.gardenstore.es\\\/de\\\/\",\"logo\":{\"@type\":\"ImageObject\",\"inLanguage\":\"de\",\"@id\":\"https:\\\/\\\/www.gardenstore.es\\\/de\\\/#\\\/schema\\\/logo\\\/image\\\/\",\"url\":\"https:\\\/\\\/www.gardenstore.es\\\/wp-content\\\/uploads\\\/2025\\\/10\\\/LOGOTIPO_V1-1.svg\",\"contentUrl\":\"https:\\\/\\\/www.gardenstore.es\\\/wp-content\\\/uploads\\\/2025\\\/10\\\/LOGOTIPO_V1-1.svg\",\"width\":818,\"height\":130,\"caption\":\"GardenStore\"},\"image\":{\"@id\":\"https:\\\/\\\/www.gardenstore.es\\\/de\\\/#\\\/schema\\\/logo\\\/image\\\/\"}}]}<\/script>\n<!-- \/ Yoast SEO plugin. -->","yoast_head_json":{"title":"Klebefugenband 5 m | GardenStore","robots":{"index":"index","follow":"follow","max-snippet":"max-snippet:-1","max-image-preview":"max-image-preview:large","max-video-preview":"max-video-preview:-1"},"canonical":"https:\/\/www.gardenstore.es\/de\/produkt\/zubehor\/klebefugenband-5-m\/","og_locale":"de_DE","og_type":"article","og_title":"Klebefugenband 5 m | GardenStore","og_description":"Klebefugenband 5 m Klebefugenband, besonders geeignet f\u00fcr die Verbindung von Kunstrasen. Mit Klebstoff auf der Verbindungsseite, mit doppeltem Schutzstreifen f\u00fcr eine einfachere Installation. Kann auf jeder Art von Oberfl\u00e4che verwendet werden, da seine Funktion darin besteht, die Kunstrasenst\u00fccke zu verbinden. Best\u00e4ndig gegen Wasser und Feuchtigkeit. Hohe Haftung und Koh\u00e4sion. Abnehmbares Klebeband, hinterl\u00e4sst beim Entfernen keine Klebstoffreste. Hohe Leistung. 15 cm breit x 5 m lang. Technische Daten: Klebstoff: Synthetischer Kautschuk. Tr\u00e4ger: Polypropylengewebe. Klebkraft: \u2265 60 N\/25 mm. Dicke: 630 \u00b1 30 \u00b5 Temperaturbereich: 95\u00baC","og_url":"https:\/\/www.gardenstore.es\/de\/produkt\/zubehor\/klebefugenband-5-m\/","og_site_name":"GardenStore","article_modified_time":"2025-10-20T08:47:18+00:00","og_image":[{"width":900,"height":900,"url":"https:\/\/www.gardenstore.es\/wp-content\/uploads\/2025\/04\/banda-de-union-adhesiva-2.jpg","type":"image\/jpeg"}],"twitter_card":"summary_large_image","schema":{"@context":"https:\/\/schema.org","@graph":[{"@type":"WebPage","@id":"https:\/\/www.gardenstore.es\/de\/produkt\/zubehor\/klebefugenband-5-m\/","url":"https:\/\/www.gardenstore.es\/de\/produkt\/zubehor\/klebefugenband-5-m\/","name":"Klebefugenband 5 m | GardenStore","isPartOf":{"@id":"https:\/\/www.gardenstore.es\/de\/#website"},"primaryImageOfPage":{"@id":"https:\/\/www.gardenstore.es\/de\/produkt\/zubehor\/klebefugenband-5-m\/#primaryimage"},"image":{"@id":"https:\/\/www.gardenstore.es\/de\/produkt\/zubehor\/klebefugenband-5-m\/#primaryimage"},"thumbnailUrl":"https:\/\/www.gardenstore.es\/wp-content\/uploads\/2025\/04\/banda-de-union-adhesiva-2.jpg","datePublished":"2025-04-09T12:46:57+00:00","dateModified":"2025-10-20T08:47:18+00:00","breadcrumb":{"@id":"https:\/\/www.gardenstore.es\/de\/produkt\/zubehor\/klebefugenband-5-m\/#breadcrumb"},"inLanguage":"de","potentialAction":[{"@type":"ReadAction","target":["https:\/\/www.gardenstore.es\/de\/produkt\/zubehor\/klebefugenband-5-m\/"]}]},{"@type":"ImageObject","inLanguage":"de","@id":"https:\/\/www.gardenstore.es\/de\/produkt\/zubehor\/klebefugenband-5-m\/#primaryimage","url":"https:\/\/www.gardenstore.es\/wp-content\/uploads\/2025\/04\/banda-de-union-adhesiva-2.jpg","contentUrl":"https:\/\/www.gardenstore.es\/wp-content\/uploads\/2025\/04\/banda-de-union-adhesiva-2.jpg","width":900,"height":900,"caption":"Klebefugenband 5 m"},{"@type":"BreadcrumbList","@id":"https:\/\/www.gardenstore.es\/de\/produkt\/zubehor\/klebefugenband-5-m\/#breadcrumb","itemListElement":[{"@type":"ListItem","position":1,"name":"Startseite","item":"https:\/\/www.gardenstore.es\/de\/startseite\/"},{"@type":"ListItem","position":2,"name":"Shop","item":"https:\/\/www.gardenstore.es\/de\/shop\/"},{"@type":"ListItem","position":3,"name":"Zubeh\u00f6r","item":"https:\/\/www.gardenstore.es\/de\/produkt-kategorie\/zubehor\/"},{"@type":"ListItem","position":4,"name":"Klebefugenband 5 m"}]},{"@type":"WebSite","@id":"https:\/\/www.gardenstore.es\/de\/#website","url":"https:\/\/www.gardenstore.es\/de\/","name":"GardenStore | Venta e instalaci\u00f3n de C\u00e9sped Artificial","description":"C\u00e9sped Artificial en Sevilla","publisher":{"@id":"https:\/\/www.gardenstore.es\/de\/#organization"},"potentialAction":[{"@type":"SearchAction","target":{"@type":"EntryPoint","urlTemplate":"https:\/\/www.gardenstore.es\/de\/?s={search_term_string}"},"query-input":{"@type":"PropertyValueSpecification","valueRequired":true,"valueName":"search_term_string"}}],"inLanguage":"de"},{"@type":"Organization","@id":"https:\/\/www.gardenstore.es\/de\/#organization","name":"GardenStore","url":"https:\/\/www.gardenstore.es\/de\/","logo":{"@type":"ImageObject","inLanguage":"de","@id":"https:\/\/www.gardenstore.es\/de\/#\/schema\/logo\/image\/","url":"https:\/\/www.gardenstore.es\/wp-content\/uploads\/2025\/10\/LOGOTIPO_V1-1.svg","contentUrl":"https:\/\/www.gardenstore.es\/wp-content\/uploads\/2025\/10\/LOGOTIPO_V1-1.svg","width":818,"height":130,"caption":"GardenStore"},"image":{"@id":"https:\/\/www.gardenstore.es\/de\/#\/schema\/logo\/image\/"}}]}},"_links":{"self":[{"href":"https:\/\/www.gardenstore.es\/de\/wp-json\/wp\/v2\/product\/13237","targetHints":{"allow":["GET"]}}],"collection":[{"href":"https:\/\/www.gardenstore.es\/de\/wp-json\/wp\/v2\/product"}],"about":[{"href":"https:\/\/www.gardenstore.es\/de\/wp-json\/wp\/v2\/types\/product"}],"replies":[{"embeddable":true,"href":"https:\/\/www.gardenstore.es\/de\/wp-json\/wp\/v2\/comments?post=13237"}],"wp:featuredmedia":[{"embeddable":true,"href":"https:\/\/www.gardenstore.es\/de\/wp-json\/wp\/v2\/media\/13239"}],"wp:attachment":[{"href":"https:\/\/www.gardenstore.es\/de\/wp-json\/wp\/v2\/media?parent=13237"}],"wp:term":[{"taxonomy":"product_brand","embeddable":true,"href":"https:\/\/www.gardenstore.es\/de\/wp-json\/wp\/v2\/product_brand?post=13237"},{"taxonomy":"product_cat","embeddable":true,"href":"https:\/\/www.gardenstore.es\/de\/wp-json\/wp\/v2\/product_cat?post=13237"},{"taxonomy":"product_tag","embeddable":true,"href":"https:\/\/www.gardenstore.es\/de\/wp-json\/wp\/v2\/product_tag?post=13237"}],"curies":[{"name":"wp","href":"https:\/\/api.w.org\/{rel}","templated":true}]}}