{"id":13144,"date":"2025-04-09T14:47:39","date_gmt":"2025-04-09T12:47:39","guid":{"rendered":"https:\/\/www.gardenstore.es\/producto\/unkategorisiert\/vertikaler-garten-leon-50x50\/"},"modified":"2025-10-20T10:48:19","modified_gmt":"2025-10-20T08:48:19","slug":"vertikaler-garten-leon-50x50","status":"publish","type":"product","link":"https:\/\/www.gardenstore.es\/de\/produkt\/vertikale-garten\/50x50\/vertikaler-garten-leon-50x50\/","title":{"rendered":"Vertikaler Garten Le\u00f3n 50&#215;50"},"content":{"rendered":"","protected":false},"excerpt":{"rendered":"<p>Vertikaler Garten Le\u00f3n<\/p>\n<p>Dieses Modell eines k\u00fcnstlichen vertikalen Gartens besteht aus kleinen Blumen in Braunt\u00f6nen mit orangefarbenen und gr\u00fcnen Farben, perfekt, um jedem Raum Farbe zu verleihen.<\/p>\n<p>Ma\u00dfe: 50 cm x 50 cm.<br \/>\nIdeal f\u00fcr die Dekoration im Innen- und Au\u00dfenbereich.<br \/>\nZusammensetzung des Rasters: 100 % HDPE.<br \/>\nZusammensetzung der synthetischen Bl\u00e4tter: 100 % HDPE.<br \/>\nUV- und Antiverf\u00e4rbungsgarantie 5 Jahre.<\/p>\n","protected":false},"featured_media":13146,"comment_status":"open","ping_status":"open","template":"","meta":{"_acf_changed":false},"product_brand":[],"product_cat":[290,289],"product_tag":[],"class_list":{"0":"post-13144","1":"product","2":"type-product","3":"status-publish","4":"has-post-thumbnail","6":"product_cat-50x50","7":"product_cat-vertikale-garten","8":"","9":"woocommerce-text-align-left","10":"woocommerce-image-align-center","11":"do-quantity-buttons","13":"first","14":"instock","15":"product-type-simple"},"acf":{"altura":"","confort":"","recuperacion":"","suavidad":"","resistencia":"","ficha_de_producto":"","tipo_fibra_hilo":"","composicion_fibra_hilo":"","dtex":"","peso_hilo":"","seccion":"","altura_hilo":"","galga":"","puntadas_10cm":"","puntadas_m2":"","tipo_backing":"","composicion_backing":"","tipo_acabado":"","composicion_acabado":"","peso_backing":"","hilo_recto_numero":"","hilo_recto_colores":"","hilo_rizado_numero":"","hilo_rizado_colores":"","peso_total":"","dimensiones_rollo":"","drenaje":"","filamentos":""},"gallery_images":[],"yoast_head":"<!-- This site is optimized with the Yoast SEO plugin v27.4 - https:\/\/yoast.com\/product\/yoast-seo-wordpress\/ -->\n<title>Vertikaler Garten Le\u00f3n 50x50 | GardenStore<\/title>\n<meta name=\"robots\" content=\"index, follow, max-snippet:-1, max-image-preview:large, max-video-preview:-1\" \/>\n<link rel=\"canonical\" href=\"https:\/\/www.gardenstore.es\/de\/produkt\/vertikale-garten\/50x50\/vertikaler-garten-leon-50x50\/\" \/>\n<meta property=\"og:locale\" content=\"de_DE\" \/>\n<meta property=\"og:type\" content=\"article\" \/>\n<meta property=\"og:title\" content=\"Vertikaler Garten Le\u00f3n 50x50 | GardenStore\" \/>\n<meta property=\"og:description\" content=\"Vertikaler Garten Le\u00f3n Dieses Modell eines k\u00fcnstlichen vertikalen Gartens besteht aus kleinen Blumen in Braunt\u00f6nen mit orangefarbenen und gr\u00fcnen Farben, perfekt, um jedem Raum Farbe zu verleihen. Ma\u00dfe: 50 cm x 50 cm. Ideal f\u00fcr die Dekoration im Innen- und Au\u00dfenbereich. Zusammensetzung des Rasters: 100 % HDPE. Zusammensetzung der synthetischen Bl\u00e4tter: 100 % HDPE. UV- und Antiverf\u00e4rbungsgarantie 5 Jahre.\" \/>\n<meta property=\"og:url\" content=\"https:\/\/www.gardenstore.es\/de\/produkt\/vertikale-garten\/50x50\/vertikaler-garten-leon-50x50\/\" \/>\n<meta property=\"og:site_name\" content=\"GardenStore\" \/>\n<meta property=\"article:modified_time\" content=\"2025-10-20T08:48:19+00:00\" \/>\n<meta property=\"og:image\" content=\"https:\/\/www.gardenstore.es\/wp-content\/uploads\/2025\/04\/JV-LEON-50X50.jpg\" \/>\n\t<meta property=\"og:image:width\" content=\"1100\" \/>\n\t<meta property=\"og:image:height\" content=\"1100\" \/>\n\t<meta property=\"og:image:type\" content=\"image\/jpeg\" \/>\n<meta name=\"twitter:card\" content=\"summary_large_image\" \/>\n<script type=\"application\/ld+json\" class=\"yoast-schema-graph\">{\"@context\":\"https:\\\/\\\/schema.org\",\"@graph\":[{\"@type\":\"WebPage\",\"@id\":\"https:\\\/\\\/www.gardenstore.es\\\/de\\\/produkt\\\/vertikale-garten\\\/50x50\\\/vertikaler-garten-leon-50x50\\\/\",\"url\":\"https:\\\/\\\/www.gardenstore.es\\\/de\\\/produkt\\\/vertikale-garten\\\/50x50\\\/vertikaler-garten-leon-50x50\\\/\",\"name\":\"Vertikaler Garten Le\u00f3n 50x50 | GardenStore\",\"isPartOf\":{\"@id\":\"https:\\\/\\\/www.gardenstore.es\\\/de\\\/#website\"},\"primaryImageOfPage\":{\"@id\":\"https:\\\/\\\/www.gardenstore.es\\\/de\\\/produkt\\\/vertikale-garten\\\/50x50\\\/vertikaler-garten-leon-50x50\\\/#primaryimage\"},\"image\":{\"@id\":\"https:\\\/\\\/www.gardenstore.es\\\/de\\\/produkt\\\/vertikale-garten\\\/50x50\\\/vertikaler-garten-leon-50x50\\\/#primaryimage\"},\"thumbnailUrl\":\"https:\\\/\\\/www.gardenstore.es\\\/wp-content\\\/uploads\\\/2025\\\/04\\\/JV-LEON-50X50.jpg\",\"datePublished\":\"2025-04-09T12:47:39+00:00\",\"dateModified\":\"2025-10-20T08:48:19+00:00\",\"breadcrumb\":{\"@id\":\"https:\\\/\\\/www.gardenstore.es\\\/de\\\/produkt\\\/vertikale-garten\\\/50x50\\\/vertikaler-garten-leon-50x50\\\/#breadcrumb\"},\"inLanguage\":\"de\",\"potentialAction\":[{\"@type\":\"ReadAction\",\"target\":[\"https:\\\/\\\/www.gardenstore.es\\\/de\\\/produkt\\\/vertikale-garten\\\/50x50\\\/vertikaler-garten-leon-50x50\\\/\"]}]},{\"@type\":\"ImageObject\",\"inLanguage\":\"de\",\"@id\":\"https:\\\/\\\/www.gardenstore.es\\\/de\\\/produkt\\\/vertikale-garten\\\/50x50\\\/vertikaler-garten-leon-50x50\\\/#primaryimage\",\"url\":\"https:\\\/\\\/www.gardenstore.es\\\/wp-content\\\/uploads\\\/2025\\\/04\\\/JV-LEON-50X50.jpg\",\"contentUrl\":\"https:\\\/\\\/www.gardenstore.es\\\/wp-content\\\/uploads\\\/2025\\\/04\\\/JV-LEON-50X50.jpg\",\"width\":1100,\"height\":1100,\"caption\":\"Vertikaler Garten Le\u00f3n 50x50\"},{\"@type\":\"BreadcrumbList\",\"@id\":\"https:\\\/\\\/www.gardenstore.es\\\/de\\\/produkt\\\/vertikale-garten\\\/50x50\\\/vertikaler-garten-leon-50x50\\\/#breadcrumb\",\"itemListElement\":[{\"@type\":\"ListItem\",\"position\":1,\"name\":\"Startseite\",\"item\":\"https:\\\/\\\/www.gardenstore.es\\\/de\\\/startseite\\\/\"},{\"@type\":\"ListItem\",\"position\":2,\"name\":\"Shop\",\"item\":\"https:\\\/\\\/www.gardenstore.es\\\/de\\\/shop\\\/\"},{\"@type\":\"ListItem\",\"position\":3,\"name\":\"Vertikale G\u00e4rten\",\"item\":\"https:\\\/\\\/www.gardenstore.es\\\/de\\\/produkt-kategorie\\\/vertikale-garten\\\/\"},{\"@type\":\"ListItem\",\"position\":4,\"name\":\"50x50\",\"item\":\"https:\\\/\\\/www.gardenstore.es\\\/de\\\/produkt-kategorie\\\/vertikale-garten\\\/50x50\\\/\"},{\"@type\":\"ListItem\",\"position\":5,\"name\":\"Vertikaler Garten Le\u00f3n 50&#215;50\"}]},{\"@type\":\"WebSite\",\"@id\":\"https:\\\/\\\/www.gardenstore.es\\\/de\\\/#website\",\"url\":\"https:\\\/\\\/www.gardenstore.es\\\/de\\\/\",\"name\":\"GardenStore | Venta e instalaci\u00f3n de C\u00e9sped Artificial\",\"description\":\"C\u00e9sped Artificial en Sevilla\",\"publisher\":{\"@id\":\"https:\\\/\\\/www.gardenstore.es\\\/de\\\/#organization\"},\"potentialAction\":[{\"@type\":\"SearchAction\",\"target\":{\"@type\":\"EntryPoint\",\"urlTemplate\":\"https:\\\/\\\/www.gardenstore.es\\\/de\\\/?s={search_term_string}\"},\"query-input\":{\"@type\":\"PropertyValueSpecification\",\"valueRequired\":true,\"valueName\":\"search_term_string\"}}],\"inLanguage\":\"de\"},{\"@type\":\"Organization\",\"@id\":\"https:\\\/\\\/www.gardenstore.es\\\/de\\\/#organization\",\"name\":\"GardenStore\",\"url\":\"https:\\\/\\\/www.gardenstore.es\\\/de\\\/\",\"logo\":{\"@type\":\"ImageObject\",\"inLanguage\":\"de\",\"@id\":\"https:\\\/\\\/www.gardenstore.es\\\/de\\\/#\\\/schema\\\/logo\\\/image\\\/\",\"url\":\"https:\\\/\\\/www.gardenstore.es\\\/wp-content\\\/uploads\\\/2025\\\/10\\\/LOGOTIPO_V1-1.svg\",\"contentUrl\":\"https:\\\/\\\/www.gardenstore.es\\\/wp-content\\\/uploads\\\/2025\\\/10\\\/LOGOTIPO_V1-1.svg\",\"width\":818,\"height\":130,\"caption\":\"GardenStore\"},\"image\":{\"@id\":\"https:\\\/\\\/www.gardenstore.es\\\/de\\\/#\\\/schema\\\/logo\\\/image\\\/\"}}]}<\/script>\n<!-- \/ Yoast SEO plugin. -->","yoast_head_json":{"title":"Vertikaler Garten Le\u00f3n 50x50 | GardenStore","robots":{"index":"index","follow":"follow","max-snippet":"max-snippet:-1","max-image-preview":"max-image-preview:large","max-video-preview":"max-video-preview:-1"},"canonical":"https:\/\/www.gardenstore.es\/de\/produkt\/vertikale-garten\/50x50\/vertikaler-garten-leon-50x50\/","og_locale":"de_DE","og_type":"article","og_title":"Vertikaler Garten Le\u00f3n 50x50 | GardenStore","og_description":"Vertikaler Garten Le\u00f3n Dieses Modell eines k\u00fcnstlichen vertikalen Gartens besteht aus kleinen Blumen in Braunt\u00f6nen mit orangefarbenen und gr\u00fcnen Farben, perfekt, um jedem Raum Farbe zu verleihen. Ma\u00dfe: 50 cm x 50 cm. Ideal f\u00fcr die Dekoration im Innen- und Au\u00dfenbereich. Zusammensetzung des Rasters: 100 % HDPE. Zusammensetzung der synthetischen Bl\u00e4tter: 100 % HDPE. UV- und Antiverf\u00e4rbungsgarantie 5 Jahre.","og_url":"https:\/\/www.gardenstore.es\/de\/produkt\/vertikale-garten\/50x50\/vertikaler-garten-leon-50x50\/","og_site_name":"GardenStore","article_modified_time":"2025-10-20T08:48:19+00:00","og_image":[{"width":1100,"height":1100,"url":"https:\/\/www.gardenstore.es\/wp-content\/uploads\/2025\/04\/JV-LEON-50X50.jpg","type":"image\/jpeg"}],"twitter_card":"summary_large_image","schema":{"@context":"https:\/\/schema.org","@graph":[{"@type":"WebPage","@id":"https:\/\/www.gardenstore.es\/de\/produkt\/vertikale-garten\/50x50\/vertikaler-garten-leon-50x50\/","url":"https:\/\/www.gardenstore.es\/de\/produkt\/vertikale-garten\/50x50\/vertikaler-garten-leon-50x50\/","name":"Vertikaler Garten Le\u00f3n 50x50 | GardenStore","isPartOf":{"@id":"https:\/\/www.gardenstore.es\/de\/#website"},"primaryImageOfPage":{"@id":"https:\/\/www.gardenstore.es\/de\/produkt\/vertikale-garten\/50x50\/vertikaler-garten-leon-50x50\/#primaryimage"},"image":{"@id":"https:\/\/www.gardenstore.es\/de\/produkt\/vertikale-garten\/50x50\/vertikaler-garten-leon-50x50\/#primaryimage"},"thumbnailUrl":"https:\/\/www.gardenstore.es\/wp-content\/uploads\/2025\/04\/JV-LEON-50X50.jpg","datePublished":"2025-04-09T12:47:39+00:00","dateModified":"2025-10-20T08:48:19+00:00","breadcrumb":{"@id":"https:\/\/www.gardenstore.es\/de\/produkt\/vertikale-garten\/50x50\/vertikaler-garten-leon-50x50\/#breadcrumb"},"inLanguage":"de","potentialAction":[{"@type":"ReadAction","target":["https:\/\/www.gardenstore.es\/de\/produkt\/vertikale-garten\/50x50\/vertikaler-garten-leon-50x50\/"]}]},{"@type":"ImageObject","inLanguage":"de","@id":"https:\/\/www.gardenstore.es\/de\/produkt\/vertikale-garten\/50x50\/vertikaler-garten-leon-50x50\/#primaryimage","url":"https:\/\/www.gardenstore.es\/wp-content\/uploads\/2025\/04\/JV-LEON-50X50.jpg","contentUrl":"https:\/\/www.gardenstore.es\/wp-content\/uploads\/2025\/04\/JV-LEON-50X50.jpg","width":1100,"height":1100,"caption":"Vertikaler Garten Le\u00f3n 50x50"},{"@type":"BreadcrumbList","@id":"https:\/\/www.gardenstore.es\/de\/produkt\/vertikale-garten\/50x50\/vertikaler-garten-leon-50x50\/#breadcrumb","itemListElement":[{"@type":"ListItem","position":1,"name":"Startseite","item":"https:\/\/www.gardenstore.es\/de\/startseite\/"},{"@type":"ListItem","position":2,"name":"Shop","item":"https:\/\/www.gardenstore.es\/de\/shop\/"},{"@type":"ListItem","position":3,"name":"Vertikale G\u00e4rten","item":"https:\/\/www.gardenstore.es\/de\/produkt-kategorie\/vertikale-garten\/"},{"@type":"ListItem","position":4,"name":"50x50","item":"https:\/\/www.gardenstore.es\/de\/produkt-kategorie\/vertikale-garten\/50x50\/"},{"@type":"ListItem","position":5,"name":"Vertikaler Garten Le\u00f3n 50&#215;50"}]},{"@type":"WebSite","@id":"https:\/\/www.gardenstore.es\/de\/#website","url":"https:\/\/www.gardenstore.es\/de\/","name":"GardenStore | Venta e instalaci\u00f3n de C\u00e9sped Artificial","description":"C\u00e9sped Artificial en Sevilla","publisher":{"@id":"https:\/\/www.gardenstore.es\/de\/#organization"},"potentialAction":[{"@type":"SearchAction","target":{"@type":"EntryPoint","urlTemplate":"https:\/\/www.gardenstore.es\/de\/?s={search_term_string}"},"query-input":{"@type":"PropertyValueSpecification","valueRequired":true,"valueName":"search_term_string"}}],"inLanguage":"de"},{"@type":"Organization","@id":"https:\/\/www.gardenstore.es\/de\/#organization","name":"GardenStore","url":"https:\/\/www.gardenstore.es\/de\/","logo":{"@type":"ImageObject","inLanguage":"de","@id":"https:\/\/www.gardenstore.es\/de\/#\/schema\/logo\/image\/","url":"https:\/\/www.gardenstore.es\/wp-content\/uploads\/2025\/10\/LOGOTIPO_V1-1.svg","contentUrl":"https:\/\/www.gardenstore.es\/wp-content\/uploads\/2025\/10\/LOGOTIPO_V1-1.svg","width":818,"height":130,"caption":"GardenStore"},"image":{"@id":"https:\/\/www.gardenstore.es\/de\/#\/schema\/logo\/image\/"}}]}},"_links":{"self":[{"href":"https:\/\/www.gardenstore.es\/de\/wp-json\/wp\/v2\/product\/13144","targetHints":{"allow":["GET"]}}],"collection":[{"href":"https:\/\/www.gardenstore.es\/de\/wp-json\/wp\/v2\/product"}],"about":[{"href":"https:\/\/www.gardenstore.es\/de\/wp-json\/wp\/v2\/types\/product"}],"replies":[{"embeddable":true,"href":"https:\/\/www.gardenstore.es\/de\/wp-json\/wp\/v2\/comments?post=13144"}],"wp:featuredmedia":[{"embeddable":true,"href":"https:\/\/www.gardenstore.es\/de\/wp-json\/wp\/v2\/media\/13146"}],"wp:attachment":[{"href":"https:\/\/www.gardenstore.es\/de\/wp-json\/wp\/v2\/media?parent=13144"}],"wp:term":[{"taxonomy":"product_brand","embeddable":true,"href":"https:\/\/www.gardenstore.es\/de\/wp-json\/wp\/v2\/product_brand?post=13144"},{"taxonomy":"product_cat","embeddable":true,"href":"https:\/\/www.gardenstore.es\/de\/wp-json\/wp\/v2\/product_cat?post=13144"},{"taxonomy":"product_tag","embeddable":true,"href":"https:\/\/www.gardenstore.es\/de\/wp-json\/wp\/v2\/product_tag?post=13144"}],"curies":[{"name":"wp","href":"https:\/\/api.w.org\/{rel}","templated":true}]}}