{"id":12978,"date":"2025-04-09T14:48:36","date_gmt":"2025-04-09T12:48:36","guid":{"rendered":"https:\/\/www.gardenstore.es\/producto\/unkategorisiert\/vertikaler-garten-circ-vegetation-schwarz-100\/"},"modified":"2025-10-20T10:33:50","modified_gmt":"2025-10-20T08:33:50","slug":"vertikaler-garten-circ-vegetation-schwarz-100","status":"publish","type":"product","link":"https:\/\/www.gardenstore.es\/de\/produkt\/vertikale-garten\/100x100\/vertikaler-garten-circ-vegetation-schwarz-100\/","title":{"rendered":"Vertikaler Garten Circ. Vegetation Schwarz 100"},"content":{"rendered":"","protected":false},"excerpt":{"rendered":"<p>Vertikaler Garten, kreisf\u00f6rmiger Rahmen, schwarz<\/p>\n<p>Das Modell Circular Marco Negro zeichnet sich durch sein originelles und zeitgem\u00e4\u00dfes Design aus. Mit einem runden Metallrahmen in Schwarz pr\u00e4sentiert dieser vertikale Garten eine Kombination aus verschiedenen Pflanzen und Gartenarten, die einen harmonischen und lebendigen Effekt erzeugen. Seine Kreisform und seine Metallstruktur verleihen ihm einen modernen Touch, perfekt f\u00fcr alle, die ein einzigartiges Design suchen, das sich an jeden Raum anpasst.  <\/p>\n<p>Ideal f\u00fcr alle, die den Trend der vertikalen G\u00e4rten in einem innovativen und eleganten Format aufgreifen m\u00f6chten. Dieses Modell ist perfekt, um jeder Umgebung eine besondere Note zu verleihen.<\/p>\n<p>Ma\u00dfe 100 cm.<br \/>\nIdeal f\u00fcr die Dekoration im Innen- und Au\u00dfenbereich.<br \/>\nZusammensetzung des Rasters: 100% HDPE.<br \/>\nZusammensetzung der synthetischen Bl\u00e4tter: 100% HDPE.<br \/>\nUV- und Antiverf\u00e4rbungsgarantie 5 Jahre.<\/p>\n","protected":false},"featured_media":12980,"comment_status":"open","ping_status":"closed","template":"","meta":{"_acf_changed":false},"product_brand":[],"product_cat":[310,289],"product_tag":[],"class_list":{"0":"post-12978","1":"product","2":"type-product","3":"status-publish","4":"has-post-thumbnail","6":"product_cat-100x100","7":"product_cat-vertikale-garten","8":"","9":"woocommerce-text-align-left","10":"woocommerce-image-align-center","11":"do-quantity-buttons","13":"first","14":"instock","15":"product-type-simple"},"acf":{"altura":"","confort":"","recuperacion":"","suavidad":"","resistencia":"","ficha_de_producto":"","tipo_fibra_hilo":"","composicion_fibra_hilo":"","dtex":"","peso_hilo":"","seccion":"","altura_hilo":"","galga":"","puntadas_10cm":"","puntadas_m2":"","tipo_backing":"","composicion_backing":"","tipo_acabado":"","composicion_acabado":"","peso_backing":"","hilo_recto_numero":"","hilo_recto_colores":"","hilo_rizado_numero":"","hilo_rizado_colores":"","peso_total":"","dimensiones_rollo":"","drenaje":"","filamentos":""},"gallery_images":[10406,10407,10408],"yoast_head":"<!-- This site is optimized with the Yoast SEO plugin v27.4 - https:\/\/yoast.com\/product\/yoast-seo-wordpress\/ -->\n<title>Vertikaler Garten Circ. Vegetation Schwarz 100 | GardenStore<\/title>\n<meta name=\"robots\" content=\"index, follow, max-snippet:-1, max-image-preview:large, max-video-preview:-1\" \/>\n<link rel=\"canonical\" href=\"https:\/\/www.gardenstore.es\/de\/produkt\/vertikale-garten\/100x100\/vertikaler-garten-circ-vegetation-schwarz-100\/\" \/>\n<meta property=\"og:locale\" content=\"de_DE\" \/>\n<meta property=\"og:type\" content=\"article\" \/>\n<meta property=\"og:title\" content=\"Vertikaler Garten Circ. Vegetation Schwarz 100 | GardenStore\" \/>\n<meta property=\"og:description\" content=\"Vertikaler Garten, kreisf\u00f6rmiger Rahmen, schwarz Das Modell Circular Marco Negro zeichnet sich durch sein originelles und zeitgem\u00e4\u00dfes Design aus. Mit einem runden Metallrahmen in Schwarz pr\u00e4sentiert dieser vertikale Garten eine Kombination aus verschiedenen Pflanzen und Gartenarten, die einen harmonischen und lebendigen Effekt erzeugen. Seine Kreisform und seine Metallstruktur verleihen ihm einen modernen Touch, perfekt f\u00fcr alle, die ein einzigartiges Design suchen, das sich an jeden Raum anpasst.  Ideal f\u00fcr alle, die den Trend der vertikalen G\u00e4rten in einem innovativen und eleganten Format aufgreifen m\u00f6chten. Dieses Modell ist perfekt, um jeder Umgebung eine besondere Note zu verleihen. Ma\u00dfe 100 cm. Ideal f\u00fcr die Dekoration im Innen- und Au\u00dfenbereich. Zusammensetzung des Rasters: 100% HDPE. Zusammensetzung der synthetischen Bl\u00e4tter: 100% HDPE. UV- und Antiverf\u00e4rbungsgarantie 5 Jahre.\" \/>\n<meta property=\"og:url\" content=\"https:\/\/www.gardenstore.es\/de\/produkt\/vertikale-garten\/100x100\/vertikaler-garten-circ-vegetation-schwarz-100\/\" \/>\n<meta property=\"og:site_name\" content=\"GardenStore\" \/>\n<meta property=\"article:modified_time\" content=\"2025-10-20T08:33:50+00:00\" \/>\n<meta property=\"og:image\" content=\"https:\/\/www.gardenstore.es\/wp-content\/uploads\/2025\/04\/JV-CIRCULO-NEGRO_100_1.jpg\" \/>\n\t<meta property=\"og:image:width\" content=\"750\" \/>\n\t<meta property=\"og:image:height\" content=\"750\" \/>\n\t<meta property=\"og:image:type\" content=\"image\/jpeg\" \/>\n<meta name=\"twitter:card\" content=\"summary_large_image\" \/>\n<script type=\"application\/ld+json\" class=\"yoast-schema-graph\">{\"@context\":\"https:\\\/\\\/schema.org\",\"@graph\":[{\"@type\":\"WebPage\",\"@id\":\"https:\\\/\\\/www.gardenstore.es\\\/de\\\/produkt\\\/vertikale-garten\\\/100x100\\\/vertikaler-garten-circ-vegetation-schwarz-100\\\/\",\"url\":\"https:\\\/\\\/www.gardenstore.es\\\/de\\\/produkt\\\/vertikale-garten\\\/100x100\\\/vertikaler-garten-circ-vegetation-schwarz-100\\\/\",\"name\":\"Vertikaler Garten Circ. Vegetation Schwarz 100 | GardenStore\",\"isPartOf\":{\"@id\":\"https:\\\/\\\/www.gardenstore.es\\\/de\\\/#website\"},\"primaryImageOfPage\":{\"@id\":\"https:\\\/\\\/www.gardenstore.es\\\/de\\\/produkt\\\/vertikale-garten\\\/100x100\\\/vertikaler-garten-circ-vegetation-schwarz-100\\\/#primaryimage\"},\"image\":{\"@id\":\"https:\\\/\\\/www.gardenstore.es\\\/de\\\/produkt\\\/vertikale-garten\\\/100x100\\\/vertikaler-garten-circ-vegetation-schwarz-100\\\/#primaryimage\"},\"thumbnailUrl\":\"https:\\\/\\\/www.gardenstore.es\\\/wp-content\\\/uploads\\\/2025\\\/04\\\/JV-CIRCULO-NEGRO_100_1.jpg\",\"datePublished\":\"2025-04-09T12:48:36+00:00\",\"dateModified\":\"2025-10-20T08:33:50+00:00\",\"breadcrumb\":{\"@id\":\"https:\\\/\\\/www.gardenstore.es\\\/de\\\/produkt\\\/vertikale-garten\\\/100x100\\\/vertikaler-garten-circ-vegetation-schwarz-100\\\/#breadcrumb\"},\"inLanguage\":\"de\",\"potentialAction\":[{\"@type\":\"ReadAction\",\"target\":[\"https:\\\/\\\/www.gardenstore.es\\\/de\\\/produkt\\\/vertikale-garten\\\/100x100\\\/vertikaler-garten-circ-vegetation-schwarz-100\\\/\"]}]},{\"@type\":\"ImageObject\",\"inLanguage\":\"de\",\"@id\":\"https:\\\/\\\/www.gardenstore.es\\\/de\\\/produkt\\\/vertikale-garten\\\/100x100\\\/vertikaler-garten-circ-vegetation-schwarz-100\\\/#primaryimage\",\"url\":\"https:\\\/\\\/www.gardenstore.es\\\/wp-content\\\/uploads\\\/2025\\\/04\\\/JV-CIRCULO-NEGRO_100_1.jpg\",\"contentUrl\":\"https:\\\/\\\/www.gardenstore.es\\\/wp-content\\\/uploads\\\/2025\\\/04\\\/JV-CIRCULO-NEGRO_100_1.jpg\",\"width\":750,\"height\":750,\"caption\":\"Vertikaler Garten Kreis Gold\"},{\"@type\":\"BreadcrumbList\",\"@id\":\"https:\\\/\\\/www.gardenstore.es\\\/de\\\/produkt\\\/vertikale-garten\\\/100x100\\\/vertikaler-garten-circ-vegetation-schwarz-100\\\/#breadcrumb\",\"itemListElement\":[{\"@type\":\"ListItem\",\"position\":1,\"name\":\"Startseite\",\"item\":\"https:\\\/\\\/www.gardenstore.es\\\/de\\\/startseite\\\/\"},{\"@type\":\"ListItem\",\"position\":2,\"name\":\"Shop\",\"item\":\"https:\\\/\\\/www.gardenstore.es\\\/de\\\/shop\\\/\"},{\"@type\":\"ListItem\",\"position\":3,\"name\":\"Vertikale G\u00e4rten\",\"item\":\"https:\\\/\\\/www.gardenstore.es\\\/de\\\/produkt-kategorie\\\/vertikale-garten\\\/\"},{\"@type\":\"ListItem\",\"position\":4,\"name\":\"100x100\",\"item\":\"https:\\\/\\\/www.gardenstore.es\\\/de\\\/produkt-kategorie\\\/vertikale-garten\\\/100x100\\\/\"},{\"@type\":\"ListItem\",\"position\":5,\"name\":\"Vertikaler Garten Circ. Vegetation Schwarz 100\"}]},{\"@type\":\"WebSite\",\"@id\":\"https:\\\/\\\/www.gardenstore.es\\\/de\\\/#website\",\"url\":\"https:\\\/\\\/www.gardenstore.es\\\/de\\\/\",\"name\":\"GardenStore | Venta e instalaci\u00f3n de C\u00e9sped Artificial\",\"description\":\"C\u00e9sped Artificial en Sevilla\",\"publisher\":{\"@id\":\"https:\\\/\\\/www.gardenstore.es\\\/de\\\/#organization\"},\"potentialAction\":[{\"@type\":\"SearchAction\",\"target\":{\"@type\":\"EntryPoint\",\"urlTemplate\":\"https:\\\/\\\/www.gardenstore.es\\\/de\\\/?s={search_term_string}\"},\"query-input\":{\"@type\":\"PropertyValueSpecification\",\"valueRequired\":true,\"valueName\":\"search_term_string\"}}],\"inLanguage\":\"de\"},{\"@type\":\"Organization\",\"@id\":\"https:\\\/\\\/www.gardenstore.es\\\/de\\\/#organization\",\"name\":\"GardenStore\",\"url\":\"https:\\\/\\\/www.gardenstore.es\\\/de\\\/\",\"logo\":{\"@type\":\"ImageObject\",\"inLanguage\":\"de\",\"@id\":\"https:\\\/\\\/www.gardenstore.es\\\/de\\\/#\\\/schema\\\/logo\\\/image\\\/\",\"url\":\"https:\\\/\\\/www.gardenstore.es\\\/wp-content\\\/uploads\\\/2025\\\/10\\\/LOGOTIPO_V1-1.svg\",\"contentUrl\":\"https:\\\/\\\/www.gardenstore.es\\\/wp-content\\\/uploads\\\/2025\\\/10\\\/LOGOTIPO_V1-1.svg\",\"width\":818,\"height\":130,\"caption\":\"GardenStore\"},\"image\":{\"@id\":\"https:\\\/\\\/www.gardenstore.es\\\/de\\\/#\\\/schema\\\/logo\\\/image\\\/\"}}]}<\/script>\n<!-- \/ Yoast SEO plugin. -->","yoast_head_json":{"title":"Vertikaler Garten Circ. Vegetation Schwarz 100 | GardenStore","robots":{"index":"index","follow":"follow","max-snippet":"max-snippet:-1","max-image-preview":"max-image-preview:large","max-video-preview":"max-video-preview:-1"},"canonical":"https:\/\/www.gardenstore.es\/de\/produkt\/vertikale-garten\/100x100\/vertikaler-garten-circ-vegetation-schwarz-100\/","og_locale":"de_DE","og_type":"article","og_title":"Vertikaler Garten Circ. Vegetation Schwarz 100 | GardenStore","og_description":"Vertikaler Garten, kreisf\u00f6rmiger Rahmen, schwarz Das Modell Circular Marco Negro zeichnet sich durch sein originelles und zeitgem\u00e4\u00dfes Design aus. Mit einem runden Metallrahmen in Schwarz pr\u00e4sentiert dieser vertikale Garten eine Kombination aus verschiedenen Pflanzen und Gartenarten, die einen harmonischen und lebendigen Effekt erzeugen. Seine Kreisform und seine Metallstruktur verleihen ihm einen modernen Touch, perfekt f\u00fcr alle, die ein einzigartiges Design suchen, das sich an jeden Raum anpasst.  Ideal f\u00fcr alle, die den Trend der vertikalen G\u00e4rten in einem innovativen und eleganten Format aufgreifen m\u00f6chten. Dieses Modell ist perfekt, um jeder Umgebung eine besondere Note zu verleihen. Ma\u00dfe 100 cm. Ideal f\u00fcr die Dekoration im Innen- und Au\u00dfenbereich. Zusammensetzung des Rasters: 100% HDPE. Zusammensetzung der synthetischen Bl\u00e4tter: 100% HDPE. UV- und Antiverf\u00e4rbungsgarantie 5 Jahre.","og_url":"https:\/\/www.gardenstore.es\/de\/produkt\/vertikale-garten\/100x100\/vertikaler-garten-circ-vegetation-schwarz-100\/","og_site_name":"GardenStore","article_modified_time":"2025-10-20T08:33:50+00:00","og_image":[{"width":750,"height":750,"url":"https:\/\/www.gardenstore.es\/wp-content\/uploads\/2025\/04\/JV-CIRCULO-NEGRO_100_1.jpg","type":"image\/jpeg"}],"twitter_card":"summary_large_image","schema":{"@context":"https:\/\/schema.org","@graph":[{"@type":"WebPage","@id":"https:\/\/www.gardenstore.es\/de\/produkt\/vertikale-garten\/100x100\/vertikaler-garten-circ-vegetation-schwarz-100\/","url":"https:\/\/www.gardenstore.es\/de\/produkt\/vertikale-garten\/100x100\/vertikaler-garten-circ-vegetation-schwarz-100\/","name":"Vertikaler Garten Circ. Vegetation Schwarz 100 | GardenStore","isPartOf":{"@id":"https:\/\/www.gardenstore.es\/de\/#website"},"primaryImageOfPage":{"@id":"https:\/\/www.gardenstore.es\/de\/produkt\/vertikale-garten\/100x100\/vertikaler-garten-circ-vegetation-schwarz-100\/#primaryimage"},"image":{"@id":"https:\/\/www.gardenstore.es\/de\/produkt\/vertikale-garten\/100x100\/vertikaler-garten-circ-vegetation-schwarz-100\/#primaryimage"},"thumbnailUrl":"https:\/\/www.gardenstore.es\/wp-content\/uploads\/2025\/04\/JV-CIRCULO-NEGRO_100_1.jpg","datePublished":"2025-04-09T12:48:36+00:00","dateModified":"2025-10-20T08:33:50+00:00","breadcrumb":{"@id":"https:\/\/www.gardenstore.es\/de\/produkt\/vertikale-garten\/100x100\/vertikaler-garten-circ-vegetation-schwarz-100\/#breadcrumb"},"inLanguage":"de","potentialAction":[{"@type":"ReadAction","target":["https:\/\/www.gardenstore.es\/de\/produkt\/vertikale-garten\/100x100\/vertikaler-garten-circ-vegetation-schwarz-100\/"]}]},{"@type":"ImageObject","inLanguage":"de","@id":"https:\/\/www.gardenstore.es\/de\/produkt\/vertikale-garten\/100x100\/vertikaler-garten-circ-vegetation-schwarz-100\/#primaryimage","url":"https:\/\/www.gardenstore.es\/wp-content\/uploads\/2025\/04\/JV-CIRCULO-NEGRO_100_1.jpg","contentUrl":"https:\/\/www.gardenstore.es\/wp-content\/uploads\/2025\/04\/JV-CIRCULO-NEGRO_100_1.jpg","width":750,"height":750,"caption":"Vertikaler Garten Kreis Gold"},{"@type":"BreadcrumbList","@id":"https:\/\/www.gardenstore.es\/de\/produkt\/vertikale-garten\/100x100\/vertikaler-garten-circ-vegetation-schwarz-100\/#breadcrumb","itemListElement":[{"@type":"ListItem","position":1,"name":"Startseite","item":"https:\/\/www.gardenstore.es\/de\/startseite\/"},{"@type":"ListItem","position":2,"name":"Shop","item":"https:\/\/www.gardenstore.es\/de\/shop\/"},{"@type":"ListItem","position":3,"name":"Vertikale G\u00e4rten","item":"https:\/\/www.gardenstore.es\/de\/produkt-kategorie\/vertikale-garten\/"},{"@type":"ListItem","position":4,"name":"100x100","item":"https:\/\/www.gardenstore.es\/de\/produkt-kategorie\/vertikale-garten\/100x100\/"},{"@type":"ListItem","position":5,"name":"Vertikaler Garten Circ. Vegetation Schwarz 100"}]},{"@type":"WebSite","@id":"https:\/\/www.gardenstore.es\/de\/#website","url":"https:\/\/www.gardenstore.es\/de\/","name":"GardenStore | Venta e instalaci\u00f3n de C\u00e9sped Artificial","description":"C\u00e9sped Artificial en Sevilla","publisher":{"@id":"https:\/\/www.gardenstore.es\/de\/#organization"},"potentialAction":[{"@type":"SearchAction","target":{"@type":"EntryPoint","urlTemplate":"https:\/\/www.gardenstore.es\/de\/?s={search_term_string}"},"query-input":{"@type":"PropertyValueSpecification","valueRequired":true,"valueName":"search_term_string"}}],"inLanguage":"de"},{"@type":"Organization","@id":"https:\/\/www.gardenstore.es\/de\/#organization","name":"GardenStore","url":"https:\/\/www.gardenstore.es\/de\/","logo":{"@type":"ImageObject","inLanguage":"de","@id":"https:\/\/www.gardenstore.es\/de\/#\/schema\/logo\/image\/","url":"https:\/\/www.gardenstore.es\/wp-content\/uploads\/2025\/10\/LOGOTIPO_V1-1.svg","contentUrl":"https:\/\/www.gardenstore.es\/wp-content\/uploads\/2025\/10\/LOGOTIPO_V1-1.svg","width":818,"height":130,"caption":"GardenStore"},"image":{"@id":"https:\/\/www.gardenstore.es\/de\/#\/schema\/logo\/image\/"}}]}},"_links":{"self":[{"href":"https:\/\/www.gardenstore.es\/de\/wp-json\/wp\/v2\/product\/12978","targetHints":{"allow":["GET"]}}],"collection":[{"href":"https:\/\/www.gardenstore.es\/de\/wp-json\/wp\/v2\/product"}],"about":[{"href":"https:\/\/www.gardenstore.es\/de\/wp-json\/wp\/v2\/types\/product"}],"replies":[{"embeddable":true,"href":"https:\/\/www.gardenstore.es\/de\/wp-json\/wp\/v2\/comments?post=12978"}],"wp:featuredmedia":[{"embeddable":true,"href":"https:\/\/www.gardenstore.es\/de\/wp-json\/wp\/v2\/media\/12980"}],"wp:attachment":[{"href":"https:\/\/www.gardenstore.es\/de\/wp-json\/wp\/v2\/media?parent=12978"}],"wp:term":[{"taxonomy":"product_brand","embeddable":true,"href":"https:\/\/www.gardenstore.es\/de\/wp-json\/wp\/v2\/product_brand?post=12978"},{"taxonomy":"product_cat","embeddable":true,"href":"https:\/\/www.gardenstore.es\/de\/wp-json\/wp\/v2\/product_cat?post=12978"},{"taxonomy":"product_tag","embeddable":true,"href":"https:\/\/www.gardenstore.es\/de\/wp-json\/wp\/v2\/product_tag?post=12978"}],"curies":[{"name":"wp","href":"https:\/\/api.w.org\/{rel}","templated":true}]}}