{"id":12882,"date":"2025-08-01T10:23:19","date_gmt":"2025-08-01T08:23:19","guid":{"rendered":"https:\/\/www.gardenstore.es\/producto\/unkategorisiert\/kunstrasen-antistatic-grass-25\/"},"modified":"2025-10-20T10:33:27","modified_gmt":"2025-10-20T08:33:27","slug":"kunstrasen-antistatic-grass-25","status":"publish","type":"product","link":"https:\/\/www.gardenstore.es\/de\/produkt\/kunstrasen\/dekorativ\/offentliche-bereiche\/kunstrasen-antistatic-grass-25\/","title":{"rendered":"Kunstrasen Antistatic Grass 25"},"content":{"rendered":"","protected":false},"excerpt":{"rendered":"<p>Kunstrasen mit <strong>antistatischen<\/strong> Eigenschaften, der sich dank seiner technischen Zusammensetzung besonders f\u00fcr Bereiche eignet, in denen sich leicht elektrostatische Aufladungen bilden.<\/p>\n","protected":false},"featured_media":12888,"comment_status":"closed","ping_status":"closed","template":"","meta":{"_acf_changed":false},"product_brand":[],"product_cat":[270,279,280,330,251,277],"product_tag":[],"class_list":{"0":"post-12882","1":"product","2":"type-product","3":"status-publish","4":"has-post-thumbnail","6":"product_cat-dekorativ","7":"product_cat-garten-und-terrassen","8":"product_cat-haustiere","9":"product_cat-kinderspielplatze","10":"product_cat-kunstrasen","11":"product_cat-offentliche-bereiche","12":"","13":"woocommerce-text-align-left","14":"woocommerce-image-align-center","15":"do-quantity-buttons","17":"first","18":"instock","19":"product-type-simple"},"acf":{"altura":25,"confort":4,"recuperacion":5,"suavidad":4,"resistencia":4,"ficha_de_producto":16342,"tipo_fibra_hilo":"Texturiertes Monofilament","composicion_fibra_hilo":"Polyethylen (PE) ","dtex":"","peso_hilo":"1.045 gr\/m\u00b2 (\u00b110%)","seccion":"","altura_hilo":"25 mm (\u00b15%)","galga":"","puntadas_10cm":"180 Stiche\/m (\u00b110 %)","puntadas_m2":"18.900 Stiche\/m\u00b2 (\u00b110 %)","tipo_backing":"Doppelte Unterseite","composicion_backing":"Polypropylen (PP)","tipo_acabado":"Schaber-Applikation","composicion_acabado":"Latex","peso_backing":"825 gr\/m\u00b2 (\u00b110%)","hilo_recto_numero":"10","hilo_recto_colores":"Verde musgo y verde oliva","hilo_rizado_numero":"8","hilo_rizado_colores":"Moosgr\u00fcn und Goldbeige","peso_total":"1.870 gr\/m\u00b2 (\u00b110%)","dimensiones_rollo":"25 X 2","drenaje":"","filamentos":""},"gallery_images":[12884,12885,12883,12886,12887],"yoast_head":"<!-- This site is optimized with the Yoast SEO plugin v27.4 - https:\/\/yoast.com\/product\/yoast-seo-wordpress\/ -->\n<title>Kunstrasen Antistatic Grass 25 | GardenStore<\/title>\n<meta name=\"description\" content=\"Kunstrasen mit antistatischen Eigenschaften, dank seiner technischen Zusammensetzung besonders geeignet f\u00fcr Bereiche mit elektrostatischer Aufladung.\" \/>\n<meta name=\"robots\" content=\"index, follow, max-snippet:-1, max-image-preview:large, max-video-preview:-1\" \/>\n<link rel=\"canonical\" href=\"https:\/\/www.gardenstore.es\/de\/produkt\/kunstrasen\/dekorativ\/offentliche-bereiche\/kunstrasen-antistatic-grass-25\/\" \/>\n<meta property=\"og:locale\" content=\"de_DE\" \/>\n<meta property=\"og:type\" content=\"article\" \/>\n<meta property=\"og:title\" content=\"Kunstrasen Antistatic Grass 25 | GardenStore\" \/>\n<meta property=\"og:description\" content=\"Kunstrasen mit antistatischen Eigenschaften, dank seiner technischen Zusammensetzung besonders geeignet f\u00fcr Bereiche mit elektrostatischer Aufladung.\" \/>\n<meta property=\"og:url\" content=\"https:\/\/www.gardenstore.es\/de\/produkt\/kunstrasen\/dekorativ\/offentliche-bereiche\/kunstrasen-antistatic-grass-25\/\" \/>\n<meta property=\"og:site_name\" content=\"GardenStore\" \/>\n<meta property=\"article:modified_time\" content=\"2025-10-20T08:33:27+00:00\" \/>\n<meta property=\"og:image\" content=\"https:\/\/www.gardenstore.es\/wp-content\/uploads\/2025\/08\/GS-ANTIESTATICGRASS25-FRONTAL-web.jpg\" \/>\n\t<meta property=\"og:image:width\" content=\"1457\" \/>\n\t<meta property=\"og:image:height\" content=\"971\" \/>\n\t<meta property=\"og:image:type\" content=\"image\/jpeg\" \/>\n<meta name=\"twitter:card\" content=\"summary_large_image\" \/>\n<script type=\"application\/ld+json\" class=\"yoast-schema-graph\">{\"@context\":\"https:\\\/\\\/schema.org\",\"@graph\":[{\"@type\":\"WebPage\",\"@id\":\"https:\\\/\\\/www.gardenstore.es\\\/de\\\/produkt\\\/kunstrasen\\\/dekorativ\\\/offentliche-bereiche\\\/kunstrasen-antistatic-grass-25\\\/\",\"url\":\"https:\\\/\\\/www.gardenstore.es\\\/de\\\/produkt\\\/kunstrasen\\\/dekorativ\\\/offentliche-bereiche\\\/kunstrasen-antistatic-grass-25\\\/\",\"name\":\"Kunstrasen Antistatic Grass 25 | GardenStore\",\"isPartOf\":{\"@id\":\"https:\\\/\\\/www.gardenstore.es\\\/de\\\/#website\"},\"primaryImageOfPage\":{\"@id\":\"https:\\\/\\\/www.gardenstore.es\\\/de\\\/produkt\\\/kunstrasen\\\/dekorativ\\\/offentliche-bereiche\\\/kunstrasen-antistatic-grass-25\\\/#primaryimage\"},\"image\":{\"@id\":\"https:\\\/\\\/www.gardenstore.es\\\/de\\\/produkt\\\/kunstrasen\\\/dekorativ\\\/offentliche-bereiche\\\/kunstrasen-antistatic-grass-25\\\/#primaryimage\"},\"thumbnailUrl\":\"https:\\\/\\\/www.gardenstore.es\\\/wp-content\\\/uploads\\\/2025\\\/08\\\/GS-ANTIESTATICGRASS25-FRONTAL-web.jpg\",\"datePublished\":\"2025-08-01T08:23:19+00:00\",\"dateModified\":\"2025-10-20T08:33:27+00:00\",\"description\":\"Kunstrasen mit antistatischen Eigenschaften, dank seiner technischen Zusammensetzung besonders geeignet f\u00fcr Bereiche mit elektrostatischer Aufladung.\",\"breadcrumb\":{\"@id\":\"https:\\\/\\\/www.gardenstore.es\\\/de\\\/produkt\\\/kunstrasen\\\/dekorativ\\\/offentliche-bereiche\\\/kunstrasen-antistatic-grass-25\\\/#breadcrumb\"},\"inLanguage\":\"de\",\"potentialAction\":[{\"@type\":\"ReadAction\",\"target\":[\"https:\\\/\\\/www.gardenstore.es\\\/de\\\/produkt\\\/kunstrasen\\\/dekorativ\\\/offentliche-bereiche\\\/kunstrasen-antistatic-grass-25\\\/\"]}]},{\"@type\":\"ImageObject\",\"inLanguage\":\"de\",\"@id\":\"https:\\\/\\\/www.gardenstore.es\\\/de\\\/produkt\\\/kunstrasen\\\/dekorativ\\\/offentliche-bereiche\\\/kunstrasen-antistatic-grass-25\\\/#primaryimage\",\"url\":\"https:\\\/\\\/www.gardenstore.es\\\/wp-content\\\/uploads\\\/2025\\\/08\\\/GS-ANTIESTATICGRASS25-FRONTAL-web.jpg\",\"contentUrl\":\"https:\\\/\\\/www.gardenstore.es\\\/wp-content\\\/uploads\\\/2025\\\/08\\\/GS-ANTIESTATICGRASS25-FRONTAL-web.jpg\",\"width\":1457,\"height\":971},{\"@type\":\"BreadcrumbList\",\"@id\":\"https:\\\/\\\/www.gardenstore.es\\\/de\\\/produkt\\\/kunstrasen\\\/dekorativ\\\/offentliche-bereiche\\\/kunstrasen-antistatic-grass-25\\\/#breadcrumb\",\"itemListElement\":[{\"@type\":\"ListItem\",\"position\":1,\"name\":\"Startseite\",\"item\":\"https:\\\/\\\/www.gardenstore.es\\\/de\\\/startseite\\\/\"},{\"@type\":\"ListItem\",\"position\":2,\"name\":\"Shop\",\"item\":\"https:\\\/\\\/www.gardenstore.es\\\/de\\\/shop\\\/\"},{\"@type\":\"ListItem\",\"position\":3,\"name\":\"Kunstrasen\",\"item\":\"https:\\\/\\\/www.gardenstore.es\\\/de\\\/produkt-kategorie\\\/kunstrasen\\\/\"},{\"@type\":\"ListItem\",\"position\":4,\"name\":\"Kunstrasen Antistatic Grass 25\"}]},{\"@type\":\"WebSite\",\"@id\":\"https:\\\/\\\/www.gardenstore.es\\\/de\\\/#website\",\"url\":\"https:\\\/\\\/www.gardenstore.es\\\/de\\\/\",\"name\":\"GardenStore | Venta e instalaci\u00f3n de C\u00e9sped Artificial\",\"description\":\"C\u00e9sped Artificial en Sevilla\",\"publisher\":{\"@id\":\"https:\\\/\\\/www.gardenstore.es\\\/de\\\/#organization\"},\"potentialAction\":[{\"@type\":\"SearchAction\",\"target\":{\"@type\":\"EntryPoint\",\"urlTemplate\":\"https:\\\/\\\/www.gardenstore.es\\\/de\\\/?s={search_term_string}\"},\"query-input\":{\"@type\":\"PropertyValueSpecification\",\"valueRequired\":true,\"valueName\":\"search_term_string\"}}],\"inLanguage\":\"de\"},{\"@type\":\"Organization\",\"@id\":\"https:\\\/\\\/www.gardenstore.es\\\/de\\\/#organization\",\"name\":\"GardenStore\",\"url\":\"https:\\\/\\\/www.gardenstore.es\\\/de\\\/\",\"logo\":{\"@type\":\"ImageObject\",\"inLanguage\":\"de\",\"@id\":\"https:\\\/\\\/www.gardenstore.es\\\/de\\\/#\\\/schema\\\/logo\\\/image\\\/\",\"url\":\"https:\\\/\\\/www.gardenstore.es\\\/wp-content\\\/uploads\\\/2025\\\/10\\\/LOGOTIPO_V1-1.svg\",\"contentUrl\":\"https:\\\/\\\/www.gardenstore.es\\\/wp-content\\\/uploads\\\/2025\\\/10\\\/LOGOTIPO_V1-1.svg\",\"width\":818,\"height\":130,\"caption\":\"GardenStore\"},\"image\":{\"@id\":\"https:\\\/\\\/www.gardenstore.es\\\/de\\\/#\\\/schema\\\/logo\\\/image\\\/\"}}]}<\/script>\n<!-- \/ Yoast SEO plugin. -->","yoast_head_json":{"title":"Kunstrasen Antistatic Grass 25 | GardenStore","description":"Kunstrasen mit antistatischen Eigenschaften, dank seiner technischen Zusammensetzung besonders geeignet f\u00fcr Bereiche mit elektrostatischer Aufladung.","robots":{"index":"index","follow":"follow","max-snippet":"max-snippet:-1","max-image-preview":"max-image-preview:large","max-video-preview":"max-video-preview:-1"},"canonical":"https:\/\/www.gardenstore.es\/de\/produkt\/kunstrasen\/dekorativ\/offentliche-bereiche\/kunstrasen-antistatic-grass-25\/","og_locale":"de_DE","og_type":"article","og_title":"Kunstrasen Antistatic Grass 25 | GardenStore","og_description":"Kunstrasen mit antistatischen Eigenschaften, dank seiner technischen Zusammensetzung besonders geeignet f\u00fcr Bereiche mit elektrostatischer Aufladung.","og_url":"https:\/\/www.gardenstore.es\/de\/produkt\/kunstrasen\/dekorativ\/offentliche-bereiche\/kunstrasen-antistatic-grass-25\/","og_site_name":"GardenStore","article_modified_time":"2025-10-20T08:33:27+00:00","og_image":[{"width":1457,"height":971,"url":"https:\/\/www.gardenstore.es\/wp-content\/uploads\/2025\/08\/GS-ANTIESTATICGRASS25-FRONTAL-web.jpg","type":"image\/jpeg"}],"twitter_card":"summary_large_image","schema":{"@context":"https:\/\/schema.org","@graph":[{"@type":"WebPage","@id":"https:\/\/www.gardenstore.es\/de\/produkt\/kunstrasen\/dekorativ\/offentliche-bereiche\/kunstrasen-antistatic-grass-25\/","url":"https:\/\/www.gardenstore.es\/de\/produkt\/kunstrasen\/dekorativ\/offentliche-bereiche\/kunstrasen-antistatic-grass-25\/","name":"Kunstrasen Antistatic Grass 25 | GardenStore","isPartOf":{"@id":"https:\/\/www.gardenstore.es\/de\/#website"},"primaryImageOfPage":{"@id":"https:\/\/www.gardenstore.es\/de\/produkt\/kunstrasen\/dekorativ\/offentliche-bereiche\/kunstrasen-antistatic-grass-25\/#primaryimage"},"image":{"@id":"https:\/\/www.gardenstore.es\/de\/produkt\/kunstrasen\/dekorativ\/offentliche-bereiche\/kunstrasen-antistatic-grass-25\/#primaryimage"},"thumbnailUrl":"https:\/\/www.gardenstore.es\/wp-content\/uploads\/2025\/08\/GS-ANTIESTATICGRASS25-FRONTAL-web.jpg","datePublished":"2025-08-01T08:23:19+00:00","dateModified":"2025-10-20T08:33:27+00:00","description":"Kunstrasen mit antistatischen Eigenschaften, dank seiner technischen Zusammensetzung besonders geeignet f\u00fcr Bereiche mit elektrostatischer Aufladung.","breadcrumb":{"@id":"https:\/\/www.gardenstore.es\/de\/produkt\/kunstrasen\/dekorativ\/offentliche-bereiche\/kunstrasen-antistatic-grass-25\/#breadcrumb"},"inLanguage":"de","potentialAction":[{"@type":"ReadAction","target":["https:\/\/www.gardenstore.es\/de\/produkt\/kunstrasen\/dekorativ\/offentliche-bereiche\/kunstrasen-antistatic-grass-25\/"]}]},{"@type":"ImageObject","inLanguage":"de","@id":"https:\/\/www.gardenstore.es\/de\/produkt\/kunstrasen\/dekorativ\/offentliche-bereiche\/kunstrasen-antistatic-grass-25\/#primaryimage","url":"https:\/\/www.gardenstore.es\/wp-content\/uploads\/2025\/08\/GS-ANTIESTATICGRASS25-FRONTAL-web.jpg","contentUrl":"https:\/\/www.gardenstore.es\/wp-content\/uploads\/2025\/08\/GS-ANTIESTATICGRASS25-FRONTAL-web.jpg","width":1457,"height":971},{"@type":"BreadcrumbList","@id":"https:\/\/www.gardenstore.es\/de\/produkt\/kunstrasen\/dekorativ\/offentliche-bereiche\/kunstrasen-antistatic-grass-25\/#breadcrumb","itemListElement":[{"@type":"ListItem","position":1,"name":"Startseite","item":"https:\/\/www.gardenstore.es\/de\/startseite\/"},{"@type":"ListItem","position":2,"name":"Shop","item":"https:\/\/www.gardenstore.es\/de\/shop\/"},{"@type":"ListItem","position":3,"name":"Kunstrasen","item":"https:\/\/www.gardenstore.es\/de\/produkt-kategorie\/kunstrasen\/"},{"@type":"ListItem","position":4,"name":"Kunstrasen Antistatic Grass 25"}]},{"@type":"WebSite","@id":"https:\/\/www.gardenstore.es\/de\/#website","url":"https:\/\/www.gardenstore.es\/de\/","name":"GardenStore | Venta e instalaci\u00f3n de C\u00e9sped Artificial","description":"C\u00e9sped Artificial en Sevilla","publisher":{"@id":"https:\/\/www.gardenstore.es\/de\/#organization"},"potentialAction":[{"@type":"SearchAction","target":{"@type":"EntryPoint","urlTemplate":"https:\/\/www.gardenstore.es\/de\/?s={search_term_string}"},"query-input":{"@type":"PropertyValueSpecification","valueRequired":true,"valueName":"search_term_string"}}],"inLanguage":"de"},{"@type":"Organization","@id":"https:\/\/www.gardenstore.es\/de\/#organization","name":"GardenStore","url":"https:\/\/www.gardenstore.es\/de\/","logo":{"@type":"ImageObject","inLanguage":"de","@id":"https:\/\/www.gardenstore.es\/de\/#\/schema\/logo\/image\/","url":"https:\/\/www.gardenstore.es\/wp-content\/uploads\/2025\/10\/LOGOTIPO_V1-1.svg","contentUrl":"https:\/\/www.gardenstore.es\/wp-content\/uploads\/2025\/10\/LOGOTIPO_V1-1.svg","width":818,"height":130,"caption":"GardenStore"},"image":{"@id":"https:\/\/www.gardenstore.es\/de\/#\/schema\/logo\/image\/"}}]}},"_links":{"self":[{"href":"https:\/\/www.gardenstore.es\/de\/wp-json\/wp\/v2\/product\/12882","targetHints":{"allow":["GET"]}}],"collection":[{"href":"https:\/\/www.gardenstore.es\/de\/wp-json\/wp\/v2\/product"}],"about":[{"href":"https:\/\/www.gardenstore.es\/de\/wp-json\/wp\/v2\/types\/product"}],"replies":[{"embeddable":true,"href":"https:\/\/www.gardenstore.es\/de\/wp-json\/wp\/v2\/comments?post=12882"}],"wp:featuredmedia":[{"embeddable":true,"href":"https:\/\/www.gardenstore.es\/de\/wp-json\/wp\/v2\/media\/12888"}],"wp:attachment":[{"href":"https:\/\/www.gardenstore.es\/de\/wp-json\/wp\/v2\/media?parent=12882"}],"wp:term":[{"taxonomy":"product_brand","embeddable":true,"href":"https:\/\/www.gardenstore.es\/de\/wp-json\/wp\/v2\/product_brand?post=12882"},{"taxonomy":"product_cat","embeddable":true,"href":"https:\/\/www.gardenstore.es\/de\/wp-json\/wp\/v2\/product_cat?post=12882"},{"taxonomy":"product_tag","embeddable":true,"href":"https:\/\/www.gardenstore.es\/de\/wp-json\/wp\/v2\/product_tag?post=12882"}],"curies":[{"name":"wp","href":"https:\/\/api.w.org\/{rel}","templated":true}]}}