{"id":12726,"date":"2025-07-29T09:33:12","date_gmt":"2025-07-29T07:33:12","guid":{"rendered":"https:\/\/www.gardenstore.es\/producto\/unkategorisiert\/kunstrasen-london-regreen-40\/"},"modified":"2025-10-20T10:34:16","modified_gmt":"2025-10-20T08:34:16","slug":"kunstrasen-london-regreen-40","status":"publish","type":"product","link":"https:\/\/www.gardenstore.es\/de\/produkt\/kunstrasen\/dekorativ\/garten-und-terrassen\/kunstrasen-london-regreen-40\/","title":{"rendered":"Kunstrasen London Regreen 40"},"content":{"rendered":"","protected":false},"excerpt":{"rendered":"<p>Recyclingf\u00e4higes, widerstandsf\u00e4higes Modell mit einem sehr nat\u00fcrlichen Finish, das sich aus der ausgewogenen Farbkombination in seinen geraden und gekr\u00e4uselten F\u00e4den ergibt. Es zeichnet sich durch die hohe Qualit\u00e4t seiner Fasern aus, die ihm Festigkeit und eine ausgezeichnete vertikale Erholung verleihen. Empfohlen f\u00fcr alle Arten von Oberfl\u00e4chen, insbesondere f\u00fcr G\u00e4rten mit Schwimmbad und Terrassen.  <\/p>\n","protected":false},"featured_media":12735,"comment_status":"open","ping_status":"closed","template":"","meta":{"_acf_changed":false},"product_brand":[],"product_cat":[314,270,279,280,251,281],"product_tag":[],"class_list":{"0":"post-12726","1":"product","2":"type-product","3":"status-publish","4":"has-post-thumbnail","6":"product_cat-100-recycelbar","7":"product_cat-dekorativ","8":"product_cat-garten-und-terrassen","9":"product_cat-haustiere","10":"product_cat-kunstrasen","11":"product_cat-schwimmbader","12":"","13":"woocommerce-text-align-left","14":"woocommerce-image-align-center","15":"do-quantity-buttons","17":"first","18":"instock","19":"product-type-simple"},"acf":{"altura":40,"confort":5,"recuperacion":5,"suavidad":5,"resistencia":5,"ficha_de_producto":12729,"tipo_fibra_hilo":"Texturiertes Monofilament","composicion_fibra_hilo":"Polyethylen (PE) + Polypropylen (PP)","dtex":"","peso_hilo":"1.960 gr\/m\u00b2 (\u00b110%)","seccion":"","altura_hilo":"40 mm (\u00b15%)","galga":"","puntadas_10cm":"320 Stiche\/m (\u00b110 %)","puntadas_m2":"33.600 Stiche\/m\u00b2 (\u00b110 %)","tipo_backing":"Ultraback verst\u00e4rkt mit Netz (Red)","composicion_backing":"Polypropylen (PP)","tipo_acabado":"Schaber-Applikation","composicion_acabado":"Ecoback (Recycelbare Acrylverbindung)","peso_backing":"550 gr\/m\u00b2 (\u00b110%)","hilo_recto_numero":"8","hilo_recto_colores":"Verde musgo y verde oliva","hilo_rizado_numero":"8","hilo_rizado_colores":"Smaragdgr\u00fcn, Kaffeebraun und Ocker","peso_total":"2.510 gr\/m\u00b2 (\u00b110%)","dimensiones_rollo":"20x2m","drenaje":"","filamentos":""},"gallery_images":[11673,11674,11672,11676,11677,15699,15700],"yoast_head":"<!-- This site is optimized with the Yoast SEO plugin v27.4 - https:\/\/yoast.com\/product\/yoast-seo-wordpress\/ -->\n<title>Kunstrasen London Regreen 40 | GardenStore<\/title>\n<meta name=\"description\" content=\"Recyclingf\u00e4higes, widerstandsf\u00e4higes Kunstrasenmodell mit einem sehr nat\u00fcrlichen Finish, das sich aus der ausgewogenen Farbkombination in seinen F\u00e4den ergibt.\" \/>\n<meta name=\"robots\" content=\"index, follow, max-snippet:-1, max-image-preview:large, max-video-preview:-1\" \/>\n<link rel=\"canonical\" href=\"https:\/\/www.gardenstore.es\/de\/produkt\/kunstrasen\/dekorativ\/garten-und-terrassen\/kunstrasen-london-regreen-40\/\" \/>\n<meta property=\"og:locale\" content=\"de_DE\" \/>\n<meta property=\"og:type\" content=\"article\" \/>\n<meta property=\"og:title\" content=\"Kunstrasen London Regreen 40 | GardenStore\" \/>\n<meta property=\"og:description\" content=\"Recyclingf\u00e4higes, widerstandsf\u00e4higes Kunstrasenmodell mit einem sehr nat\u00fcrlichen Finish, das sich aus der ausgewogenen Farbkombination in seinen F\u00e4den ergibt.\" \/>\n<meta property=\"og:url\" content=\"https:\/\/www.gardenstore.es\/de\/produkt\/kunstrasen\/dekorativ\/garten-und-terrassen\/kunstrasen-london-regreen-40\/\" \/>\n<meta property=\"og:site_name\" content=\"GardenStore\" \/>\n<meta property=\"article:modified_time\" content=\"2025-10-20T08:34:16+00:00\" \/>\n<meta property=\"og:image\" content=\"https:\/\/www.gardenstore.es\/wp-content\/uploads\/2025\/07\/London-regreen40-frontal-web.jpg\" \/>\n\t<meta property=\"og:image:width\" content=\"1500\" \/>\n\t<meta property=\"og:image:height\" content=\"1000\" \/>\n\t<meta property=\"og:image:type\" content=\"image\/jpeg\" \/>\n<meta name=\"twitter:card\" content=\"summary_large_image\" \/>\n<script type=\"application\/ld+json\" class=\"yoast-schema-graph\">{\"@context\":\"https:\\\/\\\/schema.org\",\"@graph\":[{\"@type\":\"WebPage\",\"@id\":\"https:\\\/\\\/www.gardenstore.es\\\/de\\\/produkt\\\/kunstrasen\\\/dekorativ\\\/garten-und-terrassen\\\/kunstrasen-london-regreen-40\\\/\",\"url\":\"https:\\\/\\\/www.gardenstore.es\\\/de\\\/produkt\\\/kunstrasen\\\/dekorativ\\\/garten-und-terrassen\\\/kunstrasen-london-regreen-40\\\/\",\"name\":\"Kunstrasen London Regreen 40 | GardenStore\",\"isPartOf\":{\"@id\":\"https:\\\/\\\/www.gardenstore.es\\\/de\\\/#website\"},\"primaryImageOfPage\":{\"@id\":\"https:\\\/\\\/www.gardenstore.es\\\/de\\\/produkt\\\/kunstrasen\\\/dekorativ\\\/garten-und-terrassen\\\/kunstrasen-london-regreen-40\\\/#primaryimage\"},\"image\":{\"@id\":\"https:\\\/\\\/www.gardenstore.es\\\/de\\\/produkt\\\/kunstrasen\\\/dekorativ\\\/garten-und-terrassen\\\/kunstrasen-london-regreen-40\\\/#primaryimage\"},\"thumbnailUrl\":\"https:\\\/\\\/www.gardenstore.es\\\/wp-content\\\/uploads\\\/2025\\\/07\\\/London-regreen40-frontal-web.jpg\",\"datePublished\":\"2025-07-29T07:33:12+00:00\",\"dateModified\":\"2025-10-20T08:34:16+00:00\",\"description\":\"Recyclingf\u00e4higes, widerstandsf\u00e4higes Kunstrasenmodell mit einem sehr nat\u00fcrlichen Finish, das sich aus der ausgewogenen Farbkombination in seinen F\u00e4den ergibt.\",\"breadcrumb\":{\"@id\":\"https:\\\/\\\/www.gardenstore.es\\\/de\\\/produkt\\\/kunstrasen\\\/dekorativ\\\/garten-und-terrassen\\\/kunstrasen-london-regreen-40\\\/#breadcrumb\"},\"inLanguage\":\"de\",\"potentialAction\":[{\"@type\":\"ReadAction\",\"target\":[\"https:\\\/\\\/www.gardenstore.es\\\/de\\\/produkt\\\/kunstrasen\\\/dekorativ\\\/garten-und-terrassen\\\/kunstrasen-london-regreen-40\\\/\"]}]},{\"@type\":\"ImageObject\",\"inLanguage\":\"de\",\"@id\":\"https:\\\/\\\/www.gardenstore.es\\\/de\\\/produkt\\\/kunstrasen\\\/dekorativ\\\/garten-und-terrassen\\\/kunstrasen-london-regreen-40\\\/#primaryimage\",\"url\":\"https:\\\/\\\/www.gardenstore.es\\\/wp-content\\\/uploads\\\/2025\\\/07\\\/London-regreen40-frontal-web.jpg\",\"contentUrl\":\"https:\\\/\\\/www.gardenstore.es\\\/wp-content\\\/uploads\\\/2025\\\/07\\\/London-regreen40-frontal-web.jpg\",\"width\":1500,\"height\":1000},{\"@type\":\"BreadcrumbList\",\"@id\":\"https:\\\/\\\/www.gardenstore.es\\\/de\\\/produkt\\\/kunstrasen\\\/dekorativ\\\/garten-und-terrassen\\\/kunstrasen-london-regreen-40\\\/#breadcrumb\",\"itemListElement\":[{\"@type\":\"ListItem\",\"position\":1,\"name\":\"Startseite\",\"item\":\"https:\\\/\\\/www.gardenstore.es\\\/de\\\/startseite\\\/\"},{\"@type\":\"ListItem\",\"position\":2,\"name\":\"Shop\",\"item\":\"https:\\\/\\\/www.gardenstore.es\\\/de\\\/shop\\\/\"},{\"@type\":\"ListItem\",\"position\":3,\"name\":\"Kunstrasen\",\"item\":\"https:\\\/\\\/www.gardenstore.es\\\/de\\\/produkt-kategorie\\\/kunstrasen\\\/\"},{\"@type\":\"ListItem\",\"position\":4,\"name\":\"Kunstrasen London Regreen 40\"}]},{\"@type\":\"WebSite\",\"@id\":\"https:\\\/\\\/www.gardenstore.es\\\/de\\\/#website\",\"url\":\"https:\\\/\\\/www.gardenstore.es\\\/de\\\/\",\"name\":\"GardenStore | Venta e instalaci\u00f3n de C\u00e9sped Artificial\",\"description\":\"C\u00e9sped Artificial en Sevilla\",\"publisher\":{\"@id\":\"https:\\\/\\\/www.gardenstore.es\\\/de\\\/#organization\"},\"potentialAction\":[{\"@type\":\"SearchAction\",\"target\":{\"@type\":\"EntryPoint\",\"urlTemplate\":\"https:\\\/\\\/www.gardenstore.es\\\/de\\\/?s={search_term_string}\"},\"query-input\":{\"@type\":\"PropertyValueSpecification\",\"valueRequired\":true,\"valueName\":\"search_term_string\"}}],\"inLanguage\":\"de\"},{\"@type\":\"Organization\",\"@id\":\"https:\\\/\\\/www.gardenstore.es\\\/de\\\/#organization\",\"name\":\"GardenStore\",\"url\":\"https:\\\/\\\/www.gardenstore.es\\\/de\\\/\",\"logo\":{\"@type\":\"ImageObject\",\"inLanguage\":\"de\",\"@id\":\"https:\\\/\\\/www.gardenstore.es\\\/de\\\/#\\\/schema\\\/logo\\\/image\\\/\",\"url\":\"https:\\\/\\\/www.gardenstore.es\\\/wp-content\\\/uploads\\\/2025\\\/10\\\/LOGOTIPO_V1-1.svg\",\"contentUrl\":\"https:\\\/\\\/www.gardenstore.es\\\/wp-content\\\/uploads\\\/2025\\\/10\\\/LOGOTIPO_V1-1.svg\",\"width\":818,\"height\":130,\"caption\":\"GardenStore\"},\"image\":{\"@id\":\"https:\\\/\\\/www.gardenstore.es\\\/de\\\/#\\\/schema\\\/logo\\\/image\\\/\"}}]}<\/script>\n<!-- \/ Yoast SEO plugin. -->","yoast_head_json":{"title":"Kunstrasen London Regreen 40 | GardenStore","description":"Recyclingf\u00e4higes, widerstandsf\u00e4higes Kunstrasenmodell mit einem sehr nat\u00fcrlichen Finish, das sich aus der ausgewogenen Farbkombination in seinen F\u00e4den ergibt.","robots":{"index":"index","follow":"follow","max-snippet":"max-snippet:-1","max-image-preview":"max-image-preview:large","max-video-preview":"max-video-preview:-1"},"canonical":"https:\/\/www.gardenstore.es\/de\/produkt\/kunstrasen\/dekorativ\/garten-und-terrassen\/kunstrasen-london-regreen-40\/","og_locale":"de_DE","og_type":"article","og_title":"Kunstrasen London Regreen 40 | GardenStore","og_description":"Recyclingf\u00e4higes, widerstandsf\u00e4higes Kunstrasenmodell mit einem sehr nat\u00fcrlichen Finish, das sich aus der ausgewogenen Farbkombination in seinen F\u00e4den ergibt.","og_url":"https:\/\/www.gardenstore.es\/de\/produkt\/kunstrasen\/dekorativ\/garten-und-terrassen\/kunstrasen-london-regreen-40\/","og_site_name":"GardenStore","article_modified_time":"2025-10-20T08:34:16+00:00","og_image":[{"width":1500,"height":1000,"url":"https:\/\/www.gardenstore.es\/wp-content\/uploads\/2025\/07\/London-regreen40-frontal-web.jpg","type":"image\/jpeg"}],"twitter_card":"summary_large_image","schema":{"@context":"https:\/\/schema.org","@graph":[{"@type":"WebPage","@id":"https:\/\/www.gardenstore.es\/de\/produkt\/kunstrasen\/dekorativ\/garten-und-terrassen\/kunstrasen-london-regreen-40\/","url":"https:\/\/www.gardenstore.es\/de\/produkt\/kunstrasen\/dekorativ\/garten-und-terrassen\/kunstrasen-london-regreen-40\/","name":"Kunstrasen London Regreen 40 | GardenStore","isPartOf":{"@id":"https:\/\/www.gardenstore.es\/de\/#website"},"primaryImageOfPage":{"@id":"https:\/\/www.gardenstore.es\/de\/produkt\/kunstrasen\/dekorativ\/garten-und-terrassen\/kunstrasen-london-regreen-40\/#primaryimage"},"image":{"@id":"https:\/\/www.gardenstore.es\/de\/produkt\/kunstrasen\/dekorativ\/garten-und-terrassen\/kunstrasen-london-regreen-40\/#primaryimage"},"thumbnailUrl":"https:\/\/www.gardenstore.es\/wp-content\/uploads\/2025\/07\/London-regreen40-frontal-web.jpg","datePublished":"2025-07-29T07:33:12+00:00","dateModified":"2025-10-20T08:34:16+00:00","description":"Recyclingf\u00e4higes, widerstandsf\u00e4higes Kunstrasenmodell mit einem sehr nat\u00fcrlichen Finish, das sich aus der ausgewogenen Farbkombination in seinen F\u00e4den ergibt.","breadcrumb":{"@id":"https:\/\/www.gardenstore.es\/de\/produkt\/kunstrasen\/dekorativ\/garten-und-terrassen\/kunstrasen-london-regreen-40\/#breadcrumb"},"inLanguage":"de","potentialAction":[{"@type":"ReadAction","target":["https:\/\/www.gardenstore.es\/de\/produkt\/kunstrasen\/dekorativ\/garten-und-terrassen\/kunstrasen-london-regreen-40\/"]}]},{"@type":"ImageObject","inLanguage":"de","@id":"https:\/\/www.gardenstore.es\/de\/produkt\/kunstrasen\/dekorativ\/garten-und-terrassen\/kunstrasen-london-regreen-40\/#primaryimage","url":"https:\/\/www.gardenstore.es\/wp-content\/uploads\/2025\/07\/London-regreen40-frontal-web.jpg","contentUrl":"https:\/\/www.gardenstore.es\/wp-content\/uploads\/2025\/07\/London-regreen40-frontal-web.jpg","width":1500,"height":1000},{"@type":"BreadcrumbList","@id":"https:\/\/www.gardenstore.es\/de\/produkt\/kunstrasen\/dekorativ\/garten-und-terrassen\/kunstrasen-london-regreen-40\/#breadcrumb","itemListElement":[{"@type":"ListItem","position":1,"name":"Startseite","item":"https:\/\/www.gardenstore.es\/de\/startseite\/"},{"@type":"ListItem","position":2,"name":"Shop","item":"https:\/\/www.gardenstore.es\/de\/shop\/"},{"@type":"ListItem","position":3,"name":"Kunstrasen","item":"https:\/\/www.gardenstore.es\/de\/produkt-kategorie\/kunstrasen\/"},{"@type":"ListItem","position":4,"name":"Kunstrasen London Regreen 40"}]},{"@type":"WebSite","@id":"https:\/\/www.gardenstore.es\/de\/#website","url":"https:\/\/www.gardenstore.es\/de\/","name":"GardenStore | Venta e instalaci\u00f3n de C\u00e9sped Artificial","description":"C\u00e9sped Artificial en Sevilla","publisher":{"@id":"https:\/\/www.gardenstore.es\/de\/#organization"},"potentialAction":[{"@type":"SearchAction","target":{"@type":"EntryPoint","urlTemplate":"https:\/\/www.gardenstore.es\/de\/?s={search_term_string}"},"query-input":{"@type":"PropertyValueSpecification","valueRequired":true,"valueName":"search_term_string"}}],"inLanguage":"de"},{"@type":"Organization","@id":"https:\/\/www.gardenstore.es\/de\/#organization","name":"GardenStore","url":"https:\/\/www.gardenstore.es\/de\/","logo":{"@type":"ImageObject","inLanguage":"de","@id":"https:\/\/www.gardenstore.es\/de\/#\/schema\/logo\/image\/","url":"https:\/\/www.gardenstore.es\/wp-content\/uploads\/2025\/10\/LOGOTIPO_V1-1.svg","contentUrl":"https:\/\/www.gardenstore.es\/wp-content\/uploads\/2025\/10\/LOGOTIPO_V1-1.svg","width":818,"height":130,"caption":"GardenStore"},"image":{"@id":"https:\/\/www.gardenstore.es\/de\/#\/schema\/logo\/image\/"}}]}},"_links":{"self":[{"href":"https:\/\/www.gardenstore.es\/de\/wp-json\/wp\/v2\/product\/12726","targetHints":{"allow":["GET"]}}],"collection":[{"href":"https:\/\/www.gardenstore.es\/de\/wp-json\/wp\/v2\/product"}],"about":[{"href":"https:\/\/www.gardenstore.es\/de\/wp-json\/wp\/v2\/types\/product"}],"replies":[{"embeddable":true,"href":"https:\/\/www.gardenstore.es\/de\/wp-json\/wp\/v2\/comments?post=12726"}],"wp:featuredmedia":[{"embeddable":true,"href":"https:\/\/www.gardenstore.es\/de\/wp-json\/wp\/v2\/media\/12735"}],"wp:attachment":[{"href":"https:\/\/www.gardenstore.es\/de\/wp-json\/wp\/v2\/media?parent=12726"}],"wp:term":[{"taxonomy":"product_brand","embeddable":true,"href":"https:\/\/www.gardenstore.es\/de\/wp-json\/wp\/v2\/product_brand?post=12726"},{"taxonomy":"product_cat","embeddable":true,"href":"https:\/\/www.gardenstore.es\/de\/wp-json\/wp\/v2\/product_cat?post=12726"},{"taxonomy":"product_tag","embeddable":true,"href":"https:\/\/www.gardenstore.es\/de\/wp-json\/wp\/v2\/product_tag?post=12726"}],"curies":[{"name":"wp","href":"https:\/\/api.w.org\/{rel}","templated":true}]}}