{"id":12725,"date":"2025-06-24T11:38:57","date_gmt":"2025-06-24T09:38:57","guid":{"rendered":"https:\/\/www.gardenstore.es\/producto\/unkategorisiert\/kuenstlicher-mandelbaum-weiss-deluxe-180cm\/"},"modified":"2025-10-20T10:34:14","modified_gmt":"2025-10-20T08:34:14","slug":"kuenstlicher-mandelbaum-weiss-deluxe-180cm","status":"publish","type":"product","link":"https:\/\/www.gardenstore.es\/de\/produkt\/kunstliche-pflanzen\/kuenstlicher-mandelbaum-weiss-deluxe-180cm\/","title":{"rendered":"K\u00fcnstlicher Mandelbaum Wei\u00df Deluxe 180cm"},"content":{"rendered":"","protected":false},"excerpt":{"rendered":"<p><strong>K\u00fcnstlicher Mandelbaum Wei\u00df Deluxe 180 cm<\/strong><\/p>\n<p>Verwandeln Sie Ihre R\u00e4ume mit der Zartheit des bl\u00fchenden Mandelbaums.<\/p>\n<p>Seine \u00fcppigen Zweige, \u00fcbers\u00e4t mit Bl\u00fcten in sanften Farbt\u00f6nen, erinnern an den Fr\u00fchling. Hergestellt mit nat\u00fcrlichem Stamm und kombiniert mit zarten Bl\u00fcten aus synthetischem Stoff und Bl\u00e4ttern aus Polyurethan-Kunststoff, ahmt er die Sch\u00f6nheit eines Mandelbaums in voller Bl\u00fcte nach. Dank seiner mit Stahldraht verst\u00e4rkten Struktur beh\u00e4lt er ein realistisches und dauerhaftes Aussehen.  <\/p>\n<p>\ud83c\udf38 Idealer floraler Charme f\u00fcr anspruchsvolle Innenr\u00e4ume, besondere Anl\u00e4sse oder um jeder Ecke einen Hauch von Gelassenheit zu verleihen.<\/p>\n<p>\ud83c\udfe1 Sein Design ist perfekt f\u00fcr Wohnungen, B\u00fcros, Hotels oder Schaufenster und verleiht eine frische und einladende Atmosph\u00e4re.<\/p>\n<ul>\n<li class=\"product__feature\">H\u00f6he cm: 180<\/li>\n<li class=\"product__feature\">H\u00f6he Topf (cm): 19<\/li>\n<li class=\"product__feature\">Gesamtbreite (cm): 60<\/li>\n<li class=\"product__feature\">Durchmesser Topf (cm): 19<\/li>\n<\/ul>\n","protected":false},"featured_media":12728,"comment_status":"open","ping_status":"closed","template":"","meta":{"_acf_changed":false},"product_brand":[],"product_cat":[313],"product_tag":[],"class_list":{"0":"post-12725","1":"product","2":"type-product","3":"status-publish","4":"has-post-thumbnail","6":"product_cat-kunstliche-pflanzen","7":"","8":"woocommerce-text-align-left","9":"woocommerce-image-align-center","10":"do-quantity-buttons","12":"first","13":"instock","14":"shipping-taxable","15":"product-type-simple"},"acf":{"altura":"","confort":"","recuperacion":"","suavidad":"","resistencia":"","ficha_de_producto":"","tipo_fibra_hilo":"","composicion_fibra_hilo":"","dtex":"","peso_hilo":"","seccion":"","altura_hilo":"","galga":"","puntadas_10cm":"","puntadas_m2":"","tipo_backing":"","composicion_backing":"","tipo_acabado":"","composicion_acabado":"","peso_backing":"","hilo_recto_numero":"","hilo_recto_colores":"","hilo_rizado_numero":"","hilo_rizado_colores":"","peso_total":"","dimensiones_rollo":"","drenaje":"","filamentos":""},"gallery_images":[11611],"yoast_head":"<!-- This site is optimized with the Yoast SEO plugin v27.4 - https:\/\/yoast.com\/product\/yoast-seo-wordpress\/ -->\n<title>K\u00fcnstlicher Mandelbaum Wei\u00df Deluxe 180cm | GardenStore<\/title>\n<meta name=\"robots\" content=\"index, follow, max-snippet:-1, max-image-preview:large, max-video-preview:-1\" \/>\n<link rel=\"canonical\" href=\"https:\/\/www.gardenstore.es\/de\/produkt\/kunstliche-pflanzen\/kuenstlicher-mandelbaum-weiss-deluxe-180cm\/\" \/>\n<meta property=\"og:locale\" content=\"de_DE\" \/>\n<meta property=\"og:type\" content=\"article\" \/>\n<meta property=\"og:title\" content=\"K\u00fcnstlicher Mandelbaum Wei\u00df Deluxe 180cm | GardenStore\" \/>\n<meta property=\"og:description\" content=\"K\u00fcnstlicher Mandelbaum Wei\u00df Deluxe 180 cm Verwandeln Sie Ihre R\u00e4ume mit der Zartheit des bl\u00fchenden Mandelbaums. Seine \u00fcppigen Zweige, \u00fcbers\u00e4t mit Bl\u00fcten in sanften Farbt\u00f6nen, erinnern an den Fr\u00fchling. Hergestellt mit nat\u00fcrlichem Stamm und kombiniert mit zarten Bl\u00fcten aus synthetischem Stoff und Bl\u00e4ttern aus Polyurethan-Kunststoff, ahmt er die Sch\u00f6nheit eines Mandelbaums in voller Bl\u00fcte nach. Dank seiner mit Stahldraht verst\u00e4rkten Struktur beh\u00e4lt er ein realistisches und dauerhaftes Aussehen.  \ud83c\udf38 Idealer floraler Charme f\u00fcr anspruchsvolle Innenr\u00e4ume, besondere Anl\u00e4sse oder um jeder Ecke einen Hauch von Gelassenheit zu verleihen. \ud83c\udfe1 Sein Design ist perfekt f\u00fcr Wohnungen, B\u00fcros, Hotels oder Schaufenster und verleiht eine frische und einladende Atmosph\u00e4re.  H\u00f6he cm: 180  H\u00f6he Topf (cm): 19  Gesamtbreite (cm): 60  Durchmesser Topf (cm): 19\" \/>\n<meta property=\"og:url\" content=\"https:\/\/www.gardenstore.es\/de\/produkt\/kunstliche-pflanzen\/kuenstlicher-mandelbaum-weiss-deluxe-180cm\/\" \/>\n<meta property=\"og:site_name\" content=\"GardenStore\" \/>\n<meta property=\"article:modified_time\" content=\"2025-10-20T08:34:14+00:00\" \/>\n<meta property=\"og:image\" content=\"https:\/\/www.gardenstore.es\/wp-content\/uploads\/2025\/06\/ARBOL-DE-ALMENDRO-ARTIFICIAL-180CM-BLANCO-1024x1024-1.png\" \/>\n\t<meta property=\"og:image:width\" content=\"1024\" \/>\n\t<meta property=\"og:image:height\" content=\"1024\" \/>\n\t<meta property=\"og:image:type\" content=\"image\/png\" \/>\n<meta name=\"twitter:card\" content=\"summary_large_image\" \/>\n<script type=\"application\/ld+json\" class=\"yoast-schema-graph\">{\"@context\":\"https:\\\/\\\/schema.org\",\"@graph\":[{\"@type\":\"WebPage\",\"@id\":\"https:\\\/\\\/www.gardenstore.es\\\/de\\\/produkt\\\/kunstliche-pflanzen\\\/kuenstlicher-mandelbaum-weiss-deluxe-180cm\\\/\",\"url\":\"https:\\\/\\\/www.gardenstore.es\\\/de\\\/produkt\\\/kunstliche-pflanzen\\\/kuenstlicher-mandelbaum-weiss-deluxe-180cm\\\/\",\"name\":\"K\u00fcnstlicher Mandelbaum Wei\u00df Deluxe 180cm | GardenStore\",\"isPartOf\":{\"@id\":\"https:\\\/\\\/www.gardenstore.es\\\/de\\\/#website\"},\"primaryImageOfPage\":{\"@id\":\"https:\\\/\\\/www.gardenstore.es\\\/de\\\/produkt\\\/kunstliche-pflanzen\\\/kuenstlicher-mandelbaum-weiss-deluxe-180cm\\\/#primaryimage\"},\"image\":{\"@id\":\"https:\\\/\\\/www.gardenstore.es\\\/de\\\/produkt\\\/kunstliche-pflanzen\\\/kuenstlicher-mandelbaum-weiss-deluxe-180cm\\\/#primaryimage\"},\"thumbnailUrl\":\"https:\\\/\\\/www.gardenstore.es\\\/wp-content\\\/uploads\\\/2025\\\/06\\\/ARBOL-DE-ALMENDRO-ARTIFICIAL-180CM-BLANCO-1024x1024-1.png\",\"datePublished\":\"2025-06-24T09:38:57+00:00\",\"dateModified\":\"2025-10-20T08:34:14+00:00\",\"breadcrumb\":{\"@id\":\"https:\\\/\\\/www.gardenstore.es\\\/de\\\/produkt\\\/kunstliche-pflanzen\\\/kuenstlicher-mandelbaum-weiss-deluxe-180cm\\\/#breadcrumb\"},\"inLanguage\":\"de\",\"potentialAction\":[{\"@type\":\"ReadAction\",\"target\":[\"https:\\\/\\\/www.gardenstore.es\\\/de\\\/produkt\\\/kunstliche-pflanzen\\\/kuenstlicher-mandelbaum-weiss-deluxe-180cm\\\/\"]}]},{\"@type\":\"ImageObject\",\"inLanguage\":\"de\",\"@id\":\"https:\\\/\\\/www.gardenstore.es\\\/de\\\/produkt\\\/kunstliche-pflanzen\\\/kuenstlicher-mandelbaum-weiss-deluxe-180cm\\\/#primaryimage\",\"url\":\"https:\\\/\\\/www.gardenstore.es\\\/wp-content\\\/uploads\\\/2025\\\/06\\\/ARBOL-DE-ALMENDRO-ARTIFICIAL-180CM-BLANCO-1024x1024-1.png\",\"contentUrl\":\"https:\\\/\\\/www.gardenstore.es\\\/wp-content\\\/uploads\\\/2025\\\/06\\\/ARBOL-DE-ALMENDRO-ARTIFICIAL-180CM-BLANCO-1024x1024-1.png\",\"width\":1024,\"height\":1024,\"caption\":\"KUNSTLICHER MANDELBAUM WEISS 180CM\"},{\"@type\":\"BreadcrumbList\",\"@id\":\"https:\\\/\\\/www.gardenstore.es\\\/de\\\/produkt\\\/kunstliche-pflanzen\\\/kuenstlicher-mandelbaum-weiss-deluxe-180cm\\\/#breadcrumb\",\"itemListElement\":[{\"@type\":\"ListItem\",\"position\":1,\"name\":\"Startseite\",\"item\":\"https:\\\/\\\/www.gardenstore.es\\\/de\\\/startseite\\\/\"},{\"@type\":\"ListItem\",\"position\":2,\"name\":\"Shop\",\"item\":\"https:\\\/\\\/www.gardenstore.es\\\/de\\\/shop\\\/\"},{\"@type\":\"ListItem\",\"position\":3,\"name\":\"K\u00fcnstliche Pflanzen\",\"item\":\"https:\\\/\\\/www.gardenstore.es\\\/de\\\/produkt-kategorie\\\/kunstliche-pflanzen\\\/\"},{\"@type\":\"ListItem\",\"position\":4,\"name\":\"K\u00fcnstlicher Mandelbaum Wei\u00df Deluxe 180cm\"}]},{\"@type\":\"WebSite\",\"@id\":\"https:\\\/\\\/www.gardenstore.es\\\/de\\\/#website\",\"url\":\"https:\\\/\\\/www.gardenstore.es\\\/de\\\/\",\"name\":\"GardenStore | Venta e instalaci\u00f3n de C\u00e9sped Artificial\",\"description\":\"C\u00e9sped Artificial en Sevilla\",\"publisher\":{\"@id\":\"https:\\\/\\\/www.gardenstore.es\\\/de\\\/#organization\"},\"potentialAction\":[{\"@type\":\"SearchAction\",\"target\":{\"@type\":\"EntryPoint\",\"urlTemplate\":\"https:\\\/\\\/www.gardenstore.es\\\/de\\\/?s={search_term_string}\"},\"query-input\":{\"@type\":\"PropertyValueSpecification\",\"valueRequired\":true,\"valueName\":\"search_term_string\"}}],\"inLanguage\":\"de\"},{\"@type\":\"Organization\",\"@id\":\"https:\\\/\\\/www.gardenstore.es\\\/de\\\/#organization\",\"name\":\"GardenStore\",\"url\":\"https:\\\/\\\/www.gardenstore.es\\\/de\\\/\",\"logo\":{\"@type\":\"ImageObject\",\"inLanguage\":\"de\",\"@id\":\"https:\\\/\\\/www.gardenstore.es\\\/de\\\/#\\\/schema\\\/logo\\\/image\\\/\",\"url\":\"https:\\\/\\\/www.gardenstore.es\\\/wp-content\\\/uploads\\\/2025\\\/10\\\/LOGOTIPO_V1-1.svg\",\"contentUrl\":\"https:\\\/\\\/www.gardenstore.es\\\/wp-content\\\/uploads\\\/2025\\\/10\\\/LOGOTIPO_V1-1.svg\",\"width\":818,\"height\":130,\"caption\":\"GardenStore\"},\"image\":{\"@id\":\"https:\\\/\\\/www.gardenstore.es\\\/de\\\/#\\\/schema\\\/logo\\\/image\\\/\"}}]}<\/script>\n<!-- \/ Yoast SEO plugin. -->","yoast_head_json":{"title":"K\u00fcnstlicher Mandelbaum Wei\u00df Deluxe 180cm | GardenStore","robots":{"index":"index","follow":"follow","max-snippet":"max-snippet:-1","max-image-preview":"max-image-preview:large","max-video-preview":"max-video-preview:-1"},"canonical":"https:\/\/www.gardenstore.es\/de\/produkt\/kunstliche-pflanzen\/kuenstlicher-mandelbaum-weiss-deluxe-180cm\/","og_locale":"de_DE","og_type":"article","og_title":"K\u00fcnstlicher Mandelbaum Wei\u00df Deluxe 180cm | GardenStore","og_description":"K\u00fcnstlicher Mandelbaum Wei\u00df Deluxe 180 cm Verwandeln Sie Ihre R\u00e4ume mit der Zartheit des bl\u00fchenden Mandelbaums. Seine \u00fcppigen Zweige, \u00fcbers\u00e4t mit Bl\u00fcten in sanften Farbt\u00f6nen, erinnern an den Fr\u00fchling. Hergestellt mit nat\u00fcrlichem Stamm und kombiniert mit zarten Bl\u00fcten aus synthetischem Stoff und Bl\u00e4ttern aus Polyurethan-Kunststoff, ahmt er die Sch\u00f6nheit eines Mandelbaums in voller Bl\u00fcte nach. Dank seiner mit Stahldraht verst\u00e4rkten Struktur beh\u00e4lt er ein realistisches und dauerhaftes Aussehen.  \ud83c\udf38 Idealer floraler Charme f\u00fcr anspruchsvolle Innenr\u00e4ume, besondere Anl\u00e4sse oder um jeder Ecke einen Hauch von Gelassenheit zu verleihen. \ud83c\udfe1 Sein Design ist perfekt f\u00fcr Wohnungen, B\u00fcros, Hotels oder Schaufenster und verleiht eine frische und einladende Atmosph\u00e4re.  H\u00f6he cm: 180  H\u00f6he Topf (cm): 19  Gesamtbreite (cm): 60  Durchmesser Topf (cm): 19","og_url":"https:\/\/www.gardenstore.es\/de\/produkt\/kunstliche-pflanzen\/kuenstlicher-mandelbaum-weiss-deluxe-180cm\/","og_site_name":"GardenStore","article_modified_time":"2025-10-20T08:34:14+00:00","og_image":[{"width":1024,"height":1024,"url":"https:\/\/www.gardenstore.es\/wp-content\/uploads\/2025\/06\/ARBOL-DE-ALMENDRO-ARTIFICIAL-180CM-BLANCO-1024x1024-1.png","type":"image\/png"}],"twitter_card":"summary_large_image","schema":{"@context":"https:\/\/schema.org","@graph":[{"@type":"WebPage","@id":"https:\/\/www.gardenstore.es\/de\/produkt\/kunstliche-pflanzen\/kuenstlicher-mandelbaum-weiss-deluxe-180cm\/","url":"https:\/\/www.gardenstore.es\/de\/produkt\/kunstliche-pflanzen\/kuenstlicher-mandelbaum-weiss-deluxe-180cm\/","name":"K\u00fcnstlicher Mandelbaum Wei\u00df Deluxe 180cm | GardenStore","isPartOf":{"@id":"https:\/\/www.gardenstore.es\/de\/#website"},"primaryImageOfPage":{"@id":"https:\/\/www.gardenstore.es\/de\/produkt\/kunstliche-pflanzen\/kuenstlicher-mandelbaum-weiss-deluxe-180cm\/#primaryimage"},"image":{"@id":"https:\/\/www.gardenstore.es\/de\/produkt\/kunstliche-pflanzen\/kuenstlicher-mandelbaum-weiss-deluxe-180cm\/#primaryimage"},"thumbnailUrl":"https:\/\/www.gardenstore.es\/wp-content\/uploads\/2025\/06\/ARBOL-DE-ALMENDRO-ARTIFICIAL-180CM-BLANCO-1024x1024-1.png","datePublished":"2025-06-24T09:38:57+00:00","dateModified":"2025-10-20T08:34:14+00:00","breadcrumb":{"@id":"https:\/\/www.gardenstore.es\/de\/produkt\/kunstliche-pflanzen\/kuenstlicher-mandelbaum-weiss-deluxe-180cm\/#breadcrumb"},"inLanguage":"de","potentialAction":[{"@type":"ReadAction","target":["https:\/\/www.gardenstore.es\/de\/produkt\/kunstliche-pflanzen\/kuenstlicher-mandelbaum-weiss-deluxe-180cm\/"]}]},{"@type":"ImageObject","inLanguage":"de","@id":"https:\/\/www.gardenstore.es\/de\/produkt\/kunstliche-pflanzen\/kuenstlicher-mandelbaum-weiss-deluxe-180cm\/#primaryimage","url":"https:\/\/www.gardenstore.es\/wp-content\/uploads\/2025\/06\/ARBOL-DE-ALMENDRO-ARTIFICIAL-180CM-BLANCO-1024x1024-1.png","contentUrl":"https:\/\/www.gardenstore.es\/wp-content\/uploads\/2025\/06\/ARBOL-DE-ALMENDRO-ARTIFICIAL-180CM-BLANCO-1024x1024-1.png","width":1024,"height":1024,"caption":"KUNSTLICHER MANDELBAUM WEISS 180CM"},{"@type":"BreadcrumbList","@id":"https:\/\/www.gardenstore.es\/de\/produkt\/kunstliche-pflanzen\/kuenstlicher-mandelbaum-weiss-deluxe-180cm\/#breadcrumb","itemListElement":[{"@type":"ListItem","position":1,"name":"Startseite","item":"https:\/\/www.gardenstore.es\/de\/startseite\/"},{"@type":"ListItem","position":2,"name":"Shop","item":"https:\/\/www.gardenstore.es\/de\/shop\/"},{"@type":"ListItem","position":3,"name":"K\u00fcnstliche Pflanzen","item":"https:\/\/www.gardenstore.es\/de\/produkt-kategorie\/kunstliche-pflanzen\/"},{"@type":"ListItem","position":4,"name":"K\u00fcnstlicher Mandelbaum Wei\u00df Deluxe 180cm"}]},{"@type":"WebSite","@id":"https:\/\/www.gardenstore.es\/de\/#website","url":"https:\/\/www.gardenstore.es\/de\/","name":"GardenStore | Venta e instalaci\u00f3n de C\u00e9sped Artificial","description":"C\u00e9sped Artificial en Sevilla","publisher":{"@id":"https:\/\/www.gardenstore.es\/de\/#organization"},"potentialAction":[{"@type":"SearchAction","target":{"@type":"EntryPoint","urlTemplate":"https:\/\/www.gardenstore.es\/de\/?s={search_term_string}"},"query-input":{"@type":"PropertyValueSpecification","valueRequired":true,"valueName":"search_term_string"}}],"inLanguage":"de"},{"@type":"Organization","@id":"https:\/\/www.gardenstore.es\/de\/#organization","name":"GardenStore","url":"https:\/\/www.gardenstore.es\/de\/","logo":{"@type":"ImageObject","inLanguage":"de","@id":"https:\/\/www.gardenstore.es\/de\/#\/schema\/logo\/image\/","url":"https:\/\/www.gardenstore.es\/wp-content\/uploads\/2025\/10\/LOGOTIPO_V1-1.svg","contentUrl":"https:\/\/www.gardenstore.es\/wp-content\/uploads\/2025\/10\/LOGOTIPO_V1-1.svg","width":818,"height":130,"caption":"GardenStore"},"image":{"@id":"https:\/\/www.gardenstore.es\/de\/#\/schema\/logo\/image\/"}}]}},"_links":{"self":[{"href":"https:\/\/www.gardenstore.es\/de\/wp-json\/wp\/v2\/product\/12725","targetHints":{"allow":["GET"]}}],"collection":[{"href":"https:\/\/www.gardenstore.es\/de\/wp-json\/wp\/v2\/product"}],"about":[{"href":"https:\/\/www.gardenstore.es\/de\/wp-json\/wp\/v2\/types\/product"}],"replies":[{"embeddable":true,"href":"https:\/\/www.gardenstore.es\/de\/wp-json\/wp\/v2\/comments?post=12725"}],"wp:featuredmedia":[{"embeddable":true,"href":"https:\/\/www.gardenstore.es\/de\/wp-json\/wp\/v2\/media\/12728"}],"wp:attachment":[{"href":"https:\/\/www.gardenstore.es\/de\/wp-json\/wp\/v2\/media?parent=12725"}],"wp:term":[{"taxonomy":"product_brand","embeddable":true,"href":"https:\/\/www.gardenstore.es\/de\/wp-json\/wp\/v2\/product_brand?post=12725"},{"taxonomy":"product_cat","embeddable":true,"href":"https:\/\/www.gardenstore.es\/de\/wp-json\/wp\/v2\/product_cat?post=12725"},{"taxonomy":"product_tag","embeddable":true,"href":"https:\/\/www.gardenstore.es\/de\/wp-json\/wp\/v2\/product_tag?post=12725"}],"curies":[{"name":"wp","href":"https:\/\/api.w.org\/{rel}","templated":true}]}}