{"id":12673,"date":"2025-08-01T12:46:10","date_gmt":"2025-08-01T10:46:10","guid":{"rendered":"https:\/\/www.gardenstore.es\/producto\/unkategorisiert\/kunstrasen-tiny-20\/"},"modified":"2025-10-24T13:14:01","modified_gmt":"2025-10-24T11:14:01","slug":"kunstrasen-tiny-20","status":"publish","type":"product","link":"https:\/\/www.gardenstore.es\/de\/produkt\/kunstrasen\/dekorativ\/garten-und-terrassen\/kunstrasen-tiny-20\/","title":{"rendered":"Kunstrasen Tiny 20"},"content":{"rendered":"","protected":false},"excerpt":{"rendered":"<p>Tiny 20 ist die Weiterentwicklung unseres Tiny-Modells mit deutlichen Verbesserungen in Bezug auf Robustheit und Festigkeit. Mit 20 mm erm\u00f6glicht seine ausgezeichnete vertikale Speicherf\u00e4higkeit, dass er auch nach intensiver Nutzung aufrecht bleibt. Eine perfekte Option f\u00fcr alle, die einen dekorativen Rasen in Bereichen wie G\u00e4rten, Terrassen oder Veranstaltungsfl\u00e4chen suchen.  <\/p>\n","protected":false},"featured_media":12665,"comment_status":"closed","ping_status":"closed","template":"","meta":{"_acf_changed":false},"product_brand":[],"product_cat":[270,279,251,288],"product_tag":[],"class_list":{"0":"post-12673","1":"product","2":"type-product","3":"status-publish","4":"has-post-thumbnail","6":"product_cat-dekorativ","7":"product_cat-garten-und-terrassen","8":"product_cat-kunstrasen","9":"product_cat-veranstaltungen","10":"","11":"woocommerce-text-align-left","12":"woocommerce-image-align-center","13":"do-quantity-buttons","15":"first","16":"instock","17":"product-type-simple"},"acf":{"altura":20,"confort":3,"recuperacion":3,"suavidad":4,"resistencia":3,"ficha_de_producto":16363,"tipo_fibra_hilo":"Texturiertes Monofilament","composicion_fibra_hilo":"Polyethylen (PE) + Polypropylen (PP)","dtex":"","peso_hilo":"320 gr\/m\u00b2 (\u00b110%)","seccion":"","altura_hilo":"20 mm (\u00b15%)","galga":"","puntadas_10cm":"140 Stiche\/m (\u00b110 %)","puntadas_m2":"14.700 Stiche\/m\u00b2 (\u00b110 %)","tipo_backing":"Einfache Unterlage","composicion_backing":"Polypropylen (PP)","tipo_acabado":"Schaber-Applikation","composicion_acabado":"Latex","peso_backing":"630 gr\/m\u00b2 (\u00b110%)","hilo_recto_numero":"6","hilo_recto_colores":"Verde palta y verde oliva","hilo_rizado_numero":"8","hilo_rizado_colores":"Goldbeige und Moosgr\u00fcn","peso_total":"950 gr\/m\u00b2 (\u00b110%)","dimensiones_rollo":"30x2","drenaje":"","filamentos":""},"gallery_images":[12659,12660,12661,12664,15848,15849],"yoast_head":"<!-- This site is optimized with the Yoast SEO plugin v27.4 - https:\/\/yoast.com\/product\/yoast-seo-wordpress\/ -->\n<title>Kunstrasen Tiny 20 | GardenStore<\/title>\n<meta name=\"description\" content=\"Wir haben unser Tiny-Modell mit bemerkenswerten Verbesserungen in Bezug auf Robustheit und Festigkeit aktualisiert. Perfekte Option f\u00fcr Bereiche wie G\u00e4rten, Terrassen oder Veranstaltungsfl\u00e4chen.\" \/>\n<meta name=\"robots\" content=\"index, follow, max-snippet:-1, max-image-preview:large, max-video-preview:-1\" \/>\n<link rel=\"canonical\" href=\"https:\/\/www.gardenstore.es\/de\/produkt\/kunstrasen\/dekorativ\/garten-und-terrassen\/kunstrasen-tiny-20\/\" \/>\n<meta property=\"og:locale\" content=\"de_DE\" \/>\n<meta property=\"og:type\" content=\"article\" \/>\n<meta property=\"og:title\" content=\"Kunstrasen Tiny 20 | GardenStore\" \/>\n<meta property=\"og:description\" content=\"Wir haben unser Tiny-Modell mit bemerkenswerten Verbesserungen in Bezug auf Robustheit und Festigkeit aktualisiert. Perfekte Option f\u00fcr Bereiche wie G\u00e4rten, Terrassen oder Veranstaltungsfl\u00e4chen.\" \/>\n<meta property=\"og:url\" content=\"https:\/\/www.gardenstore.es\/de\/produkt\/kunstrasen\/dekorativ\/garten-und-terrassen\/kunstrasen-tiny-20\/\" \/>\n<meta property=\"og:site_name\" content=\"GardenStore\" \/>\n<meta property=\"article:modified_time\" content=\"2025-10-24T11:14:01+00:00\" \/>\n<meta property=\"og:image\" content=\"https:\/\/www.gardenstore.es\/wp-content\/uploads\/2025\/04\/GS-BIGTINY18-FRONTAL.jpg\" \/>\n\t<meta property=\"og:image:width\" content=\"1100\" \/>\n\t<meta property=\"og:image:height\" content=\"733\" \/>\n\t<meta property=\"og:image:type\" content=\"image\/jpeg\" \/>\n<meta name=\"twitter:card\" content=\"summary_large_image\" \/>\n<script type=\"application\/ld+json\" class=\"yoast-schema-graph\">{\"@context\":\"https:\\\/\\\/schema.org\",\"@graph\":[{\"@type\":\"WebPage\",\"@id\":\"https:\\\/\\\/www.gardenstore.es\\\/de\\\/produkt\\\/kunstrasen\\\/dekorativ\\\/garten-und-terrassen\\\/kunstrasen-tiny-20\\\/\",\"url\":\"https:\\\/\\\/www.gardenstore.es\\\/de\\\/produkt\\\/kunstrasen\\\/dekorativ\\\/garten-und-terrassen\\\/kunstrasen-tiny-20\\\/\",\"name\":\"Kunstrasen Tiny 20 | GardenStore\",\"isPartOf\":{\"@id\":\"https:\\\/\\\/www.gardenstore.es\\\/de\\\/#website\"},\"primaryImageOfPage\":{\"@id\":\"https:\\\/\\\/www.gardenstore.es\\\/de\\\/produkt\\\/kunstrasen\\\/dekorativ\\\/garten-und-terrassen\\\/kunstrasen-tiny-20\\\/#primaryimage\"},\"image\":{\"@id\":\"https:\\\/\\\/www.gardenstore.es\\\/de\\\/produkt\\\/kunstrasen\\\/dekorativ\\\/garten-und-terrassen\\\/kunstrasen-tiny-20\\\/#primaryimage\"},\"thumbnailUrl\":\"https:\\\/\\\/www.gardenstore.es\\\/wp-content\\\/uploads\\\/2025\\\/04\\\/GS-BIGTINY18-FRONTAL.jpg\",\"datePublished\":\"2025-08-01T10:46:10+00:00\",\"dateModified\":\"2025-10-24T11:14:01+00:00\",\"description\":\"Wir haben unser Tiny-Modell mit bemerkenswerten Verbesserungen in Bezug auf Robustheit und Festigkeit aktualisiert. Perfekte Option f\u00fcr Bereiche wie G\u00e4rten, Terrassen oder Veranstaltungsfl\u00e4chen.\",\"breadcrumb\":{\"@id\":\"https:\\\/\\\/www.gardenstore.es\\\/de\\\/produkt\\\/kunstrasen\\\/dekorativ\\\/garten-und-terrassen\\\/kunstrasen-tiny-20\\\/#breadcrumb\"},\"inLanguage\":\"de\",\"potentialAction\":[{\"@type\":\"ReadAction\",\"target\":[\"https:\\\/\\\/www.gardenstore.es\\\/de\\\/produkt\\\/kunstrasen\\\/dekorativ\\\/garten-und-terrassen\\\/kunstrasen-tiny-20\\\/\"]}]},{\"@type\":\"ImageObject\",\"inLanguage\":\"de\",\"@id\":\"https:\\\/\\\/www.gardenstore.es\\\/de\\\/produkt\\\/kunstrasen\\\/dekorativ\\\/garten-und-terrassen\\\/kunstrasen-tiny-20\\\/#primaryimage\",\"url\":\"https:\\\/\\\/www.gardenstore.es\\\/wp-content\\\/uploads\\\/2025\\\/04\\\/GS-BIGTINY18-FRONTAL.jpg\",\"contentUrl\":\"https:\\\/\\\/www.gardenstore.es\\\/wp-content\\\/uploads\\\/2025\\\/04\\\/GS-BIGTINY18-FRONTAL.jpg\",\"width\":1100,\"height\":733,\"caption\":\"Kunstrasen Big Tiny 18\"},{\"@type\":\"BreadcrumbList\",\"@id\":\"https:\\\/\\\/www.gardenstore.es\\\/de\\\/produkt\\\/kunstrasen\\\/dekorativ\\\/garten-und-terrassen\\\/kunstrasen-tiny-20\\\/#breadcrumb\",\"itemListElement\":[{\"@type\":\"ListItem\",\"position\":1,\"name\":\"Startseite\",\"item\":\"https:\\\/\\\/www.gardenstore.es\\\/de\\\/startseite\\\/\"},{\"@type\":\"ListItem\",\"position\":2,\"name\":\"Shop\",\"item\":\"https:\\\/\\\/www.gardenstore.es\\\/de\\\/shop\\\/\"},{\"@type\":\"ListItem\",\"position\":3,\"name\":\"Kunstrasen\",\"item\":\"https:\\\/\\\/www.gardenstore.es\\\/de\\\/produkt-kategorie\\\/kunstrasen\\\/\"},{\"@type\":\"ListItem\",\"position\":4,\"name\":\"Kunstrasen Tiny 20\"}]},{\"@type\":\"WebSite\",\"@id\":\"https:\\\/\\\/www.gardenstore.es\\\/de\\\/#website\",\"url\":\"https:\\\/\\\/www.gardenstore.es\\\/de\\\/\",\"name\":\"GardenStore | Venta e instalaci\u00f3n de C\u00e9sped Artificial\",\"description\":\"C\u00e9sped Artificial en Sevilla\",\"publisher\":{\"@id\":\"https:\\\/\\\/www.gardenstore.es\\\/de\\\/#organization\"},\"potentialAction\":[{\"@type\":\"SearchAction\",\"target\":{\"@type\":\"EntryPoint\",\"urlTemplate\":\"https:\\\/\\\/www.gardenstore.es\\\/de\\\/?s={search_term_string}\"},\"query-input\":{\"@type\":\"PropertyValueSpecification\",\"valueRequired\":true,\"valueName\":\"search_term_string\"}}],\"inLanguage\":\"de\"},{\"@type\":\"Organization\",\"@id\":\"https:\\\/\\\/www.gardenstore.es\\\/de\\\/#organization\",\"name\":\"GardenStore\",\"url\":\"https:\\\/\\\/www.gardenstore.es\\\/de\\\/\",\"logo\":{\"@type\":\"ImageObject\",\"inLanguage\":\"de\",\"@id\":\"https:\\\/\\\/www.gardenstore.es\\\/de\\\/#\\\/schema\\\/logo\\\/image\\\/\",\"url\":\"https:\\\/\\\/www.gardenstore.es\\\/wp-content\\\/uploads\\\/2025\\\/10\\\/LOGOTIPO_V1-1.svg\",\"contentUrl\":\"https:\\\/\\\/www.gardenstore.es\\\/wp-content\\\/uploads\\\/2025\\\/10\\\/LOGOTIPO_V1-1.svg\",\"width\":818,\"height\":130,\"caption\":\"GardenStore\"},\"image\":{\"@id\":\"https:\\\/\\\/www.gardenstore.es\\\/de\\\/#\\\/schema\\\/logo\\\/image\\\/\"}}]}<\/script>\n<!-- \/ Yoast SEO plugin. -->","yoast_head_json":{"title":"Kunstrasen Tiny 20 | GardenStore","description":"Wir haben unser Tiny-Modell mit bemerkenswerten Verbesserungen in Bezug auf Robustheit und Festigkeit aktualisiert. Perfekte Option f\u00fcr Bereiche wie G\u00e4rten, Terrassen oder Veranstaltungsfl\u00e4chen.","robots":{"index":"index","follow":"follow","max-snippet":"max-snippet:-1","max-image-preview":"max-image-preview:large","max-video-preview":"max-video-preview:-1"},"canonical":"https:\/\/www.gardenstore.es\/de\/produkt\/kunstrasen\/dekorativ\/garten-und-terrassen\/kunstrasen-tiny-20\/","og_locale":"de_DE","og_type":"article","og_title":"Kunstrasen Tiny 20 | GardenStore","og_description":"Wir haben unser Tiny-Modell mit bemerkenswerten Verbesserungen in Bezug auf Robustheit und Festigkeit aktualisiert. Perfekte Option f\u00fcr Bereiche wie G\u00e4rten, Terrassen oder Veranstaltungsfl\u00e4chen.","og_url":"https:\/\/www.gardenstore.es\/de\/produkt\/kunstrasen\/dekorativ\/garten-und-terrassen\/kunstrasen-tiny-20\/","og_site_name":"GardenStore","article_modified_time":"2025-10-24T11:14:01+00:00","og_image":[{"width":1100,"height":733,"url":"https:\/\/www.gardenstore.es\/wp-content\/uploads\/2025\/04\/GS-BIGTINY18-FRONTAL.jpg","type":"image\/jpeg"}],"twitter_card":"summary_large_image","schema":{"@context":"https:\/\/schema.org","@graph":[{"@type":"WebPage","@id":"https:\/\/www.gardenstore.es\/de\/produkt\/kunstrasen\/dekorativ\/garten-und-terrassen\/kunstrasen-tiny-20\/","url":"https:\/\/www.gardenstore.es\/de\/produkt\/kunstrasen\/dekorativ\/garten-und-terrassen\/kunstrasen-tiny-20\/","name":"Kunstrasen Tiny 20 | GardenStore","isPartOf":{"@id":"https:\/\/www.gardenstore.es\/de\/#website"},"primaryImageOfPage":{"@id":"https:\/\/www.gardenstore.es\/de\/produkt\/kunstrasen\/dekorativ\/garten-und-terrassen\/kunstrasen-tiny-20\/#primaryimage"},"image":{"@id":"https:\/\/www.gardenstore.es\/de\/produkt\/kunstrasen\/dekorativ\/garten-und-terrassen\/kunstrasen-tiny-20\/#primaryimage"},"thumbnailUrl":"https:\/\/www.gardenstore.es\/wp-content\/uploads\/2025\/04\/GS-BIGTINY18-FRONTAL.jpg","datePublished":"2025-08-01T10:46:10+00:00","dateModified":"2025-10-24T11:14:01+00:00","description":"Wir haben unser Tiny-Modell mit bemerkenswerten Verbesserungen in Bezug auf Robustheit und Festigkeit aktualisiert. Perfekte Option f\u00fcr Bereiche wie G\u00e4rten, Terrassen oder Veranstaltungsfl\u00e4chen.","breadcrumb":{"@id":"https:\/\/www.gardenstore.es\/de\/produkt\/kunstrasen\/dekorativ\/garten-und-terrassen\/kunstrasen-tiny-20\/#breadcrumb"},"inLanguage":"de","potentialAction":[{"@type":"ReadAction","target":["https:\/\/www.gardenstore.es\/de\/produkt\/kunstrasen\/dekorativ\/garten-und-terrassen\/kunstrasen-tiny-20\/"]}]},{"@type":"ImageObject","inLanguage":"de","@id":"https:\/\/www.gardenstore.es\/de\/produkt\/kunstrasen\/dekorativ\/garten-und-terrassen\/kunstrasen-tiny-20\/#primaryimage","url":"https:\/\/www.gardenstore.es\/wp-content\/uploads\/2025\/04\/GS-BIGTINY18-FRONTAL.jpg","contentUrl":"https:\/\/www.gardenstore.es\/wp-content\/uploads\/2025\/04\/GS-BIGTINY18-FRONTAL.jpg","width":1100,"height":733,"caption":"Kunstrasen Big Tiny 18"},{"@type":"BreadcrumbList","@id":"https:\/\/www.gardenstore.es\/de\/produkt\/kunstrasen\/dekorativ\/garten-und-terrassen\/kunstrasen-tiny-20\/#breadcrumb","itemListElement":[{"@type":"ListItem","position":1,"name":"Startseite","item":"https:\/\/www.gardenstore.es\/de\/startseite\/"},{"@type":"ListItem","position":2,"name":"Shop","item":"https:\/\/www.gardenstore.es\/de\/shop\/"},{"@type":"ListItem","position":3,"name":"Kunstrasen","item":"https:\/\/www.gardenstore.es\/de\/produkt-kategorie\/kunstrasen\/"},{"@type":"ListItem","position":4,"name":"Kunstrasen Tiny 20"}]},{"@type":"WebSite","@id":"https:\/\/www.gardenstore.es\/de\/#website","url":"https:\/\/www.gardenstore.es\/de\/","name":"GardenStore | Venta e instalaci\u00f3n de C\u00e9sped Artificial","description":"C\u00e9sped Artificial en Sevilla","publisher":{"@id":"https:\/\/www.gardenstore.es\/de\/#organization"},"potentialAction":[{"@type":"SearchAction","target":{"@type":"EntryPoint","urlTemplate":"https:\/\/www.gardenstore.es\/de\/?s={search_term_string}"},"query-input":{"@type":"PropertyValueSpecification","valueRequired":true,"valueName":"search_term_string"}}],"inLanguage":"de"},{"@type":"Organization","@id":"https:\/\/www.gardenstore.es\/de\/#organization","name":"GardenStore","url":"https:\/\/www.gardenstore.es\/de\/","logo":{"@type":"ImageObject","inLanguage":"de","@id":"https:\/\/www.gardenstore.es\/de\/#\/schema\/logo\/image\/","url":"https:\/\/www.gardenstore.es\/wp-content\/uploads\/2025\/10\/LOGOTIPO_V1-1.svg","contentUrl":"https:\/\/www.gardenstore.es\/wp-content\/uploads\/2025\/10\/LOGOTIPO_V1-1.svg","width":818,"height":130,"caption":"GardenStore"},"image":{"@id":"https:\/\/www.gardenstore.es\/de\/#\/schema\/logo\/image\/"}}]}},"_links":{"self":[{"href":"https:\/\/www.gardenstore.es\/de\/wp-json\/wp\/v2\/product\/12673","targetHints":{"allow":["GET"]}}],"collection":[{"href":"https:\/\/www.gardenstore.es\/de\/wp-json\/wp\/v2\/product"}],"about":[{"href":"https:\/\/www.gardenstore.es\/de\/wp-json\/wp\/v2\/types\/product"}],"replies":[{"embeddable":true,"href":"https:\/\/www.gardenstore.es\/de\/wp-json\/wp\/v2\/comments?post=12673"}],"wp:featuredmedia":[{"embeddable":true,"href":"https:\/\/www.gardenstore.es\/de\/wp-json\/wp\/v2\/media\/12665"}],"wp:attachment":[{"href":"https:\/\/www.gardenstore.es\/de\/wp-json\/wp\/v2\/media?parent=12673"}],"wp:term":[{"taxonomy":"product_brand","embeddable":true,"href":"https:\/\/www.gardenstore.es\/de\/wp-json\/wp\/v2\/product_brand?post=12673"},{"taxonomy":"product_cat","embeddable":true,"href":"https:\/\/www.gardenstore.es\/de\/wp-json\/wp\/v2\/product_cat?post=12673"},{"taxonomy":"product_tag","embeddable":true,"href":"https:\/\/www.gardenstore.es\/de\/wp-json\/wp\/v2\/product_tag?post=12673"}],"curies":[{"name":"wp","href":"https:\/\/api.w.org\/{rel}","templated":true}]}}