{"id":11981,"date":"2025-10-15T09:08:44","date_gmt":"2025-10-15T07:08:44","guid":{"rendered":"https:\/\/www.gardenstore.es\/rueckgabe-und-erstattungsrichtlinien\/"},"modified":"2025-10-17T09:56:24","modified_gmt":"2025-10-17T07:56:24","slug":"rueckgabe-und-erstattungsrichtlinien","status":"publish","type":"page","link":"https:\/\/www.gardenstore.es\/de\/rueckgabe-und-erstattungsrichtlinien\/","title":{"rendered":"R\u00fcckgabe- und Erstattungsrichtlinien"},"content":{"rendered":"\n<p><b>Dies ist eine Beispielseite.<\/b><\/p>\n\n<h2 class=\"wp-block-heading\">\u00dcberblick<\/h2>\n\n<p>Unsere R\u00fcckerstattungs- und R\u00fcckgaberichtlinie gilt f\u00fcr 30 Tage. Wenn seit Ihrem Kauf 30 Tage vergangen sind, k\u00f6nnen wir Ihnen keine vollst\u00e4ndige R\u00fcckerstattung oder einen Umtausch anbieten. <\/p>\n\n<p>Um f\u00fcr eine R\u00fcckgabe berechtigt zu sein, muss Ihr Artikel unbenutzt und in dem gleichen Zustand sein, in dem Sie ihn erhalten haben. Er muss sich auch in der Originalverpackung befinden. <\/p>\n\n<p>Verschiedene Arten von Waren sind von der R\u00fcckgabe ausgeschlossen. Verderbliche Waren wie Lebensmittel, Blumen, Zeitungen oder Zeitschriften k\u00f6nnen nicht zur\u00fcckgegeben werden. Wir akzeptieren auch keine Produkte, die Intim- oder Hygieneartikel, gef\u00e4hrliche Stoffe oder entflammbare Fl\u00fcssigkeiten oder Gase sind.  <\/p>\n\n<p>Zus\u00e4tzliche Artikel, die nicht zur\u00fcckgegeben werden k\u00f6nnen:<\/p>\n\n<ul class=\"wp-block-list\">\n<li>Geschenkkarten<\/li>\n<li>Herunterladbare Softwareprodukte<\/li>\n<li>Einige Gesundheits- und K\u00f6rperpflegeartikel<\/li>\n<\/ul>\n\n<p>Um Ihre R\u00fcckgabe abzuschlie\u00dfen, ben\u00f6tigen wir eine Quittung oder einen Kaufbeleg.<\/p>\n\n<p>Bitte senden Sie Ihren Kauf nicht an den Hersteller zur\u00fcck.<\/p>\n\n<p>Es gibt bestimmte Situationen, in denen nur teilweise R\u00fcckerstattungen gew\u00e4hrt werden:<\/p>\n\n<ul class=\"wp-block-list\">\n<li>Buch mit deutlichen Gebrauchsspuren<\/li>\n<li>CD, DVD, VHS-Kassette, Software, Videospiel, Musikkassette oder Schallplatte, die ge\u00f6ffnet wurde.<\/li>\n<li>Jeder Artikel, der sich nicht im Originalzustand befindet, besch\u00e4digt ist oder bei dem Teile aus Gr\u00fcnden fehlen, die nicht auf unser Verschulden zur\u00fcckzuf\u00fchren sind.<\/li>\n<li>Jeder Artikel, der mehr als 30 Tage nach der Lieferung zur\u00fcckgegeben wird<\/li>\n<\/ul>\n\n<h2 class=\"wp-block-heading\">R\u00fcckerstattungen<\/h2>\n\n<p>Sobald Ihre R\u00fccksendung eingegangen und gepr\u00fcft wurde, senden wir Ihnen eine E-Mail, um Sie dar\u00fcber zu informieren, dass wir Ihren zur\u00fcckgesandten Artikel erhalten haben. Wir werden Sie auch \u00fcber die Genehmigung oder Ablehnung Ihrer R\u00fcckerstattung informieren. <\/p>\n\n<p>Wenn Sie genehmigt werden, wird Ihre R\u00fcckerstattung bearbeitet und eine Gutschrift wird automatisch Ihrer Kreditkarte oder der urspr\u00fcnglichen Zahlungsmethode innerhalb einer bestimmten Anzahl von Tagen gutgeschrieben.<\/p>\n\n<h3 class=\"wp-block-heading\">Versp\u00e4tete oder fehlende R\u00fcckerstattungen<\/h3>\n\n<p>Wenn Sie noch keine R\u00fcckerstattung erhalten haben, \u00fcberpr\u00fcfen Sie zuerst noch einmal Ihr Bankkonto.<\/p>\n\n<p>Wenden Sie sich dann an Ihr Kreditkartenunternehmen, es kann einige Zeit dauern, bis Ihre R\u00fcckerstattung offiziell verbucht wird.<\/p>\n\n<p>Wenden Sie sich als N\u00e4chstes an Ihre Bank. Es dauert oft einige Zeit, bis eine R\u00fcckerstattung verbucht wird. <\/p>\n\n<p>Wenn Sie all dies getan haben und Sie Ihre R\u00fcckerstattung immer noch nicht erhalten haben, kontaktieren Sie uns bitte unter {email address}.<\/p>\n\n<h3 class=\"wp-block-heading\">Verkaufsartikel<\/h3>\n\n<p>Nur Artikel zum regul\u00e4ren Preis k\u00f6nnen erstattet werden. Verkaufsartikel k\u00f6nnen nicht erstattet werden. <\/p>\n\n<h2 class=\"wp-block-heading\">Umtausch<\/h2>\n\n<p>Wir ersetzen Artikel nur, wenn sie defekt oder besch\u00e4digt sind. Wenn Sie ihn gegen denselben Artikel umtauschen m\u00fcssen, senden Sie uns eine E-Mail an {email address} und senden Sie Ihren Artikel an: {physical address}. <\/p>\n\n<h2 class=\"wp-block-heading\">Geschenke<\/h2>\n\n<p>Wenn der Artikel beim Kauf als Geschenk gekennzeichnet und direkt an Sie versandt wurde, erhalten Sie eine Gutschrift \u00fcber den Wert Ihrer R\u00fccksendung. Sobald der zur\u00fcckgesandte Artikel eingegangen ist, wird Ihnen ein Geschenkgutschein zugesandt. <\/p>\n\n<p>Wenn der Artikel beim Kauf nicht als Geschenk gekennzeichnet wurde oder der Schenker die Bestellung an sich selbst geschickt hat, um sie Ihnen sp\u00e4ter zu geben, senden wir eine R\u00fcckerstattung an den Schenker und dieser wird von Ihrer R\u00fccksendung erfahren.<\/p>\n\n<h2 class=\"wp-block-heading\">Versand von R\u00fccksendungen<\/h2>\n\n<p>Um Ihr Produkt zur\u00fcckzusenden, sollten Sie Ihr Produkt an folgende Adresse senden: {physical address}.<\/p>\n\n<p>Sie sind f\u00fcr die Zahlung Ihrer eigenen Versandkosten f\u00fcr die R\u00fccksendung Ihres Artikels verantwortlich. Die Versandkosten sind nicht erstattungsf\u00e4hig. Wenn Sie eine R\u00fcckerstattung erhalten, werden die Kosten f\u00fcr den R\u00fcckversand von Ihrer R\u00fcckerstattung abgezogen.  <\/p>\n\n<p>Je nachdem, wo Sie wohnen, kann es unterschiedlich lange dauern, bis Ihr umgetauschtes Produkt Sie erreicht.<\/p>\n\n<p>Wenn Sie teurere Artikel zur\u00fccksenden, sollten Sie einen verfolgbaren Versandservice nutzen oder eine Transportversicherung abschlie\u00dfen. Wir garantieren nicht, dass wir Ihren zur\u00fcckgesandten Artikel erhalten. <\/p>\n\n<h2 class=\"wp-block-heading\">Brauchen Sie Hilfe?<\/h2>\n\n<p>Kontaktieren Sie uns unter {email} f\u00fcr Fragen zu R\u00fcckerstattungen und R\u00fccksendungen.<\/p>\n","protected":false},"excerpt":{"rendered":"<p>Dies ist eine Beispielseite. \u00dcberblick Unsere R\u00fcckerstattungs- und R\u00fcckgaberichtlinie gilt f\u00fcr 30 Tage. Wenn seit Ihrem Kauf 30 Tage vergangen sind, k\u00f6nnen wir Ihnen keine vollst\u00e4ndige R\u00fcckerstattung oder einen Umtausch anbieten. Um f\u00fcr eine R\u00fcckgabe berechtigt zu sein, muss Ihr Artikel unbenutzt und in dem gleichen Zustand sein, in dem Sie ihn erhalten haben. Er &#8230; <a title=\"R\u00fcckgabe- und Erstattungsrichtlinien\" class=\"read-more\" href=\"https:\/\/www.gardenstore.es\/de\/rueckgabe-und-erstattungsrichtlinien\/\" aria-label=\"Mehr Informationen \u00fcber R\u00fcckgabe- und Erstattungsrichtlinien\">Weiterlesen<\/a><\/p>\n","protected":false},"author":1,"featured_media":0,"parent":0,"menu_order":0,"comment_status":"closed","ping_status":"closed","template":"","meta":{"_acf_changed":false,"footnotes":""},"class_list":["post-11981","page","type-page","status-publish"],"acf":[],"yoast_head":"<!-- This site is optimized with the Yoast SEO plugin v27.5 - https:\/\/yoast.com\/product\/yoast-seo-wordpress\/ -->\n<title>R\u00fcckgabe- und Erstattungsrichtlinien | GardenStore<\/title>\n<meta name=\"robots\" content=\"index, follow, max-snippet:-1, max-image-preview:large, max-video-preview:-1\" \/>\n<link rel=\"canonical\" href=\"https:\/\/www.gardenstore.es\/de\/rueckgabe-und-erstattungsrichtlinien\/\" \/>\n<meta property=\"og:locale\" content=\"de_DE\" \/>\n<meta property=\"og:type\" content=\"article\" \/>\n<meta property=\"og:title\" content=\"R\u00fcckgabe- und Erstattungsrichtlinien | GardenStore\" \/>\n<meta property=\"og:description\" content=\"Dies ist eine Beispielseite. \u00dcberblick Unsere R\u00fcckerstattungs- und R\u00fcckgaberichtlinie gilt f\u00fcr 30 Tage. Wenn seit Ihrem Kauf 30 Tage vergangen sind, k\u00f6nnen wir Ihnen keine vollst\u00e4ndige R\u00fcckerstattung oder einen Umtausch anbieten. Um f\u00fcr eine R\u00fcckgabe berechtigt zu sein, muss Ihr Artikel unbenutzt und in dem gleichen Zustand sein, in dem Sie ihn erhalten haben. Er ... Weiterlesen\" \/>\n<meta property=\"og:url\" content=\"https:\/\/www.gardenstore.es\/de\/rueckgabe-und-erstattungsrichtlinien\/\" \/>\n<meta property=\"og:site_name\" content=\"GardenStore\" \/>\n<meta property=\"article:modified_time\" content=\"2025-10-17T07:56:24+00:00\" \/>\n<meta name=\"twitter:card\" content=\"summary_large_image\" \/>\n<meta name=\"twitter:label1\" content=\"Gesch\u00e4tzte Lesezeit\" \/>\n\t<meta name=\"twitter:data1\" content=\"3\u00a0Minuten\" \/>\n<script type=\"application\/ld+json\" class=\"yoast-schema-graph\">{\"@context\":\"https:\\\/\\\/schema.org\",\"@graph\":[{\"@type\":\"WebPage\",\"@id\":\"https:\\\/\\\/www.gardenstore.es\\\/de\\\/rueckgabe-und-erstattungsrichtlinien\\\/\",\"url\":\"https:\\\/\\\/www.gardenstore.es\\\/de\\\/rueckgabe-und-erstattungsrichtlinien\\\/\",\"name\":\"R\u00fcckgabe- und Erstattungsrichtlinien | GardenStore\",\"isPartOf\":{\"@id\":\"https:\\\/\\\/www.gardenstore.es\\\/de\\\/#website\"},\"datePublished\":\"2025-10-15T07:08:44+00:00\",\"dateModified\":\"2025-10-17T07:56:24+00:00\",\"breadcrumb\":{\"@id\":\"https:\\\/\\\/www.gardenstore.es\\\/de\\\/rueckgabe-und-erstattungsrichtlinien\\\/#breadcrumb\"},\"inLanguage\":\"de\",\"potentialAction\":[{\"@type\":\"ReadAction\",\"target\":[\"https:\\\/\\\/www.gardenstore.es\\\/de\\\/rueckgabe-und-erstattungsrichtlinien\\\/\"]}]},{\"@type\":\"BreadcrumbList\",\"@id\":\"https:\\\/\\\/www.gardenstore.es\\\/de\\\/rueckgabe-und-erstattungsrichtlinien\\\/#breadcrumb\",\"itemListElement\":[{\"@type\":\"ListItem\",\"position\":1,\"name\":\"Startseite\",\"item\":\"https:\\\/\\\/www.gardenstore.es\\\/de\\\/startseite\\\/\"},{\"@type\":\"ListItem\",\"position\":2,\"name\":\"R\u00fcckgabe- und Erstattungsrichtlinien\"}]},{\"@type\":\"WebSite\",\"@id\":\"https:\\\/\\\/www.gardenstore.es\\\/de\\\/#website\",\"url\":\"https:\\\/\\\/www.gardenstore.es\\\/de\\\/\",\"name\":\"GardenStore | Venta e instalaci\u00f3n de C\u00e9sped Artificial\",\"description\":\"C\u00e9sped Artificial en Sevilla\",\"publisher\":{\"@id\":\"https:\\\/\\\/www.gardenstore.es\\\/de\\\/#organization\"},\"potentialAction\":[{\"@type\":\"SearchAction\",\"target\":{\"@type\":\"EntryPoint\",\"urlTemplate\":\"https:\\\/\\\/www.gardenstore.es\\\/de\\\/?s={search_term_string}\"},\"query-input\":{\"@type\":\"PropertyValueSpecification\",\"valueRequired\":true,\"valueName\":\"search_term_string\"}}],\"inLanguage\":\"de\"},{\"@type\":\"Organization\",\"@id\":\"https:\\\/\\\/www.gardenstore.es\\\/de\\\/#organization\",\"name\":\"GardenStore\",\"url\":\"https:\\\/\\\/www.gardenstore.es\\\/de\\\/\",\"logo\":{\"@type\":\"ImageObject\",\"inLanguage\":\"de\",\"@id\":\"https:\\\/\\\/www.gardenstore.es\\\/de\\\/#\\\/schema\\\/logo\\\/image\\\/\",\"url\":\"https:\\\/\\\/www.gardenstore.es\\\/wp-content\\\/uploads\\\/2025\\\/10\\\/LOGOTIPO_V1-1.svg\",\"contentUrl\":\"https:\\\/\\\/www.gardenstore.es\\\/wp-content\\\/uploads\\\/2025\\\/10\\\/LOGOTIPO_V1-1.svg\",\"width\":818,\"height\":130,\"caption\":\"GardenStore\"},\"image\":{\"@id\":\"https:\\\/\\\/www.gardenstore.es\\\/de\\\/#\\\/schema\\\/logo\\\/image\\\/\"}}]}<\/script>\n<!-- \/ Yoast SEO plugin. -->","yoast_head_json":{"title":"R\u00fcckgabe- und Erstattungsrichtlinien | GardenStore","robots":{"index":"index","follow":"follow","max-snippet":"max-snippet:-1","max-image-preview":"max-image-preview:large","max-video-preview":"max-video-preview:-1"},"canonical":"https:\/\/www.gardenstore.es\/de\/rueckgabe-und-erstattungsrichtlinien\/","og_locale":"de_DE","og_type":"article","og_title":"R\u00fcckgabe- und Erstattungsrichtlinien | GardenStore","og_description":"Dies ist eine Beispielseite. \u00dcberblick Unsere R\u00fcckerstattungs- und R\u00fcckgaberichtlinie gilt f\u00fcr 30 Tage. Wenn seit Ihrem Kauf 30 Tage vergangen sind, k\u00f6nnen wir Ihnen keine vollst\u00e4ndige R\u00fcckerstattung oder einen Umtausch anbieten. Um f\u00fcr eine R\u00fcckgabe berechtigt zu sein, muss Ihr Artikel unbenutzt und in dem gleichen Zustand sein, in dem Sie ihn erhalten haben. Er ... Weiterlesen","og_url":"https:\/\/www.gardenstore.es\/de\/rueckgabe-und-erstattungsrichtlinien\/","og_site_name":"GardenStore","article_modified_time":"2025-10-17T07:56:24+00:00","twitter_card":"summary_large_image","twitter_misc":{"Gesch\u00e4tzte Lesezeit":"3\u00a0Minuten"},"schema":{"@context":"https:\/\/schema.org","@graph":[{"@type":"WebPage","@id":"https:\/\/www.gardenstore.es\/de\/rueckgabe-und-erstattungsrichtlinien\/","url":"https:\/\/www.gardenstore.es\/de\/rueckgabe-und-erstattungsrichtlinien\/","name":"R\u00fcckgabe- und Erstattungsrichtlinien | GardenStore","isPartOf":{"@id":"https:\/\/www.gardenstore.es\/de\/#website"},"datePublished":"2025-10-15T07:08:44+00:00","dateModified":"2025-10-17T07:56:24+00:00","breadcrumb":{"@id":"https:\/\/www.gardenstore.es\/de\/rueckgabe-und-erstattungsrichtlinien\/#breadcrumb"},"inLanguage":"de","potentialAction":[{"@type":"ReadAction","target":["https:\/\/www.gardenstore.es\/de\/rueckgabe-und-erstattungsrichtlinien\/"]}]},{"@type":"BreadcrumbList","@id":"https:\/\/www.gardenstore.es\/de\/rueckgabe-und-erstattungsrichtlinien\/#breadcrumb","itemListElement":[{"@type":"ListItem","position":1,"name":"Startseite","item":"https:\/\/www.gardenstore.es\/de\/startseite\/"},{"@type":"ListItem","position":2,"name":"R\u00fcckgabe- und Erstattungsrichtlinien"}]},{"@type":"WebSite","@id":"https:\/\/www.gardenstore.es\/de\/#website","url":"https:\/\/www.gardenstore.es\/de\/","name":"GardenStore | Venta e instalaci\u00f3n de C\u00e9sped Artificial","description":"C\u00e9sped Artificial en Sevilla","publisher":{"@id":"https:\/\/www.gardenstore.es\/de\/#organization"},"potentialAction":[{"@type":"SearchAction","target":{"@type":"EntryPoint","urlTemplate":"https:\/\/www.gardenstore.es\/de\/?s={search_term_string}"},"query-input":{"@type":"PropertyValueSpecification","valueRequired":true,"valueName":"search_term_string"}}],"inLanguage":"de"},{"@type":"Organization","@id":"https:\/\/www.gardenstore.es\/de\/#organization","name":"GardenStore","url":"https:\/\/www.gardenstore.es\/de\/","logo":{"@type":"ImageObject","inLanguage":"de","@id":"https:\/\/www.gardenstore.es\/de\/#\/schema\/logo\/image\/","url":"https:\/\/www.gardenstore.es\/wp-content\/uploads\/2025\/10\/LOGOTIPO_V1-1.svg","contentUrl":"https:\/\/www.gardenstore.es\/wp-content\/uploads\/2025\/10\/LOGOTIPO_V1-1.svg","width":818,"height":130,"caption":"GardenStore"},"image":{"@id":"https:\/\/www.gardenstore.es\/de\/#\/schema\/logo\/image\/"}}]}},"_links":{"self":[{"href":"https:\/\/www.gardenstore.es\/de\/wp-json\/wp\/v2\/pages\/11981","targetHints":{"allow":["GET"]}}],"collection":[{"href":"https:\/\/www.gardenstore.es\/de\/wp-json\/wp\/v2\/pages"}],"about":[{"href":"https:\/\/www.gardenstore.es\/de\/wp-json\/wp\/v2\/types\/page"}],"author":[{"embeddable":true,"href":"https:\/\/www.gardenstore.es\/de\/wp-json\/wp\/v2\/users\/1"}],"replies":[{"embeddable":true,"href":"https:\/\/www.gardenstore.es\/de\/wp-json\/wp\/v2\/comments?post=11981"}],"version-history":[{"count":0,"href":"https:\/\/www.gardenstore.es\/de\/wp-json\/wp\/v2\/pages\/11981\/revisions"}],"wp:attachment":[{"href":"https:\/\/www.gardenstore.es\/de\/wp-json\/wp\/v2\/media?parent=11981"}],"curies":[{"name":"wp","href":"https:\/\/api.w.org\/{rel}","templated":true}]}}